{"id":9664,"date":"2025-10-26T23:35:01","date_gmt":"2025-10-26T23:35:01","guid":{"rendered":"https:\/\/laugar.is\/?page_id=9664"},"modified":"2026-03-11T08:48:54","modified_gmt":"2026-03-11T08:48:54","slug":"skolaspjold-laugaskola-1925-2025","status":"publish","type":"page","link":"https:\/\/laugar.is\/?page_id=9664","title":{"rendered":"Sk\u00f3laspj\u00f6ld Laugask\u00f3la 1925 &#8211; 2025"},"content":{"rendered":"\n<p><strong>Sk\u00f3laspj\u00f6ld \u00e1rin 1925 &#8211; 2025<\/strong><\/p>\n\n\n\n<p><em>Smelltu \u00e1 myndina til \u00feess a\u00f0 sj\u00e1 hana st\u00e6rri&nbsp;<\/em><\/p>\n\n\n\nngg_shortcode_0_placeholder\n\n\n\n\n\n<p>Nokkur sk\u00f3laspj\u00f6ld \u00far \u00feessu alb\u00fami fengum vi\u00f0 gefins \u00far einkasafni og fr\u00e1 H\u00e9ra\u00f0sskjalasafni Austur\u2013H\u00fanavatnss\u00fdslu \u00e1samt Lj\u00f3smyndasafni \u00deingeyinga. Vi\u00f0 erum afar \u00feakkl\u00e1t fyrir \u00feessar g\u00f3\u00f0u gjafir.<\/p>\n<p>Ef \u00fei\u00f0 eigi\u00f0 til fyrir okkur betra eintak af sk\u00f3laspj\u00f6ldum sem eru h\u00e9r til s\u00fdnis \u00fe\u00e1 \u00feiggjum vi\u00f0 \u00fea\u00f0 me\u00f0 \u00fe\u00f6kkum \u00e1 netfangi\u00f0 laugar@laugar.is.<\/p>\n<p>&nbsp;<\/p>\n\n\n","protected":false},"excerpt":{"rendered":"<p>Sk\u00f3laspj\u00f6ld \u00e1rin 1925 &#8211; 2025 Smelltu \u00e1 myndina til \u00feess a\u00f0 sj\u00e1 hana st\u00e6rri&nbsp; Nokkur sk\u00f3laspj\u00f6ld \u00far \u00feessu alb\u00fami fengum vi\u00f0 gefins \u00far einkasafni og fr\u00e1 H\u00e9ra\u00f0sskjalasafni Austur\u2013H\u00fanavatnss\u00fdslu \u00e1samt Lj\u00f3smyndasafni \u00deingeyinga. Vi\u00f0 erum afar \u00feakkl\u00e1t fyrir \u00feessar g\u00f3\u00f0u gjafir. Ef \u00fei\u00f0 eigi\u00f0 til fyrir okkur betra eintak af sk\u00f3laspj\u00f6ldum sem eru h\u00e9r til s\u00fdnis \u00fe\u00e1 \u00feiggjum vi\u00f0 \u00fea\u00f0 me\u00f0 \u00fe\u00f6kkum \u00e1 netfangi\u00f0 laugar@laugar.is. &nbsp;<\/p>\n","protected":false},"author":6,"featured_media":0,"parent":0,"menu_order":0,"comment_status":"closed","ping_status":"closed","template":"","meta":{"_acf_changed":false,"_lmt_disableupdate":"","_lmt_disable":"","ngg_post_thumbnail":0,"footnotes":""},"class_list":["post-9664","page","type-page","status-publish","hentry"],"acf":[],"yoast_head":"<!-- This site is optimized with the Yoast SEO plugin v27.4 - https:\/\/yoast.com\/product\/yoast-seo-wordpress\/ -->\n<title>Sk\u00f3laspj\u00f6ld Laugask\u00f3la 1925 - 2025 - FRAMHALDSSK\u00d3LINN \u00c1 LAUGUM<\/title>\n<meta name=\"description\" content=\"Sk\u00f3laspj\u00f6ld Laugask\u00f3la 1925-2025\" \/>\n<meta name=\"robots\" content=\"index, follow, max-snippet:-1, max-image-preview:large, max-video-preview:-1\" \/>\n<link rel=\"canonical\" href=\"https:\/\/laugar.is\/?page_id=9664\" \/>\n<meta property=\"og:locale\" content=\"is_IS\" \/>\n<meta property=\"og:type\" content=\"article\" \/>\n<meta property=\"og:title\" content=\"Sk\u00f3laspj\u00f6ld Laugask\u00f3la 1925 - 2025 - FRAMHALDSSK\u00d3LINN \u00c1 LAUGUM\" \/>\n<meta property=\"og:description\" content=\"Sk\u00f3laspj\u00f6ld Laugask\u00f3la 1925-2025\" \/>\n<meta property=\"og:url\" content=\"https:\/\/laugar.is\/?page_id=9664\" \/>\n<meta property=\"og:site_name\" content=\"FRAMHALDSSK\u00d3LINN \u00c1 LAUGUM\" \/>\n<meta property=\"article:publisher\" content=\"https:\/\/www.facebook.com\/laugaskoli\/\" \/>\n<meta property=\"article:modified_time\" content=\"2026-03-11T08:48:54+00:00\" \/>\n<meta name=\"twitter:card\" content=\"summary_large_image\" \/>\n<meta name=\"twitter:label1\" content=\"Est. reading time\" \/>\n\t<meta name=\"twitter:data1\" content=\"1 minute\" \/>\n<script type=\"application\/ld+json\" class=\"yoast-schema-graph\">{\"@context\":\"https:\\\/\\\/schema.org\",\"@graph\":[{\"@type\":\"WebPage\",\"@id\":\"https:\\\/\\\/laugar.is\\\/?page_id=9664\",\"url\":\"https:\\\/\\\/laugar.is\\\/?page_id=9664\",\"name\":\"Sk\u00f3laspj\u00f6ld Laugask\u00f3la 1925 - 2025 - FRAMHALDSSK\u00d3LINN \u00c1 LAUGUM\",\"isPartOf\":{\"@id\":\"https:\\\/\\\/laugar.is\\\/#website\"},\"datePublished\":\"2025-10-26T23:35:01+00:00\",\"dateModified\":\"2026-03-11T08:48:54+00:00\",\"description\":\"Sk\u00f3laspj\u00f6ld Laugask\u00f3la 1925-2025\",\"breadcrumb\":{\"@id\":\"https:\\\/\\\/laugar.is\\\/?page_id=9664#breadcrumb\"},\"inLanguage\":\"is\",\"potentialAction\":[{\"@type\":\"ReadAction\",\"target\":[\"https:\\\/\\\/laugar.is\\\/?page_id=9664\"]}]},{\"@type\":\"BreadcrumbList\",\"@id\":\"https:\\\/\\\/laugar.is\\\/?page_id=9664#breadcrumb\",\"itemListElement\":[{\"@type\":\"ListItem\",\"position\":1,\"name\":\"Home\",\"item\":\"https:\\\/\\\/laugar.is\\\/\"},{\"@type\":\"ListItem\",\"position\":2,\"name\":\"Sk\u00f3laspj\u00f6ld Laugask\u00f3la 1925 &#8211; 2025\"}]},{\"@type\":\"WebSite\",\"@id\":\"https:\\\/\\\/laugar.is\\\/#website\",\"url\":\"https:\\\/\\\/laugar.is\\\/\",\"name\":\"FRAMHALDSSK\u00d3LINN \u00c1 LAUGUM\",\"description\":\"Metna\u00f0ur - Tr\u00famennska  - Tillitssemi - Gla\u00f0lyndi\",\"publisher\":{\"@id\":\"https:\\\/\\\/laugar.is\\\/#organization\"},\"potentialAction\":[{\"@type\":\"SearchAction\",\"target\":{\"@type\":\"EntryPoint\",\"urlTemplate\":\"https:\\\/\\\/laugar.is\\\/?s={search_term_string}\"},\"query-input\":{\"@type\":\"PropertyValueSpecification\",\"valueRequired\":true,\"valueName\":\"search_term_string\"}}],\"inLanguage\":\"is\"},{\"@type\":\"Organization\",\"@id\":\"https:\\\/\\\/laugar.is\\\/#organization\",\"name\":\"Framhaldssk\u00f3linn \u00e1 Laugum\",\"url\":\"https:\\\/\\\/laugar.is\\\/\",\"logo\":{\"@type\":\"ImageObject\",\"inLanguage\":\"is\",\"@id\":\"https:\\\/\\\/laugar.is\\\/#\\\/schema\\\/logo\\\/image\\\/\",\"url\":\"https:\\\/\\\/laugar.is\\\/wp-content\\\/uploads\\\/2017\\\/01\\\/laugar_merki_antexta-kip.jpg\",\"contentUrl\":\"https:\\\/\\\/laugar.is\\\/wp-content\\\/uploads\\\/2017\\\/01\\\/laugar_merki_antexta-kip.jpg\",\"width\":536,\"height\":551,\"caption\":\"Framhaldssk\u00f3linn \u00e1 Laugum\"},\"image\":{\"@id\":\"https:\\\/\\\/laugar.is\\\/#\\\/schema\\\/logo\\\/image\\\/\"},\"sameAs\":[\"https:\\\/\\\/www.facebook.com\\\/laugaskoli\\\/\"]}]}<\/script>\n<!-- \/ Yoast SEO plugin. -->","yoast_head_json":{"title":"Sk\u00f3laspj\u00f6ld Laugask\u00f3la 1925 - 2025 - FRAMHALDSSK\u00d3LINN \u00c1 LAUGUM","description":"Sk\u00f3laspj\u00f6ld Laugask\u00f3la 1925-2025","robots":{"index":"index","follow":"follow","max-snippet":"max-snippet:-1","max-image-preview":"max-image-preview:large","max-video-preview":"max-video-preview:-1"},"canonical":"https:\/\/laugar.is\/?page_id=9664","og_locale":"is_IS","og_type":"article","og_title":"Sk\u00f3laspj\u00f6ld Laugask\u00f3la 1925 - 2025 - FRAMHALDSSK\u00d3LINN \u00c1 LAUGUM","og_description":"Sk\u00f3laspj\u00f6ld Laugask\u00f3la 1925-2025","og_url":"https:\/\/laugar.is\/?page_id=9664","og_site_name":"FRAMHALDSSK\u00d3LINN \u00c1 LAUGUM","article_publisher":"https:\/\/www.facebook.com\/laugaskoli\/","article_modified_time":"2026-03-11T08:48:54+00:00","twitter_card":"summary_large_image","twitter_misc":{"Est. reading time":"1 minute"},"schema":{"@context":"https:\/\/schema.org","@graph":[{"@type":"WebPage","@id":"https:\/\/laugar.is\/?page_id=9664","url":"https:\/\/laugar.is\/?page_id=9664","name":"Sk\u00f3laspj\u00f6ld Laugask\u00f3la 1925 - 2025 - FRAMHALDSSK\u00d3LINN \u00c1 LAUGUM","isPartOf":{"@id":"https:\/\/laugar.is\/#website"},"datePublished":"2025-10-26T23:35:01+00:00","dateModified":"2026-03-11T08:48:54+00:00","description":"Sk\u00f3laspj\u00f6ld Laugask\u00f3la 1925-2025","breadcrumb":{"@id":"https:\/\/laugar.is\/?page_id=9664#breadcrumb"},"inLanguage":"is","potentialAction":[{"@type":"ReadAction","target":["https:\/\/laugar.is\/?page_id=9664"]}]},{"@type":"BreadcrumbList","@id":"https:\/\/laugar.is\/?page_id=9664#breadcrumb","itemListElement":[{"@type":"ListItem","position":1,"name":"Home","item":"https:\/\/laugar.is\/"},{"@type":"ListItem","position":2,"name":"Sk\u00f3laspj\u00f6ld Laugask\u00f3la 1925 &#8211; 2025"}]},{"@type":"WebSite","@id":"https:\/\/laugar.is\/#website","url":"https:\/\/laugar.is\/","name":"FRAMHALDSSK\u00d3LINN \u00c1 LAUGUM","description":"Metna\u00f0ur - Tr\u00famennska  - Tillitssemi - Gla\u00f0lyndi","publisher":{"@id":"https:\/\/laugar.is\/#organization"},"potentialAction":[{"@type":"SearchAction","target":{"@type":"EntryPoint","urlTemplate":"https:\/\/laugar.is\/?s={search_term_string}"},"query-input":{"@type":"PropertyValueSpecification","valueRequired":true,"valueName":"search_term_string"}}],"inLanguage":"is"},{"@type":"Organization","@id":"https:\/\/laugar.is\/#organization","name":"Framhaldssk\u00f3linn \u00e1 Laugum","url":"https:\/\/laugar.is\/","logo":{"@type":"ImageObject","inLanguage":"is","@id":"https:\/\/laugar.is\/#\/schema\/logo\/image\/","url":"https:\/\/laugar.is\/wp-content\/uploads\/2017\/01\/laugar_merki_antexta-kip.jpg","contentUrl":"https:\/\/laugar.is\/wp-content\/uploads\/2017\/01\/laugar_merki_antexta-kip.jpg","width":536,"height":551,"caption":"Framhaldssk\u00f3linn \u00e1 Laugum"},"image":{"@id":"https:\/\/laugar.is\/#\/schema\/logo\/image\/"},"sameAs":["https:\/\/www.facebook.com\/laugaskoli\/"]}]}},"_links":{"self":[{"href":"https:\/\/laugar.is\/index.php?rest_route=\/wp\/v2\/pages\/9664","targetHints":{"allow":["GET"]}}],"collection":[{"href":"https:\/\/laugar.is\/index.php?rest_route=\/wp\/v2\/pages"}],"about":[{"href":"https:\/\/laugar.is\/index.php?rest_route=\/wp\/v2\/types\/page"}],"author":[{"embeddable":true,"href":"https:\/\/laugar.is\/index.php?rest_route=\/wp\/v2\/users\/6"}],"replies":[{"embeddable":true,"href":"https:\/\/laugar.is\/index.php?rest_route=%2Fwp%2Fv2%2Fcomments&post=9664"}],"version-history":[{"count":52,"href":"https:\/\/laugar.is\/index.php?rest_route=\/wp\/v2\/pages\/9664\/revisions"}],"predecessor-version":[{"id":10501,"href":"https:\/\/laugar.is\/index.php?rest_route=\/wp\/v2\/pages\/9664\/revisions\/10501"}],"wp:attachment":[{"href":"https:\/\/laugar.is\/index.php?rest_route=%2Fwp%2Fv2%2Fmedia&parent=9664"}],"curies":[{"name":"wp","href":"https:\/\/api.w.org\/{rel}","templated":true}]}}