{"id":7367,"date":"2024-11-05T12:07:18","date_gmt":"2024-11-05T12:07:18","guid":{"rendered":"https:\/\/laugar.is\/?page_id=7367"},"modified":"2024-11-05T12:07:19","modified_gmt":"2024-11-05T12:07:19","slug":"rafraen-voktun","status":"publish","type":"page","link":"https:\/\/laugar.is\/?page_id=7367","title":{"rendered":"Rafr\u00e6n v\u00f6ktun"},"content":{"rendered":"\n<p><strong>Rafr\u00e6n v\u00f6ktun<\/strong><\/p>\n<p>Rafr\u00e6n v\u00f6ktun me\u00f0 \u00f6ryggismyndav\u00e9lum \u00ed og vi\u00f0 h\u00fasn\u00e6\u00f0i FL byggir \u00e1 l\u00f6gm\u00e6tum hagsmunum og er metin nau\u00f0synleg \u00ed \u00f6ryggis- og eignav\u00f6rsluskyni. Tilgangur \u00feeirra er a\u00f0 tryggja \u00f6ryggi nemenda og starfsf\u00f3lks, varna \u00fev\u00ed a\u00f0 eigum s\u00e9 stoli\u00f0, \u00fe\u00e6r s\u00e9u skemmdar e\u00f0a fari\u00f0 um h\u00fasn\u00e6\u00f0i sk\u00f3lans \u00ed leyfisleysi.<\/p>\n<p>Framhaldssk\u00f3li skal haga st\u00f6rfum s\u00ednum \u00feannig a\u00f0 nemendur finni til \u00f6ryggis (33. gr. framhaldssk\u00f3lalaga nr. 92\/2008)<\/p>\n<p>\u00d6ryggismyndav\u00e9larnar eru samtals 15 og eru \u00fe\u00e6r sta\u00f0settar vi\u00f0 innganga sk\u00f3lah\u00fasn\u00e6\u00f0is og heimavista, \u00e1 g\u00f6ngum heimavistarh\u00fasn\u00e6\u00f0is og \u00e1 b\u00edlapl\u00f6num. S\u00e9rstakar merkingar eru vi\u00f0 innganga sk\u00f3lans og heimavista til a\u00f0 \u00feeir sem eiga lei\u00f0 um h\u00fasn\u00e6\u00f0i\u00f0 viti af tilvist myndav\u00e9lanna.<\/p>\n<p>Myndefni sem ver\u00f0ur til vi\u00f0 v\u00f6ktun er vista\u00f0 \u00e1 s\u00e9rst\u00f6kum net\u00fej\u00f3ni. A\u00f0gang a\u00f0 net\u00fej\u00f3ninum hefur sk\u00f3lameistari. Myndefni\u00f0 er eing\u00f6ngu sko\u00f0a\u00f0 vegna eignav\u00f6rslu e\u00f0a \u00f6ryggis, s.s. \u00fej\u00f3fna\u00f0ar, skemmdarverka e\u00f0a slysa. Myndefni\u00f0 geymist a\u00f0 h\u00e1marki \u00ed 30 daga og ey\u00f0ist sj\u00e1lfkrafa. Myndefni sem ver\u00f0ur til vi\u00f0 v\u00f6ktun er ekki afhent \u00f6\u00f0rum, undantekning fr\u00e1 \u00feessu er a\u00f0 heimilt er a\u00f0 afhenda l\u00f6greglu uppt\u00f6kur, var\u00f0i \u00fe\u00e6r uppl\u00fdsingar um slys e\u00f0a refsiver\u00f0a h\u00e1ttsemi. Vinnsla pers\u00f3nuuppl\u00fdsinga sem ver\u00f0ur til vi\u00f0 rafr\u00e6na v\u00f6ktun byggir \u00e1 heimildum skv. 4. li\u00f0, 9. gr. laga um pers\u00f3nuvernd og vinnslu pers\u00f3nuuppl\u00fdsinga nr. 90\/2018.<\/p>\n<p>\u00deessum reglum er \u00e6tla\u00f0 a\u00f0 tryggja me\u00f0alh\u00f3f, vir\u00f0a r\u00e9tt til einkal\u00edfs, b\u00e6\u00f0i nemenda og annarra sem fara um h\u00fasn\u00e6\u00f0i sk\u00f3lans og a\u00f0 ekki s\u00e9 gengi\u00f0 lengra \u00ed v\u00f6ktun en nau\u00f0syn krefur.<\/p>\n<p>&nbsp;<\/p>\n<p><strong>Sko\u00f0un myndefnis<\/strong><\/p>\n<p>Sk\u00f3lameistari hefur einn heimild til a\u00f0 sko\u00f0a uppl\u00fdsingar \u00far rafr\u00e6nni v\u00f6ktun.<strong><br><\/strong>Myndefni sem ver\u00f0ur til vi\u00f0 rafr\u00e6na v\u00f6ktun er a\u00f0eins nota\u00f0 \u00ed \u00feeim tilgangi sem l\u00fdst er h\u00e9r a\u00f0 ofan og a\u00f0 \u00fev\u00ed marki sem nau\u00f0synlegt er.<\/p>\n<p>Bei\u00f0ni um leit \u00ed uppt\u00f6kum eftirlitsmyndav\u00e9la skal komi\u00f0 \u00e1 framf\u00e6ri vi\u00f0 sk\u00f3lameistara. Tilgreina skal tilefni og t\u00edmam\u00f6rk umbe\u00f0innar leitar og uppl\u00fdsingar um \u00feann sem bi\u00f0ur um leit.<\/p>\n","protected":false},"excerpt":{"rendered":"<p>Rafr\u00e6n v\u00f6ktun Rafr\u00e6n v\u00f6ktun me\u00f0 \u00f6ryggismyndav\u00e9lum \u00ed og vi\u00f0 h\u00fasn\u00e6\u00f0i FL byggir \u00e1 l\u00f6gm\u00e6tum hagsmunum og er metin nau\u00f0synleg \u00ed \u00f6ryggis- og eignav\u00f6rsluskyni. Tilgangur \u00feeirra er a\u00f0 tryggja \u00f6ryggi nemenda og starfsf\u00f3lks, varna \u00fev\u00ed a\u00f0 eigum s\u00e9 stoli\u00f0, \u00fe\u00e6r s\u00e9u skemmdar e\u00f0a fari\u00f0 um h\u00fasn\u00e6\u00f0i sk\u00f3lans \u00ed leyfisleysi. Framhaldssk\u00f3li skal haga st\u00f6rfum s\u00ednum \u00feannig a\u00f0 nemendur finni til \u00f6ryggis (33. gr. framhaldssk\u00f3lalaga nr. 92\/2008) \u00d6ryggismyndav\u00e9larnar eru samtals 15 og eru <a class=\"more-link\" href=\"https:\/\/laugar.is\/?page_id=7367\">&#8230;Lestu \u00e1fram<\/a><\/p>\n","protected":false},"author":6,"featured_media":0,"parent":4,"menu_order":0,"comment_status":"closed","ping_status":"closed","template":"","meta":{"_acf_changed":false,"_lmt_disableupdate":"","_lmt_disable":"","ngg_post_thumbnail":0,"footnotes":""},"class_list":["post-7367","page","type-page","status-publish","hentry"],"acf":[],"yoast_head":"<!-- This site is optimized with the Yoast SEO plugin v27.5 - https:\/\/yoast.com\/product\/yoast-seo-wordpress\/ -->\n<title>Rafr\u00e6n v\u00f6ktun - FRAMHALDSSK\u00d3LINN \u00c1 LAUGUM<\/title>\n<meta name=\"robots\" content=\"index, follow, max-snippet:-1, max-image-preview:large, max-video-preview:-1\" \/>\n<link rel=\"canonical\" href=\"https:\/\/laugar.is\/?page_id=7367\" \/>\n<meta property=\"og:locale\" content=\"is_IS\" \/>\n<meta property=\"og:type\" content=\"article\" \/>\n<meta property=\"og:title\" content=\"Rafr\u00e6n v\u00f6ktun - FRAMHALDSSK\u00d3LINN \u00c1 LAUGUM\" \/>\n<meta property=\"og:description\" content=\"Rafr\u00e6n v\u00f6ktun Rafr\u00e6n v\u00f6ktun me\u00f0 \u00f6ryggismyndav\u00e9lum \u00ed og vi\u00f0 h\u00fasn\u00e6\u00f0i FL byggir \u00e1 l\u00f6gm\u00e6tum hagsmunum og er metin nau\u00f0synleg \u00ed \u00f6ryggis- og eignav\u00f6rsluskyni. Tilgangur \u00feeirra er a\u00f0 tryggja \u00f6ryggi nemenda og starfsf\u00f3lks, varna \u00fev\u00ed a\u00f0 eigum s\u00e9 stoli\u00f0, \u00fe\u00e6r s\u00e9u skemmdar e\u00f0a fari\u00f0 um h\u00fasn\u00e6\u00f0i sk\u00f3lans \u00ed leyfisleysi. Framhaldssk\u00f3li skal haga st\u00f6rfum s\u00ednum \u00feannig a\u00f0 nemendur finni til \u00f6ryggis (33. gr. framhaldssk\u00f3lalaga nr. 92\/2008) \u00d6ryggismyndav\u00e9larnar eru samtals 15 og eru ...Lestu \u00e1fram\" \/>\n<meta property=\"og:url\" content=\"https:\/\/laugar.is\/?page_id=7367\" \/>\n<meta property=\"og:site_name\" content=\"FRAMHALDSSK\u00d3LINN \u00c1 LAUGUM\" \/>\n<meta property=\"article:publisher\" content=\"https:\/\/www.facebook.com\/laugaskoli\/\" \/>\n<meta property=\"article:modified_time\" content=\"2024-11-05T12:07:19+00:00\" \/>\n<meta name=\"twitter:card\" content=\"summary_large_image\" \/>\n<meta name=\"twitter:label1\" content=\"Est. reading time\" \/>\n\t<meta name=\"twitter:data1\" content=\"2 minutes\" \/>\n<script type=\"application\/ld+json\" class=\"yoast-schema-graph\">{\"@context\":\"https:\\\/\\\/schema.org\",\"@graph\":[{\"@type\":\"WebPage\",\"@id\":\"https:\\\/\\\/laugar.is\\\/?page_id=7367\",\"url\":\"https:\\\/\\\/laugar.is\\\/?page_id=7367\",\"name\":\"Rafr\u00e6n v\u00f6ktun - FRAMHALDSSK\u00d3LINN \u00c1 LAUGUM\",\"isPartOf\":{\"@id\":\"https:\\\/\\\/laugar.is\\\/#website\"},\"datePublished\":\"2024-11-05T12:07:18+00:00\",\"dateModified\":\"2024-11-05T12:07:19+00:00\",\"breadcrumb\":{\"@id\":\"https:\\\/\\\/laugar.is\\\/?page_id=7367#breadcrumb\"},\"inLanguage\":\"is\",\"potentialAction\":[{\"@type\":\"ReadAction\",\"target\":[\"https:\\\/\\\/laugar.is\\\/?page_id=7367\"]}]},{\"@type\":\"BreadcrumbList\",\"@id\":\"https:\\\/\\\/laugar.is\\\/?page_id=7367#breadcrumb\",\"itemListElement\":[{\"@type\":\"ListItem\",\"position\":1,\"name\":\"Home\",\"item\":\"https:\\\/\\\/laugar.is\\\/\"},{\"@type\":\"ListItem\",\"position\":2,\"name\":\"SK\u00d3LINN\",\"item\":\"https:\\\/\\\/laugar.is\\\/?page_id=4\"},{\"@type\":\"ListItem\",\"position\":3,\"name\":\"Rafr\u00e6n v\u00f6ktun\"}]},{\"@type\":\"WebSite\",\"@id\":\"https:\\\/\\\/laugar.is\\\/#website\",\"url\":\"https:\\\/\\\/laugar.is\\\/\",\"name\":\"FRAMHALDSSK\u00d3LINN \u00c1 LAUGUM\",\"description\":\"Metna\u00f0ur - Tr\u00famennska  - Tillitssemi - Gla\u00f0lyndi\",\"publisher\":{\"@id\":\"https:\\\/\\\/laugar.is\\\/#organization\"},\"potentialAction\":[{\"@type\":\"SearchAction\",\"target\":{\"@type\":\"EntryPoint\",\"urlTemplate\":\"https:\\\/\\\/laugar.is\\\/?s={search_term_string}\"},\"query-input\":{\"@type\":\"PropertyValueSpecification\",\"valueRequired\":true,\"valueName\":\"search_term_string\"}}],\"inLanguage\":\"is\"},{\"@type\":\"Organization\",\"@id\":\"https:\\\/\\\/laugar.is\\\/#organization\",\"name\":\"Framhaldssk\u00f3linn \u00e1 Laugum\",\"url\":\"https:\\\/\\\/laugar.is\\\/\",\"logo\":{\"@type\":\"ImageObject\",\"inLanguage\":\"is\",\"@id\":\"https:\\\/\\\/laugar.is\\\/#\\\/schema\\\/logo\\\/image\\\/\",\"url\":\"https:\\\/\\\/laugar.is\\\/wp-content\\\/uploads\\\/2017\\\/01\\\/laugar_merki_antexta-kip.jpg\",\"contentUrl\":\"https:\\\/\\\/laugar.is\\\/wp-content\\\/uploads\\\/2017\\\/01\\\/laugar_merki_antexta-kip.jpg\",\"width\":536,\"height\":551,\"caption\":\"Framhaldssk\u00f3linn \u00e1 Laugum\"},\"image\":{\"@id\":\"https:\\\/\\\/laugar.is\\\/#\\\/schema\\\/logo\\\/image\\\/\"},\"sameAs\":[\"https:\\\/\\\/www.facebook.com\\\/laugaskoli\\\/\"]}]}<\/script>\n<!-- \/ Yoast SEO plugin. -->","yoast_head_json":{"title":"Rafr\u00e6n v\u00f6ktun - FRAMHALDSSK\u00d3LINN \u00c1 LAUGUM","robots":{"index":"index","follow":"follow","max-snippet":"max-snippet:-1","max-image-preview":"max-image-preview:large","max-video-preview":"max-video-preview:-1"},"canonical":"https:\/\/laugar.is\/?page_id=7367","og_locale":"is_IS","og_type":"article","og_title":"Rafr\u00e6n v\u00f6ktun - FRAMHALDSSK\u00d3LINN \u00c1 LAUGUM","og_description":"Rafr\u00e6n v\u00f6ktun Rafr\u00e6n v\u00f6ktun me\u00f0 \u00f6ryggismyndav\u00e9lum \u00ed og vi\u00f0 h\u00fasn\u00e6\u00f0i FL byggir \u00e1 l\u00f6gm\u00e6tum hagsmunum og er metin nau\u00f0synleg \u00ed \u00f6ryggis- og eignav\u00f6rsluskyni. Tilgangur \u00feeirra er a\u00f0 tryggja \u00f6ryggi nemenda og starfsf\u00f3lks, varna \u00fev\u00ed a\u00f0 eigum s\u00e9 stoli\u00f0, \u00fe\u00e6r s\u00e9u skemmdar e\u00f0a fari\u00f0 um h\u00fasn\u00e6\u00f0i sk\u00f3lans \u00ed leyfisleysi. Framhaldssk\u00f3li skal haga st\u00f6rfum s\u00ednum \u00feannig a\u00f0 nemendur finni til \u00f6ryggis (33. gr. framhaldssk\u00f3lalaga nr. 92\/2008) \u00d6ryggismyndav\u00e9larnar eru samtals 15 og eru ...Lestu \u00e1fram","og_url":"https:\/\/laugar.is\/?page_id=7367","og_site_name":"FRAMHALDSSK\u00d3LINN \u00c1 LAUGUM","article_publisher":"https:\/\/www.facebook.com\/laugaskoli\/","article_modified_time":"2024-11-05T12:07:19+00:00","twitter_card":"summary_large_image","twitter_misc":{"Est. reading time":"2 minutes"},"schema":{"@context":"https:\/\/schema.org","@graph":[{"@type":"WebPage","@id":"https:\/\/laugar.is\/?page_id=7367","url":"https:\/\/laugar.is\/?page_id=7367","name":"Rafr\u00e6n v\u00f6ktun - FRAMHALDSSK\u00d3LINN \u00c1 LAUGUM","isPartOf":{"@id":"https:\/\/laugar.is\/#website"},"datePublished":"2024-11-05T12:07:18+00:00","dateModified":"2024-11-05T12:07:19+00:00","breadcrumb":{"@id":"https:\/\/laugar.is\/?page_id=7367#breadcrumb"},"inLanguage":"is","potentialAction":[{"@type":"ReadAction","target":["https:\/\/laugar.is\/?page_id=7367"]}]},{"@type":"BreadcrumbList","@id":"https:\/\/laugar.is\/?page_id=7367#breadcrumb","itemListElement":[{"@type":"ListItem","position":1,"name":"Home","item":"https:\/\/laugar.is\/"},{"@type":"ListItem","position":2,"name":"SK\u00d3LINN","item":"https:\/\/laugar.is\/?page_id=4"},{"@type":"ListItem","position":3,"name":"Rafr\u00e6n v\u00f6ktun"}]},{"@type":"WebSite","@id":"https:\/\/laugar.is\/#website","url":"https:\/\/laugar.is\/","name":"FRAMHALDSSK\u00d3LINN \u00c1 LAUGUM","description":"Metna\u00f0ur - Tr\u00famennska  - Tillitssemi - Gla\u00f0lyndi","publisher":{"@id":"https:\/\/laugar.is\/#organization"},"potentialAction":[{"@type":"SearchAction","target":{"@type":"EntryPoint","urlTemplate":"https:\/\/laugar.is\/?s={search_term_string}"},"query-input":{"@type":"PropertyValueSpecification","valueRequired":true,"valueName":"search_term_string"}}],"inLanguage":"is"},{"@type":"Organization","@id":"https:\/\/laugar.is\/#organization","name":"Framhaldssk\u00f3linn \u00e1 Laugum","url":"https:\/\/laugar.is\/","logo":{"@type":"ImageObject","inLanguage":"is","@id":"https:\/\/laugar.is\/#\/schema\/logo\/image\/","url":"https:\/\/laugar.is\/wp-content\/uploads\/2017\/01\/laugar_merki_antexta-kip.jpg","contentUrl":"https:\/\/laugar.is\/wp-content\/uploads\/2017\/01\/laugar_merki_antexta-kip.jpg","width":536,"height":551,"caption":"Framhaldssk\u00f3linn \u00e1 Laugum"},"image":{"@id":"https:\/\/laugar.is\/#\/schema\/logo\/image\/"},"sameAs":["https:\/\/www.facebook.com\/laugaskoli\/"]}]}},"_links":{"self":[{"href":"https:\/\/laugar.is\/index.php?rest_route=\/wp\/v2\/pages\/7367","targetHints":{"allow":["GET"]}}],"collection":[{"href":"https:\/\/laugar.is\/index.php?rest_route=\/wp\/v2\/pages"}],"about":[{"href":"https:\/\/laugar.is\/index.php?rest_route=\/wp\/v2\/types\/page"}],"author":[{"embeddable":true,"href":"https:\/\/laugar.is\/index.php?rest_route=\/wp\/v2\/users\/6"}],"replies":[{"embeddable":true,"href":"https:\/\/laugar.is\/index.php?rest_route=%2Fwp%2Fv2%2Fcomments&post=7367"}],"version-history":[{"count":1,"href":"https:\/\/laugar.is\/index.php?rest_route=\/wp\/v2\/pages\/7367\/revisions"}],"predecessor-version":[{"id":7368,"href":"https:\/\/laugar.is\/index.php?rest_route=\/wp\/v2\/pages\/7367\/revisions\/7368"}],"up":[{"embeddable":true,"href":"https:\/\/laugar.is\/index.php?rest_route=\/wp\/v2\/pages\/4"}],"wp:attachment":[{"href":"https:\/\/laugar.is\/index.php?rest_route=%2Fwp%2Fv2%2Fmedia&parent=7367"}],"curies":[{"name":"wp","href":"https:\/\/api.w.org\/{rel}","templated":true}]}}