{"id":6273,"date":"2024-06-19T08:29:44","date_gmt":"2024-06-19T08:29:44","guid":{"rendered":"https:\/\/laugar.is\/?page_id=6273"},"modified":"2025-05-28T08:41:36","modified_gmt":"2025-05-28T08:41:36","slug":"farsaeldarthjonusta","status":"publish","type":"page","link":"https:\/\/laugar.is\/?page_id=6273","title":{"rendered":"Fars\u00e6ldar\u00fej\u00f3nusta"},"content":{"rendered":"<p><img loading=\"lazy\" decoding=\"async\" class=\"alignnone wp-image-6170\" src=\"https:\/\/laugar.is\/wp-content\/uploads\/2024\/04\/cropped-laugar_merki_high-300x300.jpg\" alt=\"\" width=\"120\" height=\"120\" srcset=\"https:\/\/laugar.is\/wp-content\/uploads\/2024\/04\/cropped-laugar_merki_high-300x300.jpg 300w, https:\/\/laugar.is\/wp-content\/uploads\/2024\/04\/cropped-laugar_merki_high-150x150.jpg 150w, https:\/\/laugar.is\/wp-content\/uploads\/2024\/04\/cropped-laugar_merki_high-270x270.jpg 270w, https:\/\/laugar.is\/wp-content\/uploads\/2024\/04\/cropped-laugar_merki_high-192x192.jpg 192w, https:\/\/laugar.is\/wp-content\/uploads\/2024\/04\/cropped-laugar_merki_high-180x180.jpg 180w, https:\/\/laugar.is\/wp-content\/uploads\/2024\/04\/cropped-laugar_merki_high-32x32.jpg 32w, https:\/\/laugar.is\/wp-content\/uploads\/2024\/04\/cropped-laugar_merki_high.jpg 512w\" sizes=\"auto, (max-width: 120px) 100vw, 120px\" \/><\/p>\n<h4>&nbsp;<\/h4>\n<h4><b><span data-contrast=\"auto\">Fars\u00e6ldar\u00fej\u00f3nusta<\/span><\/b><span data-ccp-props=\"{&quot;201341983&quot;:0,&quot;335559739&quot;:0,&quot;335559740&quot;:276}\">&nbsp;<\/span><\/h4>\n<p><span data-contrast=\"none\">L\u00f6g um sam\u00fe\u00e6ttingu \u00fej\u00f3nustu \u00ed \u00fe\u00e1gu fars\u00e6ldar barna t\u00f3ku gildi 1. jan\u00faar 2022. \u00cd l\u00f6gunum kemur fram a\u00f0 nemendur undir 18 \u00e1ra aldri og fj\u00f6lskyldur \u00feeirra geti \u00f3ska\u00f0 eftir stu\u00f0ningi tengili\u00f0s sem veitir uppl\u00fdsingar og lei\u00f0beiningar um s\u00e9rh\u00e6f\u00f0a \u00fej\u00f3nustu innan og utan sk\u00f3lans. Tilgangur laganna er a\u00f0 auka samstarf \u00fej\u00f3nustua\u00f0ila \u00ed \u00fe\u00e1gu fars\u00e6ldar barna og tryggja a\u00f0 b\u00f6rn og foreldrar sem \u00e1 \u00feurfa a\u00f0 halda hafi a\u00f0gang a\u00f0 \u00fej\u00f3nustu vi\u00f0 h\u00e6fi.<\/span><span data-ccp-props=\"{&quot;134233117&quot;:false,&quot;134233118&quot;:false,&quot;201341983&quot;:0,&quot;335557856&quot;:16777215,&quot;335559738&quot;:0,&quot;335559739&quot;:300,&quot;335559740&quot;:276}\">&nbsp;<\/span><\/p>\n<p>&nbsp;<\/p>\n<h5><b><span data-contrast=\"none\">Tengili\u00f0ur vegna fars\u00e6ldar\u00fej\u00f3nustu:<\/span><\/b>&nbsp;<\/h5>\n<h6><span data-contrast=\"none\">Foreldrar og nemendur geta einnig \u00f3ska\u00f0 eftir fars\u00e6ldar\u00fej\u00f3nustu beint vi\u00f0 tengili\u00f0 h\u00e9r fyrir ne\u00f0an.<\/span><span data-ccp-props=\"{&quot;134233117&quot;:false,&quot;134233118&quot;:false,&quot;201341983&quot;:0,&quot;335557856&quot;:16777215,&quot;335559738&quot;:0,&quot;335559739&quot;:300,&quot;335559740&quot;:276}\">&nbsp;<\/span><\/h6>\n<p><strong>Eygl\u00f3 S\u00f3fusd\u00f3ttir eyglo@laugar.is<\/strong><\/p>\n<h5>&nbsp;<\/h5>\n<h5><b><span data-contrast=\"none\">&nbsp; &nbsp; Ey\u00f0ubl\u00f6\u00f0:<\/span><\/b><span data-ccp-props=\"{&quot;134233117&quot;:false,&quot;134233118&quot;:false,&quot;201341983&quot;:0,&quot;335557856&quot;:16777215,&quot;335559738&quot;:0,&quot;335559739&quot;:300,&quot;335559740&quot;:276}\">&nbsp;<\/span><\/h5>\n<ul>\n<li data-leveltext=\"\uf0b7\" data-font=\"Symbol\" data-listid=\"4\" data-list-defn-props=\"{&quot;335552541&quot;:1,&quot;335559685&quot;:720,&quot;335559991&quot;:360,&quot;469769226&quot;:&quot;Symbol&quot;,&quot;469769242&quot;:[8226],&quot;469777803&quot;:&quot;left&quot;,&quot;469777804&quot;:&quot;\uf0b7&quot;,&quot;469777815&quot;:&quot;multilevel&quot;}\" aria-setsize=\"-1\" data-aria-posinset=\"1\" data-aria-level=\"1\"><a href=\"https:\/\/www.bofs.is\/media\/almenningur\/BOFS-Beidni-um-midlun-upplysinga.pdf\"><span data-contrast=\"none\">Ey\u00f0ubla\u00f0 um mi\u00f0lun uppl\u00fdsinga.<\/span><\/a><span data-ccp-props=\"{&quot;134233117&quot;:false,&quot;134233118&quot;:false,&quot;201341983&quot;:2,&quot;335557856&quot;:16777215,&quot;335559738&quot;:0,&quot;335559739&quot;:0,&quot;335559740&quot;:406}\">&nbsp;<\/span><\/li>\n<\/ul>\n<ul>\n<li data-leveltext=\"\uf0b7\" data-font=\"Symbol\" data-listid=\"4\" data-list-defn-props=\"{&quot;335552541&quot;:1,&quot;335559685&quot;:720,&quot;335559991&quot;:360,&quot;469769226&quot;:&quot;Symbol&quot;,&quot;469769242&quot;:[8226],&quot;469777803&quot;:&quot;left&quot;,&quot;469777804&quot;:&quot;\uf0b7&quot;,&quot;469777815&quot;:&quot;multilevel&quot;}\" aria-setsize=\"-1\" data-aria-posinset=\"2\" data-aria-level=\"1\"><a href=\"https:\/\/www.bofs.is\/media\/almenningur\/BOFS-Beidni-um-samthaettingu-thjonustu.pdf\"><span data-contrast=\"none\">Ey\u00f0ubla\u00f0 um bei\u00f0ni um sam\u00fe\u00e6ttingu.<\/span><\/a><span data-ccp-props=\"{&quot;134233117&quot;:false,&quot;134233118&quot;:false,&quot;201341983&quot;:2,&quot;335557856&quot;:16777215,&quot;335559738&quot;:0,&quot;335559739&quot;:0,&quot;335559740&quot;:406}\">&nbsp;<\/span><\/li>\n<\/ul>\n<p><span data-ccp-props=\"{&quot;134233117&quot;:false,&quot;134233118&quot;:false,&quot;201341983&quot;:0,&quot;335557856&quot;:16777215,&quot;335559685&quot;:720,&quot;335559738&quot;:0,&quot;335559739&quot;:300,&quot;335559740&quot;:240}\">&nbsp;<\/span><\/p>\n<h5><b><span data-contrast=\"none\">&nbsp; &nbsp; Gagnlegir tenglar:<\/span><\/b><span data-ccp-props=\"{&quot;134233117&quot;:false,&quot;134233118&quot;:false,&quot;201341983&quot;:0,&quot;335557856&quot;:16777215,&quot;335559738&quot;:0,&quot;335559739&quot;:300,&quot;335559740&quot;:240}\">&nbsp;<\/span><\/h5>\n<ul>\n<li data-leveltext=\"\uf0b7\" data-font=\"Symbol\" data-listid=\"1\" data-list-defn-props=\"{&quot;335552541&quot;:1,&quot;335559685&quot;:720,&quot;335559991&quot;:360,&quot;469769226&quot;:&quot;Symbol&quot;,&quot;469769242&quot;:[8226],&quot;469777803&quot;:&quot;left&quot;,&quot;469777804&quot;:&quot;\uf0b7&quot;,&quot;469777815&quot;:&quot;multilevel&quot;}\" aria-setsize=\"-1\" data-aria-posinset=\"1\" data-aria-level=\"1\"><a href=\"https:\/\/www.bofs.is\/tolfraedi-og-utgefid-efni\/frettir\/frettasafn\/samthaetting-i-thagu-farsaeldar-barna-kynning\"><span data-contrast=\"none\">Sam\u00fe\u00e6tting \u00fej\u00f3nustu \u00ed \u00fe\u00e1gu fars\u00e6ldar barna &#8211; Kynning&nbsp;<\/span><\/a><span data-contrast=\"auto\">&nbsp;&nbsp;<\/span><span data-ccp-props=\"{&quot;134233117&quot;:false,&quot;134233118&quot;:false,&quot;201341983&quot;:2,&quot;335557856&quot;:16777215,&quot;335559738&quot;:0,&quot;335559739&quot;:0,&quot;335559740&quot;:406}\">&nbsp;<\/span><\/li>\n<\/ul>\n<ul>\n<li data-leveltext=\"\uf0b7\" data-font=\"Symbol\" data-listid=\"1\" data-list-defn-props=\"{&quot;335552541&quot;:1,&quot;335559685&quot;:720,&quot;335559991&quot;:360,&quot;469769226&quot;:&quot;Symbol&quot;,&quot;469769242&quot;:[8226],&quot;469777803&quot;:&quot;left&quot;,&quot;469777804&quot;:&quot;\uf0b7&quot;,&quot;469777815&quot;:&quot;multilevel&quot;}\" aria-setsize=\"-1\" data-aria-posinset=\"2\" data-aria-level=\"1\"><a href=\"https:\/\/www.stjornarradid.is\/library\/04-Raduneytin\/Felagsmalaraduneytid\/Breytingar%20%C3%AD%20%C3%BE%C3%A1gu%20barna%20-%20sam%C3%BE%C3%A6tting%20%C3%BEj%C3%B3nustu.pdf\"><span data-contrast=\"none\">Breytingar \u00ed \u00fe\u00e1gu barna &#8211; sam\u00fe\u00e6tting \u00fej\u00f3nustu.pdf (stjornarradid.is)<\/span><\/a><span data-ccp-props=\"{&quot;134233117&quot;:false,&quot;134233118&quot;:false,&quot;201341983&quot;:2,&quot;335557856&quot;:16777215,&quot;335559738&quot;:0,&quot;335559739&quot;:0,&quot;335559740&quot;:406}\">&nbsp;<\/span><\/li>\n<\/ul>\n<p>&nbsp;<\/p>\n<p>&nbsp;<\/p>\n<p>&nbsp;<\/p>\n<p>&nbsp;<\/p>\n<p>&nbsp;<\/p>\n","protected":false},"excerpt":{"rendered":"<p>&nbsp; Fars\u00e6ldar\u00fej\u00f3nusta&nbsp; L\u00f6g um sam\u00fe\u00e6ttingu \u00fej\u00f3nustu \u00ed \u00fe\u00e1gu fars\u00e6ldar barna t\u00f3ku gildi 1. jan\u00faar 2022. \u00cd l\u00f6gunum kemur fram a\u00f0 nemendur undir 18 \u00e1ra aldri og fj\u00f6lskyldur \u00feeirra geti \u00f3ska\u00f0 eftir stu\u00f0ningi tengili\u00f0s sem veitir uppl\u00fdsingar og lei\u00f0beiningar um s\u00e9rh\u00e6f\u00f0a \u00fej\u00f3nustu innan og utan sk\u00f3lans. Tilgangur laganna er a\u00f0 auka samstarf \u00fej\u00f3nustua\u00f0ila \u00ed \u00fe\u00e1gu fars\u00e6ldar barna og tryggja a\u00f0 b\u00f6rn og foreldrar sem \u00e1 \u00feurfa a\u00f0 halda hafi a\u00f0gang a\u00f0 <a class=\"more-link\" href=\"https:\/\/laugar.is\/?page_id=6273\">&#8230;Lestu \u00e1fram<\/a><\/p>\n","protected":false},"author":6,"featured_media":0,"parent":219,"menu_order":0,"comment_status":"closed","ping_status":"closed","template":"","meta":{"_acf_changed":false,"_lmt_disableupdate":"no","_lmt_disable":"no","ngg_post_thumbnail":0,"footnotes":""},"class_list":["post-6273","page","type-page","status-publish","hentry"],"acf":[],"yoast_head":"<!-- This site is optimized with the Yoast SEO plugin v27.5 - https:\/\/yoast.com\/product\/yoast-seo-wordpress\/ -->\n<title>Fars\u00e6ldar\u00fej\u00f3nusta - FRAMHALDSSK\u00d3LINN \u00c1 LAUGUM<\/title>\n<meta name=\"robots\" content=\"index, follow, max-snippet:-1, max-image-preview:large, max-video-preview:-1\" \/>\n<link rel=\"canonical\" href=\"https:\/\/laugar.is\/?page_id=6273\" \/>\n<meta property=\"og:locale\" content=\"is_IS\" \/>\n<meta property=\"og:type\" content=\"article\" \/>\n<meta property=\"og:title\" content=\"Fars\u00e6ldar\u00fej\u00f3nusta - FRAMHALDSSK\u00d3LINN \u00c1 LAUGUM\" \/>\n<meta property=\"og:description\" content=\"&nbsp; Fars\u00e6ldar\u00fej\u00f3nusta&nbsp; L\u00f6g um sam\u00fe\u00e6ttingu \u00fej\u00f3nustu \u00ed \u00fe\u00e1gu fars\u00e6ldar barna t\u00f3ku gildi 1. jan\u00faar 2022. \u00cd l\u00f6gunum kemur fram a\u00f0 nemendur undir 18 \u00e1ra aldri og fj\u00f6lskyldur \u00feeirra geti \u00f3ska\u00f0 eftir stu\u00f0ningi tengili\u00f0s sem veitir uppl\u00fdsingar og lei\u00f0beiningar um s\u00e9rh\u00e6f\u00f0a \u00fej\u00f3nustu innan og utan sk\u00f3lans. Tilgangur laganna er a\u00f0 auka samstarf \u00fej\u00f3nustua\u00f0ila \u00ed \u00fe\u00e1gu fars\u00e6ldar barna og tryggja a\u00f0 b\u00f6rn og foreldrar sem \u00e1 \u00feurfa a\u00f0 halda hafi a\u00f0gang a\u00f0 ...Lestu \u00e1fram\" \/>\n<meta property=\"og:url\" content=\"https:\/\/laugar.is\/?page_id=6273\" \/>\n<meta property=\"og:site_name\" content=\"FRAMHALDSSK\u00d3LINN \u00c1 LAUGUM\" \/>\n<meta property=\"article:publisher\" content=\"https:\/\/www.facebook.com\/laugaskoli\/\" \/>\n<meta property=\"article:modified_time\" content=\"2025-05-28T08:41:36+00:00\" \/>\n<meta property=\"og:image\" content=\"https:\/\/laugar.is\/wp-content\/uploads\/2024\/04\/cropped-laugar_merki_high.jpg\" \/>\n\t<meta property=\"og:image:width\" content=\"512\" \/>\n\t<meta property=\"og:image:height\" content=\"512\" \/>\n\t<meta property=\"og:image:type\" content=\"image\/jpeg\" \/>\n<meta name=\"twitter:card\" content=\"summary_large_image\" \/>\n<meta name=\"twitter:label1\" content=\"Est. reading time\" \/>\n\t<meta name=\"twitter:data1\" content=\"1 minute\" \/>\n<script type=\"application\/ld+json\" class=\"yoast-schema-graph\">{\"@context\":\"https:\\\/\\\/schema.org\",\"@graph\":[{\"@type\":\"WebPage\",\"@id\":\"https:\\\/\\\/laugar.is\\\/?page_id=6273\",\"url\":\"https:\\\/\\\/laugar.is\\\/?page_id=6273\",\"name\":\"Fars\u00e6ldar\u00fej\u00f3nusta - FRAMHALDSSK\u00d3LINN \u00c1 LAUGUM\",\"isPartOf\":{\"@id\":\"https:\\\/\\\/laugar.is\\\/#website\"},\"primaryImageOfPage\":{\"@id\":\"https:\\\/\\\/laugar.is\\\/?page_id=6273#primaryimage\"},\"image\":{\"@id\":\"https:\\\/\\\/laugar.is\\\/?page_id=6273#primaryimage\"},\"thumbnailUrl\":\"https:\\\/\\\/laugar.is\\\/wp-content\\\/uploads\\\/2024\\\/04\\\/cropped-laugar_merki_high-300x300.jpg\",\"datePublished\":\"2024-06-19T08:29:44+00:00\",\"dateModified\":\"2025-05-28T08:41:36+00:00\",\"breadcrumb\":{\"@id\":\"https:\\\/\\\/laugar.is\\\/?page_id=6273#breadcrumb\"},\"inLanguage\":\"is\",\"potentialAction\":[{\"@type\":\"ReadAction\",\"target\":[\"https:\\\/\\\/laugar.is\\\/?page_id=6273\"]}]},{\"@type\":\"ImageObject\",\"inLanguage\":\"is\",\"@id\":\"https:\\\/\\\/laugar.is\\\/?page_id=6273#primaryimage\",\"url\":\"https:\\\/\\\/laugar.is\\\/wp-content\\\/uploads\\\/2024\\\/04\\\/cropped-laugar_merki_high.jpg\",\"contentUrl\":\"https:\\\/\\\/laugar.is\\\/wp-content\\\/uploads\\\/2024\\\/04\\\/cropped-laugar_merki_high.jpg\",\"width\":512,\"height\":512},{\"@type\":\"BreadcrumbList\",\"@id\":\"https:\\\/\\\/laugar.is\\\/?page_id=6273#breadcrumb\",\"itemListElement\":[{\"@type\":\"ListItem\",\"position\":1,\"name\":\"Home\",\"item\":\"https:\\\/\\\/laugar.is\\\/\"},{\"@type\":\"ListItem\",\"position\":2,\"name\":\"\u00deJ\u00d3NUSTA\",\"item\":\"https:\\\/\\\/laugar.is\\\/?page_id=219\"},{\"@type\":\"ListItem\",\"position\":3,\"name\":\"Fars\u00e6ldar\u00fej\u00f3nusta\"}]},{\"@type\":\"WebSite\",\"@id\":\"https:\\\/\\\/laugar.is\\\/#website\",\"url\":\"https:\\\/\\\/laugar.is\\\/\",\"name\":\"FRAMHALDSSK\u00d3LINN \u00c1 LAUGUM\",\"description\":\"Metna\u00f0ur - Tr\u00famennska  - Tillitssemi - Gla\u00f0lyndi\",\"publisher\":{\"@id\":\"https:\\\/\\\/laugar.is\\\/#organization\"},\"potentialAction\":[{\"@type\":\"SearchAction\",\"target\":{\"@type\":\"EntryPoint\",\"urlTemplate\":\"https:\\\/\\\/laugar.is\\\/?s={search_term_string}\"},\"query-input\":{\"@type\":\"PropertyValueSpecification\",\"valueRequired\":true,\"valueName\":\"search_term_string\"}}],\"inLanguage\":\"is\"},{\"@type\":\"Organization\",\"@id\":\"https:\\\/\\\/laugar.is\\\/#organization\",\"name\":\"Framhaldssk\u00f3linn \u00e1 Laugum\",\"url\":\"https:\\\/\\\/laugar.is\\\/\",\"logo\":{\"@type\":\"ImageObject\",\"inLanguage\":\"is\",\"@id\":\"https:\\\/\\\/laugar.is\\\/#\\\/schema\\\/logo\\\/image\\\/\",\"url\":\"https:\\\/\\\/laugar.is\\\/wp-content\\\/uploads\\\/2017\\\/01\\\/laugar_merki_antexta-kip.jpg\",\"contentUrl\":\"https:\\\/\\\/laugar.is\\\/wp-content\\\/uploads\\\/2017\\\/01\\\/laugar_merki_antexta-kip.jpg\",\"width\":536,\"height\":551,\"caption\":\"Framhaldssk\u00f3linn \u00e1 Laugum\"},\"image\":{\"@id\":\"https:\\\/\\\/laugar.is\\\/#\\\/schema\\\/logo\\\/image\\\/\"},\"sameAs\":[\"https:\\\/\\\/www.facebook.com\\\/laugaskoli\\\/\"]}]}<\/script>\n<!-- \/ Yoast SEO plugin. -->","yoast_head_json":{"title":"Fars\u00e6ldar\u00fej\u00f3nusta - FRAMHALDSSK\u00d3LINN \u00c1 LAUGUM","robots":{"index":"index","follow":"follow","max-snippet":"max-snippet:-1","max-image-preview":"max-image-preview:large","max-video-preview":"max-video-preview:-1"},"canonical":"https:\/\/laugar.is\/?page_id=6273","og_locale":"is_IS","og_type":"article","og_title":"Fars\u00e6ldar\u00fej\u00f3nusta - FRAMHALDSSK\u00d3LINN \u00c1 LAUGUM","og_description":"&nbsp; Fars\u00e6ldar\u00fej\u00f3nusta&nbsp; L\u00f6g um sam\u00fe\u00e6ttingu \u00fej\u00f3nustu \u00ed \u00fe\u00e1gu fars\u00e6ldar barna t\u00f3ku gildi 1. jan\u00faar 2022. \u00cd l\u00f6gunum kemur fram a\u00f0 nemendur undir 18 \u00e1ra aldri og fj\u00f6lskyldur \u00feeirra geti \u00f3ska\u00f0 eftir stu\u00f0ningi tengili\u00f0s sem veitir uppl\u00fdsingar og lei\u00f0beiningar um s\u00e9rh\u00e6f\u00f0a \u00fej\u00f3nustu innan og utan sk\u00f3lans. Tilgangur laganna er a\u00f0 auka samstarf \u00fej\u00f3nustua\u00f0ila \u00ed \u00fe\u00e1gu fars\u00e6ldar barna og tryggja a\u00f0 b\u00f6rn og foreldrar sem \u00e1 \u00feurfa a\u00f0 halda hafi a\u00f0gang a\u00f0 ...Lestu \u00e1fram","og_url":"https:\/\/laugar.is\/?page_id=6273","og_site_name":"FRAMHALDSSK\u00d3LINN \u00c1 LAUGUM","article_publisher":"https:\/\/www.facebook.com\/laugaskoli\/","article_modified_time":"2025-05-28T08:41:36+00:00","og_image":[{"width":512,"height":512,"url":"https:\/\/laugar.is\/wp-content\/uploads\/2024\/04\/cropped-laugar_merki_high.jpg","type":"image\/jpeg"}],"twitter_card":"summary_large_image","twitter_misc":{"Est. reading time":"1 minute"},"schema":{"@context":"https:\/\/schema.org","@graph":[{"@type":"WebPage","@id":"https:\/\/laugar.is\/?page_id=6273","url":"https:\/\/laugar.is\/?page_id=6273","name":"Fars\u00e6ldar\u00fej\u00f3nusta - FRAMHALDSSK\u00d3LINN \u00c1 LAUGUM","isPartOf":{"@id":"https:\/\/laugar.is\/#website"},"primaryImageOfPage":{"@id":"https:\/\/laugar.is\/?page_id=6273#primaryimage"},"image":{"@id":"https:\/\/laugar.is\/?page_id=6273#primaryimage"},"thumbnailUrl":"https:\/\/laugar.is\/wp-content\/uploads\/2024\/04\/cropped-laugar_merki_high-300x300.jpg","datePublished":"2024-06-19T08:29:44+00:00","dateModified":"2025-05-28T08:41:36+00:00","breadcrumb":{"@id":"https:\/\/laugar.is\/?page_id=6273#breadcrumb"},"inLanguage":"is","potentialAction":[{"@type":"ReadAction","target":["https:\/\/laugar.is\/?page_id=6273"]}]},{"@type":"ImageObject","inLanguage":"is","@id":"https:\/\/laugar.is\/?page_id=6273#primaryimage","url":"https:\/\/laugar.is\/wp-content\/uploads\/2024\/04\/cropped-laugar_merki_high.jpg","contentUrl":"https:\/\/laugar.is\/wp-content\/uploads\/2024\/04\/cropped-laugar_merki_high.jpg","width":512,"height":512},{"@type":"BreadcrumbList","@id":"https:\/\/laugar.is\/?page_id=6273#breadcrumb","itemListElement":[{"@type":"ListItem","position":1,"name":"Home","item":"https:\/\/laugar.is\/"},{"@type":"ListItem","position":2,"name":"\u00deJ\u00d3NUSTA","item":"https:\/\/laugar.is\/?page_id=219"},{"@type":"ListItem","position":3,"name":"Fars\u00e6ldar\u00fej\u00f3nusta"}]},{"@type":"WebSite","@id":"https:\/\/laugar.is\/#website","url":"https:\/\/laugar.is\/","name":"FRAMHALDSSK\u00d3LINN \u00c1 LAUGUM","description":"Metna\u00f0ur - Tr\u00famennska  - Tillitssemi - Gla\u00f0lyndi","publisher":{"@id":"https:\/\/laugar.is\/#organization"},"potentialAction":[{"@type":"SearchAction","target":{"@type":"EntryPoint","urlTemplate":"https:\/\/laugar.is\/?s={search_term_string}"},"query-input":{"@type":"PropertyValueSpecification","valueRequired":true,"valueName":"search_term_string"}}],"inLanguage":"is"},{"@type":"Organization","@id":"https:\/\/laugar.is\/#organization","name":"Framhaldssk\u00f3linn \u00e1 Laugum","url":"https:\/\/laugar.is\/","logo":{"@type":"ImageObject","inLanguage":"is","@id":"https:\/\/laugar.is\/#\/schema\/logo\/image\/","url":"https:\/\/laugar.is\/wp-content\/uploads\/2017\/01\/laugar_merki_antexta-kip.jpg","contentUrl":"https:\/\/laugar.is\/wp-content\/uploads\/2017\/01\/laugar_merki_antexta-kip.jpg","width":536,"height":551,"caption":"Framhaldssk\u00f3linn \u00e1 Laugum"},"image":{"@id":"https:\/\/laugar.is\/#\/schema\/logo\/image\/"},"sameAs":["https:\/\/www.facebook.com\/laugaskoli\/"]}]}},"_links":{"self":[{"href":"https:\/\/laugar.is\/index.php?rest_route=\/wp\/v2\/pages\/6273","targetHints":{"allow":["GET"]}}],"collection":[{"href":"https:\/\/laugar.is\/index.php?rest_route=\/wp\/v2\/pages"}],"about":[{"href":"https:\/\/laugar.is\/index.php?rest_route=\/wp\/v2\/types\/page"}],"author":[{"embeddable":true,"href":"https:\/\/laugar.is\/index.php?rest_route=\/wp\/v2\/users\/6"}],"replies":[{"embeddable":true,"href":"https:\/\/laugar.is\/index.php?rest_route=%2Fwp%2Fv2%2Fcomments&post=6273"}],"version-history":[{"count":14,"href":"https:\/\/laugar.is\/index.php?rest_route=\/wp\/v2\/pages\/6273\/revisions"}],"predecessor-version":[{"id":9036,"href":"https:\/\/laugar.is\/index.php?rest_route=\/wp\/v2\/pages\/6273\/revisions\/9036"}],"up":[{"embeddable":true,"href":"https:\/\/laugar.is\/index.php?rest_route=\/wp\/v2\/pages\/219"}],"wp:attachment":[{"href":"https:\/\/laugar.is\/index.php?rest_route=%2Fwp%2Fv2%2Fmedia&parent=6273"}],"curies":[{"name":"wp","href":"https:\/\/api.w.org\/{rel}","templated":true}]}}