{"id":59,"date":"2016-02-16T11:27:23","date_gmt":"2016-02-16T11:27:23","guid":{"rendered":"http:\/\/laugar.is\/?page_id=59"},"modified":"2025-12-15T15:07:35","modified_gmt":"2025-12-15T15:07:35","slug":"aaetlanir","status":"publish","type":"page","link":"https:\/\/laugar.is\/?page_id=59","title":{"rendered":"Stefnur og \u00e1\u00e6tlanir"},"content":{"rendered":"<p>&nbsp;<\/p>\n<p><img loading=\"lazy\" decoding=\"async\" class=\"wp-image-6019 aligncenter\" src=\"https:\/\/laugar.is\/wp-content\/uploads\/2024\/06\/Untitled-1-scaled.jpg\" alt=\"\" width=\"776\" height=\"222\" srcset=\"https:\/\/laugar.is\/wp-content\/uploads\/2024\/06\/Untitled-1-scaled.jpg 2560w, https:\/\/laugar.is\/wp-content\/uploads\/2024\/06\/Untitled-1-300x86.jpg 300w, https:\/\/laugar.is\/wp-content\/uploads\/2024\/06\/Untitled-1-1024x293.jpg 1024w, https:\/\/laugar.is\/wp-content\/uploads\/2024\/06\/Untitled-1-768x219.jpg 768w, https:\/\/laugar.is\/wp-content\/uploads\/2024\/06\/Untitled-1-1536x439.jpg 1536w, https:\/\/laugar.is\/wp-content\/uploads\/2024\/06\/Untitled-1-2048x585.jpg 2048w\" sizes=\"auto, (max-width: 776px) 100vw, 776px\" \/><\/p>\n<div class=\"entry-content\">\n<p><strong>Smelltu \u00e1 linkinn til \u00feess a\u00f0 lesa um jafnr\u00e9ttis\u00e1\u00e6tlun sk\u00f3lans: <a href=\"https:\/\/laugar.is\/wp-content\/uploads\/2024\/06\/jafnrettisaetlun2023-2025.pdf\">jafnrettisaetlun2023-2025<\/a><\/strong><\/p>\n<\/div>\n<p><strong>Smelltu \u00e1 linkinn til \u00feess a\u00f0 lesa um \u00e1\u00e6tlun um \u00f6ryggi og heilbrig\u00f0i: <a href=\"https:\/\/laugar.is\/wp-content\/uploads\/2024\/06\/oryggi-heilbrigdi-fl-28112023.pdf\">oryggi-heilbrigdi-fl-28112023<\/a><\/strong><\/p>\n<p><strong>Smelltu \u00e1 linkinn til \u00feess a\u00f0 lesa um \u00e1\u00e6tlun um vi\u00f0br\u00f6g\u00f0 vi\u00f0 einelti ofbeldi og \u00e1reitni: <a href=\"https:\/\/laugar.is\/wp-content\/uploads\/2024\/06\/Aaetlun-um-vidbrogd-vid-einelti.pdf\">\u00c1\u00e6tlun um vi\u00f0br\u00f6g\u00f0 vi\u00f0 einelti<\/a><\/strong><\/p>\n<p><strong>Smelltu \u00e1 linkinn h\u00e9r til \u00feess a\u00f0 lesa um \u00e1\u00e6tlun um pers\u00f3nuverndarstefnu FL: <a href=\"https:\/\/laugar.is\/wp-content\/uploads\/2024\/06\/Personuverndarstefna.pdf\">Pers\u00f3nuverndarstefna<\/a><\/strong><\/p>\n<p><strong>Smelltu \u00e1 linkinn til \u00feess a\u00f0 lesa um uppl\u00fdsinga\u00f6ryggisstefnu FL: <a href=\"https:\/\/laugar.is\/wp-content\/uploads\/2025\/12\/upplysingaoryggisstefna-fl-2025.pdf\">Uppl\u00fdsinga\u00f6ryggisstefna<\/a><\/strong><\/p>\n<p><strong>Smelltu \u00e1 linkinn til \u00feess a\u00f0 lesa um jafnlaunastefnu FL: <a href=\"https:\/\/laugar.is\/wp-content\/uploads\/2024\/06\/Jafnlaunastefna_FL_undirritud_5utgafa.pdf\">Jafnlaunastefna_FL_undirritu\u00f0_5\u00fatg\u00e1fa<\/a><\/strong><\/p>\n<header>\n<header><\/header>\n<header><\/header>\n<header><\/header>\n<\/header>\n<header class=\"entry-header\"><strong>Smelltu \u00e1 linkinn til \u00feess a\u00f0 lesa um vi\u00f0brags\u00e1\u00e6tlun FL: <a href=\"https:\/\/laugar.is\/wp-content\/uploads\/2024\/06\/vidbragdsaaetlun-fl-1.pdf\">vidbragdsaaetlun-fl<\/a><\/strong><\/header>\n<header><\/header>\n<header class=\"entry-header\"><strong>Smelltu \u00e1 linkinn til \u00feess a\u00f0 lesa um vi\u00f0br\u00f6g\u00f0 vi\u00f0 ney\u00f0artilvikum: <a href=\"https:\/\/laugar.is\/wp-content\/uploads\/2024\/06\/vidbrogd-vid-neydartilvikum-2.pdf\">vidbrogd-vid-neydartilvikum<\/a><\/strong><\/header>\n<header><\/header>\n<header><\/header>\n<header><\/header>\n<header><\/header>\n<header><\/header>\n<header><\/header>\n<header><\/header>\n<header>&nbsp;&nbsp;<\/header>\n<header><\/header>\n<header><strong>Sko\u00f0a\u00f0u r\u00fdmingar\u00e1\u00e6tlun FL: <a href=\"https:\/\/laugar.is\/wp-content\/uploads\/2024\/06\/Rymingaraaetlun.pdf\">R\u00fdmingar\u00e1\u00e6tlun<\/a><\/strong><\/header>\n<header><\/header>\n<header><strong>Smelltu \u00e1 linkinn til \u00feess a\u00f0 lesa um m\u00f3tt\u00f6ku\u00e1\u00e6tlun Framhaldssk\u00f3lans \u00e1 Laugum fyrir erlenda nemendur: <a href=\"https:\/\/laugar.is\/wp-content\/uploads\/2024\/06\/Erlendir-nemendur.pdf\">Erlendir nemendur<\/a><\/strong><\/header>\n<header><\/header>\n<header><strong>Sko\u00f0a\u00f0u Mannau\u00f0sstefnu FL: <a href=\"https:\/\/laugar.is\/wp-content\/uploads\/2024\/09\/Mannaudsstefna.pdf\">Mannau\u00f0sstefna<\/a><\/strong><\/header>\n<header><\/header>\n<header><\/header>\n<header><\/header>\n<header><\/header>\n<header><\/header>\n<header><\/header>\n<header><\/header>\n<header class=\"entry-header\">\n<h1>&nbsp;<\/h1>\n<h1 class=\"entry-title\">Loftslagsstefna<\/h1>\n<\/header>\n<div class=\"entry-content\">\n<p><strong>Loftslagsstefna Framhaldssk\u00f3lans \u00e1 Laugum<\/strong><\/p>\n<p>Framhaldssk\u00f3linn \u00e1 Laugum einsetur s\u00e9r a\u00f0 \u00fer\u00f3a menningu&nbsp;<strong>sj\u00e1lfb\u00e6rrar \u00fer\u00f3unar<\/strong>. Sk\u00f3linn stu\u00f0lar a\u00f0 \u00fev\u00ed a\u00f0 nemendur \u00feroski getu til a\u00f0 skilgreina hlutl\u00e6gt hva\u00f0 er nau\u00f0synlegt, hvernig eigin ger\u00f0ir hafa \u00e1hrif og ver\u00f0i virkir talsmenn sj\u00e1lfb\u00e6rrar \u00fer\u00f3unar. Loftlagsstefna sk\u00f3lans er hluti af menntun til sj\u00e1lfb\u00e6rrar \u00fer\u00f3unar sem stu\u00f0la\u00f0ar a\u00f0 \u00feekkingu, vitundar og a\u00f0ger\u00f0a sem efla einstaklinga og umbreyta samf\u00e9laginu. Markmi\u00f0 er a\u00f0 tryggja a\u00f0 einstaklingar geti skili\u00f0 sj\u00e1lfb\u00e6rni\u00e1skoranir, skapa me\u00f0vitund um mikilv\u00e6gi \u00feeirra fyrir umhverfi\u00f0 og vilja til breytinga.<\/p>\n<p>Framhaldssk\u00f3linn \u00e1 Laugum leggur \u00e1herslu \u00e1 a\u00f0 b\u00e6\u00f0i daglegt l\u00edf innan sk\u00f3lans og rekstur hans ver\u00f0i me\u00f0 vistv\u00e6num h\u00e6tti. \u00de\u00e1ttur \u00ed \u00feessu markmi\u00f0i sk\u00f3lans er a\u00f0 draga \u00far losun gr\u00f3\u00f0urh\u00fasalofttegunda en loftslagsbreytingar eru raunveruleg \u00f3gn sem mannkyni\u00f0 og komandi kynsl\u00f3\u00f0ir standa frammi fyrir. Framhaldssk\u00f3linn \u00e1 Laugum telur mikilv\u00e6gt a\u00f0 sk\u00f3linn leggi sitt af m\u00f6rkum til \u00feess a\u00f0 sporna vi\u00f0 \u00feessari \u00fer\u00f3un og a\u00f0 markmi\u00f0um&nbsp;<a href=\"https:\/\/ukcop26.org\/cop26-goals\/\">COP26<\/a>&nbsp;s\u00e9 n\u00e1\u00f0.<\/p>\n<p>Framhaldssk\u00f3linn \u00e1 Laugum fylgir Gr\u00e6num skrefum \u00ed r\u00edkisrekstri og vinnur \u00fear me\u00f0 markvisst a\u00f0 \u00fev\u00ed draga \u00far umhverfis\u00e1hrifum stofnunarinnar og taka framf\u00f6rum \u00e1 \u00feessu svi\u00f0i.<\/p>\n<p>Loftslagsstefna Framhaldssk\u00f3lans \u00e1 Laugum n\u00e6r til innkaupa, orkunotkunar, \u00fargangs sem fellur til vi\u00f0 sk\u00f3lastarfi\u00f0, heimavistar nemenda, samgangna starfsf\u00f3lks (fer\u00f0ir \u00ed og \u00far vinnu me\u00f0taldar) og nemenda sk\u00f3lans \u00ed fer\u00f0um tengdu sk\u00f3lastarfi. H\u00fan n\u00e6r til allrar starfsemi sem fer fram innan veggja sk\u00f3lans, bygginga og framkv\u00e6mda. Sk\u00f3linn hvetur starfsf\u00f3lk a\u00f0 n\u00fdta s\u00e9r vistv\u00e6na og heilsusamlega samg\u00f6ngum\u00e1ta og a\u00f0 samn\u00fdta fer\u00f0ir starfsf\u00f3lk eins miki\u00f0 og h\u00e6gt er.<\/p>\n<p>Loftslagsstefna sk\u00f3lans ver\u00f0ur r\u00fdnd \u00e1 hverju \u00e1ri \u00ed \u00feeim tilgangi a\u00f0 uppf\u00e6ra markmi\u00f0 stefnunnar og tryggja a\u00f0 \u00feau s\u00e9u metna\u00f0arfull og h\u00e6gt s\u00e9 a\u00f0 fylgja \u00feeim eftir. Umhverfisfulltr\u00fai sk\u00f3lans, \u00ed samstarfi vi\u00f0 umhverfisnefnd, taka \u00fea\u00f0 verkefni a\u00f0 s\u00e9r en \u00ed henni eru sk\u00f3lameistari, \u00e1fangastj\u00f3ri, umhverfisfulltr\u00fai, fj\u00e1rm\u00e1lastj\u00f3ri, fulltr\u00fai kennara, fulltr\u00faar nemenda, heimavistarstj\u00f3ri, h\u00fasv\u00f6r\u00f0ur og matrei\u00f0sluma\u00f0ur.<\/p>\n<p>\u00c1ri\u00f0 2022 byrja\u00f0i Framhaldssk\u00f3linn \u00e1 Laugum a\u00f0 halda gr\u00e6nt b\u00f3khald. \u00d6ll stefnum\u00f3tun, endursko\u00f0un og eftirfylgni loftslagsstefnunnar ver\u00f0ur ger\u00f0 \u00ed samr\u00e6mi vi\u00f0 ni\u00f0urst\u00f6\u00f0ur gr\u00e6na b\u00f3khaldsins \u00ed framt\u00ed\u00f0inni. Uppl\u00fdsingum um \u00e1rangur a\u00f0ger\u00f0a ver\u00f0ur mi\u00f0la\u00f0 \u00e1 heimas\u00ed\u00f0u sk\u00f3lans \u00feegar \u00fe\u00e6r liggja fyrir.<\/p>\n<p>Sk\u00f3linn er hita\u00f0ur upp me\u00f0 heitu vatni fr\u00e1 jar\u00f0varmaveitu sem er \u00ed eigu sk\u00f3lans. Vatni\u00f0&nbsp; kemur upp me\u00f0 miklum \u00fer\u00fdstingi \u00feannig a\u00f0 ekki \u00fearf a\u00f0 d\u00e6la vatninu um byggingar sk\u00f3lans. Kalt vatn kemur fr\u00e1 lind vi\u00f0 sk\u00f3lann og \u00fea\u00f0 fer einnig sj\u00e1lfrennandi \u00ed h\u00fas sk\u00f3lans. Rafmagn er keypt af HS veitum \u00ed tengslum vi\u00f0 rammasamning r\u00edkisins. Allt sk\u00f3lp sk\u00f3lans fer \u00ed rot\u00fer\u00f3 en \u00ed\u00fer\u00f3ttah\u00fas sk\u00f3lans er tengt vi\u00f0 s\u00e9r rot\u00fer\u00f3. Sorpm\u00e1l sk\u00f3lans eru \u00ed samr\u00e6mi vi\u00f0 fyrirkomulag&nbsp;<a href=\"https:\/\/www.thingeyjarsveit.is\/is\/thjonusta\/sorpmal\">\u00deingeyjarsveitar<\/a>. \u00dargangur fr\u00e1 sk\u00f3lanum hefur minnka\u00f0 \u00e1 \u00e1rinu 2021 um 25% fr\u00e1 \u00e1rinu 2019 samkv\u00e6mt uppl\u00fdsingum fr\u00e1&nbsp;<a href=\"https:\/\/www.terra.is\/\">Terra<\/a>&nbsp;umhverfis\u00fej\u00f3nustu.<\/p>\n<\/div>\n<header class=\"entry-header\">\n<h1 class=\"entry-title\">V\u00edmuvarnir<\/h1>\n<\/header>\n<div class=\"entry-content\">\n<p>Framhaldssk\u00f3linn a\u00f0 Laugum leitast vi\u00f0 a\u00f0 halda uppi \u00f6flugum forv\u00f6rnum gegn notkun f\u00edkniefna, l\u00f6glegra jafnt sem \u00f3l\u00f6glegra. \u00deetta er me\u00f0al annars gert me\u00f0 \u00fev\u00ed a\u00f0 upprf\u00e6\u00f0a nemendur um aflei\u00f0ingar notkunar \u00feessara efna og eru fengnir gestafyrirlesarar til a\u00f0 fjalla um \u00feessi m\u00e1lefni. \u00de\u00e1 er l\u00edka s\u00e9rstakur \u00e1fangi sem fjallar um v\u00edmuefni og ska\u00f0semi \u00feeirra kenndur vi\u00f0 sk\u00f3lann. Sk\u00f3linn vinnur \u00ed g\u00f3\u00f0u samstarfi vi\u00f0 f\u00edkniefnadeild l\u00f6greglunnar \u00e1 H\u00fasav\u00edk og Akureyri. Sk\u00f3linn b\u00fd\u00f0ur einnig upp\u00e1 \u00f6flugt og fj\u00f6lbreytilegt \u00ed\u00fer\u00f3ttastarf sem og \u00f6flugt leiklistarstarf sem st\u00f3ran li\u00f0 \u00ed s\u00ednu forvarnarstarfi \u00feannig a\u00f0 nemendur hafi a\u00f0st\u00f6\u00f0u og a\u00f0b\u00fana\u00f0 til a\u00f0 stunda holla hreyfingu og hafi \u00feannig eftirs\u00f3knarvert val til a\u00f0 s\u00e6kjast eftir, anna\u00f0 en neyslu v\u00edmuefna. Sk\u00f3lareglur segja til um a\u00f0 \u00f6ll neysla v\u00edmuvaldandi efna er b\u00f6nnu\u00f0 \u00e1 l\u00f3\u00f0 sk\u00f3lans, \u00ed h\u00fasum hans og \u00ed fer\u00f0al\u00f6gum \u00e1 hans vegum og er \u00feeim reglum s\u00e9 fylgt vel eftir.<\/p>\n<\/div>\n","protected":false},"excerpt":{"rendered":"<p>&nbsp; Smelltu \u00e1 linkinn til \u00feess a\u00f0 lesa um jafnr\u00e9ttis\u00e1\u00e6tlun sk\u00f3lans: jafnrettisaetlun2023-2025 Smelltu \u00e1 linkinn til \u00feess a\u00f0 lesa um \u00e1\u00e6tlun um \u00f6ryggi og heilbrig\u00f0i: oryggi-heilbrigdi-fl-28112023 Smelltu \u00e1 linkinn til \u00feess a\u00f0 lesa um \u00e1\u00e6tlun um vi\u00f0br\u00f6g\u00f0 vi\u00f0 einelti ofbeldi og \u00e1reitni: \u00c1\u00e6tlun um vi\u00f0br\u00f6g\u00f0 vi\u00f0 einelti Smelltu \u00e1 linkinn h\u00e9r til \u00feess a\u00f0 lesa um \u00e1\u00e6tlun um pers\u00f3nuverndarstefnu FL: Pers\u00f3nuverndarstefna Smelltu \u00e1 linkinn til \u00feess a\u00f0 lesa um uppl\u00fdsinga\u00f6ryggisstefnu <a class=\"more-link\" href=\"https:\/\/laugar.is\/?page_id=59\">&#8230;Lestu \u00e1fram<\/a><\/p>\n","protected":false},"author":1,"featured_media":0,"parent":4,"menu_order":0,"comment_status":"closed","ping_status":"closed","template":"","meta":{"_acf_changed":false,"_lmt_disableupdate":"no","_lmt_disable":"no","ngg_post_thumbnail":0,"footnotes":""},"class_list":["post-59","page","type-page","status-publish","hentry"],"acf":[],"yoast_head":"<!-- This site is optimized with the Yoast SEO plugin v27.4 - https:\/\/yoast.com\/product\/yoast-seo-wordpress\/ -->\n<title>Stefnur og \u00e1\u00e6tlanir - FRAMHALDSSK\u00d3LINN \u00c1 LAUGUM<\/title>\n<meta name=\"robots\" content=\"index, follow, max-snippet:-1, max-image-preview:large, max-video-preview:-1\" \/>\n<link rel=\"canonical\" href=\"https:\/\/laugar.is\/?page_id=59\" \/>\n<meta property=\"og:locale\" content=\"is_IS\" \/>\n<meta property=\"og:type\" content=\"article\" \/>\n<meta property=\"og:title\" content=\"Stefnur og \u00e1\u00e6tlanir - FRAMHALDSSK\u00d3LINN \u00c1 LAUGUM\" \/>\n<meta property=\"og:description\" content=\"&nbsp; Smelltu \u00e1 linkinn til \u00feess a\u00f0 lesa um jafnr\u00e9ttis\u00e1\u00e6tlun sk\u00f3lans: jafnrettisaetlun2023-2025 Smelltu \u00e1 linkinn til \u00feess a\u00f0 lesa um \u00e1\u00e6tlun um \u00f6ryggi og heilbrig\u00f0i: oryggi-heilbrigdi-fl-28112023 Smelltu \u00e1 linkinn til \u00feess a\u00f0 lesa um \u00e1\u00e6tlun um vi\u00f0br\u00f6g\u00f0 vi\u00f0 einelti ofbeldi og \u00e1reitni: \u00c1\u00e6tlun um vi\u00f0br\u00f6g\u00f0 vi\u00f0 einelti Smelltu \u00e1 linkinn h\u00e9r til \u00feess a\u00f0 lesa um \u00e1\u00e6tlun um pers\u00f3nuverndarstefnu FL: Pers\u00f3nuverndarstefna Smelltu \u00e1 linkinn til \u00feess a\u00f0 lesa um uppl\u00fdsinga\u00f6ryggisstefnu ...Lestu \u00e1fram\" \/>\n<meta property=\"og:url\" content=\"https:\/\/laugar.is\/?page_id=59\" \/>\n<meta property=\"og:site_name\" content=\"FRAMHALDSSK\u00d3LINN \u00c1 LAUGUM\" \/>\n<meta property=\"article:publisher\" content=\"https:\/\/www.facebook.com\/laugaskoli\/\" \/>\n<meta property=\"article:modified_time\" content=\"2025-12-15T15:07:35+00:00\" \/>\n<meta property=\"og:image\" content=\"https:\/\/laugar.is\/wp-content\/uploads\/2024\/06\/Untitled-1-scaled.jpg\" \/>\n\t<meta property=\"og:image:width\" content=\"2560\" \/>\n\t<meta property=\"og:image:height\" content=\"731\" \/>\n\t<meta property=\"og:image:type\" content=\"image\/jpeg\" \/>\n<meta name=\"twitter:card\" content=\"summary_large_image\" \/>\n<meta name=\"twitter:label1\" content=\"Est. reading time\" \/>\n\t<meta name=\"twitter:data1\" content=\"5 minutes\" \/>\n<script type=\"application\/ld+json\" class=\"yoast-schema-graph\">{\"@context\":\"https:\\\/\\\/schema.org\",\"@graph\":[{\"@type\":\"WebPage\",\"@id\":\"https:\\\/\\\/laugar.is\\\/?page_id=59\",\"url\":\"https:\\\/\\\/laugar.is\\\/?page_id=59\",\"name\":\"Stefnur og \u00e1\u00e6tlanir - FRAMHALDSSK\u00d3LINN \u00c1 LAUGUM\",\"isPartOf\":{\"@id\":\"https:\\\/\\\/laugar.is\\\/#website\"},\"primaryImageOfPage\":{\"@id\":\"https:\\\/\\\/laugar.is\\\/?page_id=59#primaryimage\"},\"image\":{\"@id\":\"https:\\\/\\\/laugar.is\\\/?page_id=59#primaryimage\"},\"thumbnailUrl\":\"https:\\\/\\\/laugar.is\\\/wp-content\\\/uploads\\\/2024\\\/06\\\/Untitled-1-scaled.jpg\",\"datePublished\":\"2016-02-16T11:27:23+00:00\",\"dateModified\":\"2025-12-15T15:07:35+00:00\",\"breadcrumb\":{\"@id\":\"https:\\\/\\\/laugar.is\\\/?page_id=59#breadcrumb\"},\"inLanguage\":\"is\",\"potentialAction\":[{\"@type\":\"ReadAction\",\"target\":[\"https:\\\/\\\/laugar.is\\\/?page_id=59\"]}]},{\"@type\":\"ImageObject\",\"inLanguage\":\"is\",\"@id\":\"https:\\\/\\\/laugar.is\\\/?page_id=59#primaryimage\",\"url\":\"https:\\\/\\\/laugar.is\\\/wp-content\\\/uploads\\\/2024\\\/06\\\/Untitled-1-scaled.jpg\",\"contentUrl\":\"https:\\\/\\\/laugar.is\\\/wp-content\\\/uploads\\\/2024\\\/06\\\/Untitled-1-scaled.jpg\",\"width\":2560,\"height\":731},{\"@type\":\"BreadcrumbList\",\"@id\":\"https:\\\/\\\/laugar.is\\\/?page_id=59#breadcrumb\",\"itemListElement\":[{\"@type\":\"ListItem\",\"position\":1,\"name\":\"Home\",\"item\":\"https:\\\/\\\/laugar.is\\\/\"},{\"@type\":\"ListItem\",\"position\":2,\"name\":\"SK\u00d3LINN\",\"item\":\"https:\\\/\\\/laugar.is\\\/?page_id=4\"},{\"@type\":\"ListItem\",\"position\":3,\"name\":\"Stefnur og \u00e1\u00e6tlanir\"}]},{\"@type\":\"WebSite\",\"@id\":\"https:\\\/\\\/laugar.is\\\/#website\",\"url\":\"https:\\\/\\\/laugar.is\\\/\",\"name\":\"FRAMHALDSSK\u00d3LINN \u00c1 LAUGUM\",\"description\":\"Metna\u00f0ur - Tr\u00famennska  - Tillitssemi - Gla\u00f0lyndi\",\"publisher\":{\"@id\":\"https:\\\/\\\/laugar.is\\\/#organization\"},\"potentialAction\":[{\"@type\":\"SearchAction\",\"target\":{\"@type\":\"EntryPoint\",\"urlTemplate\":\"https:\\\/\\\/laugar.is\\\/?s={search_term_string}\"},\"query-input\":{\"@type\":\"PropertyValueSpecification\",\"valueRequired\":true,\"valueName\":\"search_term_string\"}}],\"inLanguage\":\"is\"},{\"@type\":\"Organization\",\"@id\":\"https:\\\/\\\/laugar.is\\\/#organization\",\"name\":\"Framhaldssk\u00f3linn \u00e1 Laugum\",\"url\":\"https:\\\/\\\/laugar.is\\\/\",\"logo\":{\"@type\":\"ImageObject\",\"inLanguage\":\"is\",\"@id\":\"https:\\\/\\\/laugar.is\\\/#\\\/schema\\\/logo\\\/image\\\/\",\"url\":\"https:\\\/\\\/laugar.is\\\/wp-content\\\/uploads\\\/2017\\\/01\\\/laugar_merki_antexta-kip.jpg\",\"contentUrl\":\"https:\\\/\\\/laugar.is\\\/wp-content\\\/uploads\\\/2017\\\/01\\\/laugar_merki_antexta-kip.jpg\",\"width\":536,\"height\":551,\"caption\":\"Framhaldssk\u00f3linn \u00e1 Laugum\"},\"image\":{\"@id\":\"https:\\\/\\\/laugar.is\\\/#\\\/schema\\\/logo\\\/image\\\/\"},\"sameAs\":[\"https:\\\/\\\/www.facebook.com\\\/laugaskoli\\\/\"]}]}<\/script>\n<!-- \/ Yoast SEO plugin. -->","yoast_head_json":{"title":"Stefnur og \u00e1\u00e6tlanir - FRAMHALDSSK\u00d3LINN \u00c1 LAUGUM","robots":{"index":"index","follow":"follow","max-snippet":"max-snippet:-1","max-image-preview":"max-image-preview:large","max-video-preview":"max-video-preview:-1"},"canonical":"https:\/\/laugar.is\/?page_id=59","og_locale":"is_IS","og_type":"article","og_title":"Stefnur og \u00e1\u00e6tlanir - FRAMHALDSSK\u00d3LINN \u00c1 LAUGUM","og_description":"&nbsp; Smelltu \u00e1 linkinn til \u00feess a\u00f0 lesa um jafnr\u00e9ttis\u00e1\u00e6tlun sk\u00f3lans: jafnrettisaetlun2023-2025 Smelltu \u00e1 linkinn til \u00feess a\u00f0 lesa um \u00e1\u00e6tlun um \u00f6ryggi og heilbrig\u00f0i: oryggi-heilbrigdi-fl-28112023 Smelltu \u00e1 linkinn til \u00feess a\u00f0 lesa um \u00e1\u00e6tlun um vi\u00f0br\u00f6g\u00f0 vi\u00f0 einelti ofbeldi og \u00e1reitni: \u00c1\u00e6tlun um vi\u00f0br\u00f6g\u00f0 vi\u00f0 einelti Smelltu \u00e1 linkinn h\u00e9r til \u00feess a\u00f0 lesa um \u00e1\u00e6tlun um pers\u00f3nuverndarstefnu FL: Pers\u00f3nuverndarstefna Smelltu \u00e1 linkinn til \u00feess a\u00f0 lesa um uppl\u00fdsinga\u00f6ryggisstefnu ...Lestu \u00e1fram","og_url":"https:\/\/laugar.is\/?page_id=59","og_site_name":"FRAMHALDSSK\u00d3LINN \u00c1 LAUGUM","article_publisher":"https:\/\/www.facebook.com\/laugaskoli\/","article_modified_time":"2025-12-15T15:07:35+00:00","og_image":[{"width":2560,"height":731,"url":"https:\/\/laugar.is\/wp-content\/uploads\/2024\/06\/Untitled-1-scaled.jpg","type":"image\/jpeg"}],"twitter_card":"summary_large_image","twitter_misc":{"Est. reading time":"5 minutes"},"schema":{"@context":"https:\/\/schema.org","@graph":[{"@type":"WebPage","@id":"https:\/\/laugar.is\/?page_id=59","url":"https:\/\/laugar.is\/?page_id=59","name":"Stefnur og \u00e1\u00e6tlanir - FRAMHALDSSK\u00d3LINN \u00c1 LAUGUM","isPartOf":{"@id":"https:\/\/laugar.is\/#website"},"primaryImageOfPage":{"@id":"https:\/\/laugar.is\/?page_id=59#primaryimage"},"image":{"@id":"https:\/\/laugar.is\/?page_id=59#primaryimage"},"thumbnailUrl":"https:\/\/laugar.is\/wp-content\/uploads\/2024\/06\/Untitled-1-scaled.jpg","datePublished":"2016-02-16T11:27:23+00:00","dateModified":"2025-12-15T15:07:35+00:00","breadcrumb":{"@id":"https:\/\/laugar.is\/?page_id=59#breadcrumb"},"inLanguage":"is","potentialAction":[{"@type":"ReadAction","target":["https:\/\/laugar.is\/?page_id=59"]}]},{"@type":"ImageObject","inLanguage":"is","@id":"https:\/\/laugar.is\/?page_id=59#primaryimage","url":"https:\/\/laugar.is\/wp-content\/uploads\/2024\/06\/Untitled-1-scaled.jpg","contentUrl":"https:\/\/laugar.is\/wp-content\/uploads\/2024\/06\/Untitled-1-scaled.jpg","width":2560,"height":731},{"@type":"BreadcrumbList","@id":"https:\/\/laugar.is\/?page_id=59#breadcrumb","itemListElement":[{"@type":"ListItem","position":1,"name":"Home","item":"https:\/\/laugar.is\/"},{"@type":"ListItem","position":2,"name":"SK\u00d3LINN","item":"https:\/\/laugar.is\/?page_id=4"},{"@type":"ListItem","position":3,"name":"Stefnur og \u00e1\u00e6tlanir"}]},{"@type":"WebSite","@id":"https:\/\/laugar.is\/#website","url":"https:\/\/laugar.is\/","name":"FRAMHALDSSK\u00d3LINN \u00c1 LAUGUM","description":"Metna\u00f0ur - Tr\u00famennska  - Tillitssemi - Gla\u00f0lyndi","publisher":{"@id":"https:\/\/laugar.is\/#organization"},"potentialAction":[{"@type":"SearchAction","target":{"@type":"EntryPoint","urlTemplate":"https:\/\/laugar.is\/?s={search_term_string}"},"query-input":{"@type":"PropertyValueSpecification","valueRequired":true,"valueName":"search_term_string"}}],"inLanguage":"is"},{"@type":"Organization","@id":"https:\/\/laugar.is\/#organization","name":"Framhaldssk\u00f3linn \u00e1 Laugum","url":"https:\/\/laugar.is\/","logo":{"@type":"ImageObject","inLanguage":"is","@id":"https:\/\/laugar.is\/#\/schema\/logo\/image\/","url":"https:\/\/laugar.is\/wp-content\/uploads\/2017\/01\/laugar_merki_antexta-kip.jpg","contentUrl":"https:\/\/laugar.is\/wp-content\/uploads\/2017\/01\/laugar_merki_antexta-kip.jpg","width":536,"height":551,"caption":"Framhaldssk\u00f3linn \u00e1 Laugum"},"image":{"@id":"https:\/\/laugar.is\/#\/schema\/logo\/image\/"},"sameAs":["https:\/\/www.facebook.com\/laugaskoli\/"]}]}},"_links":{"self":[{"href":"https:\/\/laugar.is\/index.php?rest_route=\/wp\/v2\/pages\/59","targetHints":{"allow":["GET"]}}],"collection":[{"href":"https:\/\/laugar.is\/index.php?rest_route=\/wp\/v2\/pages"}],"about":[{"href":"https:\/\/laugar.is\/index.php?rest_route=\/wp\/v2\/types\/page"}],"author":[{"embeddable":true,"href":"https:\/\/laugar.is\/index.php?rest_route=\/wp\/v2\/users\/1"}],"replies":[{"embeddable":true,"href":"https:\/\/laugar.is\/index.php?rest_route=%2Fwp%2Fv2%2Fcomments&post=59"}],"version-history":[{"count":57,"href":"https:\/\/laugar.is\/index.php?rest_route=\/wp\/v2\/pages\/59\/revisions"}],"predecessor-version":[{"id":10637,"href":"https:\/\/laugar.is\/index.php?rest_route=\/wp\/v2\/pages\/59\/revisions\/10637"}],"up":[{"embeddable":true,"href":"https:\/\/laugar.is\/index.php?rest_route=\/wp\/v2\/pages\/4"}],"wp:attachment":[{"href":"https:\/\/laugar.is\/index.php?rest_route=%2Fwp%2Fv2%2Fmedia&parent=59"}],"curies":[{"name":"wp","href":"https:\/\/api.w.org\/{rel}","templated":true}]}}