{"id":5745,"date":"2024-05-16T15:51:21","date_gmt":"2024-05-16T15:51:21","guid":{"rendered":"https:\/\/laugar.is\/?page_id=5745"},"modified":"2025-04-30T09:37:44","modified_gmt":"2025-04-30T09:37:44","slug":"vinir-laugaskola","status":"publish","type":"page","link":"https:\/\/laugar.is\/?page_id=5745","title":{"rendered":"Vinir Laugask\u00f3la"},"content":{"rendered":"<p>&nbsp;<\/p>\n<p><strong>Einu sinni Laugama\u00f0ur, \u00e1vallt Laugama\u00f0ur!<\/strong><\/p>\n<p>\u00cd f\u00e1mennu samf\u00e9lagi ver\u00f0a til sterk vinab\u00f6nd sem endast m\u00f6rg \u00fat l\u00edfi\u00f0.<\/p>\n<p>Vinir Laugask\u00f3la eru hollvinasamt\u00f6k velunnara sk\u00f3lans sem n\u00fana eru a\u00f0 leita eftir stu\u00f0ningi vi\u00f0 \u00fea\u00f0 metna\u00f0arfulla verkefni a\u00f0 f\u00e6ra Laugask\u00f3la styttu a\u00f0 gj\u00f6f \u00e1 100 \u00e1ra afm\u00e6linu.<\/p>\n<p>S\u00f6fnunarreikningur: 1110-05-250834, kt. 580918-0180. Margar hendur vinna l\u00e9tt verk!<\/p>\n<p>F\u00e9sb\u00f3karh\u00f3purinn <a href=\"https:\/\/www.facebook.com\/groups\/vinirlaugaskola\/?locale=is_IS\" target=\"_blank\" rel=\"noopener\">Vinir Laugask\u00f3la<\/a> &nbsp;<\/p>\n<p><img loading=\"lazy\" decoding=\"async\" class=\"wp-image-7467  alignleft\" src=\"https:\/\/laugar.is\/wp-content\/uploads\/2024\/11\/Vinir-Laugaskola.png\" alt=\"\" width=\"766\" height=\"978\" srcset=\"https:\/\/laugar.is\/wp-content\/uploads\/2024\/11\/Vinir-Laugaskola.png 652w, https:\/\/laugar.is\/wp-content\/uploads\/2024\/11\/Vinir-Laugaskola-235x300.png 235w\" sizes=\"auto, (max-width: 766px) 100vw, 766px\" \/><\/p>\n<p>&nbsp;<\/p>\n<p>&nbsp;<\/p>\n<div dir=\"auto\">&nbsp;<\/div>\n<div dir=\"auto\">&nbsp;<\/div>\n<div dir=\"auto\">&nbsp;<\/div>\n<div dir=\"auto\">&nbsp;<\/div>\n<div dir=\"auto\">&nbsp;<\/div>\n<div dir=\"auto\">&nbsp;<\/div>\n<div dir=\"auto\">&nbsp;<\/div>\n<div dir=\"auto\">&nbsp;<\/div>\n<div dir=\"auto\">&nbsp;<\/div>\n<div dir=\"auto\">&nbsp;<\/div>\n\n\n<div id=\"attachment_8912\" style=\"width: 778px\" class=\"wp-caption alignleft\"><img loading=\"lazy\" decoding=\"async\" aria-describedby=\"caption-attachment-8912\" class=\"wp-image-8912 size-large\" src=\"https:\/\/laugar.is\/wp-content\/uploads\/2025\/04\/d-768x1024.jpg\" alt=\"\" width=\"768\" height=\"1024\" srcset=\"https:\/\/laugar.is\/wp-content\/uploads\/2025\/04\/d-768x1024.jpg 768w, https:\/\/laugar.is\/wp-content\/uploads\/2025\/04\/d-225x300.jpg 225w, https:\/\/laugar.is\/wp-content\/uploads\/2025\/04\/d-1152x1536.jpg 1152w, https:\/\/laugar.is\/wp-content\/uploads\/2025\/04\/d.jpg 1512w\" sizes=\"auto, (max-width: 768px) 100vw, 768px\" \/><p id=\"caption-attachment-8912\" class=\"wp-caption-text\">H\u00e9r m\u00e1 sj\u00e1 mynd af framvindu listaverksins.<\/p><\/div>\n","protected":false},"excerpt":{"rendered":"<p>&nbsp; Einu sinni Laugama\u00f0ur, \u00e1vallt Laugama\u00f0ur! \u00cd f\u00e1mennu samf\u00e9lagi ver\u00f0a til sterk vinab\u00f6nd sem endast m\u00f6rg \u00fat l\u00edfi\u00f0. Vinir Laugask\u00f3la eru hollvinasamt\u00f6k velunnara sk\u00f3lans sem n\u00fana eru a\u00f0 leita eftir stu\u00f0ningi vi\u00f0 \u00fea\u00f0 metna\u00f0arfulla verkefni a\u00f0 f\u00e6ra Laugask\u00f3la styttu a\u00f0 gj\u00f6f \u00e1 100 \u00e1ra afm\u00e6linu. S\u00f6fnunarreikningur: 1110-05-250834, kt. 580918-0180. Margar hendur vinna l\u00e9tt verk! F\u00e9sb\u00f3karh\u00f3purinn Vinir Laugask\u00f3la &nbsp; &nbsp; &nbsp; &nbsp; &nbsp; &nbsp; &nbsp; &nbsp; &nbsp; &nbsp; &nbsp; &nbsp; &nbsp;<\/p>\n","protected":false},"author":1,"featured_media":0,"parent":4,"menu_order":0,"comment_status":"closed","ping_status":"closed","template":"","meta":{"_acf_changed":false,"_lmt_disableupdate":"no","_lmt_disable":"no","ngg_post_thumbnail":0,"footnotes":""},"class_list":["post-5745","page","type-page","status-publish","hentry"],"acf":[],"yoast_head":"<!-- This site is optimized with the Yoast SEO plugin v27.5 - https:\/\/yoast.com\/product\/yoast-seo-wordpress\/ -->\n<title>Vinir Laugask\u00f3la - FRAMHALDSSK\u00d3LINN \u00c1 LAUGUM<\/title>\n<meta name=\"description\" content=\"Vinir Laugask\u00f3la\" \/>\n<meta name=\"robots\" content=\"index, follow, max-snippet:-1, max-image-preview:large, max-video-preview:-1\" \/>\n<link rel=\"canonical\" href=\"https:\/\/laugar.is\/?page_id=5745\" \/>\n<meta property=\"og:locale\" content=\"is_IS\" \/>\n<meta property=\"og:type\" content=\"article\" \/>\n<meta property=\"og:title\" content=\"Vinir Laugask\u00f3la - FRAMHALDSSK\u00d3LINN \u00c1 LAUGUM\" \/>\n<meta property=\"og:description\" content=\"Vinir Laugask\u00f3la\" \/>\n<meta property=\"og:url\" content=\"https:\/\/laugar.is\/?page_id=5745\" \/>\n<meta property=\"og:site_name\" content=\"FRAMHALDSSK\u00d3LINN \u00c1 LAUGUM\" \/>\n<meta property=\"article:publisher\" content=\"https:\/\/www.facebook.com\/laugaskoli\/\" \/>\n<meta property=\"article:modified_time\" content=\"2025-04-30T09:37:44+00:00\" \/>\n<meta property=\"og:image\" content=\"https:\/\/laugar.is\/wp-content\/uploads\/2024\/11\/Vinir-Laugaskola.png\" \/>\n\t<meta property=\"og:image:width\" content=\"652\" \/>\n\t<meta property=\"og:image:height\" content=\"832\" \/>\n\t<meta property=\"og:image:type\" content=\"image\/png\" \/>\n<meta name=\"twitter:card\" content=\"summary_large_image\" \/>\n<meta name=\"twitter:label1\" content=\"Est. reading time\" \/>\n\t<meta name=\"twitter:data1\" content=\"1 minute\" \/>\n<script type=\"application\/ld+json\" class=\"yoast-schema-graph\">{\"@context\":\"https:\\\/\\\/schema.org\",\"@graph\":[{\"@type\":\"WebPage\",\"@id\":\"https:\\\/\\\/laugar.is\\\/?page_id=5745\",\"url\":\"https:\\\/\\\/laugar.is\\\/?page_id=5745\",\"name\":\"Vinir Laugask\u00f3la - FRAMHALDSSK\u00d3LINN \u00c1 LAUGUM\",\"isPartOf\":{\"@id\":\"https:\\\/\\\/laugar.is\\\/#website\"},\"primaryImageOfPage\":{\"@id\":\"https:\\\/\\\/laugar.is\\\/?page_id=5745#primaryimage\"},\"image\":{\"@id\":\"https:\\\/\\\/laugar.is\\\/?page_id=5745#primaryimage\"},\"thumbnailUrl\":\"https:\\\/\\\/laugar.is\\\/wp-content\\\/uploads\\\/2024\\\/11\\\/Vinir-Laugaskola.png\",\"datePublished\":\"2024-05-16T15:51:21+00:00\",\"dateModified\":\"2025-04-30T09:37:44+00:00\",\"description\":\"Vinir Laugask\u00f3la\",\"breadcrumb\":{\"@id\":\"https:\\\/\\\/laugar.is\\\/?page_id=5745#breadcrumb\"},\"inLanguage\":\"is\",\"potentialAction\":[{\"@type\":\"ReadAction\",\"target\":[\"https:\\\/\\\/laugar.is\\\/?page_id=5745\"]}]},{\"@type\":\"ImageObject\",\"inLanguage\":\"is\",\"@id\":\"https:\\\/\\\/laugar.is\\\/?page_id=5745#primaryimage\",\"url\":\"https:\\\/\\\/laugar.is\\\/wp-content\\\/uploads\\\/2024\\\/11\\\/Vinir-Laugaskola.png\",\"contentUrl\":\"https:\\\/\\\/laugar.is\\\/wp-content\\\/uploads\\\/2024\\\/11\\\/Vinir-Laugaskola.png\",\"width\":652,\"height\":832},{\"@type\":\"BreadcrumbList\",\"@id\":\"https:\\\/\\\/laugar.is\\\/?page_id=5745#breadcrumb\",\"itemListElement\":[{\"@type\":\"ListItem\",\"position\":1,\"name\":\"Home\",\"item\":\"https:\\\/\\\/laugar.is\\\/\"},{\"@type\":\"ListItem\",\"position\":2,\"name\":\"SK\u00d3LINN\",\"item\":\"https:\\\/\\\/laugar.is\\\/?page_id=4\"},{\"@type\":\"ListItem\",\"position\":3,\"name\":\"Vinir Laugask\u00f3la\"}]},{\"@type\":\"WebSite\",\"@id\":\"https:\\\/\\\/laugar.is\\\/#website\",\"url\":\"https:\\\/\\\/laugar.is\\\/\",\"name\":\"FRAMHALDSSK\u00d3LINN \u00c1 LAUGUM\",\"description\":\"Metna\u00f0ur - Tr\u00famennska  - Tillitssemi - Gla\u00f0lyndi\",\"publisher\":{\"@id\":\"https:\\\/\\\/laugar.is\\\/#organization\"},\"potentialAction\":[{\"@type\":\"SearchAction\",\"target\":{\"@type\":\"EntryPoint\",\"urlTemplate\":\"https:\\\/\\\/laugar.is\\\/?s={search_term_string}\"},\"query-input\":{\"@type\":\"PropertyValueSpecification\",\"valueRequired\":true,\"valueName\":\"search_term_string\"}}],\"inLanguage\":\"is\"},{\"@type\":\"Organization\",\"@id\":\"https:\\\/\\\/laugar.is\\\/#organization\",\"name\":\"Framhaldssk\u00f3linn \u00e1 Laugum\",\"url\":\"https:\\\/\\\/laugar.is\\\/\",\"logo\":{\"@type\":\"ImageObject\",\"inLanguage\":\"is\",\"@id\":\"https:\\\/\\\/laugar.is\\\/#\\\/schema\\\/logo\\\/image\\\/\",\"url\":\"https:\\\/\\\/laugar.is\\\/wp-content\\\/uploads\\\/2017\\\/01\\\/laugar_merki_antexta-kip.jpg\",\"contentUrl\":\"https:\\\/\\\/laugar.is\\\/wp-content\\\/uploads\\\/2017\\\/01\\\/laugar_merki_antexta-kip.jpg\",\"width\":536,\"height\":551,\"caption\":\"Framhaldssk\u00f3linn \u00e1 Laugum\"},\"image\":{\"@id\":\"https:\\\/\\\/laugar.is\\\/#\\\/schema\\\/logo\\\/image\\\/\"},\"sameAs\":[\"https:\\\/\\\/www.facebook.com\\\/laugaskoli\\\/\"]}]}<\/script>\n<!-- \/ Yoast SEO plugin. -->","yoast_head_json":{"title":"Vinir Laugask\u00f3la - FRAMHALDSSK\u00d3LINN \u00c1 LAUGUM","description":"Vinir Laugask\u00f3la","robots":{"index":"index","follow":"follow","max-snippet":"max-snippet:-1","max-image-preview":"max-image-preview:large","max-video-preview":"max-video-preview:-1"},"canonical":"https:\/\/laugar.is\/?page_id=5745","og_locale":"is_IS","og_type":"article","og_title":"Vinir Laugask\u00f3la - FRAMHALDSSK\u00d3LINN \u00c1 LAUGUM","og_description":"Vinir Laugask\u00f3la","og_url":"https:\/\/laugar.is\/?page_id=5745","og_site_name":"FRAMHALDSSK\u00d3LINN \u00c1 LAUGUM","article_publisher":"https:\/\/www.facebook.com\/laugaskoli\/","article_modified_time":"2025-04-30T09:37:44+00:00","og_image":[{"width":652,"height":832,"url":"https:\/\/laugar.is\/wp-content\/uploads\/2024\/11\/Vinir-Laugaskola.png","type":"image\/png"}],"twitter_card":"summary_large_image","twitter_misc":{"Est. reading time":"1 minute"},"schema":{"@context":"https:\/\/schema.org","@graph":[{"@type":"WebPage","@id":"https:\/\/laugar.is\/?page_id=5745","url":"https:\/\/laugar.is\/?page_id=5745","name":"Vinir Laugask\u00f3la - FRAMHALDSSK\u00d3LINN \u00c1 LAUGUM","isPartOf":{"@id":"https:\/\/laugar.is\/#website"},"primaryImageOfPage":{"@id":"https:\/\/laugar.is\/?page_id=5745#primaryimage"},"image":{"@id":"https:\/\/laugar.is\/?page_id=5745#primaryimage"},"thumbnailUrl":"https:\/\/laugar.is\/wp-content\/uploads\/2024\/11\/Vinir-Laugaskola.png","datePublished":"2024-05-16T15:51:21+00:00","dateModified":"2025-04-30T09:37:44+00:00","description":"Vinir Laugask\u00f3la","breadcrumb":{"@id":"https:\/\/laugar.is\/?page_id=5745#breadcrumb"},"inLanguage":"is","potentialAction":[{"@type":"ReadAction","target":["https:\/\/laugar.is\/?page_id=5745"]}]},{"@type":"ImageObject","inLanguage":"is","@id":"https:\/\/laugar.is\/?page_id=5745#primaryimage","url":"https:\/\/laugar.is\/wp-content\/uploads\/2024\/11\/Vinir-Laugaskola.png","contentUrl":"https:\/\/laugar.is\/wp-content\/uploads\/2024\/11\/Vinir-Laugaskola.png","width":652,"height":832},{"@type":"BreadcrumbList","@id":"https:\/\/laugar.is\/?page_id=5745#breadcrumb","itemListElement":[{"@type":"ListItem","position":1,"name":"Home","item":"https:\/\/laugar.is\/"},{"@type":"ListItem","position":2,"name":"SK\u00d3LINN","item":"https:\/\/laugar.is\/?page_id=4"},{"@type":"ListItem","position":3,"name":"Vinir Laugask\u00f3la"}]},{"@type":"WebSite","@id":"https:\/\/laugar.is\/#website","url":"https:\/\/laugar.is\/","name":"FRAMHALDSSK\u00d3LINN \u00c1 LAUGUM","description":"Metna\u00f0ur - Tr\u00famennska  - Tillitssemi - Gla\u00f0lyndi","publisher":{"@id":"https:\/\/laugar.is\/#organization"},"potentialAction":[{"@type":"SearchAction","target":{"@type":"EntryPoint","urlTemplate":"https:\/\/laugar.is\/?s={search_term_string}"},"query-input":{"@type":"PropertyValueSpecification","valueRequired":true,"valueName":"search_term_string"}}],"inLanguage":"is"},{"@type":"Organization","@id":"https:\/\/laugar.is\/#organization","name":"Framhaldssk\u00f3linn \u00e1 Laugum","url":"https:\/\/laugar.is\/","logo":{"@type":"ImageObject","inLanguage":"is","@id":"https:\/\/laugar.is\/#\/schema\/logo\/image\/","url":"https:\/\/laugar.is\/wp-content\/uploads\/2017\/01\/laugar_merki_antexta-kip.jpg","contentUrl":"https:\/\/laugar.is\/wp-content\/uploads\/2017\/01\/laugar_merki_antexta-kip.jpg","width":536,"height":551,"caption":"Framhaldssk\u00f3linn \u00e1 Laugum"},"image":{"@id":"https:\/\/laugar.is\/#\/schema\/logo\/image\/"},"sameAs":["https:\/\/www.facebook.com\/laugaskoli\/"]}]}},"_links":{"self":[{"href":"https:\/\/laugar.is\/index.php?rest_route=\/wp\/v2\/pages\/5745","targetHints":{"allow":["GET"]}}],"collection":[{"href":"https:\/\/laugar.is\/index.php?rest_route=\/wp\/v2\/pages"}],"about":[{"href":"https:\/\/laugar.is\/index.php?rest_route=\/wp\/v2\/types\/page"}],"author":[{"embeddable":true,"href":"https:\/\/laugar.is\/index.php?rest_route=\/wp\/v2\/users\/1"}],"replies":[{"embeddable":true,"href":"https:\/\/laugar.is\/index.php?rest_route=%2Fwp%2Fv2%2Fcomments&post=5745"}],"version-history":[{"count":16,"href":"https:\/\/laugar.is\/index.php?rest_route=\/wp\/v2\/pages\/5745\/revisions"}],"predecessor-version":[{"id":8914,"href":"https:\/\/laugar.is\/index.php?rest_route=\/wp\/v2\/pages\/5745\/revisions\/8914"}],"up":[{"embeddable":true,"href":"https:\/\/laugar.is\/index.php?rest_route=\/wp\/v2\/pages\/4"}],"wp:attachment":[{"href":"https:\/\/laugar.is\/index.php?rest_route=%2Fwp%2Fv2%2Fmedia&parent=5745"}],"curies":[{"name":"wp","href":"https:\/\/api.w.org\/{rel}","templated":true}]}}