{"id":533,"date":"2017-02-03T15:20:35","date_gmt":"2017-02-03T15:20:35","guid":{"rendered":"http:\/\/laugar.is\/?page_id=533"},"modified":"2024-09-16T11:24:13","modified_gmt":"2024-09-16T11:24:13","slug":"ithrottamidstod","status":"publish","type":"page","link":"https:\/\/laugar.is\/?page_id=533","title":{"rendered":"\u00cd\u00fer\u00f3ttami\u00f0st\u00f6\u00f0"},"content":{"rendered":"\n<p><img loading=\"lazy\" decoding=\"async\" class=\"alignnone  wp-image-6170\" src=\"https:\/\/laugar.is\/wp-content\/uploads\/2024\/04\/cropped-laugar_merki_high-300x300.jpg\" alt=\"\" width=\"127\" height=\"127\" srcset=\"https:\/\/laugar.is\/wp-content\/uploads\/2024\/04\/cropped-laugar_merki_high-300x300.jpg 300w, https:\/\/laugar.is\/wp-content\/uploads\/2024\/04\/cropped-laugar_merki_high-150x150.jpg 150w, https:\/\/laugar.is\/wp-content\/uploads\/2024\/04\/cropped-laugar_merki_high-270x270.jpg 270w, https:\/\/laugar.is\/wp-content\/uploads\/2024\/04\/cropped-laugar_merki_high-192x192.jpg 192w, https:\/\/laugar.is\/wp-content\/uploads\/2024\/04\/cropped-laugar_merki_high-180x180.jpg 180w, https:\/\/laugar.is\/wp-content\/uploads\/2024\/04\/cropped-laugar_merki_high-32x32.jpg 32w, https:\/\/laugar.is\/wp-content\/uploads\/2024\/04\/cropped-laugar_merki_high.jpg 512w\" sizes=\"auto, (max-width: 127px) 100vw, 127px\" \/><\/p>\n\n\n\n<p><strong>Gl\u00e6sileg \u00ed\u00fer\u00f3ttaa\u00f0sta\u00f0a&nbsp;<\/strong><\/p>\n\n\n\n<p>\u00c1 Laugum er \u00ed\u00fer\u00f3ttaa\u00f0sta\u00f0an ein s\u00fa besta \u00ed framhaldssk\u00f3lum \u00e1 \u00cdslandi en sk\u00f3linn kappkostar a\u00f0 gefa nemendum t\u00e6kif\u00e6ri til \u00feess a\u00f0 stunda fj\u00f6lbreytta l\u00edkamsr\u00e6kt vi\u00f0 g\u00f3\u00f0ar a\u00f0st\u00e6\u00f0ur. \u00cd\u00fer\u00f3ttah\u00fas sk\u00f3lans er gl\u00e6silegt og vel t\u00e6kjum b\u00fai\u00f0. Auk \u00ed\u00fer\u00f3ttasalar sem var endurn\u00fdja\u00f0ur 2019 eru \u00fear tveir l\u00edkamsr\u00e6ktarsalir. Sundlaugin \u00e1 Laugum er tengd vi\u00f0 \u00ed\u00fer\u00f3ttah\u00fas sk\u00f3lans en h\u00fan var tekin \u00ed notkun \u00e1ri\u00f0 2005. Gl\u00e6silegur \u00ed\u00fer\u00f3ttav\u00f6llur er \u00e1 Laugum sem nemendur hafa grei\u00f0an a\u00f0gang a\u00f0 en v\u00f6llurinn var endurn\u00fdja\u00f0ur \u00e1ri\u00f0 2006.&nbsp;<\/p>\n\n\n\n<p><img loading=\"lazy\" decoding=\"async\" class=\"alignnone wp-image-5951 size-full\" src=\"https:\/\/laugar.is\/wp-content\/uploads\/2024\/06\/Blue-Modern-Coming-Soon-Facebook-Story-copy-scaled.jpg\" alt=\"\" width=\"2560\" height=\"750\" srcset=\"https:\/\/laugar.is\/wp-content\/uploads\/2024\/06\/Blue-Modern-Coming-Soon-Facebook-Story-copy-scaled.jpg 2560w, https:\/\/laugar.is\/wp-content\/uploads\/2024\/06\/Blue-Modern-Coming-Soon-Facebook-Story-copy-300x88.jpg 300w, https:\/\/laugar.is\/wp-content\/uploads\/2024\/06\/Blue-Modern-Coming-Soon-Facebook-Story-copy-1024x300.jpg 1024w, https:\/\/laugar.is\/wp-content\/uploads\/2024\/06\/Blue-Modern-Coming-Soon-Facebook-Story-copy-768x225.jpg 768w, https:\/\/laugar.is\/wp-content\/uploads\/2024\/06\/Blue-Modern-Coming-Soon-Facebook-Story-copy-1536x450.jpg 1536w, https:\/\/laugar.is\/wp-content\/uploads\/2024\/06\/Blue-Modern-Coming-Soon-Facebook-Story-copy-2048x600.jpg 2048w\" sizes=\"auto, (max-width: 2560px) 100vw, 2560px\" \/><\/p>\n\n\n\n<p><strong><em>Nemendur f\u00e1 fr\u00edtt \u00ed sund og l\u00edkamsr\u00e6kt fr\u00e1 \u00fev\u00ed a\u00f0 Framhaldssk\u00f3linn \u00e1 Laugum er settur \u00e1r hvert, og \u00fear til honum er loki\u00f0.<\/em><\/strong><\/p>\n\n\n\n<p><\/p>\n\n\n\n<h6 class=\"wp-block-heading\"><strong>Umsj\u00f3narma\u00f0ur \u00ed\u00fer\u00f3ttah\u00fass<\/strong><\/h6>\n\n\n\n<h6 class=\"wp-block-heading\">Umsj\u00f3narma\u00f0ur \u00ed\u00fer\u00f3ttah\u00fass er <strong>Magn\u00fas M\u00e1r \u00deorvaldsson<br><\/strong>S\u00edmi: <strong>862-1398<\/strong><br>Netfang: <a href=\"mailto:magnus@thingeyjarsveit.is\">magnus@thingeyjarsveit.is&nbsp;<\/a><\/h6>\n\n\n\n<p><span lang=\"sv\">&nbsp;<\/span><\/p>\n\n\n\n<p><b><span lang=\"sv\">\u00cd\u00fer\u00f3ttah\u00fas\/sundlaug s\u00edmi: 464-6308<\/span><\/b><\/p>\n\n\n\n<p>Sj\u00e1 einnig facebooks\u00ed\u00f0u&nbsp;<a href=\"https:\/\/www.facebook.com\/sundlauglaugum\/\">https:\/\/www.facebook.com\/sundlauglaugum\/<\/a><\/p>\n","protected":false},"excerpt":{"rendered":"<p>Gl\u00e6sileg \u00ed\u00fer\u00f3ttaa\u00f0sta\u00f0a&nbsp; \u00c1 Laugum er \u00ed\u00fer\u00f3ttaa\u00f0sta\u00f0an ein s\u00fa besta \u00ed framhaldssk\u00f3lum \u00e1 \u00cdslandi en sk\u00f3linn kappkostar a\u00f0 gefa nemendum t\u00e6kif\u00e6ri til \u00feess a\u00f0 stunda fj\u00f6lbreytta l\u00edkamsr\u00e6kt vi\u00f0 g\u00f3\u00f0ar a\u00f0st\u00e6\u00f0ur. \u00cd\u00fer\u00f3ttah\u00fas sk\u00f3lans er gl\u00e6silegt og vel t\u00e6kjum b\u00fai\u00f0. Auk \u00ed\u00fer\u00f3ttasalar sem var endurn\u00fdja\u00f0ur 2019 eru \u00fear tveir l\u00edkamsr\u00e6ktarsalir. Sundlaugin \u00e1 Laugum er tengd vi\u00f0 \u00ed\u00fer\u00f3ttah\u00fas sk\u00f3lans en h\u00fan var tekin \u00ed notkun \u00e1ri\u00f0 2005. Gl\u00e6silegur \u00ed\u00fer\u00f3ttav\u00f6llur er \u00e1 Laugum sem nemendur <a class=\"more-link\" href=\"https:\/\/laugar.is\/?page_id=533\">&#8230;Lestu \u00e1fram<\/a><\/p>\n","protected":false},"author":1,"featured_media":0,"parent":219,"menu_order":0,"comment_status":"closed","ping_status":"closed","template":"","meta":{"_acf_changed":false,"_lmt_disableupdate":"","_lmt_disable":"","ngg_post_thumbnail":0,"footnotes":""},"class_list":["post-533","page","type-page","status-publish","hentry"],"acf":[],"yoast_head":"<!-- This site is optimized with the Yoast SEO plugin v27.5 - https:\/\/yoast.com\/product\/yoast-seo-wordpress\/ -->\n<title>\u00cd\u00fer\u00f3ttami\u00f0st\u00f6\u00f0 - FRAMHALDSSK\u00d3LINN \u00c1 LAUGUM<\/title>\n<meta name=\"description\" content=\"\u00cd\u00fer\u00f3ttami\u00f0st\u00f6\u00f0 - Framhaldssk\u00f3linn \u00e1 Laugum - laugar.is - sundlaug - \u00ed\u00fer\u00f3ttami\u00f0st\u00f6\u00f0 - framhaldssk\u00f3linn \u00e1 laugum\" \/>\n<meta name=\"robots\" content=\"index, follow, max-snippet:-1, max-image-preview:large, max-video-preview:-1\" \/>\n<link rel=\"canonical\" href=\"https:\/\/laugar.is\/?page_id=533\" \/>\n<meta property=\"og:locale\" content=\"is_IS\" \/>\n<meta property=\"og:type\" content=\"article\" \/>\n<meta property=\"og:title\" content=\"\u00cd\u00fer\u00f3ttami\u00f0st\u00f6\u00f0 - FRAMHALDSSK\u00d3LINN \u00c1 LAUGUM\" \/>\n<meta property=\"og:description\" content=\"\u00cd\u00fer\u00f3ttami\u00f0st\u00f6\u00f0 - Framhaldssk\u00f3linn \u00e1 Laugum - laugar.is - sundlaug - \u00ed\u00fer\u00f3ttami\u00f0st\u00f6\u00f0 - framhaldssk\u00f3linn \u00e1 laugum\" \/>\n<meta property=\"og:url\" content=\"https:\/\/laugar.is\/?page_id=533\" \/>\n<meta property=\"og:site_name\" content=\"FRAMHALDSSK\u00d3LINN \u00c1 LAUGUM\" \/>\n<meta property=\"article:publisher\" content=\"https:\/\/www.facebook.com\/laugaskoli\/\" \/>\n<meta property=\"article:modified_time\" content=\"2024-09-16T11:24:13+00:00\" \/>\n<meta property=\"og:image\" content=\"https:\/\/laugar.is\/wp-content\/uploads\/2024\/04\/cropped-laugar_merki_high-300x300.jpg\" \/>\n<meta name=\"twitter:card\" content=\"summary_large_image\" \/>\n<meta name=\"twitter:label1\" content=\"Est. reading time\" \/>\n\t<meta name=\"twitter:data1\" content=\"2 minutes\" \/>\n<script type=\"application\/ld+json\" class=\"yoast-schema-graph\">{\"@context\":\"https:\\\/\\\/schema.org\",\"@graph\":[{\"@type\":\"WebPage\",\"@id\":\"https:\\\/\\\/laugar.is\\\/?page_id=533\",\"url\":\"https:\\\/\\\/laugar.is\\\/?page_id=533\",\"name\":\"\u00cd\u00fer\u00f3ttami\u00f0st\u00f6\u00f0 - FRAMHALDSSK\u00d3LINN \u00c1 LAUGUM\",\"isPartOf\":{\"@id\":\"https:\\\/\\\/laugar.is\\\/#website\"},\"primaryImageOfPage\":{\"@id\":\"https:\\\/\\\/laugar.is\\\/?page_id=533#primaryimage\"},\"image\":{\"@id\":\"https:\\\/\\\/laugar.is\\\/?page_id=533#primaryimage\"},\"thumbnailUrl\":\"https:\\\/\\\/laugar.is\\\/wp-content\\\/uploads\\\/2024\\\/04\\\/cropped-laugar_merki_high-300x300.jpg\",\"datePublished\":\"2017-02-03T15:20:35+00:00\",\"dateModified\":\"2024-09-16T11:24:13+00:00\",\"description\":\"\u00cd\u00fer\u00f3ttami\u00f0st\u00f6\u00f0 - Framhaldssk\u00f3linn \u00e1 Laugum - laugar.is - sundlaug - \u00ed\u00fer\u00f3ttami\u00f0st\u00f6\u00f0 - framhaldssk\u00f3linn \u00e1 laugum\",\"breadcrumb\":{\"@id\":\"https:\\\/\\\/laugar.is\\\/?page_id=533#breadcrumb\"},\"inLanguage\":\"is\",\"potentialAction\":[{\"@type\":\"ReadAction\",\"target\":[\"https:\\\/\\\/laugar.is\\\/?page_id=533\"]}]},{\"@type\":\"ImageObject\",\"inLanguage\":\"is\",\"@id\":\"https:\\\/\\\/laugar.is\\\/?page_id=533#primaryimage\",\"url\":\"https:\\\/\\\/laugar.is\\\/wp-content\\\/uploads\\\/2024\\\/04\\\/cropped-laugar_merki_high.jpg\",\"contentUrl\":\"https:\\\/\\\/laugar.is\\\/wp-content\\\/uploads\\\/2024\\\/04\\\/cropped-laugar_merki_high.jpg\",\"width\":512,\"height\":512},{\"@type\":\"BreadcrumbList\",\"@id\":\"https:\\\/\\\/laugar.is\\\/?page_id=533#breadcrumb\",\"itemListElement\":[{\"@type\":\"ListItem\",\"position\":1,\"name\":\"Home\",\"item\":\"https:\\\/\\\/laugar.is\\\/\"},{\"@type\":\"ListItem\",\"position\":2,\"name\":\"\u00deJ\u00d3NUSTA\",\"item\":\"https:\\\/\\\/laugar.is\\\/?page_id=219\"},{\"@type\":\"ListItem\",\"position\":3,\"name\":\"\u00cd\u00fer\u00f3ttami\u00f0st\u00f6\u00f0\"}]},{\"@type\":\"WebSite\",\"@id\":\"https:\\\/\\\/laugar.is\\\/#website\",\"url\":\"https:\\\/\\\/laugar.is\\\/\",\"name\":\"FRAMHALDSSK\u00d3LINN \u00c1 LAUGUM\",\"description\":\"Metna\u00f0ur - Tr\u00famennska  - Tillitssemi - Gla\u00f0lyndi\",\"publisher\":{\"@id\":\"https:\\\/\\\/laugar.is\\\/#organization\"},\"potentialAction\":[{\"@type\":\"SearchAction\",\"target\":{\"@type\":\"EntryPoint\",\"urlTemplate\":\"https:\\\/\\\/laugar.is\\\/?s={search_term_string}\"},\"query-input\":{\"@type\":\"PropertyValueSpecification\",\"valueRequired\":true,\"valueName\":\"search_term_string\"}}],\"inLanguage\":\"is\"},{\"@type\":\"Organization\",\"@id\":\"https:\\\/\\\/laugar.is\\\/#organization\",\"name\":\"Framhaldssk\u00f3linn \u00e1 Laugum\",\"url\":\"https:\\\/\\\/laugar.is\\\/\",\"logo\":{\"@type\":\"ImageObject\",\"inLanguage\":\"is\",\"@id\":\"https:\\\/\\\/laugar.is\\\/#\\\/schema\\\/logo\\\/image\\\/\",\"url\":\"https:\\\/\\\/laugar.is\\\/wp-content\\\/uploads\\\/2017\\\/01\\\/laugar_merki_antexta-kip.jpg\",\"contentUrl\":\"https:\\\/\\\/laugar.is\\\/wp-content\\\/uploads\\\/2017\\\/01\\\/laugar_merki_antexta-kip.jpg\",\"width\":536,\"height\":551,\"caption\":\"Framhaldssk\u00f3linn \u00e1 Laugum\"},\"image\":{\"@id\":\"https:\\\/\\\/laugar.is\\\/#\\\/schema\\\/logo\\\/image\\\/\"},\"sameAs\":[\"https:\\\/\\\/www.facebook.com\\\/laugaskoli\\\/\"]}]}<\/script>\n<!-- \/ Yoast SEO plugin. -->","yoast_head_json":{"title":"\u00cd\u00fer\u00f3ttami\u00f0st\u00f6\u00f0 - FRAMHALDSSK\u00d3LINN \u00c1 LAUGUM","description":"\u00cd\u00fer\u00f3ttami\u00f0st\u00f6\u00f0 - Framhaldssk\u00f3linn \u00e1 Laugum - laugar.is - sundlaug - \u00ed\u00fer\u00f3ttami\u00f0st\u00f6\u00f0 - framhaldssk\u00f3linn \u00e1 laugum","robots":{"index":"index","follow":"follow","max-snippet":"max-snippet:-1","max-image-preview":"max-image-preview:large","max-video-preview":"max-video-preview:-1"},"canonical":"https:\/\/laugar.is\/?page_id=533","og_locale":"is_IS","og_type":"article","og_title":"\u00cd\u00fer\u00f3ttami\u00f0st\u00f6\u00f0 - FRAMHALDSSK\u00d3LINN \u00c1 LAUGUM","og_description":"\u00cd\u00fer\u00f3ttami\u00f0st\u00f6\u00f0 - Framhaldssk\u00f3linn \u00e1 Laugum - laugar.is - sundlaug - \u00ed\u00fer\u00f3ttami\u00f0st\u00f6\u00f0 - framhaldssk\u00f3linn \u00e1 laugum","og_url":"https:\/\/laugar.is\/?page_id=533","og_site_name":"FRAMHALDSSK\u00d3LINN \u00c1 LAUGUM","article_publisher":"https:\/\/www.facebook.com\/laugaskoli\/","article_modified_time":"2024-09-16T11:24:13+00:00","og_image":[{"url":"https:\/\/laugar.is\/wp-content\/uploads\/2024\/04\/cropped-laugar_merki_high-300x300.jpg","type":"","width":"","height":""}],"twitter_card":"summary_large_image","twitter_misc":{"Est. reading time":"2 minutes"},"schema":{"@context":"https:\/\/schema.org","@graph":[{"@type":"WebPage","@id":"https:\/\/laugar.is\/?page_id=533","url":"https:\/\/laugar.is\/?page_id=533","name":"\u00cd\u00fer\u00f3ttami\u00f0st\u00f6\u00f0 - FRAMHALDSSK\u00d3LINN \u00c1 LAUGUM","isPartOf":{"@id":"https:\/\/laugar.is\/#website"},"primaryImageOfPage":{"@id":"https:\/\/laugar.is\/?page_id=533#primaryimage"},"image":{"@id":"https:\/\/laugar.is\/?page_id=533#primaryimage"},"thumbnailUrl":"https:\/\/laugar.is\/wp-content\/uploads\/2024\/04\/cropped-laugar_merki_high-300x300.jpg","datePublished":"2017-02-03T15:20:35+00:00","dateModified":"2024-09-16T11:24:13+00:00","description":"\u00cd\u00fer\u00f3ttami\u00f0st\u00f6\u00f0 - Framhaldssk\u00f3linn \u00e1 Laugum - laugar.is - sundlaug - \u00ed\u00fer\u00f3ttami\u00f0st\u00f6\u00f0 - framhaldssk\u00f3linn \u00e1 laugum","breadcrumb":{"@id":"https:\/\/laugar.is\/?page_id=533#breadcrumb"},"inLanguage":"is","potentialAction":[{"@type":"ReadAction","target":["https:\/\/laugar.is\/?page_id=533"]}]},{"@type":"ImageObject","inLanguage":"is","@id":"https:\/\/laugar.is\/?page_id=533#primaryimage","url":"https:\/\/laugar.is\/wp-content\/uploads\/2024\/04\/cropped-laugar_merki_high.jpg","contentUrl":"https:\/\/laugar.is\/wp-content\/uploads\/2024\/04\/cropped-laugar_merki_high.jpg","width":512,"height":512},{"@type":"BreadcrumbList","@id":"https:\/\/laugar.is\/?page_id=533#breadcrumb","itemListElement":[{"@type":"ListItem","position":1,"name":"Home","item":"https:\/\/laugar.is\/"},{"@type":"ListItem","position":2,"name":"\u00deJ\u00d3NUSTA","item":"https:\/\/laugar.is\/?page_id=219"},{"@type":"ListItem","position":3,"name":"\u00cd\u00fer\u00f3ttami\u00f0st\u00f6\u00f0"}]},{"@type":"WebSite","@id":"https:\/\/laugar.is\/#website","url":"https:\/\/laugar.is\/","name":"FRAMHALDSSK\u00d3LINN \u00c1 LAUGUM","description":"Metna\u00f0ur - Tr\u00famennska  - Tillitssemi - Gla\u00f0lyndi","publisher":{"@id":"https:\/\/laugar.is\/#organization"},"potentialAction":[{"@type":"SearchAction","target":{"@type":"EntryPoint","urlTemplate":"https:\/\/laugar.is\/?s={search_term_string}"},"query-input":{"@type":"PropertyValueSpecification","valueRequired":true,"valueName":"search_term_string"}}],"inLanguage":"is"},{"@type":"Organization","@id":"https:\/\/laugar.is\/#organization","name":"Framhaldssk\u00f3linn \u00e1 Laugum","url":"https:\/\/laugar.is\/","logo":{"@type":"ImageObject","inLanguage":"is","@id":"https:\/\/laugar.is\/#\/schema\/logo\/image\/","url":"https:\/\/laugar.is\/wp-content\/uploads\/2017\/01\/laugar_merki_antexta-kip.jpg","contentUrl":"https:\/\/laugar.is\/wp-content\/uploads\/2017\/01\/laugar_merki_antexta-kip.jpg","width":536,"height":551,"caption":"Framhaldssk\u00f3linn \u00e1 Laugum"},"image":{"@id":"https:\/\/laugar.is\/#\/schema\/logo\/image\/"},"sameAs":["https:\/\/www.facebook.com\/laugaskoli\/"]}]}},"_links":{"self":[{"href":"https:\/\/laugar.is\/index.php?rest_route=\/wp\/v2\/pages\/533","targetHints":{"allow":["GET"]}}],"collection":[{"href":"https:\/\/laugar.is\/index.php?rest_route=\/wp\/v2\/pages"}],"about":[{"href":"https:\/\/laugar.is\/index.php?rest_route=\/wp\/v2\/types\/page"}],"author":[{"embeddable":true,"href":"https:\/\/laugar.is\/index.php?rest_route=\/wp\/v2\/users\/1"}],"replies":[{"embeddable":true,"href":"https:\/\/laugar.is\/index.php?rest_route=%2Fwp%2Fv2%2Fcomments&post=533"}],"version-history":[{"count":13,"href":"https:\/\/laugar.is\/index.php?rest_route=\/wp\/v2\/pages\/533\/revisions"}],"predecessor-version":[{"id":7007,"href":"https:\/\/laugar.is\/index.php?rest_route=\/wp\/v2\/pages\/533\/revisions\/7007"}],"up":[{"embeddable":true,"href":"https:\/\/laugar.is\/index.php?rest_route=\/wp\/v2\/pages\/219"}],"wp:attachment":[{"href":"https:\/\/laugar.is\/index.php?rest_route=%2Fwp%2Fv2%2Fmedia&parent=533"}],"curies":[{"name":"wp","href":"https:\/\/api.w.org\/{rel}","templated":true}]}}