{"id":51,"date":"2016-02-16T10:52:32","date_gmt":"2016-02-16T10:52:32","guid":{"rendered":"http:\/\/laugar.is\/?page_id=51"},"modified":"2026-04-15T10:55:41","modified_gmt":"2026-04-15T10:55:41","slug":"gjaldskra","status":"publish","type":"page","link":"https:\/\/laugar.is\/?page_id=51","title":{"rendered":"Gjaldskr\u00e1"},"content":{"rendered":"\n<p><strong>Nemendur geta s\u00f3tt um:<\/strong><\/p>\n\n\n\n<ul class=\"wp-block-list\">\n<li><strong>h\u00fasaleigub\u00e6tur<\/strong> sem eru greiddar \u00fat \u00ed upphafi m\u00e1na\u00f0ar, upph\u00e6\u00f0in er um 60-75% af h\u00fasaleigukostna\u00f0i.<br>(Sj\u00e1 n\u00e1nar \u00e1&nbsp;<a href=\"https:\/\/www.velferdarraduneyti.is\/malaflokkar\/husnaedismal\/husnaedisbaetur\/\" target=\"_blank\" rel=\"noreferrer noopener\">https:\/\/www.velferdarraduneyti.is\/malaflokkar\/husnaedismal\/husnaedisbaetur\/<\/a>&nbsp;)<\/li>\n\n\n\n<li><strong>j\u00f6fnunarstyrk<\/strong> sem greiddur er \u00ed lok annar. Fullur styrkur er um 195.000 kr. \u00e1 \u00f6nn.<br>(Sj\u00e1 n\u00e1nar \u00e1 <a href=\"https:\/\/menntasjodur.is\/jofnunarstyrkur\/#Hva%C3%B0-er-j%C3%B6fnunarstyrkur?\">J\u00f6fnunarstyrkur (menntasjodur.is<\/a>)<\/li>\n<\/ul>\n\n\n\n<p>Heimavistir \u00c1lfasteinn, Tr\u00f6llasteinn,&nbsp;og Fjall: Tveggja manna herbergi me\u00f0 s\u00e9r ba\u00f0herbergi.<br>Athugi\u00f0 a\u00f0 \u00ed FL f\u00e1 nemendur \u00f3keypis nettengingu og fr\u00edtt \u00ed sund og l\u00edkamsr\u00e6kt.<\/p>\n\n\n\n<div data-wp-interactive=\"core\/file\" class=\"wp-block-file\"><object data-wp-bind--hidden=\"!state.hasPdfPreview\" hidden class=\"wp-block-file__embed\" data=\"https:\/\/laugar.is\/wp-content\/uploads\/2026\/04\/verdskra-haust-2026.pdf\" type=\"application\/pdf\" style=\"width:100%;height:1210px\" aria-label=\"Embed of verdskra-haust-2026.\"><\/object><a id=\"wp-block-file--media-9e3275c6-ace8-425d-b6c3-47443c0f95a5\" href=\"https:\/\/laugar.is\/wp-content\/uploads\/2026\/04\/verdskra-haust-2026.pdf\">verdskra-haust-2026<\/a><\/div>\n\n\n\n<div data-wp-interactive=\"core\/file\" class=\"wp-block-file\"><object data-wp-bind--hidden=\"!state.hasPdfPreview\" hidden class=\"wp-block-file__embed\" data=\"https:\/\/laugar.is\/wp-content\/uploads\/2026\/01\/verdskra-vor-2026-08012026.pdf\" type=\"application\/pdf\" style=\"width:100%;height:1210px\" aria-label=\"Embed of verdskra-vor-2026-08012026.\"><\/object><a id=\"wp-block-file--media-68f5602d-29fa-4ee0-99a6-3607de40cc78\" href=\"https:\/\/laugar.is\/wp-content\/uploads\/2026\/01\/verdskra-vor-2026-08012026.pdf\">verdskra-vor-2026-08012026<\/a><\/div>\n\n\n\n<p><\/p>\n","protected":false},"excerpt":{"rendered":"<p>Nemendur geta s\u00f3tt um: Heimavistir \u00c1lfasteinn, Tr\u00f6llasteinn,&nbsp;og Fjall: Tveggja manna herbergi me\u00f0 s\u00e9r ba\u00f0herbergi.Athugi\u00f0 a\u00f0 \u00ed FL f\u00e1 nemendur \u00f3keypis nettengingu og fr\u00edtt \u00ed sund og l\u00edkamsr\u00e6kt.<\/p>\n","protected":false},"author":1,"featured_media":0,"parent":4,"menu_order":0,"comment_status":"closed","ping_status":"closed","template":"","meta":{"_acf_changed":false,"_lmt_disableupdate":"","_lmt_disable":"","ngg_post_thumbnail":0,"footnotes":""},"class_list":["post-51","page","type-page","status-publish","hentry"],"acf":[],"yoast_head":"<!-- This site is optimized with the Yoast SEO plugin v27.6 - https:\/\/yoast.com\/product\/yoast-seo-wordpress\/ -->\n<title>Gjaldskr\u00e1 - FRAMHALDSSK\u00d3LINN \u00c1 LAUGUM<\/title>\n<meta name=\"robots\" content=\"index, follow, max-snippet:-1, max-image-preview:large, max-video-preview:-1\" \/>\n<link rel=\"canonical\" href=\"https:\/\/laugar.is\/?page_id=51\" \/>\n<meta property=\"og:locale\" content=\"is_IS\" \/>\n<meta property=\"og:type\" content=\"article\" \/>\n<meta property=\"og:title\" content=\"Gjaldskr\u00e1 - FRAMHALDSSK\u00d3LINN \u00c1 LAUGUM\" \/>\n<meta property=\"og:description\" content=\"Nemendur geta s\u00f3tt um: Heimavistir \u00c1lfasteinn, Tr\u00f6llasteinn,&nbsp;og Fjall: Tveggja manna herbergi me\u00f0 s\u00e9r ba\u00f0herbergi.Athugi\u00f0 a\u00f0 \u00ed FL f\u00e1 nemendur \u00f3keypis nettengingu og fr\u00edtt \u00ed sund og l\u00edkamsr\u00e6kt.\" \/>\n<meta property=\"og:url\" content=\"https:\/\/laugar.is\/?page_id=51\" \/>\n<meta property=\"og:site_name\" content=\"FRAMHALDSSK\u00d3LINN \u00c1 LAUGUM\" \/>\n<meta property=\"article:publisher\" content=\"https:\/\/www.facebook.com\/laugaskoli\/\" \/>\n<meta property=\"article:modified_time\" content=\"2026-04-15T10:55:41+00:00\" \/>\n<meta name=\"twitter:card\" content=\"summary_large_image\" \/>\n<meta name=\"twitter:label1\" content=\"Est. reading time\" \/>\n\t<meta name=\"twitter:data1\" content=\"1 minute\" \/>\n<script type=\"application\/ld+json\" class=\"yoast-schema-graph\">{\"@context\":\"https:\\\/\\\/schema.org\",\"@graph\":[{\"@type\":\"WebPage\",\"@id\":\"https:\\\/\\\/laugar.is\\\/?page_id=51\",\"url\":\"https:\\\/\\\/laugar.is\\\/?page_id=51\",\"name\":\"Gjaldskr\u00e1 - FRAMHALDSSK\u00d3LINN \u00c1 LAUGUM\",\"isPartOf\":{\"@id\":\"https:\\\/\\\/laugar.is\\\/#website\"},\"datePublished\":\"2016-02-16T10:52:32+00:00\",\"dateModified\":\"2026-04-15T10:55:41+00:00\",\"breadcrumb\":{\"@id\":\"https:\\\/\\\/laugar.is\\\/?page_id=51#breadcrumb\"},\"inLanguage\":\"is\",\"potentialAction\":[{\"@type\":\"ReadAction\",\"target\":[\"https:\\\/\\\/laugar.is\\\/?page_id=51\"]}]},{\"@type\":\"BreadcrumbList\",\"@id\":\"https:\\\/\\\/laugar.is\\\/?page_id=51#breadcrumb\",\"itemListElement\":[{\"@type\":\"ListItem\",\"position\":1,\"name\":\"Home\",\"item\":\"https:\\\/\\\/laugar.is\\\/\"},{\"@type\":\"ListItem\",\"position\":2,\"name\":\"SK\u00d3LINN\",\"item\":\"https:\\\/\\\/laugar.is\\\/?page_id=4\"},{\"@type\":\"ListItem\",\"position\":3,\"name\":\"Gjaldskr\u00e1\"}]},{\"@type\":\"WebSite\",\"@id\":\"https:\\\/\\\/laugar.is\\\/#website\",\"url\":\"https:\\\/\\\/laugar.is\\\/\",\"name\":\"FRAMHALDSSK\u00d3LINN \u00c1 LAUGUM\",\"description\":\"Metna\u00f0ur - Tr\u00famennska  - Tillitssemi - Gla\u00f0lyndi\",\"publisher\":{\"@id\":\"https:\\\/\\\/laugar.is\\\/#organization\"},\"potentialAction\":[{\"@type\":\"SearchAction\",\"target\":{\"@type\":\"EntryPoint\",\"urlTemplate\":\"https:\\\/\\\/laugar.is\\\/?s={search_term_string}\"},\"query-input\":{\"@type\":\"PropertyValueSpecification\",\"valueRequired\":true,\"valueName\":\"search_term_string\"}}],\"inLanguage\":\"is\"},{\"@type\":\"Organization\",\"@id\":\"https:\\\/\\\/laugar.is\\\/#organization\",\"name\":\"Framhaldssk\u00f3linn \u00e1 Laugum\",\"url\":\"https:\\\/\\\/laugar.is\\\/\",\"logo\":{\"@type\":\"ImageObject\",\"inLanguage\":\"is\",\"@id\":\"https:\\\/\\\/laugar.is\\\/#\\\/schema\\\/logo\\\/image\\\/\",\"url\":\"https:\\\/\\\/laugar.is\\\/wp-content\\\/uploads\\\/2017\\\/01\\\/laugar_merki_antexta-kip.jpg\",\"contentUrl\":\"https:\\\/\\\/laugar.is\\\/wp-content\\\/uploads\\\/2017\\\/01\\\/laugar_merki_antexta-kip.jpg\",\"width\":536,\"height\":551,\"caption\":\"Framhaldssk\u00f3linn \u00e1 Laugum\"},\"image\":{\"@id\":\"https:\\\/\\\/laugar.is\\\/#\\\/schema\\\/logo\\\/image\\\/\"},\"sameAs\":[\"https:\\\/\\\/www.facebook.com\\\/laugaskoli\\\/\"]}]}<\/script>\n<!-- \/ Yoast SEO plugin. -->","yoast_head_json":{"title":"Gjaldskr\u00e1 - FRAMHALDSSK\u00d3LINN \u00c1 LAUGUM","robots":{"index":"index","follow":"follow","max-snippet":"max-snippet:-1","max-image-preview":"max-image-preview:large","max-video-preview":"max-video-preview:-1"},"canonical":"https:\/\/laugar.is\/?page_id=51","og_locale":"is_IS","og_type":"article","og_title":"Gjaldskr\u00e1 - FRAMHALDSSK\u00d3LINN \u00c1 LAUGUM","og_description":"Nemendur geta s\u00f3tt um: Heimavistir \u00c1lfasteinn, Tr\u00f6llasteinn,&nbsp;og Fjall: Tveggja manna herbergi me\u00f0 s\u00e9r ba\u00f0herbergi.Athugi\u00f0 a\u00f0 \u00ed FL f\u00e1 nemendur \u00f3keypis nettengingu og fr\u00edtt \u00ed sund og l\u00edkamsr\u00e6kt.","og_url":"https:\/\/laugar.is\/?page_id=51","og_site_name":"FRAMHALDSSK\u00d3LINN \u00c1 LAUGUM","article_publisher":"https:\/\/www.facebook.com\/laugaskoli\/","article_modified_time":"2026-04-15T10:55:41+00:00","twitter_card":"summary_large_image","twitter_misc":{"Est. reading time":"1 minute"},"schema":{"@context":"https:\/\/schema.org","@graph":[{"@type":"WebPage","@id":"https:\/\/laugar.is\/?page_id=51","url":"https:\/\/laugar.is\/?page_id=51","name":"Gjaldskr\u00e1 - FRAMHALDSSK\u00d3LINN \u00c1 LAUGUM","isPartOf":{"@id":"https:\/\/laugar.is\/#website"},"datePublished":"2016-02-16T10:52:32+00:00","dateModified":"2026-04-15T10:55:41+00:00","breadcrumb":{"@id":"https:\/\/laugar.is\/?page_id=51#breadcrumb"},"inLanguage":"is","potentialAction":[{"@type":"ReadAction","target":["https:\/\/laugar.is\/?page_id=51"]}]},{"@type":"BreadcrumbList","@id":"https:\/\/laugar.is\/?page_id=51#breadcrumb","itemListElement":[{"@type":"ListItem","position":1,"name":"Home","item":"https:\/\/laugar.is\/"},{"@type":"ListItem","position":2,"name":"SK\u00d3LINN","item":"https:\/\/laugar.is\/?page_id=4"},{"@type":"ListItem","position":3,"name":"Gjaldskr\u00e1"}]},{"@type":"WebSite","@id":"https:\/\/laugar.is\/#website","url":"https:\/\/laugar.is\/","name":"FRAMHALDSSK\u00d3LINN \u00c1 LAUGUM","description":"Metna\u00f0ur - Tr\u00famennska  - Tillitssemi - Gla\u00f0lyndi","publisher":{"@id":"https:\/\/laugar.is\/#organization"},"potentialAction":[{"@type":"SearchAction","target":{"@type":"EntryPoint","urlTemplate":"https:\/\/laugar.is\/?s={search_term_string}"},"query-input":{"@type":"PropertyValueSpecification","valueRequired":true,"valueName":"search_term_string"}}],"inLanguage":"is"},{"@type":"Organization","@id":"https:\/\/laugar.is\/#organization","name":"Framhaldssk\u00f3linn \u00e1 Laugum","url":"https:\/\/laugar.is\/","logo":{"@type":"ImageObject","inLanguage":"is","@id":"https:\/\/laugar.is\/#\/schema\/logo\/image\/","url":"https:\/\/laugar.is\/wp-content\/uploads\/2017\/01\/laugar_merki_antexta-kip.jpg","contentUrl":"https:\/\/laugar.is\/wp-content\/uploads\/2017\/01\/laugar_merki_antexta-kip.jpg","width":536,"height":551,"caption":"Framhaldssk\u00f3linn \u00e1 Laugum"},"image":{"@id":"https:\/\/laugar.is\/#\/schema\/logo\/image\/"},"sameAs":["https:\/\/www.facebook.com\/laugaskoli\/"]}]}},"_links":{"self":[{"href":"https:\/\/laugar.is\/index.php?rest_route=\/wp\/v2\/pages\/51","targetHints":{"allow":["GET"]}}],"collection":[{"href":"https:\/\/laugar.is\/index.php?rest_route=\/wp\/v2\/pages"}],"about":[{"href":"https:\/\/laugar.is\/index.php?rest_route=\/wp\/v2\/types\/page"}],"author":[{"embeddable":true,"href":"https:\/\/laugar.is\/index.php?rest_route=\/wp\/v2\/users\/1"}],"replies":[{"embeddable":true,"href":"https:\/\/laugar.is\/index.php?rest_route=%2Fwp%2Fv2%2Fcomments&post=51"}],"version-history":[{"count":20,"href":"https:\/\/laugar.is\/index.php?rest_route=\/wp\/v2\/pages\/51\/revisions"}],"predecessor-version":[{"id":11232,"href":"https:\/\/laugar.is\/index.php?rest_route=\/wp\/v2\/pages\/51\/revisions\/11232"}],"up":[{"embeddable":true,"href":"https:\/\/laugar.is\/index.php?rest_route=\/wp\/v2\/pages\/4"}],"wp:attachment":[{"href":"https:\/\/laugar.is\/index.php?rest_route=%2Fwp%2Fv2%2Fmedia&parent=51"}],"curies":[{"name":"wp","href":"https:\/\/api.w.org\/{rel}","templated":true}]}}