{"id":465,"date":"2017-01-31T14:44:24","date_gmt":"2017-01-31T14:44:24","guid":{"rendered":"http:\/\/laugar.is\/?page_id=465"},"modified":"2025-02-07T10:15:07","modified_gmt":"2025-02-07T10:15:07","slug":"skolanefndarfundir","status":"publish","type":"page","link":"https:\/\/laugar.is\/?page_id=465","title":{"rendered":"Nefndir og r\u00e1\u00f0"},"content":{"rendered":"<p><img loading=\"lazy\" decoding=\"async\" class=\"alignnone wp-image-6170\" src=\"https:\/\/laugar.is\/wp-content\/uploads\/2024\/04\/cropped-laugar_merki_high-300x300.jpg\" alt=\"\" width=\"134\" height=\"134\" srcset=\"https:\/\/laugar.is\/wp-content\/uploads\/2024\/04\/cropped-laugar_merki_high-300x300.jpg 300w, https:\/\/laugar.is\/wp-content\/uploads\/2024\/04\/cropped-laugar_merki_high-150x150.jpg 150w, https:\/\/laugar.is\/wp-content\/uploads\/2024\/04\/cropped-laugar_merki_high-270x270.jpg 270w, https:\/\/laugar.is\/wp-content\/uploads\/2024\/04\/cropped-laugar_merki_high-192x192.jpg 192w, https:\/\/laugar.is\/wp-content\/uploads\/2024\/04\/cropped-laugar_merki_high-180x180.jpg 180w, https:\/\/laugar.is\/wp-content\/uploads\/2024\/04\/cropped-laugar_merki_high-32x32.jpg 32w, https:\/\/laugar.is\/wp-content\/uploads\/2024\/04\/cropped-laugar_merki_high.jpg 512w\" sizes=\"auto, (max-width: 134px) 100vw, 134px\" \/><\/p>\n<p>&nbsp;<\/p>\n<h5><strong>Stj\u00f3rnunarteymi Framhaldssk\u00f3lans \u00e1 Laugum<\/strong><\/h5>\n<p>Sigurbj\u00f6rn \u00c1rni Arngr\u00edmsson, sk\u00f3lameistari<br>Hallur B. Reynisson, \u00e1fangastj\u00f3ri<br>\u00de\u00f3runn Sigtryggsd\u00f3ttir, fj\u00e1rm\u00e1lastj\u00f3ri<\/p>\n<p>&nbsp;<\/p>\n<p><strong>Sk\u00f3lanefnd : <\/strong>\u00cd sk\u00f3lanefnd sitja fimm manneskjur. Tv\u00e6r eru skipa\u00f0ar samkv\u00e6mt tilnefningu sveitarf\u00e9laga \u00feeirra sem a\u00f0 sk\u00f3lanum standa og \u00ferj\u00e1r \u00e1n tilnefningar af mennta- og menninarm\u00e1lar\u00e1\u00f0herra. Nefndin er skipu\u00f0 til fj\u00f6gurra \u00e1ra en k\u00fds s\u00e9r formann til eins \u00e1rs \u00ed senn. \u00c1heyrnarfulltr\u00faar eru tveir, me\u00f0 m\u00e1lfrelsi og till\u00f6gur\u00e9tt. Annar er tilnefndur af kennurum sk\u00f3lans en hinn af nemendum og eru \u00feeir tilnefndir til eins \u00e1rs \u00ed senn. Sk\u00f3lameistari situr fundi sk\u00f3lanefndar me\u00f0 m\u00e1lfrelsi og till\u00f6gur\u00e9tt, auk \u00feess sem hann er framkv\u00e6mdastj\u00f3ri nefndarinnar. Hlutverk sk\u00f3lanefndar er m.a. a\u00f0 marka \u00e1herslur \u00ed starfi sk\u00f3lans. N\u00faverandi sk\u00f3lanefnd sk\u00f3lans er \u00feannig skipu\u00f0:<\/p>\n<p>Dagbj\u00f6rt J\u00f3nsd\u00f3ttir, forma\u00f0ur<br>Alma Dr\u00f6fn Benediktsd\u00f3ttir, ritari<br>Gu\u00f0r\u00fan Mar\u00eda Valgeirsd\u00f3ttir<br>Sigur\u00f0ur Narfi R\u00fanarsson<br>P\u00e9tur Bergmann \u00c1rnason<br>Ragna Hei\u00f0bj\u00f6rt Ingunnard\u00f3ttir, \u00e1heyrnarfulltr\u00fai kennara<\/p>\n<p>&nbsp;<\/p>\n<p><strong>Sk\u00f3lanefndarfundir<\/strong><\/p>\n<p><a href=\"http:\/\/laugar.is\/wp-content\/uploads\/2017\/01\/skolanefnd04072014.pdf\">Sk\u00f3lanefndarfundur 4. j\u00fal\u00ed 2014<\/a><\/p>\n<p><a href=\"http:\/\/laugar.is\/wp-content\/uploads\/2017\/01\/skolanefnd14102014.pdf\">Sk\u00f3lanefndarfundur 14. okt. 2014<\/a><\/p>\n<p><a href=\"http:\/\/laugar.is\/wp-content\/uploads\/2017\/01\/skolanefnd14012015.pdf\">Sk\u00f3lanefndarfundur 14. jan. 2015<\/a><\/p>\n<p><a href=\"http:\/\/laugar.is\/wp-content\/uploads\/2017\/01\/skolanefnd29spril2015.pdf\">Sk\u00f3lanefndarfundur 20. apr\u00edl 2015<\/a><\/p>\n<p><a href=\"http:\/\/laugar.is\/wp-content\/uploads\/2017\/01\/skolanefnd29spril2015.pdf\">Sk\u00f3lanefndarfundur 29. apr\u00edl 2015<\/a><\/p>\n<p><a href=\"http:\/\/laugar.is\/wp-content\/uploads\/2017\/01\/skolanefnd18agust2015.pdf\">Sk\u00f3lanefndarfundur 18. \u00e1g\u00fast 2015<\/a><\/p>\n<p><a href=\"http:\/\/laugar.is\/wp-content\/uploads\/2017\/01\/skolanefnd24agust2015.pdf\">Sk\u00f3lanefndarfundur 24. \u00e1g\u00fast 2015<\/a><\/p>\n<p><a href=\"http:\/\/laugar.is\/wp-content\/uploads\/2017\/01\/skolanefnd28sept2015.pdf\">Sk\u00f3lanefndarfundur 28. september 2015<\/a><\/p>\n<p><a href=\"https:\/\/laugar.is\/wp-content\/uploads\/2020\/11\/skolanefnd27okt2015.pdf\">Sk\u00f3lanefndarfundur 27. okt\u00f3ber 2015<\/a><\/p>\n<p><a href=\"http:\/\/laugar.is\/wp-content\/uploads\/2017\/01\/skolanefnd16des2015.pdf\">Sk\u00f3lanefndarfundur 16. desember 2015<\/a><\/p>\n<p><a href=\"http:\/\/laugar.is\/wp-content\/uploads\/2018\/06\/skolanefndarfundur050416.pdf\">Sk\u00f3lanefndarfundur 5. apr\u00edl 2016<\/a><\/p>\n<p><a href=\"http:\/\/laugar.is\/wp-content\/uploads\/2018\/06\/skolanefndarfundur130616.pdf\">Sk\u00f3lanefndarfundur 13. j\u00fan\u00ed 2016<\/a><\/p>\n<p><a href=\"http:\/\/laugar.is\/wp-content\/uploads\/2017\/01\/skolanefndarfundur28sept2016.pdf\">Sk\u00f3lanefndarfundur 28. september 2016<\/a><\/p>\n<p><a href=\"http:\/\/laugar.is\/wp-content\/uploads\/2018\/06\/skolanefndarfundur151216.pdf\">Sk\u00f3lanefndarfundur 15. desember 2016<\/a><\/p>\n<p><a href=\"http:\/\/laugar.is\/wp-content\/uploads\/2018\/06\/skolanefndarfundur230517.pdf\">Sk\u00f3lanefndarfundur 23. ma\u00ed 2017<\/a><\/p>\n<p><a href=\"http:\/\/laugar.is\/wp-content\/uploads\/2018\/06\/skolanefndarfundur110118.pdf\">Sk\u00f3lanefndarfundur 11. jan\u00faar 2018<\/a><\/p>\n<p><a href=\"http:\/\/laugar.is\/wp-content\/uploads\/2018\/06\/skolanefndarfundur140318.pdf\">Sk\u00f3lanefndarfundur 14. mars 2018<\/a><\/p>\n<p><a href=\"http:\/\/laugar.is\/wp-content\/uploads\/2018\/06\/skolanefndarfundur090518.pdf\">Sk\u00f3lanefndarfundur 9. ma\u00ed 2018<\/a><\/p>\n<p><a href=\"http:\/\/laugar.is\/wp-content\/uploads\/2018\/06\/skolanefndarfundur130618.pdf\">Sk\u00f3lanefndarfundur 13. j\u00fan\u00ed 2018<\/a><\/p>\n<p><a href=\"http:\/\/laugar.is\/wp-content\/uploads\/2018\/09\/skolanefnd190918.pdf\">Sk\u00f3lanefndarfundur 19. september 2018<\/a><\/p>\n<p><a href=\"http:\/\/laugar.is\/wp-content\/uploads\/2018\/12\/skolanefnd131218.pdf\">Sk\u00f3lanefndarfundur 13. desember 2018<\/a><\/p>\n<p><a href=\"https:\/\/laugar.is\/wp-content\/uploads\/2019\/10\/skolanefnd190619.pdf\">Sk\u00f3lanefndarfundur 19. j\u00fan\u00ed 2019<\/a><\/p>\n<p><a href=\"https:\/\/laugar.is\/wp-content\/uploads\/2019\/10\/skolanefnd07102019.pdf\">Sk\u00f3lanefndarfundur 7. okt\u00f3ber 2019<\/a><\/p>\n<p><a href=\"https:\/\/laugar.is\/wp-content\/uploads\/2021\/10\/skolanefnd181119.pdf\">Sk\u00f3lanefndarfundur 18. n\u00f3vember 2019<\/a><\/p>\n<p><a href=\"https:\/\/laugar.is\/wp-content\/uploads\/2020\/06\/skolanefnd23062020.pdf\">Sk\u00f3lanefndarfundur 23. j\u00fan\u00ed 2020<\/a><\/p>\n<p><a href=\"https:\/\/laugar.is\/wp-content\/uploads\/2021\/06\/skolanefnd06012021.pdf\">Sk\u00f3lanefndarfundur 6. jan\u00faar 2021<\/a><\/p>\n<p><a href=\"https:\/\/laugar.is\/wp-content\/uploads\/2022\/07\/skolanefnd21062021.pdf\">Sk\u00f3lanefndarfundur 21. j\u00fan\u00ed 2021<\/a><\/p>\n<p><a href=\"https:\/\/laugar.is\/wp-content\/uploads\/2022\/07\/skolanefnd08122021.pdf\">Sk\u00f3lanefndarfundur 8. desember 2021<\/a><\/p>\n<p><a href=\"https:\/\/laugar.is\/wp-content\/uploads\/2022\/07\/skolanefnd22032022.pdf\">Sk\u00f3lanefndarfundur 22. mars 2022<\/a><\/p>\n<p><a href=\"https:\/\/laugar.is\/wp-content\/uploads\/2022\/07\/skolanefnd22062022.pdf\">Sk\u00f3lanefndarfundur 22. j\u00fan\u00ed 2022<\/a><\/p>\n<p><a href=\"https:\/\/laugar.is\/wp-content\/uploads\/2022\/11\/skolanefnd15112022.pdf\">Sk\u00f3lanefndarfundur 15. n\u00f3vember 2022<\/a><\/p>\n<p><a href=\"https:\/\/laugar.is\/wp-content\/uploads\/2023\/06\/skolanefnd21022023.pdf\">Sk\u00f3lanefndarfundur 21. febr\u00faar 2023<\/a><\/p>\n<p><a href=\"https:\/\/laugar.is\/wp-content\/uploads\/2023\/06\/skolanefnd13062023.pdf\">Sk\u00f3lanefndarfundur 13. j\u00fan\u00ed 2023<\/a><\/p>\n<p><a href=\"https:\/\/laugar.is\/wp-content\/uploads\/2024\/02\/skolanefnd03102023.pdf\">Sk\u00f3lanefndarfundur 3. okt\u00f3ber 2023<\/a><\/p>\n<p><a href=\"https:\/\/laugar.is\/wp-content\/uploads\/2024\/02\/skolanefnd05122023.pdf\">Sk\u00f3lanefndarfundur 5. desember 2023<\/a><\/p>\n<p><a href=\"https:\/\/laugar.is\/wp-content\/uploads\/2024\/02\/skolanefnd27022024b.pdf\">Sk\u00f3lanefndarfundur 27. febr\u00faar 2024<\/a><\/p>\n<p><a href=\"https:\/\/laugar.is\/wp-content\/uploads\/2024\/10\/Skolanefndarfundur-17.-sept-2024.pdf\">Sk\u00f3lanefndarfundur 17. sept 2024<\/a><\/p>\n<p><a href=\"https:\/\/laugar.is\/wp-content\/uploads\/2025\/02\/Skolanefndarfundur-19.-nov-2024.pdf\">Sk\u00f3lanefndarfundur 19. n\u00f3v 2024<\/a><\/p>\n<p>&nbsp;<\/p>\n\n\n\n","protected":false},"excerpt":{"rendered":"<p>&nbsp; Stj\u00f3rnunarteymi Framhaldssk\u00f3lans \u00e1 Laugum Sigurbj\u00f6rn \u00c1rni Arngr\u00edmsson, sk\u00f3lameistariHallur B. Reynisson, \u00e1fangastj\u00f3ri\u00de\u00f3runn Sigtryggsd\u00f3ttir, fj\u00e1rm\u00e1lastj\u00f3ri &nbsp; Sk\u00f3lanefnd : \u00cd sk\u00f3lanefnd sitja fimm manneskjur. Tv\u00e6r eru skipa\u00f0ar samkv\u00e6mt tilnefningu sveitarf\u00e9laga \u00feeirra sem a\u00f0 sk\u00f3lanum standa og \u00ferj\u00e1r \u00e1n tilnefningar af mennta- og menninarm\u00e1lar\u00e1\u00f0herra. Nefndin er skipu\u00f0 til fj\u00f6gurra \u00e1ra en k\u00fds s\u00e9r formann til eins \u00e1rs \u00ed senn. \u00c1heyrnarfulltr\u00faar eru tveir, me\u00f0 m\u00e1lfrelsi og till\u00f6gur\u00e9tt. Annar er tilnefndur af kennurum sk\u00f3lans en <a class=\"more-link\" href=\"https:\/\/laugar.is\/?page_id=465\">&#8230;Lestu \u00e1fram<\/a><\/p>\n","protected":false},"author":1,"featured_media":0,"parent":4,"menu_order":0,"comment_status":"closed","ping_status":"closed","template":"","meta":{"_acf_changed":false,"_lmt_disableupdate":"","_lmt_disable":"","ngg_post_thumbnail":0,"footnotes":""},"class_list":["post-465","page","type-page","status-publish","hentry"],"acf":[],"yoast_head":"<!-- This site is optimized with the Yoast SEO plugin v27.3 - https:\/\/yoast.com\/product\/yoast-seo-wordpress\/ -->\n<title>Nefndir og r\u00e1\u00f0 - FRAMHALDSSK\u00d3LINN \u00c1 LAUGUM<\/title>\n<meta name=\"robots\" content=\"index, follow, max-snippet:-1, max-image-preview:large, max-video-preview:-1\" \/>\n<link rel=\"canonical\" href=\"https:\/\/laugar.is\/?page_id=465\" \/>\n<meta property=\"og:locale\" content=\"is_IS\" \/>\n<meta property=\"og:type\" content=\"article\" \/>\n<meta property=\"og:title\" content=\"Nefndir og r\u00e1\u00f0 - FRAMHALDSSK\u00d3LINN \u00c1 LAUGUM\" \/>\n<meta property=\"og:description\" content=\"&nbsp; Stj\u00f3rnunarteymi Framhaldssk\u00f3lans \u00e1 Laugum Sigurbj\u00f6rn \u00c1rni Arngr\u00edmsson, sk\u00f3lameistariHallur B. Reynisson, \u00e1fangastj\u00f3ri\u00de\u00f3runn Sigtryggsd\u00f3ttir, fj\u00e1rm\u00e1lastj\u00f3ri &nbsp; Sk\u00f3lanefnd : \u00cd sk\u00f3lanefnd sitja fimm manneskjur. Tv\u00e6r eru skipa\u00f0ar samkv\u00e6mt tilnefningu sveitarf\u00e9laga \u00feeirra sem a\u00f0 sk\u00f3lanum standa og \u00ferj\u00e1r \u00e1n tilnefningar af mennta- og menninarm\u00e1lar\u00e1\u00f0herra. Nefndin er skipu\u00f0 til fj\u00f6gurra \u00e1ra en k\u00fds s\u00e9r formann til eins \u00e1rs \u00ed senn. \u00c1heyrnarfulltr\u00faar eru tveir, me\u00f0 m\u00e1lfrelsi og till\u00f6gur\u00e9tt. Annar er tilnefndur af kennurum sk\u00f3lans en ...Lestu \u00e1fram\" \/>\n<meta property=\"og:url\" content=\"https:\/\/laugar.is\/?page_id=465\" \/>\n<meta property=\"og:site_name\" content=\"FRAMHALDSSK\u00d3LINN \u00c1 LAUGUM\" \/>\n<meta property=\"article:publisher\" content=\"https:\/\/www.facebook.com\/laugaskoli\/\" \/>\n<meta property=\"article:modified_time\" content=\"2025-02-07T10:15:07+00:00\" \/>\n<meta property=\"og:image\" content=\"https:\/\/laugar.is\/wp-content\/uploads\/2024\/04\/cropped-laugar_merki_high.jpg\" \/>\n\t<meta property=\"og:image:width\" content=\"512\" \/>\n\t<meta property=\"og:image:height\" content=\"512\" \/>\n\t<meta property=\"og:image:type\" content=\"image\/jpeg\" \/>\n<meta name=\"twitter:card\" content=\"summary_large_image\" \/>\n<meta name=\"twitter:label1\" content=\"Est. reading time\" \/>\n\t<meta name=\"twitter:data1\" content=\"2 minutes\" \/>\n<script type=\"application\/ld+json\" class=\"yoast-schema-graph\">{\"@context\":\"https:\\\/\\\/schema.org\",\"@graph\":[{\"@type\":\"WebPage\",\"@id\":\"https:\\\/\\\/laugar.is\\\/?page_id=465\",\"url\":\"https:\\\/\\\/laugar.is\\\/?page_id=465\",\"name\":\"Nefndir og r\u00e1\u00f0 - FRAMHALDSSK\u00d3LINN \u00c1 LAUGUM\",\"isPartOf\":{\"@id\":\"https:\\\/\\\/laugar.is\\\/#website\"},\"primaryImageOfPage\":{\"@id\":\"https:\\\/\\\/laugar.is\\\/?page_id=465#primaryimage\"},\"image\":{\"@id\":\"https:\\\/\\\/laugar.is\\\/?page_id=465#primaryimage\"},\"thumbnailUrl\":\"https:\\\/\\\/laugar.is\\\/wp-content\\\/uploads\\\/2024\\\/04\\\/cropped-laugar_merki_high-300x300.jpg\",\"datePublished\":\"2017-01-31T14:44:24+00:00\",\"dateModified\":\"2025-02-07T10:15:07+00:00\",\"breadcrumb\":{\"@id\":\"https:\\\/\\\/laugar.is\\\/?page_id=465#breadcrumb\"},\"inLanguage\":\"is\",\"potentialAction\":[{\"@type\":\"ReadAction\",\"target\":[\"https:\\\/\\\/laugar.is\\\/?page_id=465\"]}]},{\"@type\":\"ImageObject\",\"inLanguage\":\"is\",\"@id\":\"https:\\\/\\\/laugar.is\\\/?page_id=465#primaryimage\",\"url\":\"https:\\\/\\\/laugar.is\\\/wp-content\\\/uploads\\\/2024\\\/04\\\/cropped-laugar_merki_high.jpg\",\"contentUrl\":\"https:\\\/\\\/laugar.is\\\/wp-content\\\/uploads\\\/2024\\\/04\\\/cropped-laugar_merki_high.jpg\",\"width\":512,\"height\":512},{\"@type\":\"BreadcrumbList\",\"@id\":\"https:\\\/\\\/laugar.is\\\/?page_id=465#breadcrumb\",\"itemListElement\":[{\"@type\":\"ListItem\",\"position\":1,\"name\":\"Home\",\"item\":\"https:\\\/\\\/laugar.is\\\/\"},{\"@type\":\"ListItem\",\"position\":2,\"name\":\"SK\u00d3LINN\",\"item\":\"https:\\\/\\\/laugar.is\\\/?page_id=4\"},{\"@type\":\"ListItem\",\"position\":3,\"name\":\"Nefndir og r\u00e1\u00f0\"}]},{\"@type\":\"WebSite\",\"@id\":\"https:\\\/\\\/laugar.is\\\/#website\",\"url\":\"https:\\\/\\\/laugar.is\\\/\",\"name\":\"FRAMHALDSSK\u00d3LINN \u00c1 LAUGUM\",\"description\":\"Metna\u00f0ur - Tr\u00famennska  - Tillitssemi - Gla\u00f0lyndi\",\"publisher\":{\"@id\":\"https:\\\/\\\/laugar.is\\\/#organization\"},\"potentialAction\":[{\"@type\":\"SearchAction\",\"target\":{\"@type\":\"EntryPoint\",\"urlTemplate\":\"https:\\\/\\\/laugar.is\\\/?s={search_term_string}\"},\"query-input\":{\"@type\":\"PropertyValueSpecification\",\"valueRequired\":true,\"valueName\":\"search_term_string\"}}],\"inLanguage\":\"is\"},{\"@type\":\"Organization\",\"@id\":\"https:\\\/\\\/laugar.is\\\/#organization\",\"name\":\"Framhaldssk\u00f3linn \u00e1 Laugum\",\"url\":\"https:\\\/\\\/laugar.is\\\/\",\"logo\":{\"@type\":\"ImageObject\",\"inLanguage\":\"is\",\"@id\":\"https:\\\/\\\/laugar.is\\\/#\\\/schema\\\/logo\\\/image\\\/\",\"url\":\"https:\\\/\\\/laugar.is\\\/wp-content\\\/uploads\\\/2017\\\/01\\\/laugar_merki_antexta-kip.jpg\",\"contentUrl\":\"https:\\\/\\\/laugar.is\\\/wp-content\\\/uploads\\\/2017\\\/01\\\/laugar_merki_antexta-kip.jpg\",\"width\":536,\"height\":551,\"caption\":\"Framhaldssk\u00f3linn \u00e1 Laugum\"},\"image\":{\"@id\":\"https:\\\/\\\/laugar.is\\\/#\\\/schema\\\/logo\\\/image\\\/\"},\"sameAs\":[\"https:\\\/\\\/www.facebook.com\\\/laugaskoli\\\/\"]}]}<\/script>\n<!-- \/ Yoast SEO plugin. -->","yoast_head_json":{"title":"Nefndir og r\u00e1\u00f0 - FRAMHALDSSK\u00d3LINN \u00c1 LAUGUM","robots":{"index":"index","follow":"follow","max-snippet":"max-snippet:-1","max-image-preview":"max-image-preview:large","max-video-preview":"max-video-preview:-1"},"canonical":"https:\/\/laugar.is\/?page_id=465","og_locale":"is_IS","og_type":"article","og_title":"Nefndir og r\u00e1\u00f0 - FRAMHALDSSK\u00d3LINN \u00c1 LAUGUM","og_description":"&nbsp; Stj\u00f3rnunarteymi Framhaldssk\u00f3lans \u00e1 Laugum Sigurbj\u00f6rn \u00c1rni Arngr\u00edmsson, sk\u00f3lameistariHallur B. Reynisson, \u00e1fangastj\u00f3ri\u00de\u00f3runn Sigtryggsd\u00f3ttir, fj\u00e1rm\u00e1lastj\u00f3ri &nbsp; Sk\u00f3lanefnd : \u00cd sk\u00f3lanefnd sitja fimm manneskjur. Tv\u00e6r eru skipa\u00f0ar samkv\u00e6mt tilnefningu sveitarf\u00e9laga \u00feeirra sem a\u00f0 sk\u00f3lanum standa og \u00ferj\u00e1r \u00e1n tilnefningar af mennta- og menninarm\u00e1lar\u00e1\u00f0herra. Nefndin er skipu\u00f0 til fj\u00f6gurra \u00e1ra en k\u00fds s\u00e9r formann til eins \u00e1rs \u00ed senn. \u00c1heyrnarfulltr\u00faar eru tveir, me\u00f0 m\u00e1lfrelsi og till\u00f6gur\u00e9tt. Annar er tilnefndur af kennurum sk\u00f3lans en ...Lestu \u00e1fram","og_url":"https:\/\/laugar.is\/?page_id=465","og_site_name":"FRAMHALDSSK\u00d3LINN \u00c1 LAUGUM","article_publisher":"https:\/\/www.facebook.com\/laugaskoli\/","article_modified_time":"2025-02-07T10:15:07+00:00","og_image":[{"width":512,"height":512,"url":"https:\/\/laugar.is\/wp-content\/uploads\/2024\/04\/cropped-laugar_merki_high.jpg","type":"image\/jpeg"}],"twitter_card":"summary_large_image","twitter_misc":{"Est. reading time":"2 minutes"},"schema":{"@context":"https:\/\/schema.org","@graph":[{"@type":"WebPage","@id":"https:\/\/laugar.is\/?page_id=465","url":"https:\/\/laugar.is\/?page_id=465","name":"Nefndir og r\u00e1\u00f0 - FRAMHALDSSK\u00d3LINN \u00c1 LAUGUM","isPartOf":{"@id":"https:\/\/laugar.is\/#website"},"primaryImageOfPage":{"@id":"https:\/\/laugar.is\/?page_id=465#primaryimage"},"image":{"@id":"https:\/\/laugar.is\/?page_id=465#primaryimage"},"thumbnailUrl":"https:\/\/laugar.is\/wp-content\/uploads\/2024\/04\/cropped-laugar_merki_high-300x300.jpg","datePublished":"2017-01-31T14:44:24+00:00","dateModified":"2025-02-07T10:15:07+00:00","breadcrumb":{"@id":"https:\/\/laugar.is\/?page_id=465#breadcrumb"},"inLanguage":"is","potentialAction":[{"@type":"ReadAction","target":["https:\/\/laugar.is\/?page_id=465"]}]},{"@type":"ImageObject","inLanguage":"is","@id":"https:\/\/laugar.is\/?page_id=465#primaryimage","url":"https:\/\/laugar.is\/wp-content\/uploads\/2024\/04\/cropped-laugar_merki_high.jpg","contentUrl":"https:\/\/laugar.is\/wp-content\/uploads\/2024\/04\/cropped-laugar_merki_high.jpg","width":512,"height":512},{"@type":"BreadcrumbList","@id":"https:\/\/laugar.is\/?page_id=465#breadcrumb","itemListElement":[{"@type":"ListItem","position":1,"name":"Home","item":"https:\/\/laugar.is\/"},{"@type":"ListItem","position":2,"name":"SK\u00d3LINN","item":"https:\/\/laugar.is\/?page_id=4"},{"@type":"ListItem","position":3,"name":"Nefndir og r\u00e1\u00f0"}]},{"@type":"WebSite","@id":"https:\/\/laugar.is\/#website","url":"https:\/\/laugar.is\/","name":"FRAMHALDSSK\u00d3LINN \u00c1 LAUGUM","description":"Metna\u00f0ur - Tr\u00famennska  - Tillitssemi - Gla\u00f0lyndi","publisher":{"@id":"https:\/\/laugar.is\/#organization"},"potentialAction":[{"@type":"SearchAction","target":{"@type":"EntryPoint","urlTemplate":"https:\/\/laugar.is\/?s={search_term_string}"},"query-input":{"@type":"PropertyValueSpecification","valueRequired":true,"valueName":"search_term_string"}}],"inLanguage":"is"},{"@type":"Organization","@id":"https:\/\/laugar.is\/#organization","name":"Framhaldssk\u00f3linn \u00e1 Laugum","url":"https:\/\/laugar.is\/","logo":{"@type":"ImageObject","inLanguage":"is","@id":"https:\/\/laugar.is\/#\/schema\/logo\/image\/","url":"https:\/\/laugar.is\/wp-content\/uploads\/2017\/01\/laugar_merki_antexta-kip.jpg","contentUrl":"https:\/\/laugar.is\/wp-content\/uploads\/2017\/01\/laugar_merki_antexta-kip.jpg","width":536,"height":551,"caption":"Framhaldssk\u00f3linn \u00e1 Laugum"},"image":{"@id":"https:\/\/laugar.is\/#\/schema\/logo\/image\/"},"sameAs":["https:\/\/www.facebook.com\/laugaskoli\/"]}]}},"_links":{"self":[{"href":"https:\/\/laugar.is\/index.php?rest_route=\/wp\/v2\/pages\/465","targetHints":{"allow":["GET"]}}],"collection":[{"href":"https:\/\/laugar.is\/index.php?rest_route=\/wp\/v2\/pages"}],"about":[{"href":"https:\/\/laugar.is\/index.php?rest_route=\/wp\/v2\/types\/page"}],"author":[{"embeddable":true,"href":"https:\/\/laugar.is\/index.php?rest_route=\/wp\/v2\/users\/1"}],"replies":[{"embeddable":true,"href":"https:\/\/laugar.is\/index.php?rest_route=%2Fwp%2Fv2%2Fcomments&post=465"}],"version-history":[{"count":15,"href":"https:\/\/laugar.is\/index.php?rest_route=\/wp\/v2\/pages\/465\/revisions"}],"predecessor-version":[{"id":8058,"href":"https:\/\/laugar.is\/index.php?rest_route=\/wp\/v2\/pages\/465\/revisions\/8058"}],"up":[{"embeddable":true,"href":"https:\/\/laugar.is\/index.php?rest_route=\/wp\/v2\/pages\/4"}],"wp:attachment":[{"href":"https:\/\/laugar.is\/index.php?rest_route=%2Fwp%2Fv2%2Fmedia&parent=465"}],"curies":[{"name":"wp","href":"https:\/\/api.w.org\/{rel}","templated":true}]}}