{"id":4,"date":"2016-02-05T11:48:41","date_gmt":"2016-02-05T11:48:41","guid":{"rendered":"http:\/\/laugar.is\/?page_id=4"},"modified":"2025-01-29T15:01:04","modified_gmt":"2025-01-29T15:01:04","slug":"skolinn","status":"publish","type":"page","link":"https:\/\/laugar.is\/?page_id=4","title":{"rendered":"SK\u00d3LINN"},"content":{"rendered":"<p><img loading=\"lazy\" decoding=\"async\" class=\"alignnone wp-image-6170\" src=\"https:\/\/laugar.is\/wp-content\/uploads\/2024\/04\/cropped-laugar_merki_high-300x300.jpg\" alt=\"\" width=\"150\" height=\"150\" srcset=\"https:\/\/laugar.is\/wp-content\/uploads\/2024\/04\/cropped-laugar_merki_high-300x300.jpg 300w, https:\/\/laugar.is\/wp-content\/uploads\/2024\/04\/cropped-laugar_merki_high-150x150.jpg 150w, https:\/\/laugar.is\/wp-content\/uploads\/2024\/04\/cropped-laugar_merki_high-270x270.jpg 270w, https:\/\/laugar.is\/wp-content\/uploads\/2024\/04\/cropped-laugar_merki_high-192x192.jpg 192w, https:\/\/laugar.is\/wp-content\/uploads\/2024\/04\/cropped-laugar_merki_high-180x180.jpg 180w, https:\/\/laugar.is\/wp-content\/uploads\/2024\/04\/cropped-laugar_merki_high-32x32.jpg 32w, https:\/\/laugar.is\/wp-content\/uploads\/2024\/04\/cropped-laugar_merki_high.jpg 512w\" sizes=\"auto, (max-width: 150px) 100vw, 150px\" \/><\/p>\n<p>&nbsp;<\/p>\n<h5><strong>Framhaldssk\u00f3linn \u00e1 Laugum er heimavistarsk\u00f3li \u00fat \u00ed sveit.<\/strong><\/h5>\n<p>Mj\u00f6g g\u00f3\u00f0 a\u00f0sta\u00f0a er til n\u00e1ms, f\u00e9lagsl\u00edfs og \u00ed\u00fer\u00f3ttai\u00f0kunar vi\u00f0 sk\u00f3lann og heimavistara\u00f0sta\u00f0a er me\u00f0 \u00fev\u00ed besta sem gerist \u00e1 landinu. Kennt er \u00e1 sex n\u00e1msbrautum, almennri n\u00e1msbraut \u00e1 fyrsta h\u00e6fni\u00ferepi, grunnn\u00e1msbraut \u00e1 \u00f6\u00f0ru h\u00e6fni\u00ferepi og fj\u00f3rum n\u00e1msbrautum til st\u00fadentspr\u00f3fs f\u00e9lagsv\u00edsinda-, \u00ed\u00fer\u00f3tta-, kj\u00f6rsvi\u00f0s- og n\u00e1tt\u00faruv\u00edsindabraut. Um 100 nemendur stunda n\u00e1m vi\u00f0 sk\u00f3lann og koma \u00feeir alls sta\u00f0ar a\u00f0 af landinu.<\/p>\n<h5><strong>Pers\u00f3nuleg \u00fej\u00f3nusta&nbsp;<\/strong><\/h5>\n<p>L\u00f6g\u00f0 er \u00e1hersla \u00e1 pers\u00f3nulega \u00fej\u00f3nustu og umhyggju gagnvart nemendum, en jafnframt eru ger\u00f0ar til \u00feeirra kr\u00f6fur \u00ed n\u00e1mi og samskiptum. \u00deeir nemendur sem s\u00e6kja heimavistarsk\u00f3la b\u00faa a\u00f0 \u00fev\u00ed alla \u00e6vi, b\u00e6\u00f0i hva\u00f0 var\u00f0ar vini sem \u00feeir eignast \u00e1 n\u00e1ms\u00e1runum og h\u00e6fni til f\u00e9lagslegra samskipta, \u00fev\u00ed \u00ed heimaviststarsk\u00f3la l\u00e6ra menn ekki a\u00f0eins \u00e1 b\u00f3kina, dv\u00f6lin \u00fear er jafnframt g\u00f3\u00f0ur sk\u00f3li \u00ed mannlegum samkiptum.<\/p>\n<h5><strong>\u00d6flugt f\u00e9lagsl\u00edf og \u00ed\u00fer\u00f3ttastarf<\/strong><\/h5>\n<p>Sk\u00f3linn st\u00e1tar af \u00f6flugu leiklistarstarfi \u00ed samvinnu vi\u00f0 Leikdeild Ungmennaf\u00e9lagsins Eflingar. Sk\u00f3linn heldur l\u00edka T\u00f3nkv\u00edsl, sem er undanfari sk\u00f3lans a\u00f0 S\u00f6ngvakeppni framhaldssk\u00f3lanna sem og s\u00f6ngkeppni grunnsk\u00f3lanna \u00ed n\u00e1grenninu og er henni sj\u00f3nvarpa\u00f0 beint \u00e1r hvert. Auk \u00feess er \u00f6flugt f\u00e9lagsstarf \u00e1 vegum nemendaf\u00e9lags sk\u00f3lans og mikil \u00e1hersla \u00e1 fj\u00f6lbreytt \u00ed\u00fer\u00f3ttastarf en sk\u00f3linn \u00e1 sitt eigi\u00f0 \u00ed\u00fer\u00f3ttah\u00fas og er gjaldfrj\u00e1ls a\u00f0gangur a\u00f0 \u00ed\u00fer\u00f3ttah\u00fasi, l\u00edkamsr\u00e6kt, sundlaug og \u00ed\u00fer\u00f3ttav\u00f6llum. \u00dev\u00ed m\u00e1 segja a\u00f0 \u00e1 Laugum s\u00e9 l\u00f6g\u00f0 al\u00fa\u00f0 vi\u00f0 a\u00f0 r\u00e6kta b\u00e6\u00f0i l\u00edkama og s\u00e1l.<\/p>\n<h5><strong>N\u00e1m vi\u00f0 h\u00e6fi&nbsp;<\/strong><\/h5>\n<p>Framhaldssk\u00f3linn \u00e1 Laugum starfar \u00e1 grundvelli laga um framhaldssk\u00f3la nr.92\/2008. Hlutverk hans er a\u00f0 stu\u00f0la a\u00f0 alhli\u00f0a \u00feroska allra nemenda og virkri \u00fe\u00e1ttt\u00f6ku \u00feeirra \u00ed l\u00fd\u00f0r\u00e6\u00f0is\u00fej\u00f3\u00f0f\u00e9lagi me\u00f0 \u00fev\u00ed a\u00f0 bj\u00f3\u00f0a \u00f6llum nemendum n\u00e1m vi\u00f0 h\u00e6fi og a\u00f0 b\u00faa \u00fe\u00e1 undir \u00fe\u00e1ttt\u00f6ku \u00ed atvinnul\u00edfi og frekara n\u00e1m.&nbsp; Auk \u00feess a\u00f0 \u00fej\u00e1lfa og hvetja nemendur til \u00feekkingarleitar er \u00e1hersla l\u00f6g\u00f0 \u00e1 a\u00f0 efla si\u00f0fer\u00f0isvitund \u00feeirra, heilbrig\u00f0i til l\u00edkama og s\u00e1lar, \u00e1byrg\u00f0arkennd, v\u00ed\u00f0s\u00fdni, frumkv\u00e6\u00f0i, sj\u00e1lfstraust og umbur\u00f0arlyndi. Nemendur eru \u00fej\u00e1lfa\u00f0ir \u00ed sj\u00e1lfst\u00e6\u00f0um og \u00f6gu\u00f0um vinnubr\u00f6g\u00f0um og gagnr\u00fdninni hugsun. \u00cd \u00f6llu starfi s\u00ednu leggur Framhaldssk\u00f3linn \u00e1 Laugum \u00e1herslu \u00e1 a\u00f0 grunn\u00fe\u00e6ttir almennrar menntunar, sem koma fram \u00ed almennum hluta a\u00f0aln\u00e1mskr\u00e1r framhaldssk\u00f3la, s\u00e9u haf\u00f0ir a\u00f0 lei\u00f0arlj\u00f3si. A\u00f0 l\u00e6si, sj\u00e1lfb\u00e6rni, heilbrig\u00f0i og velfer\u00f0, l\u00fd\u00f0r\u00e6\u00f0i og mannr\u00e9ttindi, jafnr\u00e9tti og sk\u00f6pun s\u00e9u s\u00fdnilegir \u00fe\u00e6ttir \u00ed n\u00e1mi og kennslu, einnig \u00ed skipulagi, starfsh\u00e1ttum og \u00fer\u00f3unar\u00e1\u00e6tlun sk\u00f3lans.<\/p>\n<p>&nbsp;<\/p>\n<p>&nbsp;<\/p>\n<p>&nbsp;<\/p>\n","protected":false},"excerpt":{"rendered":"<p>&nbsp; Framhaldssk\u00f3linn \u00e1 Laugum er heimavistarsk\u00f3li \u00fat \u00ed sveit. Mj\u00f6g g\u00f3\u00f0 a\u00f0sta\u00f0a er til n\u00e1ms, f\u00e9lagsl\u00edfs og \u00ed\u00fer\u00f3ttai\u00f0kunar vi\u00f0 sk\u00f3lann og heimavistara\u00f0sta\u00f0a er me\u00f0 \u00fev\u00ed besta sem gerist \u00e1 landinu. Kennt er \u00e1 sex n\u00e1msbrautum, almennri n\u00e1msbraut \u00e1 fyrsta h\u00e6fni\u00ferepi, grunnn\u00e1msbraut \u00e1 \u00f6\u00f0ru h\u00e6fni\u00ferepi og fj\u00f3rum n\u00e1msbrautum til st\u00fadentspr\u00f3fs f\u00e9lagsv\u00edsinda-, \u00ed\u00fer\u00f3tta-, kj\u00f6rsvi\u00f0s- og n\u00e1tt\u00faruv\u00edsindabraut. Um 100 nemendur stunda n\u00e1m vi\u00f0 sk\u00f3lann og koma \u00feeir alls sta\u00f0ar a\u00f0 af landinu. Pers\u00f3nuleg <a class=\"more-link\" href=\"https:\/\/laugar.is\/?page_id=4\">&#8230;Lestu \u00e1fram<\/a><\/p>\n","protected":false},"author":1,"featured_media":0,"parent":0,"menu_order":0,"comment_status":"closed","ping_status":"closed","template":"","meta":{"_acf_changed":false,"_lmt_disableupdate":"no","_lmt_disable":"no","ngg_post_thumbnail":0,"footnotes":""},"class_list":["post-4","page","type-page","status-publish","hentry"],"acf":[],"yoast_head":"<!-- This site is optimized with the Yoast SEO plugin v27.6 - https:\/\/yoast.com\/product\/yoast-seo-wordpress\/ -->\n<title>SK\u00d3LINN - FRAMHALDSSK\u00d3LINN \u00c1 LAUGUM<\/title>\n<meta name=\"description\" content=\"Sk\u00f3linn Framhaldssk\u00f3linn \u00e1 Laugum\" \/>\n<meta name=\"robots\" content=\"index, follow, max-snippet:-1, max-image-preview:large, max-video-preview:-1\" \/>\n<link rel=\"canonical\" href=\"https:\/\/laugar.is\/?page_id=4\" \/>\n<meta property=\"og:locale\" content=\"is_IS\" \/>\n<meta property=\"og:type\" content=\"article\" \/>\n<meta property=\"og:title\" content=\"SK\u00d3LINN - FRAMHALDSSK\u00d3LINN \u00c1 LAUGUM\" \/>\n<meta property=\"og:description\" content=\"Sk\u00f3linn Framhaldssk\u00f3linn \u00e1 Laugum\" \/>\n<meta property=\"og:url\" content=\"https:\/\/laugar.is\/?page_id=4\" \/>\n<meta property=\"og:site_name\" content=\"FRAMHALDSSK\u00d3LINN \u00c1 LAUGUM\" \/>\n<meta property=\"article:publisher\" content=\"https:\/\/www.facebook.com\/laugaskoli\/\" \/>\n<meta property=\"article:modified_time\" content=\"2025-01-29T15:01:04+00:00\" \/>\n<meta property=\"og:image\" content=\"https:\/\/laugar.is\/wp-content\/uploads\/2024\/04\/cropped-laugar_merki_high.jpg\" \/>\n\t<meta property=\"og:image:width\" content=\"512\" \/>\n\t<meta property=\"og:image:height\" content=\"512\" \/>\n\t<meta property=\"og:image:type\" content=\"image\/jpeg\" \/>\n<meta name=\"twitter:card\" content=\"summary_large_image\" \/>\n<meta name=\"twitter:label1\" content=\"Est. reading time\" \/>\n\t<meta name=\"twitter:data1\" content=\"3 minutes\" \/>\n<script type=\"application\/ld+json\" class=\"yoast-schema-graph\">{\"@context\":\"https:\\\/\\\/schema.org\",\"@graph\":[{\"@type\":\"WebPage\",\"@id\":\"https:\\\/\\\/laugar.is\\\/?page_id=4\",\"url\":\"https:\\\/\\\/laugar.is\\\/?page_id=4\",\"name\":\"SK\u00d3LINN - FRAMHALDSSK\u00d3LINN \u00c1 LAUGUM\",\"isPartOf\":{\"@id\":\"https:\\\/\\\/laugar.is\\\/#website\"},\"primaryImageOfPage\":{\"@id\":\"https:\\\/\\\/laugar.is\\\/?page_id=4#primaryimage\"},\"image\":{\"@id\":\"https:\\\/\\\/laugar.is\\\/?page_id=4#primaryimage\"},\"thumbnailUrl\":\"https:\\\/\\\/laugar.is\\\/wp-content\\\/uploads\\\/2024\\\/04\\\/cropped-laugar_merki_high-300x300.jpg\",\"datePublished\":\"2016-02-05T11:48:41+00:00\",\"dateModified\":\"2025-01-29T15:01:04+00:00\",\"description\":\"Sk\u00f3linn Framhaldssk\u00f3linn \u00e1 Laugum\",\"breadcrumb\":{\"@id\":\"https:\\\/\\\/laugar.is\\\/?page_id=4#breadcrumb\"},\"inLanguage\":\"is\",\"potentialAction\":[{\"@type\":\"ReadAction\",\"target\":[\"https:\\\/\\\/laugar.is\\\/?page_id=4\"]}]},{\"@type\":\"ImageObject\",\"inLanguage\":\"is\",\"@id\":\"https:\\\/\\\/laugar.is\\\/?page_id=4#primaryimage\",\"url\":\"https:\\\/\\\/laugar.is\\\/wp-content\\\/uploads\\\/2024\\\/04\\\/cropped-laugar_merki_high.jpg\",\"contentUrl\":\"https:\\\/\\\/laugar.is\\\/wp-content\\\/uploads\\\/2024\\\/04\\\/cropped-laugar_merki_high.jpg\",\"width\":512,\"height\":512},{\"@type\":\"BreadcrumbList\",\"@id\":\"https:\\\/\\\/laugar.is\\\/?page_id=4#breadcrumb\",\"itemListElement\":[{\"@type\":\"ListItem\",\"position\":1,\"name\":\"Home\",\"item\":\"https:\\\/\\\/laugar.is\\\/\"},{\"@type\":\"ListItem\",\"position\":2,\"name\":\"SK\u00d3LINN\"}]},{\"@type\":\"WebSite\",\"@id\":\"https:\\\/\\\/laugar.is\\\/#website\",\"url\":\"https:\\\/\\\/laugar.is\\\/\",\"name\":\"FRAMHALDSSK\u00d3LINN \u00c1 LAUGUM\",\"description\":\"Metna\u00f0ur - Tr\u00famennska  - Tillitssemi - Gla\u00f0lyndi\",\"publisher\":{\"@id\":\"https:\\\/\\\/laugar.is\\\/#organization\"},\"potentialAction\":[{\"@type\":\"SearchAction\",\"target\":{\"@type\":\"EntryPoint\",\"urlTemplate\":\"https:\\\/\\\/laugar.is\\\/?s={search_term_string}\"},\"query-input\":{\"@type\":\"PropertyValueSpecification\",\"valueRequired\":true,\"valueName\":\"search_term_string\"}}],\"inLanguage\":\"is\"},{\"@type\":\"Organization\",\"@id\":\"https:\\\/\\\/laugar.is\\\/#organization\",\"name\":\"Framhaldssk\u00f3linn \u00e1 Laugum\",\"url\":\"https:\\\/\\\/laugar.is\\\/\",\"logo\":{\"@type\":\"ImageObject\",\"inLanguage\":\"is\",\"@id\":\"https:\\\/\\\/laugar.is\\\/#\\\/schema\\\/logo\\\/image\\\/\",\"url\":\"https:\\\/\\\/laugar.is\\\/wp-content\\\/uploads\\\/2017\\\/01\\\/laugar_merki_antexta-kip.jpg\",\"contentUrl\":\"https:\\\/\\\/laugar.is\\\/wp-content\\\/uploads\\\/2017\\\/01\\\/laugar_merki_antexta-kip.jpg\",\"width\":536,\"height\":551,\"caption\":\"Framhaldssk\u00f3linn \u00e1 Laugum\"},\"image\":{\"@id\":\"https:\\\/\\\/laugar.is\\\/#\\\/schema\\\/logo\\\/image\\\/\"},\"sameAs\":[\"https:\\\/\\\/www.facebook.com\\\/laugaskoli\\\/\"]}]}<\/script>\n<!-- \/ Yoast SEO plugin. -->","yoast_head_json":{"title":"SK\u00d3LINN - FRAMHALDSSK\u00d3LINN \u00c1 LAUGUM","description":"Sk\u00f3linn Framhaldssk\u00f3linn \u00e1 Laugum","robots":{"index":"index","follow":"follow","max-snippet":"max-snippet:-1","max-image-preview":"max-image-preview:large","max-video-preview":"max-video-preview:-1"},"canonical":"https:\/\/laugar.is\/?page_id=4","og_locale":"is_IS","og_type":"article","og_title":"SK\u00d3LINN - FRAMHALDSSK\u00d3LINN \u00c1 LAUGUM","og_description":"Sk\u00f3linn Framhaldssk\u00f3linn \u00e1 Laugum","og_url":"https:\/\/laugar.is\/?page_id=4","og_site_name":"FRAMHALDSSK\u00d3LINN \u00c1 LAUGUM","article_publisher":"https:\/\/www.facebook.com\/laugaskoli\/","article_modified_time":"2025-01-29T15:01:04+00:00","og_image":[{"width":512,"height":512,"url":"https:\/\/laugar.is\/wp-content\/uploads\/2024\/04\/cropped-laugar_merki_high.jpg","type":"image\/jpeg"}],"twitter_card":"summary_large_image","twitter_misc":{"Est. reading time":"3 minutes"},"schema":{"@context":"https:\/\/schema.org","@graph":[{"@type":"WebPage","@id":"https:\/\/laugar.is\/?page_id=4","url":"https:\/\/laugar.is\/?page_id=4","name":"SK\u00d3LINN - FRAMHALDSSK\u00d3LINN \u00c1 LAUGUM","isPartOf":{"@id":"https:\/\/laugar.is\/#website"},"primaryImageOfPage":{"@id":"https:\/\/laugar.is\/?page_id=4#primaryimage"},"image":{"@id":"https:\/\/laugar.is\/?page_id=4#primaryimage"},"thumbnailUrl":"https:\/\/laugar.is\/wp-content\/uploads\/2024\/04\/cropped-laugar_merki_high-300x300.jpg","datePublished":"2016-02-05T11:48:41+00:00","dateModified":"2025-01-29T15:01:04+00:00","description":"Sk\u00f3linn Framhaldssk\u00f3linn \u00e1 Laugum","breadcrumb":{"@id":"https:\/\/laugar.is\/?page_id=4#breadcrumb"},"inLanguage":"is","potentialAction":[{"@type":"ReadAction","target":["https:\/\/laugar.is\/?page_id=4"]}]},{"@type":"ImageObject","inLanguage":"is","@id":"https:\/\/laugar.is\/?page_id=4#primaryimage","url":"https:\/\/laugar.is\/wp-content\/uploads\/2024\/04\/cropped-laugar_merki_high.jpg","contentUrl":"https:\/\/laugar.is\/wp-content\/uploads\/2024\/04\/cropped-laugar_merki_high.jpg","width":512,"height":512},{"@type":"BreadcrumbList","@id":"https:\/\/laugar.is\/?page_id=4#breadcrumb","itemListElement":[{"@type":"ListItem","position":1,"name":"Home","item":"https:\/\/laugar.is\/"},{"@type":"ListItem","position":2,"name":"SK\u00d3LINN"}]},{"@type":"WebSite","@id":"https:\/\/laugar.is\/#website","url":"https:\/\/laugar.is\/","name":"FRAMHALDSSK\u00d3LINN \u00c1 LAUGUM","description":"Metna\u00f0ur - Tr\u00famennska  - Tillitssemi - Gla\u00f0lyndi","publisher":{"@id":"https:\/\/laugar.is\/#organization"},"potentialAction":[{"@type":"SearchAction","target":{"@type":"EntryPoint","urlTemplate":"https:\/\/laugar.is\/?s={search_term_string}"},"query-input":{"@type":"PropertyValueSpecification","valueRequired":true,"valueName":"search_term_string"}}],"inLanguage":"is"},{"@type":"Organization","@id":"https:\/\/laugar.is\/#organization","name":"Framhaldssk\u00f3linn \u00e1 Laugum","url":"https:\/\/laugar.is\/","logo":{"@type":"ImageObject","inLanguage":"is","@id":"https:\/\/laugar.is\/#\/schema\/logo\/image\/","url":"https:\/\/laugar.is\/wp-content\/uploads\/2017\/01\/laugar_merki_antexta-kip.jpg","contentUrl":"https:\/\/laugar.is\/wp-content\/uploads\/2017\/01\/laugar_merki_antexta-kip.jpg","width":536,"height":551,"caption":"Framhaldssk\u00f3linn \u00e1 Laugum"},"image":{"@id":"https:\/\/laugar.is\/#\/schema\/logo\/image\/"},"sameAs":["https:\/\/www.facebook.com\/laugaskoli\/"]}]}},"_links":{"self":[{"href":"https:\/\/laugar.is\/index.php?rest_route=\/wp\/v2\/pages\/4","targetHints":{"allow":["GET"]}}],"collection":[{"href":"https:\/\/laugar.is\/index.php?rest_route=\/wp\/v2\/pages"}],"about":[{"href":"https:\/\/laugar.is\/index.php?rest_route=\/wp\/v2\/types\/page"}],"author":[{"embeddable":true,"href":"https:\/\/laugar.is\/index.php?rest_route=\/wp\/v2\/users\/1"}],"replies":[{"embeddable":true,"href":"https:\/\/laugar.is\/index.php?rest_route=%2Fwp%2Fv2%2Fcomments&post=4"}],"version-history":[{"count":15,"href":"https:\/\/laugar.is\/index.php?rest_route=\/wp\/v2\/pages\/4\/revisions"}],"predecessor-version":[{"id":6462,"href":"https:\/\/laugar.is\/index.php?rest_route=\/wp\/v2\/pages\/4\/revisions\/6462"}],"wp:attachment":[{"href":"https:\/\/laugar.is\/index.php?rest_route=%2Fwp%2Fv2%2Fmedia&parent=4"}],"curies":[{"name":"wp","href":"https:\/\/api.w.org\/{rel}","templated":true}]}}