{"id":3946,"date":"2022-09-13T14:58:05","date_gmt":"2022-09-13T14:58:05","guid":{"rendered":"https:\/\/laugar.is\/?page_id=3946"},"modified":"2024-09-19T14:36:42","modified_gmt":"2024-09-19T14:36:42","slug":"uppsetning-a-nemendaprentara","status":"publish","type":"page","link":"https:\/\/laugar.is\/?page_id=3946","title":{"rendered":"Uppsetning \u00e1 nemendaprentara"},"content":{"rendered":"<p><strong>\u2013 Hvernig \u00e1 a\u00f0 setja upp prentara sk\u00f3lans \u00ed Windows t\u00f6lvu?<\/strong><br \/>\n<strong>\u00dea\u00f0 er au\u00f0velt a\u00f0 setja upp nemendaprentarann sem a\u00f0 er \u00e1 ganginum \u00ed Gamla sk\u00f3la, fyrir framan Bl\u00e1u deild.&nbsp;<\/strong><\/p>\n<p>Prentarinn heitir Lexmark M1140+ og hefur ipt\u00f6luna&nbsp;<strong>10.0.1.75<\/strong><\/p>\n<ul>\n<li><a href=\"https:\/\/downloads.lexmark.com\/downloads\/drivers\/\/Lexmark_Universal_v2_UD1_Installation_Package_05202024.exe\">Prentrekill (driver) fyrir Windows t\u00f6lvur<\/a><\/li>\n<li><a href=\"https:\/\/laugar.is\/wp-content\/uploads\/2022\/09\/prentreklar\/Lexmark_UM1_PrinterSoftware_08042022.dmg\">Prentrekill (driver) fyrir Apple\/mac t\u00f6lvur<\/a><\/li>\n<\/ul>\n<p>Endilega leiti\u00f0 til kerfisstj\u00f3ra til a\u00f0 f\u00e1 a\u00f0sto\u00f0.<\/p>\n<p>Fyrir Apple (Macbook Air og Macbook Pro) t\u00f6lvur er \u00feetta \u00f6rl\u00edti\u00f0 meira m\u00e1l og best a\u00f0 leita til kerfisstj\u00f3ra til a\u00f0 f\u00e1 a\u00f0sto\u00f0 vi\u00f0 uppsetninguna.<br \/>\nMacbook notendur \u00feurfa a\u00f0 passa a\u00f0 t\u00f6lvan s\u00e9 uppf\u00e6r\u00f0, sj\u00e1 lei\u00f0beiningar h\u00e9r: <a href=\"https:\/\/support.apple.com\/en-us\/HT201541\">https:\/\/support.apple.com\/en-us\/HT201541&nbsp;<\/a><\/p>\n<p>Ef kennari gerir kr\u00f6fu um a\u00f0 verkefni s\u00e9 skila\u00f0 sem \u00fatprentun \u00ed lit, \u00fearf a\u00f0 hitta kerfisstj\u00f3ra sem setur \u00fe\u00e1 upp tengingu vi\u00f0 litaprentara sk\u00f3lans. (Canon iR-ADV C3325) hefur ipt\u00f6luna&nbsp;<strong>10.0.1.78<\/strong>&nbsp;og prentrekla m\u00e1 n\u00e1lgast&nbsp;<a href=\"https:\/\/www.canon-europe.com\/support\/products\/imagerunner\/imagerunner-advance-c3325i.aspx\">h\u00e9r.<\/a>)<\/p>\n<p><strong>Eing\u00f6ngu er heimilt a\u00f0 nota prentara sk\u00f3lans til n\u00e1msstarfa<\/strong>. Vinsamlegast ger\u00f0u ritara e\u00f0a kerfisstj\u00f3ra vi\u00f0vart ef prentari er papp\u00edrslaus e\u00f0a a\u00f0rar villumeldingar hamla prentun.<\/p>\n","protected":false},"excerpt":{"rendered":"<p>\u2013 Hvernig \u00e1 a\u00f0 setja upp prentara sk\u00f3lans \u00ed Windows t\u00f6lvu? \u00dea\u00f0 er au\u00f0velt a\u00f0 setja upp nemendaprentarann sem a\u00f0 er \u00e1 ganginum \u00ed Gamla sk\u00f3la, fyrir framan Bl\u00e1u deild.&nbsp; Prentarinn heitir Lexmark M1140+ og hefur ipt\u00f6luna&nbsp;10.0.1.75 Prentrekill (driver) fyrir Windows t\u00f6lvur Prentrekill (driver) fyrir Apple\/mac t\u00f6lvur Endilega leiti\u00f0 til kerfisstj\u00f3ra til a\u00f0 f\u00e1 a\u00f0sto\u00f0. Fyrir Apple (Macbook Air og Macbook Pro) t\u00f6lvur er \u00feetta \u00f6rl\u00edti\u00f0 meira m\u00e1l og best <a class=\"more-link\" href=\"https:\/\/laugar.is\/?page_id=3946\">&#8230;Lestu \u00e1fram<\/a><\/p>\n","protected":false},"author":1,"featured_media":0,"parent":240,"menu_order":0,"comment_status":"closed","ping_status":"closed","template":"","meta":{"_acf_changed":false,"_lmt_disableupdate":"","_lmt_disable":"","ngg_post_thumbnail":0,"footnotes":""},"class_list":["post-3946","page","type-page","status-publish","hentry"],"acf":[],"yoast_head":"<!-- This site is optimized with the Yoast SEO plugin v27.6 - https:\/\/yoast.com\/product\/yoast-seo-wordpress\/ -->\n<title>Uppsetning \u00e1 nemendaprentara - FRAMHALDSSK\u00d3LINN \u00c1 LAUGUM<\/title>\n<meta name=\"robots\" content=\"index, follow, max-snippet:-1, max-image-preview:large, max-video-preview:-1\" \/>\n<link rel=\"canonical\" href=\"https:\/\/laugar.is\/?page_id=3946\" \/>\n<meta property=\"og:locale\" content=\"is_IS\" \/>\n<meta property=\"og:type\" content=\"article\" \/>\n<meta property=\"og:title\" content=\"Uppsetning \u00e1 nemendaprentara - FRAMHALDSSK\u00d3LINN \u00c1 LAUGUM\" \/>\n<meta property=\"og:description\" content=\"\u2013 Hvernig \u00e1 a\u00f0 setja upp prentara sk\u00f3lans \u00ed Windows t\u00f6lvu? \u00dea\u00f0 er au\u00f0velt a\u00f0 setja upp nemendaprentarann sem a\u00f0 er \u00e1 ganginum \u00ed Gamla sk\u00f3la, fyrir framan Bl\u00e1u deild.&nbsp; Prentarinn heitir Lexmark M1140+ og hefur ipt\u00f6luna&nbsp;10.0.1.75 Prentrekill (driver) fyrir Windows t\u00f6lvur Prentrekill (driver) fyrir Apple\/mac t\u00f6lvur Endilega leiti\u00f0 til kerfisstj\u00f3ra til a\u00f0 f\u00e1 a\u00f0sto\u00f0. Fyrir Apple (Macbook Air og Macbook Pro) t\u00f6lvur er \u00feetta \u00f6rl\u00edti\u00f0 meira m\u00e1l og best ...Lestu \u00e1fram\" \/>\n<meta property=\"og:url\" content=\"https:\/\/laugar.is\/?page_id=3946\" \/>\n<meta property=\"og:site_name\" content=\"FRAMHALDSSK\u00d3LINN \u00c1 LAUGUM\" \/>\n<meta property=\"article:publisher\" content=\"https:\/\/www.facebook.com\/laugaskoli\/\" \/>\n<meta property=\"article:modified_time\" content=\"2024-09-19T14:36:42+00:00\" \/>\n<meta name=\"twitter:card\" content=\"summary_large_image\" \/>\n<meta name=\"twitter:label1\" content=\"Est. reading time\" \/>\n\t<meta name=\"twitter:data1\" content=\"1 minute\" \/>\n<script type=\"application\/ld+json\" class=\"yoast-schema-graph\">{\"@context\":\"https:\\\/\\\/schema.org\",\"@graph\":[{\"@type\":\"WebPage\",\"@id\":\"https:\\\/\\\/laugar.is\\\/?page_id=3946\",\"url\":\"https:\\\/\\\/laugar.is\\\/?page_id=3946\",\"name\":\"Uppsetning \u00e1 nemendaprentara - FRAMHALDSSK\u00d3LINN \u00c1 LAUGUM\",\"isPartOf\":{\"@id\":\"https:\\\/\\\/laugar.is\\\/#website\"},\"datePublished\":\"2022-09-13T14:58:05+00:00\",\"dateModified\":\"2024-09-19T14:36:42+00:00\",\"breadcrumb\":{\"@id\":\"https:\\\/\\\/laugar.is\\\/?page_id=3946#breadcrumb\"},\"inLanguage\":\"is\",\"potentialAction\":[{\"@type\":\"ReadAction\",\"target\":[\"https:\\\/\\\/laugar.is\\\/?page_id=3946\"]}]},{\"@type\":\"BreadcrumbList\",\"@id\":\"https:\\\/\\\/laugar.is\\\/?page_id=3946#breadcrumb\",\"itemListElement\":[{\"@type\":\"ListItem\",\"position\":1,\"name\":\"Home\",\"item\":\"https:\\\/\\\/laugar.is\\\/\"},{\"@type\":\"ListItem\",\"position\":2,\"name\":\"\u00deJ\u00d3NUSTA\",\"item\":\"https:\\\/\\\/laugar.is\\\/?page_id=219\"},{\"@type\":\"ListItem\",\"position\":3,\"name\":\"T\u00f6lvulei\u00f0beiningar\",\"item\":\"https:\\\/\\\/laugar.is\\\/?page_id=240\"},{\"@type\":\"ListItem\",\"position\":4,\"name\":\"Uppsetning \u00e1 nemendaprentara\"}]},{\"@type\":\"WebSite\",\"@id\":\"https:\\\/\\\/laugar.is\\\/#website\",\"url\":\"https:\\\/\\\/laugar.is\\\/\",\"name\":\"FRAMHALDSSK\u00d3LINN \u00c1 LAUGUM\",\"description\":\"Metna\u00f0ur - Tr\u00famennska  - Tillitssemi - Gla\u00f0lyndi\",\"publisher\":{\"@id\":\"https:\\\/\\\/laugar.is\\\/#organization\"},\"potentialAction\":[{\"@type\":\"SearchAction\",\"target\":{\"@type\":\"EntryPoint\",\"urlTemplate\":\"https:\\\/\\\/laugar.is\\\/?s={search_term_string}\"},\"query-input\":{\"@type\":\"PropertyValueSpecification\",\"valueRequired\":true,\"valueName\":\"search_term_string\"}}],\"inLanguage\":\"is\"},{\"@type\":\"Organization\",\"@id\":\"https:\\\/\\\/laugar.is\\\/#organization\",\"name\":\"Framhaldssk\u00f3linn \u00e1 Laugum\",\"url\":\"https:\\\/\\\/laugar.is\\\/\",\"logo\":{\"@type\":\"ImageObject\",\"inLanguage\":\"is\",\"@id\":\"https:\\\/\\\/laugar.is\\\/#\\\/schema\\\/logo\\\/image\\\/\",\"url\":\"https:\\\/\\\/laugar.is\\\/wp-content\\\/uploads\\\/2017\\\/01\\\/laugar_merki_antexta-kip.jpg\",\"contentUrl\":\"https:\\\/\\\/laugar.is\\\/wp-content\\\/uploads\\\/2017\\\/01\\\/laugar_merki_antexta-kip.jpg\",\"width\":536,\"height\":551,\"caption\":\"Framhaldssk\u00f3linn \u00e1 Laugum\"},\"image\":{\"@id\":\"https:\\\/\\\/laugar.is\\\/#\\\/schema\\\/logo\\\/image\\\/\"},\"sameAs\":[\"https:\\\/\\\/www.facebook.com\\\/laugaskoli\\\/\"]}]}<\/script>\n<!-- \/ Yoast SEO plugin. -->","yoast_head_json":{"title":"Uppsetning \u00e1 nemendaprentara - FRAMHALDSSK\u00d3LINN \u00c1 LAUGUM","robots":{"index":"index","follow":"follow","max-snippet":"max-snippet:-1","max-image-preview":"max-image-preview:large","max-video-preview":"max-video-preview:-1"},"canonical":"https:\/\/laugar.is\/?page_id=3946","og_locale":"is_IS","og_type":"article","og_title":"Uppsetning \u00e1 nemendaprentara - FRAMHALDSSK\u00d3LINN \u00c1 LAUGUM","og_description":"\u2013 Hvernig \u00e1 a\u00f0 setja upp prentara sk\u00f3lans \u00ed Windows t\u00f6lvu? \u00dea\u00f0 er au\u00f0velt a\u00f0 setja upp nemendaprentarann sem a\u00f0 er \u00e1 ganginum \u00ed Gamla sk\u00f3la, fyrir framan Bl\u00e1u deild.&nbsp; Prentarinn heitir Lexmark M1140+ og hefur ipt\u00f6luna&nbsp;10.0.1.75 Prentrekill (driver) fyrir Windows t\u00f6lvur Prentrekill (driver) fyrir Apple\/mac t\u00f6lvur Endilega leiti\u00f0 til kerfisstj\u00f3ra til a\u00f0 f\u00e1 a\u00f0sto\u00f0. Fyrir Apple (Macbook Air og Macbook Pro) t\u00f6lvur er \u00feetta \u00f6rl\u00edti\u00f0 meira m\u00e1l og best ...Lestu \u00e1fram","og_url":"https:\/\/laugar.is\/?page_id=3946","og_site_name":"FRAMHALDSSK\u00d3LINN \u00c1 LAUGUM","article_publisher":"https:\/\/www.facebook.com\/laugaskoli\/","article_modified_time":"2024-09-19T14:36:42+00:00","twitter_card":"summary_large_image","twitter_misc":{"Est. reading time":"1 minute"},"schema":{"@context":"https:\/\/schema.org","@graph":[{"@type":"WebPage","@id":"https:\/\/laugar.is\/?page_id=3946","url":"https:\/\/laugar.is\/?page_id=3946","name":"Uppsetning \u00e1 nemendaprentara - FRAMHALDSSK\u00d3LINN \u00c1 LAUGUM","isPartOf":{"@id":"https:\/\/laugar.is\/#website"},"datePublished":"2022-09-13T14:58:05+00:00","dateModified":"2024-09-19T14:36:42+00:00","breadcrumb":{"@id":"https:\/\/laugar.is\/?page_id=3946#breadcrumb"},"inLanguage":"is","potentialAction":[{"@type":"ReadAction","target":["https:\/\/laugar.is\/?page_id=3946"]}]},{"@type":"BreadcrumbList","@id":"https:\/\/laugar.is\/?page_id=3946#breadcrumb","itemListElement":[{"@type":"ListItem","position":1,"name":"Home","item":"https:\/\/laugar.is\/"},{"@type":"ListItem","position":2,"name":"\u00deJ\u00d3NUSTA","item":"https:\/\/laugar.is\/?page_id=219"},{"@type":"ListItem","position":3,"name":"T\u00f6lvulei\u00f0beiningar","item":"https:\/\/laugar.is\/?page_id=240"},{"@type":"ListItem","position":4,"name":"Uppsetning \u00e1 nemendaprentara"}]},{"@type":"WebSite","@id":"https:\/\/laugar.is\/#website","url":"https:\/\/laugar.is\/","name":"FRAMHALDSSK\u00d3LINN \u00c1 LAUGUM","description":"Metna\u00f0ur - Tr\u00famennska  - Tillitssemi - Gla\u00f0lyndi","publisher":{"@id":"https:\/\/laugar.is\/#organization"},"potentialAction":[{"@type":"SearchAction","target":{"@type":"EntryPoint","urlTemplate":"https:\/\/laugar.is\/?s={search_term_string}"},"query-input":{"@type":"PropertyValueSpecification","valueRequired":true,"valueName":"search_term_string"}}],"inLanguage":"is"},{"@type":"Organization","@id":"https:\/\/laugar.is\/#organization","name":"Framhaldssk\u00f3linn \u00e1 Laugum","url":"https:\/\/laugar.is\/","logo":{"@type":"ImageObject","inLanguage":"is","@id":"https:\/\/laugar.is\/#\/schema\/logo\/image\/","url":"https:\/\/laugar.is\/wp-content\/uploads\/2017\/01\/laugar_merki_antexta-kip.jpg","contentUrl":"https:\/\/laugar.is\/wp-content\/uploads\/2017\/01\/laugar_merki_antexta-kip.jpg","width":536,"height":551,"caption":"Framhaldssk\u00f3linn \u00e1 Laugum"},"image":{"@id":"https:\/\/laugar.is\/#\/schema\/logo\/image\/"},"sameAs":["https:\/\/www.facebook.com\/laugaskoli\/"]}]}},"_links":{"self":[{"href":"https:\/\/laugar.is\/index.php?rest_route=\/wp\/v2\/pages\/3946","targetHints":{"allow":["GET"]}}],"collection":[{"href":"https:\/\/laugar.is\/index.php?rest_route=\/wp\/v2\/pages"}],"about":[{"href":"https:\/\/laugar.is\/index.php?rest_route=\/wp\/v2\/types\/page"}],"author":[{"embeddable":true,"href":"https:\/\/laugar.is\/index.php?rest_route=\/wp\/v2\/users\/1"}],"replies":[{"embeddable":true,"href":"https:\/\/laugar.is\/index.php?rest_route=%2Fwp%2Fv2%2Fcomments&post=3946"}],"version-history":[{"count":3,"href":"https:\/\/laugar.is\/index.php?rest_route=\/wp\/v2\/pages\/3946\/revisions"}],"predecessor-version":[{"id":7037,"href":"https:\/\/laugar.is\/index.php?rest_route=\/wp\/v2\/pages\/3946\/revisions\/7037"}],"up":[{"embeddable":true,"href":"https:\/\/laugar.is\/index.php?rest_route=\/wp\/v2\/pages\/240"}],"wp:attachment":[{"href":"https:\/\/laugar.is\/index.php?rest_route=%2Fwp%2Fv2%2Fmedia&parent=3946"}],"curies":[{"name":"wp","href":"https:\/\/api.w.org\/{rel}","templated":true}]}}