{"id":360,"date":"2017-01-23T17:33:38","date_gmt":"2017-01-23T17:33:38","guid":{"rendered":"http:\/\/laugar.is\/?page_id=360"},"modified":"2024-06-19T23:06:09","modified_gmt":"2024-06-19T23:06:09","slug":"moodle-og-inna","status":"publish","type":"page","link":"https:\/\/laugar.is\/?page_id=360","title":{"rendered":"Inna"},"content":{"rendered":"<h3><img loading=\"lazy\" decoding=\"async\" class=\"alignnone wp-image-852 size-large\" src=\"https:\/\/laugar.is\/wp-content\/uploads\/2017\/05\/laugar6-1024x683.jpg\" alt=\"\" width=\"800\" height=\"534\" srcset=\"https:\/\/laugar.is\/wp-content\/uploads\/2017\/05\/laugar6-1024x683.jpg 1024w, https:\/\/laugar.is\/wp-content\/uploads\/2017\/05\/laugar6-300x200.jpg 300w, https:\/\/laugar.is\/wp-content\/uploads\/2017\/05\/laugar6-768x512.jpg 768w, https:\/\/laugar.is\/wp-content\/uploads\/2017\/05\/laugar6-400x267.jpg 400w, https:\/\/laugar.is\/wp-content\/uploads\/2017\/05\/laugar6.jpg 2048w\" sizes=\"auto, (max-width: 800px) 100vw, 800px\" \/><\/h3>\n<p>&nbsp;<\/p>\n<h3><strong><em>Inna<\/em> <a href=\"http:\/\/www.inna.is\/\">www.inna.is<\/a><\/strong><\/h3>\n<ul>\n<li>Inna er uppl\u00fdsingakerfi fyrir framhaldssk\u00f3la sem sm\u00ed\u00f0a\u00f0 hefur veri\u00f0 \u00e1 vegum menntam\u00e1lar\u00e1\u00f0uneytisins.<\/li>\n<li>Uppl\u00fdsingakerfi\u00f0 er \u00ed notkun \u00ed flestum framhaldssk\u00f3lum landsins.<\/li>\n<li>\u00cd Innu er haldi\u00f0 utan um skipulag n\u00e1ms, skr\u00e1ningu nemenda, stundat\u00f6flu- og pr\u00f3fat\u00f6fluger\u00f0, n\u00e1msferil og einkunnir.<\/li>\n<li>\u00d6ll skr\u00e1ning, vinnsla og mi\u00f0lun \u00feessara uppl\u00fdsinga fram \u00ed gegnum Neti\u00f0.<\/li>\n<li>Innskr\u00e1ning inn \u00ed Innu fer fram me\u00f0 \u00cdslykli, e\u00f0a rafr\u00e6num skilr\u00edkjum.<\/li>\n<li>H\u00e6gt er a\u00f0 nota &#8222;Microsoft 365&#8220; sk\u00f3lans (@laugar.is netfang \u00feitt) til a\u00f0 skr\u00e1 sig inn me\u00f0 \u00fev\u00ed a\u00f0 fylgja \u00feessum lei\u00f0beiningum: <a href=\"https:\/\/laugar.is\/wp-content\/uploads\/2019\/08\/inna-office365-innskraning.pdf\">inna-office365-innskraning <\/a><\/li>\n<li>Forr\u00e1\u00f0amenn nemenda yngri en 18 \u00e1ra geta fengi\u00f0 a\u00f0gang a\u00f0 Innu, me\u00f0 \u00fev\u00ed a\u00f0 skr\u00e1 sig inn me\u00f0 rafr\u00e6num skilr\u00edkjum e\u00f0a \u00cdslykli.<\/li>\n<\/ul>\n<p>&nbsp;<\/p>\n<p>&nbsp;<\/p>\n<p>&nbsp;<\/p>\n<p>&nbsp;<\/p>\n","protected":false},"excerpt":{"rendered":"<p>&nbsp; Inna www.inna.is Inna er uppl\u00fdsingakerfi fyrir framhaldssk\u00f3la sem sm\u00ed\u00f0a\u00f0 hefur veri\u00f0 \u00e1 vegum menntam\u00e1lar\u00e1\u00f0uneytisins. Uppl\u00fdsingakerfi\u00f0 er \u00ed notkun \u00ed flestum framhaldssk\u00f3lum landsins. \u00cd Innu er haldi\u00f0 utan um skipulag n\u00e1ms, skr\u00e1ningu nemenda, stundat\u00f6flu- og pr\u00f3fat\u00f6fluger\u00f0, n\u00e1msferil og einkunnir. \u00d6ll skr\u00e1ning, vinnsla og mi\u00f0lun \u00feessara uppl\u00fdsinga fram \u00ed gegnum Neti\u00f0. Innskr\u00e1ning inn \u00ed Innu fer fram me\u00f0 \u00cdslykli, e\u00f0a rafr\u00e6num skilr\u00edkjum. H\u00e6gt er a\u00f0 nota &#8222;Microsoft 365&#8220; sk\u00f3lans (@laugar.is netfang <a class=\"more-link\" href=\"https:\/\/laugar.is\/?page_id=360\">&#8230;Lestu \u00e1fram<\/a><\/p>\n","protected":false},"author":1,"featured_media":0,"parent":6,"menu_order":0,"comment_status":"closed","ping_status":"closed","template":"","meta":{"_acf_changed":false,"_lmt_disableupdate":"","_lmt_disable":"","ngg_post_thumbnail":0,"footnotes":""},"class_list":["post-360","page","type-page","status-publish","hentry"],"acf":[],"yoast_head":"<!-- This site is optimized with the Yoast SEO plugin v27.4 - https:\/\/yoast.com\/product\/yoast-seo-wordpress\/ -->\n<title>Inna - FRAMHALDSSK\u00d3LINN \u00c1 LAUGUM<\/title>\n<meta name=\"robots\" content=\"index, follow, max-snippet:-1, max-image-preview:large, max-video-preview:-1\" \/>\n<link rel=\"canonical\" href=\"https:\/\/laugar.is\/?page_id=360\" \/>\n<meta property=\"og:locale\" content=\"is_IS\" \/>\n<meta property=\"og:type\" content=\"article\" \/>\n<meta property=\"og:title\" content=\"Inna - FRAMHALDSSK\u00d3LINN \u00c1 LAUGUM\" \/>\n<meta property=\"og:description\" content=\"&nbsp; Inna www.inna.is Inna er uppl\u00fdsingakerfi fyrir framhaldssk\u00f3la sem sm\u00ed\u00f0a\u00f0 hefur veri\u00f0 \u00e1 vegum menntam\u00e1lar\u00e1\u00f0uneytisins. Uppl\u00fdsingakerfi\u00f0 er \u00ed notkun \u00ed flestum framhaldssk\u00f3lum landsins. \u00cd Innu er haldi\u00f0 utan um skipulag n\u00e1ms, skr\u00e1ningu nemenda, stundat\u00f6flu- og pr\u00f3fat\u00f6fluger\u00f0, n\u00e1msferil og einkunnir. \u00d6ll skr\u00e1ning, vinnsla og mi\u00f0lun \u00feessara uppl\u00fdsinga fram \u00ed gegnum Neti\u00f0. Innskr\u00e1ning inn \u00ed Innu fer fram me\u00f0 \u00cdslykli, e\u00f0a rafr\u00e6num skilr\u00edkjum. H\u00e6gt er a\u00f0 nota &#8222;Microsoft 365&#8220; sk\u00f3lans (@laugar.is netfang ...Lestu \u00e1fram\" \/>\n<meta property=\"og:url\" content=\"https:\/\/laugar.is\/?page_id=360\" \/>\n<meta property=\"og:site_name\" content=\"FRAMHALDSSK\u00d3LINN \u00c1 LAUGUM\" \/>\n<meta property=\"article:publisher\" content=\"https:\/\/www.facebook.com\/laugaskoli\/\" \/>\n<meta property=\"article:modified_time\" content=\"2024-06-19T23:06:09+00:00\" \/>\n<meta property=\"og:image\" content=\"https:\/\/laugar.is\/wp-content\/uploads\/2017\/05\/laugar6-1024x683.jpg\" \/>\n<meta name=\"twitter:card\" content=\"summary_large_image\" \/>\n<meta name=\"twitter:label1\" content=\"Est. reading time\" \/>\n\t<meta name=\"twitter:data1\" content=\"1 minute\" \/>\n<script type=\"application\/ld+json\" class=\"yoast-schema-graph\">{\"@context\":\"https:\\\/\\\/schema.org\",\"@graph\":[{\"@type\":\"WebPage\",\"@id\":\"https:\\\/\\\/laugar.is\\\/?page_id=360\",\"url\":\"https:\\\/\\\/laugar.is\\\/?page_id=360\",\"name\":\"Inna - FRAMHALDSSK\u00d3LINN \u00c1 LAUGUM\",\"isPartOf\":{\"@id\":\"https:\\\/\\\/laugar.is\\\/#website\"},\"primaryImageOfPage\":{\"@id\":\"https:\\\/\\\/laugar.is\\\/?page_id=360#primaryimage\"},\"image\":{\"@id\":\"https:\\\/\\\/laugar.is\\\/?page_id=360#primaryimage\"},\"thumbnailUrl\":\"https:\\\/\\\/laugar.is\\\/wp-content\\\/uploads\\\/2017\\\/05\\\/laugar6-1024x683.jpg\",\"datePublished\":\"2017-01-23T17:33:38+00:00\",\"dateModified\":\"2024-06-19T23:06:09+00:00\",\"breadcrumb\":{\"@id\":\"https:\\\/\\\/laugar.is\\\/?page_id=360#breadcrumb\"},\"inLanguage\":\"is\",\"potentialAction\":[{\"@type\":\"ReadAction\",\"target\":[\"https:\\\/\\\/laugar.is\\\/?page_id=360\"]}]},{\"@type\":\"ImageObject\",\"inLanguage\":\"is\",\"@id\":\"https:\\\/\\\/laugar.is\\\/?page_id=360#primaryimage\",\"url\":\"https:\\\/\\\/laugar.is\\\/wp-content\\\/uploads\\\/2017\\\/05\\\/laugar6.jpg\",\"contentUrl\":\"https:\\\/\\\/laugar.is\\\/wp-content\\\/uploads\\\/2017\\\/05\\\/laugar6.jpg\",\"width\":2048,\"height\":1365},{\"@type\":\"BreadcrumbList\",\"@id\":\"https:\\\/\\\/laugar.is\\\/?page_id=360#breadcrumb\",\"itemListElement\":[{\"@type\":\"ListItem\",\"position\":1,\"name\":\"Home\",\"item\":\"https:\\\/\\\/laugar.is\\\/\"},{\"@type\":\"ListItem\",\"position\":2,\"name\":\"N\u00c1MI\u00d0\",\"item\":\"https:\\\/\\\/laugar.is\\\/?page_id=6\"},{\"@type\":\"ListItem\",\"position\":3,\"name\":\"Inna\"}]},{\"@type\":\"WebSite\",\"@id\":\"https:\\\/\\\/laugar.is\\\/#website\",\"url\":\"https:\\\/\\\/laugar.is\\\/\",\"name\":\"FRAMHALDSSK\u00d3LINN \u00c1 LAUGUM\",\"description\":\"Metna\u00f0ur - Tr\u00famennska  - Tillitssemi - Gla\u00f0lyndi\",\"publisher\":{\"@id\":\"https:\\\/\\\/laugar.is\\\/#organization\"},\"potentialAction\":[{\"@type\":\"SearchAction\",\"target\":{\"@type\":\"EntryPoint\",\"urlTemplate\":\"https:\\\/\\\/laugar.is\\\/?s={search_term_string}\"},\"query-input\":{\"@type\":\"PropertyValueSpecification\",\"valueRequired\":true,\"valueName\":\"search_term_string\"}}],\"inLanguage\":\"is\"},{\"@type\":\"Organization\",\"@id\":\"https:\\\/\\\/laugar.is\\\/#organization\",\"name\":\"Framhaldssk\u00f3linn \u00e1 Laugum\",\"url\":\"https:\\\/\\\/laugar.is\\\/\",\"logo\":{\"@type\":\"ImageObject\",\"inLanguage\":\"is\",\"@id\":\"https:\\\/\\\/laugar.is\\\/#\\\/schema\\\/logo\\\/image\\\/\",\"url\":\"https:\\\/\\\/laugar.is\\\/wp-content\\\/uploads\\\/2017\\\/01\\\/laugar_merki_antexta-kip.jpg\",\"contentUrl\":\"https:\\\/\\\/laugar.is\\\/wp-content\\\/uploads\\\/2017\\\/01\\\/laugar_merki_antexta-kip.jpg\",\"width\":536,\"height\":551,\"caption\":\"Framhaldssk\u00f3linn \u00e1 Laugum\"},\"image\":{\"@id\":\"https:\\\/\\\/laugar.is\\\/#\\\/schema\\\/logo\\\/image\\\/\"},\"sameAs\":[\"https:\\\/\\\/www.facebook.com\\\/laugaskoli\\\/\"]}]}<\/script>\n<!-- \/ Yoast SEO plugin. -->","yoast_head_json":{"title":"Inna - FRAMHALDSSK\u00d3LINN \u00c1 LAUGUM","robots":{"index":"index","follow":"follow","max-snippet":"max-snippet:-1","max-image-preview":"max-image-preview:large","max-video-preview":"max-video-preview:-1"},"canonical":"https:\/\/laugar.is\/?page_id=360","og_locale":"is_IS","og_type":"article","og_title":"Inna - FRAMHALDSSK\u00d3LINN \u00c1 LAUGUM","og_description":"&nbsp; Inna www.inna.is Inna er uppl\u00fdsingakerfi fyrir framhaldssk\u00f3la sem sm\u00ed\u00f0a\u00f0 hefur veri\u00f0 \u00e1 vegum menntam\u00e1lar\u00e1\u00f0uneytisins. Uppl\u00fdsingakerfi\u00f0 er \u00ed notkun \u00ed flestum framhaldssk\u00f3lum landsins. \u00cd Innu er haldi\u00f0 utan um skipulag n\u00e1ms, skr\u00e1ningu nemenda, stundat\u00f6flu- og pr\u00f3fat\u00f6fluger\u00f0, n\u00e1msferil og einkunnir. \u00d6ll skr\u00e1ning, vinnsla og mi\u00f0lun \u00feessara uppl\u00fdsinga fram \u00ed gegnum Neti\u00f0. Innskr\u00e1ning inn \u00ed Innu fer fram me\u00f0 \u00cdslykli, e\u00f0a rafr\u00e6num skilr\u00edkjum. H\u00e6gt er a\u00f0 nota &#8222;Microsoft 365&#8220; sk\u00f3lans (@laugar.is netfang ...Lestu \u00e1fram","og_url":"https:\/\/laugar.is\/?page_id=360","og_site_name":"FRAMHALDSSK\u00d3LINN \u00c1 LAUGUM","article_publisher":"https:\/\/www.facebook.com\/laugaskoli\/","article_modified_time":"2024-06-19T23:06:09+00:00","og_image":[{"url":"https:\/\/laugar.is\/wp-content\/uploads\/2017\/05\/laugar6-1024x683.jpg","type":"","width":"","height":""}],"twitter_card":"summary_large_image","twitter_misc":{"Est. reading time":"1 minute"},"schema":{"@context":"https:\/\/schema.org","@graph":[{"@type":"WebPage","@id":"https:\/\/laugar.is\/?page_id=360","url":"https:\/\/laugar.is\/?page_id=360","name":"Inna - FRAMHALDSSK\u00d3LINN \u00c1 LAUGUM","isPartOf":{"@id":"https:\/\/laugar.is\/#website"},"primaryImageOfPage":{"@id":"https:\/\/laugar.is\/?page_id=360#primaryimage"},"image":{"@id":"https:\/\/laugar.is\/?page_id=360#primaryimage"},"thumbnailUrl":"https:\/\/laugar.is\/wp-content\/uploads\/2017\/05\/laugar6-1024x683.jpg","datePublished":"2017-01-23T17:33:38+00:00","dateModified":"2024-06-19T23:06:09+00:00","breadcrumb":{"@id":"https:\/\/laugar.is\/?page_id=360#breadcrumb"},"inLanguage":"is","potentialAction":[{"@type":"ReadAction","target":["https:\/\/laugar.is\/?page_id=360"]}]},{"@type":"ImageObject","inLanguage":"is","@id":"https:\/\/laugar.is\/?page_id=360#primaryimage","url":"https:\/\/laugar.is\/wp-content\/uploads\/2017\/05\/laugar6.jpg","contentUrl":"https:\/\/laugar.is\/wp-content\/uploads\/2017\/05\/laugar6.jpg","width":2048,"height":1365},{"@type":"BreadcrumbList","@id":"https:\/\/laugar.is\/?page_id=360#breadcrumb","itemListElement":[{"@type":"ListItem","position":1,"name":"Home","item":"https:\/\/laugar.is\/"},{"@type":"ListItem","position":2,"name":"N\u00c1MI\u00d0","item":"https:\/\/laugar.is\/?page_id=6"},{"@type":"ListItem","position":3,"name":"Inna"}]},{"@type":"WebSite","@id":"https:\/\/laugar.is\/#website","url":"https:\/\/laugar.is\/","name":"FRAMHALDSSK\u00d3LINN \u00c1 LAUGUM","description":"Metna\u00f0ur - Tr\u00famennska  - Tillitssemi - Gla\u00f0lyndi","publisher":{"@id":"https:\/\/laugar.is\/#organization"},"potentialAction":[{"@type":"SearchAction","target":{"@type":"EntryPoint","urlTemplate":"https:\/\/laugar.is\/?s={search_term_string}"},"query-input":{"@type":"PropertyValueSpecification","valueRequired":true,"valueName":"search_term_string"}}],"inLanguage":"is"},{"@type":"Organization","@id":"https:\/\/laugar.is\/#organization","name":"Framhaldssk\u00f3linn \u00e1 Laugum","url":"https:\/\/laugar.is\/","logo":{"@type":"ImageObject","inLanguage":"is","@id":"https:\/\/laugar.is\/#\/schema\/logo\/image\/","url":"https:\/\/laugar.is\/wp-content\/uploads\/2017\/01\/laugar_merki_antexta-kip.jpg","contentUrl":"https:\/\/laugar.is\/wp-content\/uploads\/2017\/01\/laugar_merki_antexta-kip.jpg","width":536,"height":551,"caption":"Framhaldssk\u00f3linn \u00e1 Laugum"},"image":{"@id":"https:\/\/laugar.is\/#\/schema\/logo\/image\/"},"sameAs":["https:\/\/www.facebook.com\/laugaskoli\/"]}]}},"_links":{"self":[{"href":"https:\/\/laugar.is\/index.php?rest_route=\/wp\/v2\/pages\/360","targetHints":{"allow":["GET"]}}],"collection":[{"href":"https:\/\/laugar.is\/index.php?rest_route=\/wp\/v2\/pages"}],"about":[{"href":"https:\/\/laugar.is\/index.php?rest_route=\/wp\/v2\/types\/page"}],"author":[{"embeddable":true,"href":"https:\/\/laugar.is\/index.php?rest_route=\/wp\/v2\/users\/1"}],"replies":[{"embeddable":true,"href":"https:\/\/laugar.is\/index.php?rest_route=%2Fwp%2Fv2%2Fcomments&post=360"}],"version-history":[{"count":11,"href":"https:\/\/laugar.is\/index.php?rest_route=\/wp\/v2\/pages\/360\/revisions"}],"predecessor-version":[{"id":6375,"href":"https:\/\/laugar.is\/index.php?rest_route=\/wp\/v2\/pages\/360\/revisions\/6375"}],"up":[{"embeddable":true,"href":"https:\/\/laugar.is\/index.php?rest_route=\/wp\/v2\/pages\/6"}],"wp:attachment":[{"href":"https:\/\/laugar.is\/index.php?rest_route=%2Fwp%2Fv2%2Fmedia&parent=360"}],"curies":[{"name":"wp","href":"https:\/\/api.w.org\/{rel}","templated":true}]}}