{"id":28,"date":"2016-02-15T14:03:27","date_gmt":"2016-02-15T14:03:27","guid":{"rendered":"http:\/\/laugar.is\/?page_id=28"},"modified":"2026-04-14T09:24:24","modified_gmt":"2026-04-14T09:24:24","slug":"simavidtalstimar","status":"publish","type":"page","link":"https:\/\/laugar.is\/?page_id=28","title":{"rendered":"Viltu heyra \u00ed okkur ?"},"content":{"rendered":"<p><strong>Sk\u00f3linn leggur \u00e1herslu \u00e1 gott samstarf sk\u00f3lans og foreldra\/forr\u00e1\u00f0amanna.<\/strong><\/p>\n<p>Ritari sk\u00f3lans svarar \u00ed s\u00edma<strong> 464-6300 <\/strong>alla virka daga fr\u00e1 <strong>8:30-12:30 <\/strong>netfang<strong> solla@laugar.is<\/strong><\/p>\n<p>Ef \u00fe\u00fa vilt heyra \u00ed \u00e1kve\u00f0num starfsm\u00f6nnum er best a\u00f0 senda t\u00f6lvup\u00f3st og bi\u00f0ja \u00fe\u00e1 a\u00f0 hafa samband.&nbsp;<\/p>\n<p><strong>Sk\u00f3lameistari<br \/>\n<\/strong><strong>Sigurbj\u00f6rn \u00c1rni Arngr\u00edmsson<\/strong><br \/>\nS\u00edmi: 464-6301<br \/>\nNetfang: <a href=\"mailto:sarngrim@laugar.is\" data-linkindex=\"0\">sarngrim@laugar.is<\/a><\/p>\n<p><strong>\u00c1fangastj\u00f3ri<\/strong><br \/>\n<strong>Hallur B. Reynisson<\/strong><br \/>\nS\u00edmi: 464-6302 e\u00f0a 848-3242<br \/>\n<a href=\"https:\/\/outlook.office365.com\/owa\/calendar\/fangastjri@FramhaldsskolinnaLaugum.onmicrosoft.com\/bookings\/\">T\u00edmab\u00f3kanir<\/a>&nbsp;<br \/>\nNetfang: <a href=\"mailto:hallur@laugar.is\">hallur@laugar.is<\/a><\/p>\n<p><strong>Fj\u00e1rm\u00e1lastj\u00f3ri<\/strong><br \/>\n<strong>\u00de\u00f3runn Sigtryggsd\u00f3ttir<\/strong><br \/>\nS\u00edmi: 464-6303<br \/>\nNetfang: <a href=\"mailto:fjarmal@laugar.is\">fjarmal@laugar.is<\/a><\/p>\n<p><strong>N\u00e1msr\u00e1\u00f0gjafi<\/strong><br \/>\n<strong>Eygl\u00f3 S\u00f3fusd\u00f3ttir<\/strong><\/p>\n<p>S\u00edmi: 464-6318<br \/>\n<a href=\"https:\/\/login.microsoftonline.com\/common\/oauth2\/authorize?client_id=00000002-0000-0ff1-ce00-000000000000&amp;redirect_uri=https%3a%2f%2foutlook.office365.com%2fowa%2fcalendar%2f&amp;resource=00000002-0000-0ff1-ce00-000000000000&amp;response_mode=form_post&amp;response_type=code+id_token&amp;scope=openid&amp;msafed=1&amp;msaredir=1&amp;client-request-id=b7bdc51c-b480-7df1-9bb2-01a8676e3000&amp;protectedtoken=true&amp;claims=%7b%22id_token%22%3a%7b%22xms_cc%22%3a%7b%22values%22%3a%5b%22CP1%22%5d%7d%7d%7d&amp;nonce=638144738794269942.83544922-1356-4874-8984-cef1f0f6e2c1&amp;state=PYvBEoMgEEO1_R5EcFW89dRTp_-wRVCrsB3A6e93Tz3kJZNM6qqqrqwLq24Z1Th0RgGMnRkn0MPEaEzXA0xaC9X1gwAzgjCTAWGdV771g9NW1fyNkr4oLR4uzpjkE8MH0Z7FhUxLLph8Tv-Ogyvr8manMxz-dudtxWPOeadjixEfeC5naCiGzSbK5EtjKcgX0b7FJcsf&amp;login_hint=olga%40laugar.is&amp;sso_nonce=AwABAAEAAAACAOz_BQD0_zK5g1IlwSzCgcZiFJkyC9yTANNRooIuQoMGpnO1cOmjbvfIjnhp3PVPPKvfKY-X8cAJLIN_CadXYliwLZOIKHUgAA&amp;mscrid=b7bdc51c-b480-7df1-9bb2-01a8676e3000\">T\u00edmab\u00f3kanir<\/a><br \/>\nNetfang:<a href=\"mailto:sisi@laugar.is\" data-linkindex=\"1\">eyglo@laugar.is<\/a><\/p>\n<p>&nbsp;<\/p>\n<p><strong>Brautarstj\u00f3ri almennrar brautar<\/strong><br \/>\n<strong>J\u00f3hanna Eyd\u00eds \u00de\u00f3rarinsd\u00f3ttir<\/strong><br \/>\nS\u00edmi: 464-6304<br \/>\nNetfang: <a href=\"mailto:sverrir@laugar.is\">johannae@laugar.is<\/a><\/p>\n<p><strong>Verkefnastj\u00f3ri Vopnafjar\u00f0ardeildar<\/strong><br \/>\n<strong>Bjarney Gu\u00f0r\u00fan J\u00f3nsd\u00f3ttir<\/strong><br \/>\nS\u00edmi: 864-1206<br \/>\nNetfang: <a href=\"mailto:bjarney@laugar.is\">bjarney@laugar.is<\/a><\/p>\n<p><strong>Lei\u00f0sagnarkennarar nemenda yngri en 18 \u00e1ra<\/strong><\/p>\n<p>Vinsamlegast panti\u00f0 s\u00edmavi\u00f0tal me\u00f0 t\u00f6lvup\u00f3sti<\/p>\n<p><strong>Olga Hjaltal\u00edn Ing\u00f3lfsd\u00f3ttir<\/strong><br \/>\nNetfang: <a href=\"mailto:olga@laugar.is\">olga@laugar.is<\/a><\/p>\n<p><strong>Ragna Hei\u00f0bj\u00f6rt \u00de\u00f3risd\u00f3ttir<\/strong><br \/>\nNetfang: <a href=\"mailto:ragna@laugar.is\">ragna@laugar.is<\/a><\/p>\n<p><strong>Margr\u00e9t Gu\u00f0mundsd\u00f3ttir<\/strong><br \/>\nNetfang: <a href=\"mailto:margret@laugar.is\">margret@laugar.is<\/a><\/p>\n<p><strong>J\u00e1rnbr\u00e1 Bj\u00f6rg J\u00f3nsd\u00f3ttir<\/strong><br \/>\nNetfang: <a href=\"mailto:jarnbra@laugar.is\">jarnbra@laugar.is<\/a><\/p>\n<p><strong>Gu\u00f0n\u00fd Halld\u00f3rsd\u00f3ttir<\/strong><br \/>\nNetfang: <a href=\"mailto:gudny@laugar.is\">gudny@laugar.is<\/a><\/p>\n<p><strong>Freyd\u00eds Anna Arngr\u00edmsd\u00f3ttir<\/strong><br \/>\nNetfang: <a href=\"mailto:freydis@laugar.is\">freydis@laugar.is<\/a><\/p>\n<p><strong>H\u00fasb\u00e6ndur<\/strong> eru \u00e1 vakt<br \/>\nm\u00e1nudaga-fimmtudaga kl 20:00 &#8211; 02:00<br \/>\nf\u00f6studaga og laugardaga kl 19:00 &#8211; 05:00<br \/>\nsunnudaga 19:00 &#8211; 02:00<\/p>\n<p><strong>Inga \u00de\u00f3rey Ing\u00f3lfsd\u00f3ttir&nbsp;<\/strong><br \/>\nS\u00edmi: 824-3486<\/p>\n<p><strong>J\u00f3n Sverrir Sigtryggsson <\/strong><em>( \u00ed leyfi )<\/em><br \/>\nS\u00edmi: 824-3496<\/p>\n<p><strong>Kristr\u00fan Kristj\u00e1nsd\u00f3ttir&nbsp;<\/strong><\/p>\n<p>S\u00edmi: <span data-teams=\"true\">896-9956<\/span><\/p>\n<p><strong>A\u00f0alsteinn M\u00e1r A\u00f0alsteinsson&nbsp;<\/strong><\/p>\n<p>S\u00edmi: 824-6773<\/p>\n<p>&nbsp;<\/p>\n<p><a href=\"https:\/\/laugar.is\/?page_id=15\">ALLIR STARFSMENN&nbsp;<\/a><\/p>\n","protected":false},"excerpt":{"rendered":"<p>Sk\u00f3linn leggur \u00e1herslu \u00e1 gott samstarf sk\u00f3lans og foreldra\/forr\u00e1\u00f0amanna. Ritari sk\u00f3lans svarar \u00ed s\u00edma 464-6300 alla virka daga fr\u00e1 8:30-12:30 netfang solla@laugar.is Ef \u00fe\u00fa vilt heyra \u00ed \u00e1kve\u00f0num starfsm\u00f6nnum er best a\u00f0 senda t\u00f6lvup\u00f3st og bi\u00f0ja \u00fe\u00e1 a\u00f0 hafa samband.&nbsp; Sk\u00f3lameistari Sigurbj\u00f6rn \u00c1rni Arngr\u00edmsson S\u00edmi: 464-6301 Netfang: sarngrim@laugar.is \u00c1fangastj\u00f3ri Hallur B. Reynisson S\u00edmi: 464-6302 e\u00f0a 848-3242 T\u00edmab\u00f3kanir&nbsp; Netfang: hallur@laugar.is Fj\u00e1rm\u00e1lastj\u00f3ri \u00de\u00f3runn Sigtryggsd\u00f3ttir S\u00edmi: 464-6303 Netfang: fjarmal@laugar.is N\u00e1msr\u00e1\u00f0gjafi Eygl\u00f3 S\u00f3fusd\u00f3ttir S\u00edmi: <a class=\"more-link\" href=\"https:\/\/laugar.is\/?page_id=28\">&#8230;Lestu \u00e1fram<\/a><\/p>\n","protected":false},"author":1,"featured_media":0,"parent":219,"menu_order":0,"comment_status":"closed","ping_status":"closed","template":"","meta":{"_acf_changed":false,"_lmt_disableupdate":"","_lmt_disable":"","ngg_post_thumbnail":0,"footnotes":""},"class_list":["post-28","page","type-page","status-publish","hentry"],"acf":[],"yoast_head":"<!-- This site is optimized with the Yoast SEO plugin v27.5 - https:\/\/yoast.com\/product\/yoast-seo-wordpress\/ -->\n<title>Viltu heyra \u00ed okkur ? - FRAMHALDSSK\u00d3LINN \u00c1 LAUGUM<\/title>\n<meta name=\"robots\" content=\"index, follow, max-snippet:-1, max-image-preview:large, max-video-preview:-1\" \/>\n<link rel=\"canonical\" href=\"https:\/\/laugar.is\/?page_id=28\" \/>\n<meta property=\"og:locale\" content=\"is_IS\" \/>\n<meta property=\"og:type\" content=\"article\" \/>\n<meta property=\"og:title\" content=\"Viltu heyra \u00ed okkur ? - FRAMHALDSSK\u00d3LINN \u00c1 LAUGUM\" \/>\n<meta property=\"og:description\" content=\"Sk\u00f3linn leggur \u00e1herslu \u00e1 gott samstarf sk\u00f3lans og foreldra\/forr\u00e1\u00f0amanna. Ritari sk\u00f3lans svarar \u00ed s\u00edma 464-6300 alla virka daga fr\u00e1 8:30-12:30 netfang solla@laugar.is Ef \u00fe\u00fa vilt heyra \u00ed \u00e1kve\u00f0num starfsm\u00f6nnum er best a\u00f0 senda t\u00f6lvup\u00f3st og bi\u00f0ja \u00fe\u00e1 a\u00f0 hafa samband.&nbsp; Sk\u00f3lameistari Sigurbj\u00f6rn \u00c1rni Arngr\u00edmsson S\u00edmi: 464-6301 Netfang: sarngrim@laugar.is \u00c1fangastj\u00f3ri Hallur B. Reynisson S\u00edmi: 464-6302 e\u00f0a 848-3242 T\u00edmab\u00f3kanir&nbsp; Netfang: hallur@laugar.is Fj\u00e1rm\u00e1lastj\u00f3ri \u00de\u00f3runn Sigtryggsd\u00f3ttir S\u00edmi: 464-6303 Netfang: fjarmal@laugar.is N\u00e1msr\u00e1\u00f0gjafi Eygl\u00f3 S\u00f3fusd\u00f3ttir S\u00edmi: ...Lestu \u00e1fram\" \/>\n<meta property=\"og:url\" content=\"https:\/\/laugar.is\/?page_id=28\" \/>\n<meta property=\"og:site_name\" content=\"FRAMHALDSSK\u00d3LINN \u00c1 LAUGUM\" \/>\n<meta property=\"article:publisher\" content=\"https:\/\/www.facebook.com\/laugaskoli\/\" \/>\n<meta property=\"article:modified_time\" content=\"2026-04-14T09:24:24+00:00\" \/>\n<meta name=\"twitter:card\" content=\"summary_large_image\" \/>\n<meta name=\"twitter:label1\" content=\"Est. reading time\" \/>\n\t<meta name=\"twitter:data1\" content=\"1 minute\" \/>\n<script type=\"application\/ld+json\" class=\"yoast-schema-graph\">{\"@context\":\"https:\\\/\\\/schema.org\",\"@graph\":[{\"@type\":\"WebPage\",\"@id\":\"https:\\\/\\\/laugar.is\\\/?page_id=28\",\"url\":\"https:\\\/\\\/laugar.is\\\/?page_id=28\",\"name\":\"Viltu heyra \u00ed okkur ? - FRAMHALDSSK\u00d3LINN \u00c1 LAUGUM\",\"isPartOf\":{\"@id\":\"https:\\\/\\\/laugar.is\\\/#website\"},\"datePublished\":\"2016-02-15T14:03:27+00:00\",\"dateModified\":\"2026-04-14T09:24:24+00:00\",\"breadcrumb\":{\"@id\":\"https:\\\/\\\/laugar.is\\\/?page_id=28#breadcrumb\"},\"inLanguage\":\"is\",\"potentialAction\":[{\"@type\":\"ReadAction\",\"target\":[\"https:\\\/\\\/laugar.is\\\/?page_id=28\"]}]},{\"@type\":\"BreadcrumbList\",\"@id\":\"https:\\\/\\\/laugar.is\\\/?page_id=28#breadcrumb\",\"itemListElement\":[{\"@type\":\"ListItem\",\"position\":1,\"name\":\"Home\",\"item\":\"https:\\\/\\\/laugar.is\\\/\"},{\"@type\":\"ListItem\",\"position\":2,\"name\":\"\u00deJ\u00d3NUSTA\",\"item\":\"https:\\\/\\\/laugar.is\\\/?page_id=219\"},{\"@type\":\"ListItem\",\"position\":3,\"name\":\"Viltu heyra \u00ed okkur ?\"}]},{\"@type\":\"WebSite\",\"@id\":\"https:\\\/\\\/laugar.is\\\/#website\",\"url\":\"https:\\\/\\\/laugar.is\\\/\",\"name\":\"FRAMHALDSSK\u00d3LINN \u00c1 LAUGUM\",\"description\":\"Metna\u00f0ur - Tr\u00famennska  - Tillitssemi - Gla\u00f0lyndi\",\"publisher\":{\"@id\":\"https:\\\/\\\/laugar.is\\\/#organization\"},\"potentialAction\":[{\"@type\":\"SearchAction\",\"target\":{\"@type\":\"EntryPoint\",\"urlTemplate\":\"https:\\\/\\\/laugar.is\\\/?s={search_term_string}\"},\"query-input\":{\"@type\":\"PropertyValueSpecification\",\"valueRequired\":true,\"valueName\":\"search_term_string\"}}],\"inLanguage\":\"is\"},{\"@type\":\"Organization\",\"@id\":\"https:\\\/\\\/laugar.is\\\/#organization\",\"name\":\"Framhaldssk\u00f3linn \u00e1 Laugum\",\"url\":\"https:\\\/\\\/laugar.is\\\/\",\"logo\":{\"@type\":\"ImageObject\",\"inLanguage\":\"is\",\"@id\":\"https:\\\/\\\/laugar.is\\\/#\\\/schema\\\/logo\\\/image\\\/\",\"url\":\"https:\\\/\\\/laugar.is\\\/wp-content\\\/uploads\\\/2017\\\/01\\\/laugar_merki_antexta-kip.jpg\",\"contentUrl\":\"https:\\\/\\\/laugar.is\\\/wp-content\\\/uploads\\\/2017\\\/01\\\/laugar_merki_antexta-kip.jpg\",\"width\":536,\"height\":551,\"caption\":\"Framhaldssk\u00f3linn \u00e1 Laugum\"},\"image\":{\"@id\":\"https:\\\/\\\/laugar.is\\\/#\\\/schema\\\/logo\\\/image\\\/\"},\"sameAs\":[\"https:\\\/\\\/www.facebook.com\\\/laugaskoli\\\/\"]}]}<\/script>\n<!-- \/ Yoast SEO plugin. -->","yoast_head_json":{"title":"Viltu heyra \u00ed okkur ? - FRAMHALDSSK\u00d3LINN \u00c1 LAUGUM","robots":{"index":"index","follow":"follow","max-snippet":"max-snippet:-1","max-image-preview":"max-image-preview:large","max-video-preview":"max-video-preview:-1"},"canonical":"https:\/\/laugar.is\/?page_id=28","og_locale":"is_IS","og_type":"article","og_title":"Viltu heyra \u00ed okkur ? - FRAMHALDSSK\u00d3LINN \u00c1 LAUGUM","og_description":"Sk\u00f3linn leggur \u00e1herslu \u00e1 gott samstarf sk\u00f3lans og foreldra\/forr\u00e1\u00f0amanna. Ritari sk\u00f3lans svarar \u00ed s\u00edma 464-6300 alla virka daga fr\u00e1 8:30-12:30 netfang solla@laugar.is Ef \u00fe\u00fa vilt heyra \u00ed \u00e1kve\u00f0num starfsm\u00f6nnum er best a\u00f0 senda t\u00f6lvup\u00f3st og bi\u00f0ja \u00fe\u00e1 a\u00f0 hafa samband.&nbsp; Sk\u00f3lameistari Sigurbj\u00f6rn \u00c1rni Arngr\u00edmsson S\u00edmi: 464-6301 Netfang: sarngrim@laugar.is \u00c1fangastj\u00f3ri Hallur B. Reynisson S\u00edmi: 464-6302 e\u00f0a 848-3242 T\u00edmab\u00f3kanir&nbsp; Netfang: hallur@laugar.is Fj\u00e1rm\u00e1lastj\u00f3ri \u00de\u00f3runn Sigtryggsd\u00f3ttir S\u00edmi: 464-6303 Netfang: fjarmal@laugar.is N\u00e1msr\u00e1\u00f0gjafi Eygl\u00f3 S\u00f3fusd\u00f3ttir S\u00edmi: ...Lestu \u00e1fram","og_url":"https:\/\/laugar.is\/?page_id=28","og_site_name":"FRAMHALDSSK\u00d3LINN \u00c1 LAUGUM","article_publisher":"https:\/\/www.facebook.com\/laugaskoli\/","article_modified_time":"2026-04-14T09:24:24+00:00","twitter_card":"summary_large_image","twitter_misc":{"Est. reading time":"1 minute"},"schema":{"@context":"https:\/\/schema.org","@graph":[{"@type":"WebPage","@id":"https:\/\/laugar.is\/?page_id=28","url":"https:\/\/laugar.is\/?page_id=28","name":"Viltu heyra \u00ed okkur ? - FRAMHALDSSK\u00d3LINN \u00c1 LAUGUM","isPartOf":{"@id":"https:\/\/laugar.is\/#website"},"datePublished":"2016-02-15T14:03:27+00:00","dateModified":"2026-04-14T09:24:24+00:00","breadcrumb":{"@id":"https:\/\/laugar.is\/?page_id=28#breadcrumb"},"inLanguage":"is","potentialAction":[{"@type":"ReadAction","target":["https:\/\/laugar.is\/?page_id=28"]}]},{"@type":"BreadcrumbList","@id":"https:\/\/laugar.is\/?page_id=28#breadcrumb","itemListElement":[{"@type":"ListItem","position":1,"name":"Home","item":"https:\/\/laugar.is\/"},{"@type":"ListItem","position":2,"name":"\u00deJ\u00d3NUSTA","item":"https:\/\/laugar.is\/?page_id=219"},{"@type":"ListItem","position":3,"name":"Viltu heyra \u00ed okkur ?"}]},{"@type":"WebSite","@id":"https:\/\/laugar.is\/#website","url":"https:\/\/laugar.is\/","name":"FRAMHALDSSK\u00d3LINN \u00c1 LAUGUM","description":"Metna\u00f0ur - Tr\u00famennska  - Tillitssemi - Gla\u00f0lyndi","publisher":{"@id":"https:\/\/laugar.is\/#organization"},"potentialAction":[{"@type":"SearchAction","target":{"@type":"EntryPoint","urlTemplate":"https:\/\/laugar.is\/?s={search_term_string}"},"query-input":{"@type":"PropertyValueSpecification","valueRequired":true,"valueName":"search_term_string"}}],"inLanguage":"is"},{"@type":"Organization","@id":"https:\/\/laugar.is\/#organization","name":"Framhaldssk\u00f3linn \u00e1 Laugum","url":"https:\/\/laugar.is\/","logo":{"@type":"ImageObject","inLanguage":"is","@id":"https:\/\/laugar.is\/#\/schema\/logo\/image\/","url":"https:\/\/laugar.is\/wp-content\/uploads\/2017\/01\/laugar_merki_antexta-kip.jpg","contentUrl":"https:\/\/laugar.is\/wp-content\/uploads\/2017\/01\/laugar_merki_antexta-kip.jpg","width":536,"height":551,"caption":"Framhaldssk\u00f3linn \u00e1 Laugum"},"image":{"@id":"https:\/\/laugar.is\/#\/schema\/logo\/image\/"},"sameAs":["https:\/\/www.facebook.com\/laugaskoli\/"]}]}},"_links":{"self":[{"href":"https:\/\/laugar.is\/index.php?rest_route=\/wp\/v2\/pages\/28","targetHints":{"allow":["GET"]}}],"collection":[{"href":"https:\/\/laugar.is\/index.php?rest_route=\/wp\/v2\/pages"}],"about":[{"href":"https:\/\/laugar.is\/index.php?rest_route=\/wp\/v2\/types\/page"}],"author":[{"embeddable":true,"href":"https:\/\/laugar.is\/index.php?rest_route=\/wp\/v2\/users\/1"}],"replies":[{"embeddable":true,"href":"https:\/\/laugar.is\/index.php?rest_route=%2Fwp%2Fv2%2Fcomments&post=28"}],"version-history":[{"count":30,"href":"https:\/\/laugar.is\/index.php?rest_route=\/wp\/v2\/pages\/28\/revisions"}],"predecessor-version":[{"id":11221,"href":"https:\/\/laugar.is\/index.php?rest_route=\/wp\/v2\/pages\/28\/revisions\/11221"}],"up":[{"embeddable":true,"href":"https:\/\/laugar.is\/index.php?rest_route=\/wp\/v2\/pages\/219"}],"wp:attachment":[{"href":"https:\/\/laugar.is\/index.php?rest_route=%2Fwp%2Fv2%2Fmedia&parent=28"}],"curies":[{"name":"wp","href":"https:\/\/api.w.org\/{rel}","templated":true}]}}