{"id":246,"date":"2017-01-17T20:01:47","date_gmt":"2017-01-17T20:01:47","guid":{"rendered":"http:\/\/laugar.is\/?page_id=246"},"modified":"2024-09-16T11:23:30","modified_gmt":"2024-09-16T11:23:30","slug":"246-2","status":"publish","type":"page","link":"https:\/\/laugar.is\/?page_id=246","title":{"rendered":"\u00devottah\u00fas"},"content":{"rendered":"\n<p> <\/p>\n\n\n\n<p><img loading=\"lazy\" decoding=\"async\" class=\"wp-image-3820 alignleft\" src=\"https:\/\/laugar.is\/wp-content\/uploads\/2022\/08\/LaugaskoliNov2021-100-300x200.jpg\" alt=\"\" width=\"401\" height=\"267\" srcset=\"https:\/\/laugar.is\/wp-content\/uploads\/2022\/08\/LaugaskoliNov2021-100-300x200.jpg 300w, https:\/\/laugar.is\/wp-content\/uploads\/2022\/08\/LaugaskoliNov2021-100-1024x683.jpg 1024w, https:\/\/laugar.is\/wp-content\/uploads\/2022\/08\/LaugaskoliNov2021-100-768x512.jpg 768w, https:\/\/laugar.is\/wp-content\/uploads\/2022\/08\/LaugaskoliNov2021-100-1536x1025.jpg 1536w\" sizes=\"auto, (max-width: 401px) 100vw, 401px\" \/><\/p>\n\n\n\n<hr class=\"wp-block-separator has-alpha-channel-opacity\"\/>\n\n\n\n<h3 class=\"wp-block-heading\">\u00devottastj\u00f3ri er\u00a0<\/h3>\n\n\n\n<h3 class=\"wp-block-heading\"><strong>Hj\u00f6rd\u00eds Sverrisd\u00f3ttir<\/strong><\/h3>\n\n\n\n<p>Netfang:\u00a0hjordis@laugar.is<\/p>\n\n\n\n<p>kjallara Gamla sk\u00f3la er \u00fevottah\u00fas \u00fear sem Hj\u00f6rd\u00eds r\u00e6\u00f0ur r\u00edkjum. Nemendur \u00e1 heimavist f\u00e1 \u00feveginn \u00fevott einu sinni \u00ed viku og f\u00e1 hann svo samanbrotinn, hreinan og f\u00ednan til baka tveimur d\u00f6gum s\u00ed\u00f0ar \u2013 \u00fev\u00edl\u00edk \u00fe\u00e6gindi \u2013 h\u00f3tel mamma hva\u00f0!<\/p>\n\n\n\n<p><strong><em><span class=\"ui-provider eo bju bjv bjw bjx bjy bjz bka bkb bkc bkd bke bkf bkg bkh bki bkj bkk bkl bkm bkn bko bkp bkq bkr bks bkt bku bkv bkw bkx bky bkz bla blb\" dir=\"ltr\">Allir nemendur \u00e1 heimavist grei\u00f0a \u00fevottagjald, nemendur sem b\u00faa utan vista geta sami\u00f0 um a\u00f0 vera \u00ed \u00fevotta\u00fej\u00f3nustu.<\/span><\/em><\/strong><\/p>\n\n\n\n<p><strong>\u00devottadagar:<\/strong><\/p>\n\n\n\n<p><em><strong>\u00c1lfasteinn og Tr\u00f6llasteinn ne\u00f0sta h\u00e6\u00f0<\/strong><\/em><\/p>\n\n\n\n<ul class=\"wp-block-list\">\n<li><em>skila sunnudagskv\u00f6ld (s\u00ed\u00f0asta lagi fyrir kl. 9 \u00e1 m\u00e1nudagsmorgni)<\/em><\/li>\n\n\n\n<li><em>s\u00e6kja \u00ed kaffinu e\u00f0a milli kl 15:30-16:00 \u00e1 \u00feri\u00f0jud\u00f6gum<\/em><\/li>\n<\/ul>\n\n\n\n<p><em><strong>Tr\u00f6llasteinn \u2013&nbsp; mi\u00f0h\u00e6\u00f0<\/strong><\/em><\/p>\n\n\n\n<ul class=\"wp-block-list\">\n<li><em>skila m\u00e1nudagskv\u00f6ld (s\u00ed\u00f0asta lagi fyrir kl. 9 \u00e1 \u00feri\u00f0judagsmorgun)<\/em><\/li>\n\n\n\n<li><em>s\u00e6kja \u00ed kaffinu e\u00f0a milli kl 15:30-16:00 \u00e1 mi\u00f0vikud\u00f6gum&nbsp;<\/em><\/li>\n<\/ul>\n\n\n\n<p><em><strong>Tr\u00f6llasteinn &#8211; efsta h\u00e6\u00f0<\/strong><\/em><\/p>\n\n\n\n<ul class=\"wp-block-list\">\n<li><em>skila \u00feri\u00f0judagskv\u00f6ld (s\u00ed\u00f0asta lagi fyrir kl. 9 \u00e1 mi\u00f0vikudagsmorgun)<\/em><\/li>\n\n\n\n<li><em>s\u00e6kja \u00ed kaffinu e\u00f0a milli kl 15:30-16:00 \u00e1 fimmtud\u00f6gum&nbsp;<\/em><\/li>\n<\/ul>\n\n\n\n<p><em><strong>Fjall<\/strong><\/em><\/p>\n\n\n\n<ul class=\"wp-block-list\">\n<li><em>skila mi\u00f0vikudagskv\u00f6ld (s\u00ed\u00f0asta lagi fyrir kl. 9 \u00e1 fimmtudagsmorgun)<\/em><\/li>\n\n\n\n<li><em>s\u00e6kja \u00ed kaffinu e\u00f0a milli kl 14:30-15:00 \u00e1 f\u00f6stud\u00f6gum<\/em><\/li>\n<\/ul>\n\n\n\n<p><strong>Ef nemendur koma me\u00f0 \u00fevott utan skilat\u00edma f\u00e6rist r\u00e9ttur \u00feeirra aftur um viku nema um anna\u00f0 s\u00e9 sami\u00f0.<\/strong><\/p>\n\n\n\n<p><strong>Mikilv\u00e6g atri\u00f0i<\/strong><\/p>\n\n\n\n<ul class=\"wp-block-list\">\n<li>Mj\u00f6g \u00e1r\u00ed\u00f0andi er a\u00f0 hver nemandi merki \u00fevott sinn vel me\u00f0 \u00fevottan\u00fameri sem honum er \u00fathluta\u00f0.<\/li>\n\n\n\n<li>Nemendur ver\u00f0a a\u00f0 l\u00e1ta vita ef tilteknar fl\u00edkur lita fr\u00e1 s\u00e9r e\u00f0a eru vandme\u00f0farnar \u00e1 annan h\u00e1tt.<\/li>\n\n\n\n<li>Sk\u00f3linn ber enga \u00e1byrg\u00f0 \u00e1 \u00fevotti sem t\u00fdnist e\u00f0a ver\u00f0ur fyrir tj\u00f3ni \u00e1 einhvern h\u00e1tt.<\/li>\n<\/ul>\n\n\n\n<p><\/p>\n\n\n\n<p><\/p>\n\n\n\n<h3 class=\"wp-block-heading\"><\/h3>\n","protected":false},"excerpt":{"rendered":"<p>\u00devottastj\u00f3ri er\u00a0 Hj\u00f6rd\u00eds Sverrisd\u00f3ttir Netfang:\u00a0hjordis@laugar.is kjallara Gamla sk\u00f3la er \u00fevottah\u00fas \u00fear sem Hj\u00f6rd\u00eds r\u00e6\u00f0ur r\u00edkjum. Nemendur \u00e1 heimavist f\u00e1 \u00feveginn \u00fevott einu sinni \u00ed viku og f\u00e1 hann svo samanbrotinn, hreinan og f\u00ednan til baka tveimur d\u00f6gum s\u00ed\u00f0ar \u2013 \u00fev\u00edl\u00edk \u00fe\u00e6gindi \u2013 h\u00f3tel mamma hva\u00f0! Allir nemendur \u00e1 heimavist grei\u00f0a \u00fevottagjald, nemendur sem b\u00faa utan vista geta sami\u00f0 um a\u00f0 vera \u00ed \u00fevotta\u00fej\u00f3nustu. \u00devottadagar: \u00c1lfasteinn og Tr\u00f6llasteinn ne\u00f0sta h\u00e6\u00f0 Tr\u00f6llasteinn <a class=\"more-link\" href=\"https:\/\/laugar.is\/?page_id=246\">&#8230;Lestu \u00e1fram<\/a><\/p>\n","protected":false},"author":1,"featured_media":0,"parent":219,"menu_order":0,"comment_status":"closed","ping_status":"closed","template":"","meta":{"_acf_changed":false,"_lmt_disableupdate":"","_lmt_disable":"","ngg_post_thumbnail":0,"footnotes":""},"class_list":["post-246","page","type-page","status-publish","hentry"],"acf":[],"yoast_head":"<!-- This site is optimized with the Yoast SEO plugin v27.4 - https:\/\/yoast.com\/product\/yoast-seo-wordpress\/ -->\n<title>\u00devottah\u00fas - FRAMHALDSSK\u00d3LINN \u00c1 LAUGUM<\/title>\n<meta name=\"robots\" content=\"index, follow, max-snippet:-1, max-image-preview:large, max-video-preview:-1\" \/>\n<link rel=\"canonical\" href=\"https:\/\/laugar.is\/?page_id=246\" \/>\n<meta property=\"og:locale\" content=\"is_IS\" \/>\n<meta property=\"og:type\" content=\"article\" \/>\n<meta property=\"og:title\" content=\"\u00devottah\u00fas - FRAMHALDSSK\u00d3LINN \u00c1 LAUGUM\" \/>\n<meta property=\"og:description\" content=\"\u00devottastj\u00f3ri er\u00a0 Hj\u00f6rd\u00eds Sverrisd\u00f3ttir Netfang:\u00a0hjordis@laugar.is kjallara Gamla sk\u00f3la er \u00fevottah\u00fas \u00fear sem Hj\u00f6rd\u00eds r\u00e6\u00f0ur r\u00edkjum. Nemendur \u00e1 heimavist f\u00e1 \u00feveginn \u00fevott einu sinni \u00ed viku og f\u00e1 hann svo samanbrotinn, hreinan og f\u00ednan til baka tveimur d\u00f6gum s\u00ed\u00f0ar \u2013 \u00fev\u00edl\u00edk \u00fe\u00e6gindi \u2013 h\u00f3tel mamma hva\u00f0! Allir nemendur \u00e1 heimavist grei\u00f0a \u00fevottagjald, nemendur sem b\u00faa utan vista geta sami\u00f0 um a\u00f0 vera \u00ed \u00fevotta\u00fej\u00f3nustu. \u00devottadagar: \u00c1lfasteinn og Tr\u00f6llasteinn ne\u00f0sta h\u00e6\u00f0 Tr\u00f6llasteinn ...Lestu \u00e1fram\" \/>\n<meta property=\"og:url\" content=\"https:\/\/laugar.is\/?page_id=246\" \/>\n<meta property=\"og:site_name\" content=\"FRAMHALDSSK\u00d3LINN \u00c1 LAUGUM\" \/>\n<meta property=\"article:publisher\" content=\"https:\/\/www.facebook.com\/laugaskoli\/\" \/>\n<meta property=\"article:modified_time\" content=\"2024-09-16T11:23:30+00:00\" \/>\n<meta property=\"og:image\" content=\"https:\/\/laugar.is\/wp-content\/uploads\/2022\/08\/LaugaskoliNov2021-100-300x200.jpg\" \/>\n<meta name=\"twitter:card\" content=\"summary_large_image\" \/>\n<meta name=\"twitter:label1\" content=\"Est. reading time\" \/>\n\t<meta name=\"twitter:data1\" content=\"2 minutes\" \/>\n<script type=\"application\/ld+json\" class=\"yoast-schema-graph\">{\"@context\":\"https:\\\/\\\/schema.org\",\"@graph\":[{\"@type\":\"WebPage\",\"@id\":\"https:\\\/\\\/laugar.is\\\/?page_id=246\",\"url\":\"https:\\\/\\\/laugar.is\\\/?page_id=246\",\"name\":\"\u00devottah\u00fas - FRAMHALDSSK\u00d3LINN \u00c1 LAUGUM\",\"isPartOf\":{\"@id\":\"https:\\\/\\\/laugar.is\\\/#website\"},\"primaryImageOfPage\":{\"@id\":\"https:\\\/\\\/laugar.is\\\/?page_id=246#primaryimage\"},\"image\":{\"@id\":\"https:\\\/\\\/laugar.is\\\/?page_id=246#primaryimage\"},\"thumbnailUrl\":\"https:\\\/\\\/laugar.is\\\/wp-content\\\/uploads\\\/2022\\\/08\\\/LaugaskoliNov2021-100-300x200.jpg\",\"datePublished\":\"2017-01-17T20:01:47+00:00\",\"dateModified\":\"2024-09-16T11:23:30+00:00\",\"breadcrumb\":{\"@id\":\"https:\\\/\\\/laugar.is\\\/?page_id=246#breadcrumb\"},\"inLanguage\":\"is\",\"potentialAction\":[{\"@type\":\"ReadAction\",\"target\":[\"https:\\\/\\\/laugar.is\\\/?page_id=246\"]}]},{\"@type\":\"ImageObject\",\"inLanguage\":\"is\",\"@id\":\"https:\\\/\\\/laugar.is\\\/?page_id=246#primaryimage\",\"url\":\"https:\\\/\\\/laugar.is\\\/wp-content\\\/uploads\\\/2022\\\/08\\\/LaugaskoliNov2021-100.jpg\",\"contentUrl\":\"https:\\\/\\\/laugar.is\\\/wp-content\\\/uploads\\\/2022\\\/08\\\/LaugaskoliNov2021-100.jpg\",\"width\":8192,\"height\":5464},{\"@type\":\"BreadcrumbList\",\"@id\":\"https:\\\/\\\/laugar.is\\\/?page_id=246#breadcrumb\",\"itemListElement\":[{\"@type\":\"ListItem\",\"position\":1,\"name\":\"Home\",\"item\":\"https:\\\/\\\/laugar.is\\\/\"},{\"@type\":\"ListItem\",\"position\":2,\"name\":\"\u00deJ\u00d3NUSTA\",\"item\":\"https:\\\/\\\/laugar.is\\\/?page_id=219\"},{\"@type\":\"ListItem\",\"position\":3,\"name\":\"\u00devottah\u00fas\"}]},{\"@type\":\"WebSite\",\"@id\":\"https:\\\/\\\/laugar.is\\\/#website\",\"url\":\"https:\\\/\\\/laugar.is\\\/\",\"name\":\"FRAMHALDSSK\u00d3LINN \u00c1 LAUGUM\",\"description\":\"Metna\u00f0ur - Tr\u00famennska  - Tillitssemi - Gla\u00f0lyndi\",\"publisher\":{\"@id\":\"https:\\\/\\\/laugar.is\\\/#organization\"},\"potentialAction\":[{\"@type\":\"SearchAction\",\"target\":{\"@type\":\"EntryPoint\",\"urlTemplate\":\"https:\\\/\\\/laugar.is\\\/?s={search_term_string}\"},\"query-input\":{\"@type\":\"PropertyValueSpecification\",\"valueRequired\":true,\"valueName\":\"search_term_string\"}}],\"inLanguage\":\"is\"},{\"@type\":\"Organization\",\"@id\":\"https:\\\/\\\/laugar.is\\\/#organization\",\"name\":\"Framhaldssk\u00f3linn \u00e1 Laugum\",\"url\":\"https:\\\/\\\/laugar.is\\\/\",\"logo\":{\"@type\":\"ImageObject\",\"inLanguage\":\"is\",\"@id\":\"https:\\\/\\\/laugar.is\\\/#\\\/schema\\\/logo\\\/image\\\/\",\"url\":\"https:\\\/\\\/laugar.is\\\/wp-content\\\/uploads\\\/2017\\\/01\\\/laugar_merki_antexta-kip.jpg\",\"contentUrl\":\"https:\\\/\\\/laugar.is\\\/wp-content\\\/uploads\\\/2017\\\/01\\\/laugar_merki_antexta-kip.jpg\",\"width\":536,\"height\":551,\"caption\":\"Framhaldssk\u00f3linn \u00e1 Laugum\"},\"image\":{\"@id\":\"https:\\\/\\\/laugar.is\\\/#\\\/schema\\\/logo\\\/image\\\/\"},\"sameAs\":[\"https:\\\/\\\/www.facebook.com\\\/laugaskoli\\\/\"]}]}<\/script>\n<!-- \/ Yoast SEO plugin. -->","yoast_head_json":{"title":"\u00devottah\u00fas - FRAMHALDSSK\u00d3LINN \u00c1 LAUGUM","robots":{"index":"index","follow":"follow","max-snippet":"max-snippet:-1","max-image-preview":"max-image-preview:large","max-video-preview":"max-video-preview:-1"},"canonical":"https:\/\/laugar.is\/?page_id=246","og_locale":"is_IS","og_type":"article","og_title":"\u00devottah\u00fas - FRAMHALDSSK\u00d3LINN \u00c1 LAUGUM","og_description":"\u00devottastj\u00f3ri er\u00a0 Hj\u00f6rd\u00eds Sverrisd\u00f3ttir Netfang:\u00a0hjordis@laugar.is kjallara Gamla sk\u00f3la er \u00fevottah\u00fas \u00fear sem Hj\u00f6rd\u00eds r\u00e6\u00f0ur r\u00edkjum. Nemendur \u00e1 heimavist f\u00e1 \u00feveginn \u00fevott einu sinni \u00ed viku og f\u00e1 hann svo samanbrotinn, hreinan og f\u00ednan til baka tveimur d\u00f6gum s\u00ed\u00f0ar \u2013 \u00fev\u00edl\u00edk \u00fe\u00e6gindi \u2013 h\u00f3tel mamma hva\u00f0! Allir nemendur \u00e1 heimavist grei\u00f0a \u00fevottagjald, nemendur sem b\u00faa utan vista geta sami\u00f0 um a\u00f0 vera \u00ed \u00fevotta\u00fej\u00f3nustu. \u00devottadagar: \u00c1lfasteinn og Tr\u00f6llasteinn ne\u00f0sta h\u00e6\u00f0 Tr\u00f6llasteinn ...Lestu \u00e1fram","og_url":"https:\/\/laugar.is\/?page_id=246","og_site_name":"FRAMHALDSSK\u00d3LINN \u00c1 LAUGUM","article_publisher":"https:\/\/www.facebook.com\/laugaskoli\/","article_modified_time":"2024-09-16T11:23:30+00:00","og_image":[{"url":"https:\/\/laugar.is\/wp-content\/uploads\/2022\/08\/LaugaskoliNov2021-100-300x200.jpg","type":"","width":"","height":""}],"twitter_card":"summary_large_image","twitter_misc":{"Est. reading time":"2 minutes"},"schema":{"@context":"https:\/\/schema.org","@graph":[{"@type":"WebPage","@id":"https:\/\/laugar.is\/?page_id=246","url":"https:\/\/laugar.is\/?page_id=246","name":"\u00devottah\u00fas - FRAMHALDSSK\u00d3LINN \u00c1 LAUGUM","isPartOf":{"@id":"https:\/\/laugar.is\/#website"},"primaryImageOfPage":{"@id":"https:\/\/laugar.is\/?page_id=246#primaryimage"},"image":{"@id":"https:\/\/laugar.is\/?page_id=246#primaryimage"},"thumbnailUrl":"https:\/\/laugar.is\/wp-content\/uploads\/2022\/08\/LaugaskoliNov2021-100-300x200.jpg","datePublished":"2017-01-17T20:01:47+00:00","dateModified":"2024-09-16T11:23:30+00:00","breadcrumb":{"@id":"https:\/\/laugar.is\/?page_id=246#breadcrumb"},"inLanguage":"is","potentialAction":[{"@type":"ReadAction","target":["https:\/\/laugar.is\/?page_id=246"]}]},{"@type":"ImageObject","inLanguage":"is","@id":"https:\/\/laugar.is\/?page_id=246#primaryimage","url":"https:\/\/laugar.is\/wp-content\/uploads\/2022\/08\/LaugaskoliNov2021-100.jpg","contentUrl":"https:\/\/laugar.is\/wp-content\/uploads\/2022\/08\/LaugaskoliNov2021-100.jpg","width":8192,"height":5464},{"@type":"BreadcrumbList","@id":"https:\/\/laugar.is\/?page_id=246#breadcrumb","itemListElement":[{"@type":"ListItem","position":1,"name":"Home","item":"https:\/\/laugar.is\/"},{"@type":"ListItem","position":2,"name":"\u00deJ\u00d3NUSTA","item":"https:\/\/laugar.is\/?page_id=219"},{"@type":"ListItem","position":3,"name":"\u00devottah\u00fas"}]},{"@type":"WebSite","@id":"https:\/\/laugar.is\/#website","url":"https:\/\/laugar.is\/","name":"FRAMHALDSSK\u00d3LINN \u00c1 LAUGUM","description":"Metna\u00f0ur - Tr\u00famennska  - Tillitssemi - Gla\u00f0lyndi","publisher":{"@id":"https:\/\/laugar.is\/#organization"},"potentialAction":[{"@type":"SearchAction","target":{"@type":"EntryPoint","urlTemplate":"https:\/\/laugar.is\/?s={search_term_string}"},"query-input":{"@type":"PropertyValueSpecification","valueRequired":true,"valueName":"search_term_string"}}],"inLanguage":"is"},{"@type":"Organization","@id":"https:\/\/laugar.is\/#organization","name":"Framhaldssk\u00f3linn \u00e1 Laugum","url":"https:\/\/laugar.is\/","logo":{"@type":"ImageObject","inLanguage":"is","@id":"https:\/\/laugar.is\/#\/schema\/logo\/image\/","url":"https:\/\/laugar.is\/wp-content\/uploads\/2017\/01\/laugar_merki_antexta-kip.jpg","contentUrl":"https:\/\/laugar.is\/wp-content\/uploads\/2017\/01\/laugar_merki_antexta-kip.jpg","width":536,"height":551,"caption":"Framhaldssk\u00f3linn \u00e1 Laugum"},"image":{"@id":"https:\/\/laugar.is\/#\/schema\/logo\/image\/"},"sameAs":["https:\/\/www.facebook.com\/laugaskoli\/"]}]}},"_links":{"self":[{"href":"https:\/\/laugar.is\/index.php?rest_route=\/wp\/v2\/pages\/246","targetHints":{"allow":["GET"]}}],"collection":[{"href":"https:\/\/laugar.is\/index.php?rest_route=\/wp\/v2\/pages"}],"about":[{"href":"https:\/\/laugar.is\/index.php?rest_route=\/wp\/v2\/types\/page"}],"author":[{"embeddable":true,"href":"https:\/\/laugar.is\/index.php?rest_route=\/wp\/v2\/users\/1"}],"replies":[{"embeddable":true,"href":"https:\/\/laugar.is\/index.php?rest_route=%2Fwp%2Fv2%2Fcomments&post=246"}],"version-history":[{"count":7,"href":"https:\/\/laugar.is\/index.php?rest_route=\/wp\/v2\/pages\/246\/revisions"}],"predecessor-version":[{"id":7006,"href":"https:\/\/laugar.is\/index.php?rest_route=\/wp\/v2\/pages\/246\/revisions\/7006"}],"up":[{"embeddable":true,"href":"https:\/\/laugar.is\/index.php?rest_route=\/wp\/v2\/pages\/219"}],"wp:attachment":[{"href":"https:\/\/laugar.is\/index.php?rest_route=%2Fwp%2Fv2%2Fmedia&parent=246"}],"curies":[{"name":"wp","href":"https:\/\/api.w.org\/{rel}","templated":true}]}}