{"id":231,"date":"2017-01-17T19:14:07","date_gmt":"2017-01-17T19:14:07","guid":{"rendered":"http:\/\/laugar.is\/?page_id=231"},"modified":"2025-09-24T08:49:14","modified_gmt":"2025-09-24T08:49:14","slug":"231-2","status":"publish","type":"page","link":"https:\/\/laugar.is\/?page_id=231","title":{"rendered":"H\u00fasb\u00e6ndur"},"content":{"rendered":"<p>H\u00fasb\u00e6ndur eru \u00e1 vakt \u00f6ll kv\u00f6ld vikunnar og eru nemendum innan handar me\u00f0 \u00fdmislegt sem kann a\u00f0 koma upp utan venjulegs sk\u00f3lat\u00edma. \u00deeir sj\u00e1 um a\u00f0 gefa nemendum kv\u00f6ldkaffi&nbsp;og tryggja n\u00e6\u00f0i \u00e1 vistunum \u00e1 kv\u00f6ldin og um n\u00e6tur.<\/p>\n<p><strong>H\u00fasb\u00e6ndur sk\u00f3lans eru:<\/strong><\/p>\n<table style=\"width: 100%; height: 76px;\" border=\"0\" cellspacing=\"2\" cellpadding=\"2\">\n<tbody>\n<tr style=\"height: 19px;\">\n<td style=\"width: 27.116%; height: 19px;\">Kristr\u00fan Kristj\u00e1nsd\u00f3ttir&nbsp;<\/td>\n<td style=\"width: 72.5292%; height: 19px;\"><strong>S\u00edmi: <span data-teams=\"true\">8969956<\/span><\/strong><\/td>\n<\/tr>\n<tr style=\"height: 19px;\">\n<td style=\"width: 27.116%; height: 19px;\">Inga \u00de\u00f3rey Ing\u00f3lfsd\u00f3ttir&nbsp;<\/td>\n<td style=\"width: 72.5292%; height: 19px;\"><strong>S\u00edmi: 824-3486&nbsp;<\/strong><\/td>\n<\/tr>\n<tr style=\"height: 19px;\">\n<td style=\"width: 27.116%; height: 19px;\">J\u00f3n Sverrir Sigtryggsson (\u00ed leyfi )<\/td>\n<td style=\"width: 72.5292%; height: 19px;\"><strong>S\u00edmi: 824-3496<\/strong><\/td>\n<\/tr>\n<tr style=\"height: 19px;\">\n<td style=\"width: 27.116%; height: 19px;\">Sigurbj\u00f6rn M\u00e1r A\u00f0alsteinsson&nbsp;<\/td>\n<td style=\"width: 72.5292%; height: 19px;\"><strong>S\u00edmi: 824-6773<\/strong><\/td>\n<\/tr>\n<\/tbody>\n<\/table>\n<p><strong>H\u00fasb\u00e6ndur<\/strong> <strong>eru \u00e1 vakt<\/strong><br \/>\nm\u00e1nudaga &#8211; fimmtudaga<strong> kl 20:00 &#8211; 02:00<\/strong><br \/>\nf\u00f6studaga og laugardaga <strong>kl 19:00 &#8211; 05:00<\/strong><br \/>\nsunnudaga <strong>19:00 &#8211; 02:00<\/strong><\/p>\n<p><strong>Vaktat\u00f6flu h\u00fasb\u00e6nda<\/strong> m\u00e1 sj\u00e1 \u00e1 uppl\u00fdsingaskj\u00e1 sk\u00f3lans,<a href=\"https:\/\/app.infoskjermen.no\/go\/H9QY2B\">Gangurinn &#8211; infoskjermen.no &nbsp;<\/a>sem og me\u00f0 Pintomind Go appinu.&nbsp;<\/p>\n<p><img loading=\"lazy\" decoding=\"async\" class=\"alignnone wp-image-5148 size-large\" src=\"https:\/\/laugar.is\/wp-content\/uploads\/2024\/01\/OT5A8144-copy-1024x683.jpg\" alt=\"\" width=\"800\" height=\"534\" srcset=\"https:\/\/laugar.is\/wp-content\/uploads\/2024\/01\/OT5A8144-copy-1024x683.jpg 1024w, https:\/\/laugar.is\/wp-content\/uploads\/2024\/01\/OT5A8144-copy-300x200.jpg 300w, https:\/\/laugar.is\/wp-content\/uploads\/2024\/01\/OT5A8144-copy-768x512.jpg 768w, https:\/\/laugar.is\/wp-content\/uploads\/2024\/01\/OT5A8144-copy-1536x1024.jpg 1536w, https:\/\/laugar.is\/wp-content\/uploads\/2024\/01\/OT5A8144-copy-2048x1365.jpg 2048w, https:\/\/laugar.is\/wp-content\/uploads\/2024\/01\/OT5A8144-copy-400x267.jpg 400w\" sizes=\"auto, (max-width: 800px) 100vw, 800px\" \/><\/p>\n","protected":false},"excerpt":{"rendered":"<p>H\u00fasb\u00e6ndur eru \u00e1 vakt \u00f6ll kv\u00f6ld vikunnar og eru nemendum innan handar me\u00f0 \u00fdmislegt sem kann a\u00f0 koma upp utan venjulegs sk\u00f3lat\u00edma. \u00deeir sj\u00e1 um a\u00f0 gefa nemendum kv\u00f6ldkaffi&nbsp;og tryggja n\u00e6\u00f0i \u00e1 vistunum \u00e1 kv\u00f6ldin og um n\u00e6tur. H\u00fasb\u00e6ndur sk\u00f3lans eru: Kristr\u00fan Kristj\u00e1nsd\u00f3ttir&nbsp; S\u00edmi: 8969956 Inga \u00de\u00f3rey Ing\u00f3lfsd\u00f3ttir&nbsp; S\u00edmi: 824-3486&nbsp; J\u00f3n Sverrir Sigtryggsson (\u00ed leyfi ) S\u00edmi: 824-3496 Sigurbj\u00f6rn M\u00e1r A\u00f0alsteinsson&nbsp; S\u00edmi: 824-6773 H\u00fasb\u00e6ndur eru \u00e1 vakt m\u00e1nudaga &#8211; fimmtudaga <a class=\"more-link\" href=\"https:\/\/laugar.is\/?page_id=231\">&#8230;Lestu \u00e1fram<\/a><\/p>\n","protected":false},"author":1,"featured_media":0,"parent":219,"menu_order":0,"comment_status":"closed","ping_status":"closed","template":"","meta":{"_acf_changed":false,"_lmt_disableupdate":"no","_lmt_disable":"no","ngg_post_thumbnail":0,"footnotes":""},"class_list":["post-231","page","type-page","status-publish","hentry"],"acf":[],"yoast_head":"<!-- This site is optimized with the Yoast SEO plugin v27.5 - https:\/\/yoast.com\/product\/yoast-seo-wordpress\/ -->\n<title>H\u00fasb\u00e6ndur - FRAMHALDSSK\u00d3LINN \u00c1 LAUGUM<\/title>\n<meta name=\"robots\" content=\"index, follow, max-snippet:-1, max-image-preview:large, max-video-preview:-1\" \/>\n<link rel=\"canonical\" href=\"https:\/\/laugar.is\/?page_id=231\" \/>\n<meta property=\"og:locale\" content=\"is_IS\" \/>\n<meta property=\"og:type\" content=\"article\" \/>\n<meta property=\"og:title\" content=\"H\u00fasb\u00e6ndur - FRAMHALDSSK\u00d3LINN \u00c1 LAUGUM\" \/>\n<meta property=\"og:description\" content=\"H\u00fasb\u00e6ndur eru \u00e1 vakt \u00f6ll kv\u00f6ld vikunnar og eru nemendum innan handar me\u00f0 \u00fdmislegt sem kann a\u00f0 koma upp utan venjulegs sk\u00f3lat\u00edma. \u00deeir sj\u00e1 um a\u00f0 gefa nemendum kv\u00f6ldkaffi&nbsp;og tryggja n\u00e6\u00f0i \u00e1 vistunum \u00e1 kv\u00f6ldin og um n\u00e6tur. H\u00fasb\u00e6ndur sk\u00f3lans eru: Kristr\u00fan Kristj\u00e1nsd\u00f3ttir&nbsp; S\u00edmi: 8969956 Inga \u00de\u00f3rey Ing\u00f3lfsd\u00f3ttir&nbsp; S\u00edmi: 824-3486&nbsp; J\u00f3n Sverrir Sigtryggsson (\u00ed leyfi ) S\u00edmi: 824-3496 Sigurbj\u00f6rn M\u00e1r A\u00f0alsteinsson&nbsp; S\u00edmi: 824-6773 H\u00fasb\u00e6ndur eru \u00e1 vakt m\u00e1nudaga &#8211; fimmtudaga ...Lestu \u00e1fram\" \/>\n<meta property=\"og:url\" content=\"https:\/\/laugar.is\/?page_id=231\" \/>\n<meta property=\"og:site_name\" content=\"FRAMHALDSSK\u00d3LINN \u00c1 LAUGUM\" \/>\n<meta property=\"article:publisher\" content=\"https:\/\/www.facebook.com\/laugaskoli\/\" \/>\n<meta property=\"article:modified_time\" content=\"2025-09-24T08:49:14+00:00\" \/>\n<meta property=\"og:image\" content=\"https:\/\/laugar.is\/wp-content\/uploads\/2024\/01\/OT5A8144-copy-scaled.jpg\" \/>\n\t<meta property=\"og:image:width\" content=\"2560\" \/>\n\t<meta property=\"og:image:height\" content=\"1707\" \/>\n\t<meta property=\"og:image:type\" content=\"image\/jpeg\" \/>\n<meta name=\"twitter:card\" content=\"summary_large_image\" \/>\n<meta name=\"twitter:label1\" content=\"Est. reading time\" \/>\n\t<meta name=\"twitter:data1\" content=\"1 minute\" \/>\n<script type=\"application\/ld+json\" class=\"yoast-schema-graph\">{\"@context\":\"https:\\\/\\\/schema.org\",\"@graph\":[{\"@type\":\"WebPage\",\"@id\":\"https:\\\/\\\/laugar.is\\\/?page_id=231\",\"url\":\"https:\\\/\\\/laugar.is\\\/?page_id=231\",\"name\":\"H\u00fasb\u00e6ndur - FRAMHALDSSK\u00d3LINN \u00c1 LAUGUM\",\"isPartOf\":{\"@id\":\"https:\\\/\\\/laugar.is\\\/#website\"},\"primaryImageOfPage\":{\"@id\":\"https:\\\/\\\/laugar.is\\\/?page_id=231#primaryimage\"},\"image\":{\"@id\":\"https:\\\/\\\/laugar.is\\\/?page_id=231#primaryimage\"},\"thumbnailUrl\":\"https:\\\/\\\/laugar.is\\\/wp-content\\\/uploads\\\/2024\\\/01\\\/OT5A8144-copy-1024x683.jpg\",\"datePublished\":\"2017-01-17T19:14:07+00:00\",\"dateModified\":\"2025-09-24T08:49:14+00:00\",\"breadcrumb\":{\"@id\":\"https:\\\/\\\/laugar.is\\\/?page_id=231#breadcrumb\"},\"inLanguage\":\"is\",\"potentialAction\":[{\"@type\":\"ReadAction\",\"target\":[\"https:\\\/\\\/laugar.is\\\/?page_id=231\"]}]},{\"@type\":\"ImageObject\",\"inLanguage\":\"is\",\"@id\":\"https:\\\/\\\/laugar.is\\\/?page_id=231#primaryimage\",\"url\":\"https:\\\/\\\/laugar.is\\\/wp-content\\\/uploads\\\/2024\\\/01\\\/OT5A8144-copy-scaled.jpg\",\"contentUrl\":\"https:\\\/\\\/laugar.is\\\/wp-content\\\/uploads\\\/2024\\\/01\\\/OT5A8144-copy-scaled.jpg\",\"width\":2560,\"height\":1707},{\"@type\":\"BreadcrumbList\",\"@id\":\"https:\\\/\\\/laugar.is\\\/?page_id=231#breadcrumb\",\"itemListElement\":[{\"@type\":\"ListItem\",\"position\":1,\"name\":\"Home\",\"item\":\"https:\\\/\\\/laugar.is\\\/\"},{\"@type\":\"ListItem\",\"position\":2,\"name\":\"\u00deJ\u00d3NUSTA\",\"item\":\"https:\\\/\\\/laugar.is\\\/?page_id=219\"},{\"@type\":\"ListItem\",\"position\":3,\"name\":\"H\u00fasb\u00e6ndur\"}]},{\"@type\":\"WebSite\",\"@id\":\"https:\\\/\\\/laugar.is\\\/#website\",\"url\":\"https:\\\/\\\/laugar.is\\\/\",\"name\":\"FRAMHALDSSK\u00d3LINN \u00c1 LAUGUM\",\"description\":\"Metna\u00f0ur - Tr\u00famennska  - Tillitssemi - Gla\u00f0lyndi\",\"publisher\":{\"@id\":\"https:\\\/\\\/laugar.is\\\/#organization\"},\"potentialAction\":[{\"@type\":\"SearchAction\",\"target\":{\"@type\":\"EntryPoint\",\"urlTemplate\":\"https:\\\/\\\/laugar.is\\\/?s={search_term_string}\"},\"query-input\":{\"@type\":\"PropertyValueSpecification\",\"valueRequired\":true,\"valueName\":\"search_term_string\"}}],\"inLanguage\":\"is\"},{\"@type\":\"Organization\",\"@id\":\"https:\\\/\\\/laugar.is\\\/#organization\",\"name\":\"Framhaldssk\u00f3linn \u00e1 Laugum\",\"url\":\"https:\\\/\\\/laugar.is\\\/\",\"logo\":{\"@type\":\"ImageObject\",\"inLanguage\":\"is\",\"@id\":\"https:\\\/\\\/laugar.is\\\/#\\\/schema\\\/logo\\\/image\\\/\",\"url\":\"https:\\\/\\\/laugar.is\\\/wp-content\\\/uploads\\\/2017\\\/01\\\/laugar_merki_antexta-kip.jpg\",\"contentUrl\":\"https:\\\/\\\/laugar.is\\\/wp-content\\\/uploads\\\/2017\\\/01\\\/laugar_merki_antexta-kip.jpg\",\"width\":536,\"height\":551,\"caption\":\"Framhaldssk\u00f3linn \u00e1 Laugum\"},\"image\":{\"@id\":\"https:\\\/\\\/laugar.is\\\/#\\\/schema\\\/logo\\\/image\\\/\"},\"sameAs\":[\"https:\\\/\\\/www.facebook.com\\\/laugaskoli\\\/\"]}]}<\/script>\n<!-- \/ Yoast SEO plugin. -->","yoast_head_json":{"title":"H\u00fasb\u00e6ndur - FRAMHALDSSK\u00d3LINN \u00c1 LAUGUM","robots":{"index":"index","follow":"follow","max-snippet":"max-snippet:-1","max-image-preview":"max-image-preview:large","max-video-preview":"max-video-preview:-1"},"canonical":"https:\/\/laugar.is\/?page_id=231","og_locale":"is_IS","og_type":"article","og_title":"H\u00fasb\u00e6ndur - FRAMHALDSSK\u00d3LINN \u00c1 LAUGUM","og_description":"H\u00fasb\u00e6ndur eru \u00e1 vakt \u00f6ll kv\u00f6ld vikunnar og eru nemendum innan handar me\u00f0 \u00fdmislegt sem kann a\u00f0 koma upp utan venjulegs sk\u00f3lat\u00edma. \u00deeir sj\u00e1 um a\u00f0 gefa nemendum kv\u00f6ldkaffi&nbsp;og tryggja n\u00e6\u00f0i \u00e1 vistunum \u00e1 kv\u00f6ldin og um n\u00e6tur. H\u00fasb\u00e6ndur sk\u00f3lans eru: Kristr\u00fan Kristj\u00e1nsd\u00f3ttir&nbsp; S\u00edmi: 8969956 Inga \u00de\u00f3rey Ing\u00f3lfsd\u00f3ttir&nbsp; S\u00edmi: 824-3486&nbsp; J\u00f3n Sverrir Sigtryggsson (\u00ed leyfi ) S\u00edmi: 824-3496 Sigurbj\u00f6rn M\u00e1r A\u00f0alsteinsson&nbsp; S\u00edmi: 824-6773 H\u00fasb\u00e6ndur eru \u00e1 vakt m\u00e1nudaga &#8211; fimmtudaga ...Lestu \u00e1fram","og_url":"https:\/\/laugar.is\/?page_id=231","og_site_name":"FRAMHALDSSK\u00d3LINN \u00c1 LAUGUM","article_publisher":"https:\/\/www.facebook.com\/laugaskoli\/","article_modified_time":"2025-09-24T08:49:14+00:00","og_image":[{"width":2560,"height":1707,"url":"https:\/\/laugar.is\/wp-content\/uploads\/2024\/01\/OT5A8144-copy-scaled.jpg","type":"image\/jpeg"}],"twitter_card":"summary_large_image","twitter_misc":{"Est. reading time":"1 minute"},"schema":{"@context":"https:\/\/schema.org","@graph":[{"@type":"WebPage","@id":"https:\/\/laugar.is\/?page_id=231","url":"https:\/\/laugar.is\/?page_id=231","name":"H\u00fasb\u00e6ndur - FRAMHALDSSK\u00d3LINN \u00c1 LAUGUM","isPartOf":{"@id":"https:\/\/laugar.is\/#website"},"primaryImageOfPage":{"@id":"https:\/\/laugar.is\/?page_id=231#primaryimage"},"image":{"@id":"https:\/\/laugar.is\/?page_id=231#primaryimage"},"thumbnailUrl":"https:\/\/laugar.is\/wp-content\/uploads\/2024\/01\/OT5A8144-copy-1024x683.jpg","datePublished":"2017-01-17T19:14:07+00:00","dateModified":"2025-09-24T08:49:14+00:00","breadcrumb":{"@id":"https:\/\/laugar.is\/?page_id=231#breadcrumb"},"inLanguage":"is","potentialAction":[{"@type":"ReadAction","target":["https:\/\/laugar.is\/?page_id=231"]}]},{"@type":"ImageObject","inLanguage":"is","@id":"https:\/\/laugar.is\/?page_id=231#primaryimage","url":"https:\/\/laugar.is\/wp-content\/uploads\/2024\/01\/OT5A8144-copy-scaled.jpg","contentUrl":"https:\/\/laugar.is\/wp-content\/uploads\/2024\/01\/OT5A8144-copy-scaled.jpg","width":2560,"height":1707},{"@type":"BreadcrumbList","@id":"https:\/\/laugar.is\/?page_id=231#breadcrumb","itemListElement":[{"@type":"ListItem","position":1,"name":"Home","item":"https:\/\/laugar.is\/"},{"@type":"ListItem","position":2,"name":"\u00deJ\u00d3NUSTA","item":"https:\/\/laugar.is\/?page_id=219"},{"@type":"ListItem","position":3,"name":"H\u00fasb\u00e6ndur"}]},{"@type":"WebSite","@id":"https:\/\/laugar.is\/#website","url":"https:\/\/laugar.is\/","name":"FRAMHALDSSK\u00d3LINN \u00c1 LAUGUM","description":"Metna\u00f0ur - Tr\u00famennska  - Tillitssemi - Gla\u00f0lyndi","publisher":{"@id":"https:\/\/laugar.is\/#organization"},"potentialAction":[{"@type":"SearchAction","target":{"@type":"EntryPoint","urlTemplate":"https:\/\/laugar.is\/?s={search_term_string}"},"query-input":{"@type":"PropertyValueSpecification","valueRequired":true,"valueName":"search_term_string"}}],"inLanguage":"is"},{"@type":"Organization","@id":"https:\/\/laugar.is\/#organization","name":"Framhaldssk\u00f3linn \u00e1 Laugum","url":"https:\/\/laugar.is\/","logo":{"@type":"ImageObject","inLanguage":"is","@id":"https:\/\/laugar.is\/#\/schema\/logo\/image\/","url":"https:\/\/laugar.is\/wp-content\/uploads\/2017\/01\/laugar_merki_antexta-kip.jpg","contentUrl":"https:\/\/laugar.is\/wp-content\/uploads\/2017\/01\/laugar_merki_antexta-kip.jpg","width":536,"height":551,"caption":"Framhaldssk\u00f3linn \u00e1 Laugum"},"image":{"@id":"https:\/\/laugar.is\/#\/schema\/logo\/image\/"},"sameAs":["https:\/\/www.facebook.com\/laugaskoli\/"]}]}},"_links":{"self":[{"href":"https:\/\/laugar.is\/index.php?rest_route=\/wp\/v2\/pages\/231","targetHints":{"allow":["GET"]}}],"collection":[{"href":"https:\/\/laugar.is\/index.php?rest_route=\/wp\/v2\/pages"}],"about":[{"href":"https:\/\/laugar.is\/index.php?rest_route=\/wp\/v2\/types\/page"}],"author":[{"embeddable":true,"href":"https:\/\/laugar.is\/index.php?rest_route=\/wp\/v2\/users\/1"}],"replies":[{"embeddable":true,"href":"https:\/\/laugar.is\/index.php?rest_route=%2Fwp%2Fv2%2Fcomments&post=231"}],"version-history":[{"count":14,"href":"https:\/\/laugar.is\/index.php?rest_route=\/wp\/v2\/pages\/231\/revisions"}],"predecessor-version":[{"id":9335,"href":"https:\/\/laugar.is\/index.php?rest_route=\/wp\/v2\/pages\/231\/revisions\/9335"}],"up":[{"embeddable":true,"href":"https:\/\/laugar.is\/index.php?rest_route=\/wp\/v2\/pages\/219"}],"wp:attachment":[{"href":"https:\/\/laugar.is\/index.php?rest_route=%2Fwp%2Fv2%2Fmedia&parent=231"}],"curies":[{"name":"wp","href":"https:\/\/api.w.org\/{rel}","templated":true}]}}