{"id":229,"date":"2017-01-17T19:11:24","date_gmt":"2017-01-17T19:11:24","guid":{"rendered":"http:\/\/laugar.is\/?page_id=229"},"modified":"2024-09-16T11:23:16","modified_gmt":"2024-09-16T11:23:16","slug":"heilsugaesla","status":"publish","type":"page","link":"https:\/\/laugar.is\/?page_id=229","title":{"rendered":"Heilsug\u00e6sla"},"content":{"rendered":"<p><strong>Heilsug\u00e6slul\u00e6knir fr\u00e1 H\u00fasav\u00edk&nbsp;<\/strong><\/p>\n<p>\u00c1 fimmtud\u00f6gum kemur&nbsp;heilsug\u00e6slul\u00e6knir fr\u00e1 H\u00fasav\u00edk \u00ed Laugar. Nemendur panta t\u00edma hj\u00e1 heilsug\u00e6slust\u00f6\u00f0inni \u00e1 H\u00fasav\u00edk, \u00feurfi \u00feeir \u00e1 \u00feessari \u00fej\u00f3nustu a\u00f0 halda, e\u00f0a bi\u00f0ja ritara um a\u00f0 panta fyrir sig t\u00edma. S\u00edmi heilsug\u00e6slunnar \u00e1 H\u00fasav\u00edk: 432-4800<\/p>\n<p><strong>Sk\u00f3lahj\u00fakrunarfr\u00e6\u00f0ingur&nbsp;<\/strong><\/p>\n<p>Sk\u00f3lahj\u00fakrunarfr\u00e6\u00f0ingur er til vi\u00f0tals \u00ed sk\u00f3lanum alla mi\u00f0vikudaga fr\u00e1 10:00-12:00. Nemendur panta t\u00edma hj\u00e1 sk\u00f3lahj\u00fakrunarfr\u00e6\u00f0ingi \u00ed gegnum TEAMS e\u00f0a f\u00e1 a\u00f0sto\u00f0 hj\u00e1 ritara. Teki\u00f0 skal fram a\u00f0 ef um br\u00e1\u00f0atilfelli er a\u00f0 r\u00e6\u00f0a geta starfsmenn sk\u00f3lans a\u00f0sto\u00f0a\u00f0 nemendur vi\u00f0 a\u00f0 komast \u00ed samband vi\u00f0 l\u00e6kni.&nbsp;<\/p>\n<p><strong>S\u00e1lfr\u00e6\u00f0ingur<\/strong><\/p>\n<p>S\u00e1lfr\u00e6\u00f0ingur er til vi\u00f0tals \u00e1 2-3 vikna fresti, eftir samkomulagi. Nemendur f\u00e1 tvo vi\u00f0talst\u00edma \u00feeim a\u00f0 kostna\u00f0arlausu en eftir \u00fea\u00f0 grei\u00f0a nemendur sj\u00e1lfir fyrir vi\u00f0t\u00f6lin. Nemendur panta t\u00edma hj\u00e1 sk\u00f3las\u00e1lfr\u00e6\u00f0ingi \u00ed gegnum TEAMS e\u00f0a f\u00e1 a\u00f0sto\u00f0 hj\u00e1 ritara.<\/p>\n<p><img loading=\"lazy\" decoding=\"async\" class=\"alignnone wp-image-991 size-large\" src=\"https:\/\/laugar.is\/wp-content\/uploads\/2017\/09\/laugaskoli-haustlitir-1024x683.jpg\" alt=\"\" width=\"800\" height=\"534\" srcset=\"https:\/\/laugar.is\/wp-content\/uploads\/2017\/09\/laugaskoli-haustlitir-1024x683.jpg 1024w, https:\/\/laugar.is\/wp-content\/uploads\/2017\/09\/laugaskoli-haustlitir-300x200.jpg 300w, https:\/\/laugar.is\/wp-content\/uploads\/2017\/09\/laugaskoli-haustlitir-768x512.jpg 768w, https:\/\/laugar.is\/wp-content\/uploads\/2017\/09\/laugaskoli-haustlitir-400x267.jpg 400w, https:\/\/laugar.is\/wp-content\/uploads\/2017\/09\/laugaskoli-haustlitir.jpg 2048w\" sizes=\"auto, (max-width: 800px) 100vw, 800px\" \/><\/p>\n<p>&nbsp;<\/p>\n<p>&nbsp;<\/p>\n","protected":false},"excerpt":{"rendered":"<p>Heilsug\u00e6slul\u00e6knir fr\u00e1 H\u00fasav\u00edk&nbsp; \u00c1 fimmtud\u00f6gum kemur&nbsp;heilsug\u00e6slul\u00e6knir fr\u00e1 H\u00fasav\u00edk \u00ed Laugar. Nemendur panta t\u00edma hj\u00e1 heilsug\u00e6slust\u00f6\u00f0inni \u00e1 H\u00fasav\u00edk, \u00feurfi \u00feeir \u00e1 \u00feessari \u00fej\u00f3nustu a\u00f0 halda, e\u00f0a bi\u00f0ja ritara um a\u00f0 panta fyrir sig t\u00edma. S\u00edmi heilsug\u00e6slunnar \u00e1 H\u00fasav\u00edk: 432-4800 Sk\u00f3lahj\u00fakrunarfr\u00e6\u00f0ingur&nbsp; Sk\u00f3lahj\u00fakrunarfr\u00e6\u00f0ingur er til vi\u00f0tals \u00ed sk\u00f3lanum alla mi\u00f0vikudaga fr\u00e1 10:00-12:00. Nemendur panta t\u00edma hj\u00e1 sk\u00f3lahj\u00fakrunarfr\u00e6\u00f0ingi \u00ed gegnum TEAMS e\u00f0a f\u00e1 a\u00f0sto\u00f0 hj\u00e1 ritara. Teki\u00f0 skal fram a\u00f0 ef um br\u00e1\u00f0atilfelli er <a class=\"more-link\" href=\"https:\/\/laugar.is\/?page_id=229\">&#8230;Lestu \u00e1fram<\/a><\/p>\n","protected":false},"author":1,"featured_media":0,"parent":219,"menu_order":0,"comment_status":"closed","ping_status":"closed","template":"","meta":{"_acf_changed":false,"_lmt_disableupdate":"","_lmt_disable":"","ngg_post_thumbnail":0,"footnotes":""},"class_list":["post-229","page","type-page","status-publish","hentry"],"acf":[],"yoast_head":"<!-- This site is optimized with the Yoast SEO plugin v27.5 - https:\/\/yoast.com\/product\/yoast-seo-wordpress\/ -->\n<title>Heilsug\u00e6sla - FRAMHALDSSK\u00d3LINN \u00c1 LAUGUM<\/title>\n<meta name=\"robots\" content=\"index, follow, max-snippet:-1, max-image-preview:large, max-video-preview:-1\" \/>\n<link rel=\"canonical\" href=\"https:\/\/laugar.is\/?page_id=229\" \/>\n<meta property=\"og:locale\" content=\"is_IS\" \/>\n<meta property=\"og:type\" content=\"article\" \/>\n<meta property=\"og:title\" content=\"Heilsug\u00e6sla - FRAMHALDSSK\u00d3LINN \u00c1 LAUGUM\" \/>\n<meta property=\"og:description\" content=\"Heilsug\u00e6slul\u00e6knir fr\u00e1 H\u00fasav\u00edk&nbsp; \u00c1 fimmtud\u00f6gum kemur&nbsp;heilsug\u00e6slul\u00e6knir fr\u00e1 H\u00fasav\u00edk \u00ed Laugar. Nemendur panta t\u00edma hj\u00e1 heilsug\u00e6slust\u00f6\u00f0inni \u00e1 H\u00fasav\u00edk, \u00feurfi \u00feeir \u00e1 \u00feessari \u00fej\u00f3nustu a\u00f0 halda, e\u00f0a bi\u00f0ja ritara um a\u00f0 panta fyrir sig t\u00edma. S\u00edmi heilsug\u00e6slunnar \u00e1 H\u00fasav\u00edk: 432-4800 Sk\u00f3lahj\u00fakrunarfr\u00e6\u00f0ingur&nbsp; Sk\u00f3lahj\u00fakrunarfr\u00e6\u00f0ingur er til vi\u00f0tals \u00ed sk\u00f3lanum alla mi\u00f0vikudaga fr\u00e1 10:00-12:00. Nemendur panta t\u00edma hj\u00e1 sk\u00f3lahj\u00fakrunarfr\u00e6\u00f0ingi \u00ed gegnum TEAMS e\u00f0a f\u00e1 a\u00f0sto\u00f0 hj\u00e1 ritara. Teki\u00f0 skal fram a\u00f0 ef um br\u00e1\u00f0atilfelli er ...Lestu \u00e1fram\" \/>\n<meta property=\"og:url\" content=\"https:\/\/laugar.is\/?page_id=229\" \/>\n<meta property=\"og:site_name\" content=\"FRAMHALDSSK\u00d3LINN \u00c1 LAUGUM\" \/>\n<meta property=\"article:publisher\" content=\"https:\/\/www.facebook.com\/laugaskoli\/\" \/>\n<meta property=\"article:modified_time\" content=\"2024-09-16T11:23:16+00:00\" \/>\n<meta property=\"og:image\" content=\"https:\/\/laugar.is\/wp-content\/uploads\/2017\/09\/laugaskoli-haustlitir-1024x683.jpg\" \/>\n<meta name=\"twitter:card\" content=\"summary_large_image\" \/>\n<meta name=\"twitter:label1\" content=\"Est. reading time\" \/>\n\t<meta name=\"twitter:data1\" content=\"1 minute\" \/>\n<script type=\"application\/ld+json\" class=\"yoast-schema-graph\">{\"@context\":\"https:\\\/\\\/schema.org\",\"@graph\":[{\"@type\":\"WebPage\",\"@id\":\"https:\\\/\\\/laugar.is\\\/?page_id=229\",\"url\":\"https:\\\/\\\/laugar.is\\\/?page_id=229\",\"name\":\"Heilsug\u00e6sla - FRAMHALDSSK\u00d3LINN \u00c1 LAUGUM\",\"isPartOf\":{\"@id\":\"https:\\\/\\\/laugar.is\\\/#website\"},\"primaryImageOfPage\":{\"@id\":\"https:\\\/\\\/laugar.is\\\/?page_id=229#primaryimage\"},\"image\":{\"@id\":\"https:\\\/\\\/laugar.is\\\/?page_id=229#primaryimage\"},\"thumbnailUrl\":\"https:\\\/\\\/laugar.is\\\/wp-content\\\/uploads\\\/2017\\\/09\\\/laugaskoli-haustlitir-1024x683.jpg\",\"datePublished\":\"2017-01-17T19:11:24+00:00\",\"dateModified\":\"2024-09-16T11:23:16+00:00\",\"breadcrumb\":{\"@id\":\"https:\\\/\\\/laugar.is\\\/?page_id=229#breadcrumb\"},\"inLanguage\":\"is\",\"potentialAction\":[{\"@type\":\"ReadAction\",\"target\":[\"https:\\\/\\\/laugar.is\\\/?page_id=229\"]}]},{\"@type\":\"ImageObject\",\"inLanguage\":\"is\",\"@id\":\"https:\\\/\\\/laugar.is\\\/?page_id=229#primaryimage\",\"url\":\"https:\\\/\\\/laugar.is\\\/wp-content\\\/uploads\\\/2017\\\/09\\\/laugaskoli-haustlitir.jpg\",\"contentUrl\":\"https:\\\/\\\/laugar.is\\\/wp-content\\\/uploads\\\/2017\\\/09\\\/laugaskoli-haustlitir.jpg\",\"width\":2048,\"height\":1365},{\"@type\":\"BreadcrumbList\",\"@id\":\"https:\\\/\\\/laugar.is\\\/?page_id=229#breadcrumb\",\"itemListElement\":[{\"@type\":\"ListItem\",\"position\":1,\"name\":\"Home\",\"item\":\"https:\\\/\\\/laugar.is\\\/\"},{\"@type\":\"ListItem\",\"position\":2,\"name\":\"\u00deJ\u00d3NUSTA\",\"item\":\"https:\\\/\\\/laugar.is\\\/?page_id=219\"},{\"@type\":\"ListItem\",\"position\":3,\"name\":\"Heilsug\u00e6sla\"}]},{\"@type\":\"WebSite\",\"@id\":\"https:\\\/\\\/laugar.is\\\/#website\",\"url\":\"https:\\\/\\\/laugar.is\\\/\",\"name\":\"FRAMHALDSSK\u00d3LINN \u00c1 LAUGUM\",\"description\":\"Metna\u00f0ur - Tr\u00famennska  - Tillitssemi - Gla\u00f0lyndi\",\"publisher\":{\"@id\":\"https:\\\/\\\/laugar.is\\\/#organization\"},\"potentialAction\":[{\"@type\":\"SearchAction\",\"target\":{\"@type\":\"EntryPoint\",\"urlTemplate\":\"https:\\\/\\\/laugar.is\\\/?s={search_term_string}\"},\"query-input\":{\"@type\":\"PropertyValueSpecification\",\"valueRequired\":true,\"valueName\":\"search_term_string\"}}],\"inLanguage\":\"is\"},{\"@type\":\"Organization\",\"@id\":\"https:\\\/\\\/laugar.is\\\/#organization\",\"name\":\"Framhaldssk\u00f3linn \u00e1 Laugum\",\"url\":\"https:\\\/\\\/laugar.is\\\/\",\"logo\":{\"@type\":\"ImageObject\",\"inLanguage\":\"is\",\"@id\":\"https:\\\/\\\/laugar.is\\\/#\\\/schema\\\/logo\\\/image\\\/\",\"url\":\"https:\\\/\\\/laugar.is\\\/wp-content\\\/uploads\\\/2017\\\/01\\\/laugar_merki_antexta-kip.jpg\",\"contentUrl\":\"https:\\\/\\\/laugar.is\\\/wp-content\\\/uploads\\\/2017\\\/01\\\/laugar_merki_antexta-kip.jpg\",\"width\":536,\"height\":551,\"caption\":\"Framhaldssk\u00f3linn \u00e1 Laugum\"},\"image\":{\"@id\":\"https:\\\/\\\/laugar.is\\\/#\\\/schema\\\/logo\\\/image\\\/\"},\"sameAs\":[\"https:\\\/\\\/www.facebook.com\\\/laugaskoli\\\/\"]}]}<\/script>\n<!-- \/ Yoast SEO plugin. -->","yoast_head_json":{"title":"Heilsug\u00e6sla - FRAMHALDSSK\u00d3LINN \u00c1 LAUGUM","robots":{"index":"index","follow":"follow","max-snippet":"max-snippet:-1","max-image-preview":"max-image-preview:large","max-video-preview":"max-video-preview:-1"},"canonical":"https:\/\/laugar.is\/?page_id=229","og_locale":"is_IS","og_type":"article","og_title":"Heilsug\u00e6sla - FRAMHALDSSK\u00d3LINN \u00c1 LAUGUM","og_description":"Heilsug\u00e6slul\u00e6knir fr\u00e1 H\u00fasav\u00edk&nbsp; \u00c1 fimmtud\u00f6gum kemur&nbsp;heilsug\u00e6slul\u00e6knir fr\u00e1 H\u00fasav\u00edk \u00ed Laugar. Nemendur panta t\u00edma hj\u00e1 heilsug\u00e6slust\u00f6\u00f0inni \u00e1 H\u00fasav\u00edk, \u00feurfi \u00feeir \u00e1 \u00feessari \u00fej\u00f3nustu a\u00f0 halda, e\u00f0a bi\u00f0ja ritara um a\u00f0 panta fyrir sig t\u00edma. S\u00edmi heilsug\u00e6slunnar \u00e1 H\u00fasav\u00edk: 432-4800 Sk\u00f3lahj\u00fakrunarfr\u00e6\u00f0ingur&nbsp; Sk\u00f3lahj\u00fakrunarfr\u00e6\u00f0ingur er til vi\u00f0tals \u00ed sk\u00f3lanum alla mi\u00f0vikudaga fr\u00e1 10:00-12:00. Nemendur panta t\u00edma hj\u00e1 sk\u00f3lahj\u00fakrunarfr\u00e6\u00f0ingi \u00ed gegnum TEAMS e\u00f0a f\u00e1 a\u00f0sto\u00f0 hj\u00e1 ritara. Teki\u00f0 skal fram a\u00f0 ef um br\u00e1\u00f0atilfelli er ...Lestu \u00e1fram","og_url":"https:\/\/laugar.is\/?page_id=229","og_site_name":"FRAMHALDSSK\u00d3LINN \u00c1 LAUGUM","article_publisher":"https:\/\/www.facebook.com\/laugaskoli\/","article_modified_time":"2024-09-16T11:23:16+00:00","og_image":[{"url":"https:\/\/laugar.is\/wp-content\/uploads\/2017\/09\/laugaskoli-haustlitir-1024x683.jpg","type":"","width":"","height":""}],"twitter_card":"summary_large_image","twitter_misc":{"Est. reading time":"1 minute"},"schema":{"@context":"https:\/\/schema.org","@graph":[{"@type":"WebPage","@id":"https:\/\/laugar.is\/?page_id=229","url":"https:\/\/laugar.is\/?page_id=229","name":"Heilsug\u00e6sla - FRAMHALDSSK\u00d3LINN \u00c1 LAUGUM","isPartOf":{"@id":"https:\/\/laugar.is\/#website"},"primaryImageOfPage":{"@id":"https:\/\/laugar.is\/?page_id=229#primaryimage"},"image":{"@id":"https:\/\/laugar.is\/?page_id=229#primaryimage"},"thumbnailUrl":"https:\/\/laugar.is\/wp-content\/uploads\/2017\/09\/laugaskoli-haustlitir-1024x683.jpg","datePublished":"2017-01-17T19:11:24+00:00","dateModified":"2024-09-16T11:23:16+00:00","breadcrumb":{"@id":"https:\/\/laugar.is\/?page_id=229#breadcrumb"},"inLanguage":"is","potentialAction":[{"@type":"ReadAction","target":["https:\/\/laugar.is\/?page_id=229"]}]},{"@type":"ImageObject","inLanguage":"is","@id":"https:\/\/laugar.is\/?page_id=229#primaryimage","url":"https:\/\/laugar.is\/wp-content\/uploads\/2017\/09\/laugaskoli-haustlitir.jpg","contentUrl":"https:\/\/laugar.is\/wp-content\/uploads\/2017\/09\/laugaskoli-haustlitir.jpg","width":2048,"height":1365},{"@type":"BreadcrumbList","@id":"https:\/\/laugar.is\/?page_id=229#breadcrumb","itemListElement":[{"@type":"ListItem","position":1,"name":"Home","item":"https:\/\/laugar.is\/"},{"@type":"ListItem","position":2,"name":"\u00deJ\u00d3NUSTA","item":"https:\/\/laugar.is\/?page_id=219"},{"@type":"ListItem","position":3,"name":"Heilsug\u00e6sla"}]},{"@type":"WebSite","@id":"https:\/\/laugar.is\/#website","url":"https:\/\/laugar.is\/","name":"FRAMHALDSSK\u00d3LINN \u00c1 LAUGUM","description":"Metna\u00f0ur - Tr\u00famennska  - Tillitssemi - Gla\u00f0lyndi","publisher":{"@id":"https:\/\/laugar.is\/#organization"},"potentialAction":[{"@type":"SearchAction","target":{"@type":"EntryPoint","urlTemplate":"https:\/\/laugar.is\/?s={search_term_string}"},"query-input":{"@type":"PropertyValueSpecification","valueRequired":true,"valueName":"search_term_string"}}],"inLanguage":"is"},{"@type":"Organization","@id":"https:\/\/laugar.is\/#organization","name":"Framhaldssk\u00f3linn \u00e1 Laugum","url":"https:\/\/laugar.is\/","logo":{"@type":"ImageObject","inLanguage":"is","@id":"https:\/\/laugar.is\/#\/schema\/logo\/image\/","url":"https:\/\/laugar.is\/wp-content\/uploads\/2017\/01\/laugar_merki_antexta-kip.jpg","contentUrl":"https:\/\/laugar.is\/wp-content\/uploads\/2017\/01\/laugar_merki_antexta-kip.jpg","width":536,"height":551,"caption":"Framhaldssk\u00f3linn \u00e1 Laugum"},"image":{"@id":"https:\/\/laugar.is\/#\/schema\/logo\/image\/"},"sameAs":["https:\/\/www.facebook.com\/laugaskoli\/"]}]}},"_links":{"self":[{"href":"https:\/\/laugar.is\/index.php?rest_route=\/wp\/v2\/pages\/229","targetHints":{"allow":["GET"]}}],"collection":[{"href":"https:\/\/laugar.is\/index.php?rest_route=\/wp\/v2\/pages"}],"about":[{"href":"https:\/\/laugar.is\/index.php?rest_route=\/wp\/v2\/types\/page"}],"author":[{"embeddable":true,"href":"https:\/\/laugar.is\/index.php?rest_route=\/wp\/v2\/users\/1"}],"replies":[{"embeddable":true,"href":"https:\/\/laugar.is\/index.php?rest_route=%2Fwp%2Fv2%2Fcomments&post=229"}],"version-history":[{"count":12,"href":"https:\/\/laugar.is\/index.php?rest_route=\/wp\/v2\/pages\/229\/revisions"}],"predecessor-version":[{"id":7005,"href":"https:\/\/laugar.is\/index.php?rest_route=\/wp\/v2\/pages\/229\/revisions\/7005"}],"up":[{"embeddable":true,"href":"https:\/\/laugar.is\/index.php?rest_route=\/wp\/v2\/pages\/219"}],"wp:attachment":[{"href":"https:\/\/laugar.is\/index.php?rest_route=%2Fwp%2Fv2%2Fmedia&parent=229"}],"curies":[{"name":"wp","href":"https:\/\/api.w.org\/{rel}","templated":true}]}}