{"id":169,"date":"2016-12-15T15:03:56","date_gmt":"2016-12-15T15:03:56","guid":{"rendered":"http:\/\/laugar.is\/?page_id=169"},"modified":"2024-06-11T11:08:42","modified_gmt":"2024-06-11T11:08:42","slug":"thorshofn-og-vopnafjordur","status":"publish","type":"page","link":"https:\/\/laugar.is\/?page_id=169","title":{"rendered":"Vopnafj\u00f6r\u00f0ur"},"content":{"rendered":"<p style=\"text-align: center;\">&nbsp;<\/p>\n<p><img loading=\"lazy\" decoding=\"async\" class=\"size-medium wp-image-5976 alignleft\" src=\"https:\/\/laugar.is\/wp-content\/uploads\/2024\/06\/Bjarney-296x300.jpg\" alt=\"\" width=\"296\" height=\"300\" srcset=\"https:\/\/laugar.is\/wp-content\/uploads\/2024\/06\/Bjarney-296x300.jpg 296w, https:\/\/laugar.is\/wp-content\/uploads\/2024\/06\/Bjarney.jpg 413w\" sizes=\"auto, (max-width: 296px) 100vw, 296px\" \/><\/p>\n<p>&nbsp;<\/p>\n<p>&nbsp;<\/p>\n<p>&nbsp;<\/p>\n<h4>Verkefnisstj\u00f3ri \u00fatib\u00fasins \u00e1 Vopnafir\u00f0i er <strong>Bjarney Gu\u00f0r\u00fan J\u00f3nsd\u00f3ttir<\/strong><\/h4>\n<p>&nbsp;<\/p>\n<p>&nbsp;<\/p>\n<p>&nbsp;<\/p>\n<p><strong>\u00datib\u00fa fr\u00e1 Framhaldssk\u00f3lanum \u00e1 Laugum&nbsp;<\/strong><\/p>\n<p>\u00c1 Vopnafir\u00f0i er reki\u00f0 \u00fatib\u00fa fr\u00e1 Laugask\u00f3la \u00fear sem nemendum gefst kostur \u00e1 a\u00f0 taka fyrsta \u00e1rs n\u00e1m af framhaldssk\u00f3lastigi me\u00f0 dreifn\u00e1msfyrirkomulagi, mi\u00f0a\u00f0 vi\u00f0 fullan n\u00e1mshra\u00f0a \u00ed \u00e1tt a\u00f0 \u00feriggja \u00e1ra st\u00fadentspr\u00f3fi. Nemendur geta hafi\u00f0 n\u00e1m \u00e1 hva\u00f0a braut sem er hj\u00e1 sk\u00f3lanum, almennri braut, f\u00e9lagsfr\u00e6\u00f0ibraut, n\u00e1tt\u00farufr\u00e6\u00f0ibraut e\u00f0a \u00ed\u00fer\u00f3ttabraut.Nemendur \u00ed \u00fatib\u00fainu fara a\u00f0 jafna\u00f0i fj\u00f3r\u00f0u hverju viku \u00ed n\u00e1mslotur \u00e1 Laugum og sitja t\u00edma \u00fear me\u00f0 sta\u00f0arnemendum. \u00de\u00e1 er reynt a\u00f0 hafa \u00fe\u00e6r fer\u00f0ir \u00feannig a\u00f0 h\u00e1punktum f\u00e9lagsl\u00edfsins \u00e1 Laugum s\u00e9 n\u00e1\u00f0 s.s. \u00e1rsh\u00e1t\u00ed\u00f0 og T\u00f3nkv\u00edsl.<\/p>\n<p><strong>G\u00f3\u00f0 n\u00e1msa\u00f0sto\u00f0 og pers\u00f3nuleg \u00fej\u00f3nusta&nbsp;<\/strong><\/p>\n<p>\u00cd deildunum er l\u00f6g\u00f0 mikil \u00e1hersla \u00e1 g\u00f3\u00f0a n\u00e1msa\u00f0sto\u00f0 og pers\u00f3nulega \u00fej\u00f3nustu vi\u00f0 nemendur. Mikill \u00e1g\u00f3\u00f0i er fyrir nemendur a\u00f0 hafa kost \u00e1 \u00fev\u00ed a\u00f0 b\u00faa heima lengur og nj\u00f3ta a\u00f0halds og stu\u00f0nings foreldra vi\u00f0 n\u00e1mi\u00f0. Nemendur \u00ed grunnf\u00f6gum hafa frj\u00e1lsan n\u00e1mshra\u00f0a, b\u00e6\u00f0i \u00feannig a\u00f0 h\u00e6gt s\u00e9 a\u00f0 fara h\u00e6gar \u00ed gegnum n\u00e1msefni\u00f0 og l\u00edka \u00feannig a\u00f0 \u00feeir geti fari\u00f0 hra\u00f0ar \u00fear sem \u00feeir eru sterkir fyrir.<\/p>\n<p><strong>Fr\u00edtt herbergi \u00ed n\u00e1mslotum<\/strong><\/p>\n<p>\u00cd \u00fatib\u00fainu hafa nemendur \u00ed fullu n\u00e1mi vi\u00f0veruskyldu \u00ed samr\u00e6mi vi\u00f0 stundat\u00f6flu. Almennt er gert r\u00e1\u00f0 fyrir a\u00f0 nemendur eigi a\u00f0 geta loki\u00f0 verkefnum s\u00ednum innan \u00feess t\u00edma og heiman\u00e1m s\u00e9 \u00fev\u00ed l\u00edti\u00f0. Sveitarf\u00e9l\u00f6gin leggja til h\u00fasn\u00e6\u00f0i til starfseminnar en Laugask\u00f3li b\u00fd\u00f0ur nemendum deildarinnar \u00f3keypis akstur \u00ed Laugar og fr\u00edtt herbergi \u00ed n\u00e1mslotum en nemendur grei\u00f0a sj\u00e1lfir f\u00e6\u00f0iskostna\u00f0 og innritunargjald.<\/p>\n<p><strong>A\u00f0setur \u00ed Kaupvangi&nbsp;<\/strong><\/p>\n<p>Framhaldsdeildin \u00e1 Vopnafir\u00f0i t\u00f3k til starfa hausti\u00f0 2016 og hefur a\u00f0setur \u00ed Kaupvangi. \u00cd Kaupvangi er l\u00edka rekin starfst\u00f6\u00f0 Austurbr\u00faar \u00e1 Vopnafir\u00f0i. Austurbr\u00fa og Vopnafjar\u00f0arhreppur leggja til fjarfundab\u00fana\u00f0i sem n\u00fdttir eru b\u00e6\u00f0i fyrir h\u00e1sk\u00f3lanema og nemendur Framhaldsdeildarinnar.<\/p>\n","protected":false},"excerpt":{"rendered":"<p>&nbsp; &nbsp; &nbsp; &nbsp; Verkefnisstj\u00f3ri \u00fatib\u00fasins \u00e1 Vopnafir\u00f0i er Bjarney Gu\u00f0r\u00fan J\u00f3nsd\u00f3ttir &nbsp; &nbsp; &nbsp; \u00datib\u00fa fr\u00e1 Framhaldssk\u00f3lanum \u00e1 Laugum&nbsp; \u00c1 Vopnafir\u00f0i er reki\u00f0 \u00fatib\u00fa fr\u00e1 Laugask\u00f3la \u00fear sem nemendum gefst kostur \u00e1 a\u00f0 taka fyrsta \u00e1rs n\u00e1m af framhaldssk\u00f3lastigi me\u00f0 dreifn\u00e1msfyrirkomulagi, mi\u00f0a\u00f0 vi\u00f0 fullan n\u00e1mshra\u00f0a \u00ed \u00e1tt a\u00f0 \u00feriggja \u00e1ra st\u00fadentspr\u00f3fi. Nemendur geta hafi\u00f0 n\u00e1m \u00e1 hva\u00f0a braut sem er hj\u00e1 sk\u00f3lanum, almennri braut, f\u00e9lagsfr\u00e6\u00f0ibraut, n\u00e1tt\u00farufr\u00e6\u00f0ibraut e\u00f0a \u00ed\u00fer\u00f3ttabraut.Nemendur \u00ed <a class=\"more-link\" href=\"https:\/\/laugar.is\/?page_id=169\">&#8230;Lestu \u00e1fram<\/a><\/p>\n","protected":false},"author":1,"featured_media":0,"parent":6,"menu_order":0,"comment_status":"closed","ping_status":"closed","template":"","meta":{"_acf_changed":false,"_lmt_disableupdate":"","_lmt_disable":"","ngg_post_thumbnail":0,"footnotes":""},"class_list":["post-169","page","type-page","status-publish","hentry"],"acf":[],"yoast_head":"<!-- This site is optimized with the Yoast SEO plugin v27.6 - https:\/\/yoast.com\/product\/yoast-seo-wordpress\/ -->\n<title>Vopnafj\u00f6r\u00f0ur - FRAMHALDSSK\u00d3LINN \u00c1 LAUGUM<\/title>\n<meta name=\"robots\" content=\"index, follow, max-snippet:-1, max-image-preview:large, max-video-preview:-1\" \/>\n<link rel=\"canonical\" href=\"https:\/\/laugar.is\/?page_id=169\" \/>\n<meta property=\"og:locale\" content=\"is_IS\" \/>\n<meta property=\"og:type\" content=\"article\" \/>\n<meta property=\"og:title\" content=\"Vopnafj\u00f6r\u00f0ur - FRAMHALDSSK\u00d3LINN \u00c1 LAUGUM\" \/>\n<meta property=\"og:description\" content=\"&nbsp; &nbsp; &nbsp; &nbsp; Verkefnisstj\u00f3ri \u00fatib\u00fasins \u00e1 Vopnafir\u00f0i er Bjarney Gu\u00f0r\u00fan J\u00f3nsd\u00f3ttir &nbsp; &nbsp; &nbsp; \u00datib\u00fa fr\u00e1 Framhaldssk\u00f3lanum \u00e1 Laugum&nbsp; \u00c1 Vopnafir\u00f0i er reki\u00f0 \u00fatib\u00fa fr\u00e1 Laugask\u00f3la \u00fear sem nemendum gefst kostur \u00e1 a\u00f0 taka fyrsta \u00e1rs n\u00e1m af framhaldssk\u00f3lastigi me\u00f0 dreifn\u00e1msfyrirkomulagi, mi\u00f0a\u00f0 vi\u00f0 fullan n\u00e1mshra\u00f0a \u00ed \u00e1tt a\u00f0 \u00feriggja \u00e1ra st\u00fadentspr\u00f3fi. Nemendur geta hafi\u00f0 n\u00e1m \u00e1 hva\u00f0a braut sem er hj\u00e1 sk\u00f3lanum, almennri braut, f\u00e9lagsfr\u00e6\u00f0ibraut, n\u00e1tt\u00farufr\u00e6\u00f0ibraut e\u00f0a \u00ed\u00fer\u00f3ttabraut.Nemendur \u00ed ...Lestu \u00e1fram\" \/>\n<meta property=\"og:url\" content=\"https:\/\/laugar.is\/?page_id=169\" \/>\n<meta property=\"og:site_name\" content=\"FRAMHALDSSK\u00d3LINN \u00c1 LAUGUM\" \/>\n<meta property=\"article:publisher\" content=\"https:\/\/www.facebook.com\/laugaskoli\/\" \/>\n<meta property=\"article:modified_time\" content=\"2024-06-11T11:08:42+00:00\" \/>\n<meta property=\"og:image\" content=\"https:\/\/laugar.is\/wp-content\/uploads\/2024\/06\/Bjarney-296x300.jpg\" \/>\n<meta name=\"twitter:card\" content=\"summary_large_image\" \/>\n<meta name=\"twitter:label1\" content=\"Est. reading time\" \/>\n\t<meta name=\"twitter:data1\" content=\"2 minutes\" \/>\n<script type=\"application\/ld+json\" class=\"yoast-schema-graph\">{\"@context\":\"https:\\\/\\\/schema.org\",\"@graph\":[{\"@type\":\"WebPage\",\"@id\":\"https:\\\/\\\/laugar.is\\\/?page_id=169\",\"url\":\"https:\\\/\\\/laugar.is\\\/?page_id=169\",\"name\":\"Vopnafj\u00f6r\u00f0ur - FRAMHALDSSK\u00d3LINN \u00c1 LAUGUM\",\"isPartOf\":{\"@id\":\"https:\\\/\\\/laugar.is\\\/#website\"},\"primaryImageOfPage\":{\"@id\":\"https:\\\/\\\/laugar.is\\\/?page_id=169#primaryimage\"},\"image\":{\"@id\":\"https:\\\/\\\/laugar.is\\\/?page_id=169#primaryimage\"},\"thumbnailUrl\":\"https:\\\/\\\/laugar.is\\\/wp-content\\\/uploads\\\/2024\\\/06\\\/Bjarney-296x300.jpg\",\"datePublished\":\"2016-12-15T15:03:56+00:00\",\"dateModified\":\"2024-06-11T11:08:42+00:00\",\"breadcrumb\":{\"@id\":\"https:\\\/\\\/laugar.is\\\/?page_id=169#breadcrumb\"},\"inLanguage\":\"is\",\"potentialAction\":[{\"@type\":\"ReadAction\",\"target\":[\"https:\\\/\\\/laugar.is\\\/?page_id=169\"]}]},{\"@type\":\"ImageObject\",\"inLanguage\":\"is\",\"@id\":\"https:\\\/\\\/laugar.is\\\/?page_id=169#primaryimage\",\"url\":\"https:\\\/\\\/laugar.is\\\/wp-content\\\/uploads\\\/2024\\\/06\\\/Bjarney.jpg\",\"contentUrl\":\"https:\\\/\\\/laugar.is\\\/wp-content\\\/uploads\\\/2024\\\/06\\\/Bjarney.jpg\",\"width\":413,\"height\":419},{\"@type\":\"BreadcrumbList\",\"@id\":\"https:\\\/\\\/laugar.is\\\/?page_id=169#breadcrumb\",\"itemListElement\":[{\"@type\":\"ListItem\",\"position\":1,\"name\":\"Home\",\"item\":\"https:\\\/\\\/laugar.is\\\/\"},{\"@type\":\"ListItem\",\"position\":2,\"name\":\"N\u00c1MI\u00d0\",\"item\":\"https:\\\/\\\/laugar.is\\\/?page_id=6\"},{\"@type\":\"ListItem\",\"position\":3,\"name\":\"Vopnafj\u00f6r\u00f0ur\"}]},{\"@type\":\"WebSite\",\"@id\":\"https:\\\/\\\/laugar.is\\\/#website\",\"url\":\"https:\\\/\\\/laugar.is\\\/\",\"name\":\"FRAMHALDSSK\u00d3LINN \u00c1 LAUGUM\",\"description\":\"Metna\u00f0ur - Tr\u00famennska  - Tillitssemi - Gla\u00f0lyndi\",\"publisher\":{\"@id\":\"https:\\\/\\\/laugar.is\\\/#organization\"},\"potentialAction\":[{\"@type\":\"SearchAction\",\"target\":{\"@type\":\"EntryPoint\",\"urlTemplate\":\"https:\\\/\\\/laugar.is\\\/?s={search_term_string}\"},\"query-input\":{\"@type\":\"PropertyValueSpecification\",\"valueRequired\":true,\"valueName\":\"search_term_string\"}}],\"inLanguage\":\"is\"},{\"@type\":\"Organization\",\"@id\":\"https:\\\/\\\/laugar.is\\\/#organization\",\"name\":\"Framhaldssk\u00f3linn \u00e1 Laugum\",\"url\":\"https:\\\/\\\/laugar.is\\\/\",\"logo\":{\"@type\":\"ImageObject\",\"inLanguage\":\"is\",\"@id\":\"https:\\\/\\\/laugar.is\\\/#\\\/schema\\\/logo\\\/image\\\/\",\"url\":\"https:\\\/\\\/laugar.is\\\/wp-content\\\/uploads\\\/2017\\\/01\\\/laugar_merki_antexta-kip.jpg\",\"contentUrl\":\"https:\\\/\\\/laugar.is\\\/wp-content\\\/uploads\\\/2017\\\/01\\\/laugar_merki_antexta-kip.jpg\",\"width\":536,\"height\":551,\"caption\":\"Framhaldssk\u00f3linn \u00e1 Laugum\"},\"image\":{\"@id\":\"https:\\\/\\\/laugar.is\\\/#\\\/schema\\\/logo\\\/image\\\/\"},\"sameAs\":[\"https:\\\/\\\/www.facebook.com\\\/laugaskoli\\\/\"]}]}<\/script>\n<!-- \/ Yoast SEO plugin. -->","yoast_head_json":{"title":"Vopnafj\u00f6r\u00f0ur - FRAMHALDSSK\u00d3LINN \u00c1 LAUGUM","robots":{"index":"index","follow":"follow","max-snippet":"max-snippet:-1","max-image-preview":"max-image-preview:large","max-video-preview":"max-video-preview:-1"},"canonical":"https:\/\/laugar.is\/?page_id=169","og_locale":"is_IS","og_type":"article","og_title":"Vopnafj\u00f6r\u00f0ur - FRAMHALDSSK\u00d3LINN \u00c1 LAUGUM","og_description":"&nbsp; &nbsp; &nbsp; &nbsp; Verkefnisstj\u00f3ri \u00fatib\u00fasins \u00e1 Vopnafir\u00f0i er Bjarney Gu\u00f0r\u00fan J\u00f3nsd\u00f3ttir &nbsp; &nbsp; &nbsp; \u00datib\u00fa fr\u00e1 Framhaldssk\u00f3lanum \u00e1 Laugum&nbsp; \u00c1 Vopnafir\u00f0i er reki\u00f0 \u00fatib\u00fa fr\u00e1 Laugask\u00f3la \u00fear sem nemendum gefst kostur \u00e1 a\u00f0 taka fyrsta \u00e1rs n\u00e1m af framhaldssk\u00f3lastigi me\u00f0 dreifn\u00e1msfyrirkomulagi, mi\u00f0a\u00f0 vi\u00f0 fullan n\u00e1mshra\u00f0a \u00ed \u00e1tt a\u00f0 \u00feriggja \u00e1ra st\u00fadentspr\u00f3fi. Nemendur geta hafi\u00f0 n\u00e1m \u00e1 hva\u00f0a braut sem er hj\u00e1 sk\u00f3lanum, almennri braut, f\u00e9lagsfr\u00e6\u00f0ibraut, n\u00e1tt\u00farufr\u00e6\u00f0ibraut e\u00f0a \u00ed\u00fer\u00f3ttabraut.Nemendur \u00ed ...Lestu \u00e1fram","og_url":"https:\/\/laugar.is\/?page_id=169","og_site_name":"FRAMHALDSSK\u00d3LINN \u00c1 LAUGUM","article_publisher":"https:\/\/www.facebook.com\/laugaskoli\/","article_modified_time":"2024-06-11T11:08:42+00:00","og_image":[{"url":"https:\/\/laugar.is\/wp-content\/uploads\/2024\/06\/Bjarney-296x300.jpg","type":"","width":"","height":""}],"twitter_card":"summary_large_image","twitter_misc":{"Est. reading time":"2 minutes"},"schema":{"@context":"https:\/\/schema.org","@graph":[{"@type":"WebPage","@id":"https:\/\/laugar.is\/?page_id=169","url":"https:\/\/laugar.is\/?page_id=169","name":"Vopnafj\u00f6r\u00f0ur - FRAMHALDSSK\u00d3LINN \u00c1 LAUGUM","isPartOf":{"@id":"https:\/\/laugar.is\/#website"},"primaryImageOfPage":{"@id":"https:\/\/laugar.is\/?page_id=169#primaryimage"},"image":{"@id":"https:\/\/laugar.is\/?page_id=169#primaryimage"},"thumbnailUrl":"https:\/\/laugar.is\/wp-content\/uploads\/2024\/06\/Bjarney-296x300.jpg","datePublished":"2016-12-15T15:03:56+00:00","dateModified":"2024-06-11T11:08:42+00:00","breadcrumb":{"@id":"https:\/\/laugar.is\/?page_id=169#breadcrumb"},"inLanguage":"is","potentialAction":[{"@type":"ReadAction","target":["https:\/\/laugar.is\/?page_id=169"]}]},{"@type":"ImageObject","inLanguage":"is","@id":"https:\/\/laugar.is\/?page_id=169#primaryimage","url":"https:\/\/laugar.is\/wp-content\/uploads\/2024\/06\/Bjarney.jpg","contentUrl":"https:\/\/laugar.is\/wp-content\/uploads\/2024\/06\/Bjarney.jpg","width":413,"height":419},{"@type":"BreadcrumbList","@id":"https:\/\/laugar.is\/?page_id=169#breadcrumb","itemListElement":[{"@type":"ListItem","position":1,"name":"Home","item":"https:\/\/laugar.is\/"},{"@type":"ListItem","position":2,"name":"N\u00c1MI\u00d0","item":"https:\/\/laugar.is\/?page_id=6"},{"@type":"ListItem","position":3,"name":"Vopnafj\u00f6r\u00f0ur"}]},{"@type":"WebSite","@id":"https:\/\/laugar.is\/#website","url":"https:\/\/laugar.is\/","name":"FRAMHALDSSK\u00d3LINN \u00c1 LAUGUM","description":"Metna\u00f0ur - Tr\u00famennska  - Tillitssemi - Gla\u00f0lyndi","publisher":{"@id":"https:\/\/laugar.is\/#organization"},"potentialAction":[{"@type":"SearchAction","target":{"@type":"EntryPoint","urlTemplate":"https:\/\/laugar.is\/?s={search_term_string}"},"query-input":{"@type":"PropertyValueSpecification","valueRequired":true,"valueName":"search_term_string"}}],"inLanguage":"is"},{"@type":"Organization","@id":"https:\/\/laugar.is\/#organization","name":"Framhaldssk\u00f3linn \u00e1 Laugum","url":"https:\/\/laugar.is\/","logo":{"@type":"ImageObject","inLanguage":"is","@id":"https:\/\/laugar.is\/#\/schema\/logo\/image\/","url":"https:\/\/laugar.is\/wp-content\/uploads\/2017\/01\/laugar_merki_antexta-kip.jpg","contentUrl":"https:\/\/laugar.is\/wp-content\/uploads\/2017\/01\/laugar_merki_antexta-kip.jpg","width":536,"height":551,"caption":"Framhaldssk\u00f3linn \u00e1 Laugum"},"image":{"@id":"https:\/\/laugar.is\/#\/schema\/logo\/image\/"},"sameAs":["https:\/\/www.facebook.com\/laugaskoli\/"]}]}},"_links":{"self":[{"href":"https:\/\/laugar.is\/index.php?rest_route=\/wp\/v2\/pages\/169","targetHints":{"allow":["GET"]}}],"collection":[{"href":"https:\/\/laugar.is\/index.php?rest_route=\/wp\/v2\/pages"}],"about":[{"href":"https:\/\/laugar.is\/index.php?rest_route=\/wp\/v2\/types\/page"}],"author":[{"embeddable":true,"href":"https:\/\/laugar.is\/index.php?rest_route=\/wp\/v2\/users\/1"}],"replies":[{"embeddable":true,"href":"https:\/\/laugar.is\/index.php?rest_route=%2Fwp%2Fv2%2Fcomments&post=169"}],"version-history":[{"count":8,"href":"https:\/\/laugar.is\/index.php?rest_route=\/wp\/v2\/pages\/169\/revisions"}],"predecessor-version":[{"id":5872,"href":"https:\/\/laugar.is\/index.php?rest_route=\/wp\/v2\/pages\/169\/revisions\/5872"}],"up":[{"embeddable":true,"href":"https:\/\/laugar.is\/index.php?rest_route=\/wp\/v2\/pages\/6"}],"wp:attachment":[{"href":"https:\/\/laugar.is\/index.php?rest_route=%2Fwp%2Fv2%2Fmedia&parent=169"}],"curies":[{"name":"wp","href":"https:\/\/api.w.org\/{rel}","templated":true}]}}