{"id":1294,"date":"2018-01-23T11:05:49","date_gmt":"2018-01-23T11:05:49","guid":{"rendered":"http:\/\/laugar.is\/?page_id=1294"},"modified":"2025-04-26T10:38:36","modified_gmt":"2025-04-26T10:38:36","slug":"kjorsvidsbraut","status":"publish","type":"page","link":"https:\/\/laugar.is\/?page_id=1294","title":{"rendered":"Kj\u00f6rsvi\u00f0sbraut"},"content":{"rendered":"\n<figure class=\"wp-block-image\"><img loading=\"lazy\" decoding=\"async\" width=\"300\" height=\"300\" src=\"https:\/\/laugar.is\/wp-content\/uploads\/2024\/04\/cropped-laugar_merki_high-300x300.jpg\" alt=\"\" class=\"wp-image-6170\" srcset=\"https:\/\/laugar.is\/wp-content\/uploads\/2024\/04\/cropped-laugar_merki_high-300x300.jpg 300w, https:\/\/laugar.is\/wp-content\/uploads\/2024\/04\/cropped-laugar_merki_high-150x150.jpg 150w, https:\/\/laugar.is\/wp-content\/uploads\/2024\/04\/cropped-laugar_merki_high-270x270.jpg 270w, https:\/\/laugar.is\/wp-content\/uploads\/2024\/04\/cropped-laugar_merki_high-192x192.jpg 192w, https:\/\/laugar.is\/wp-content\/uploads\/2024\/04\/cropped-laugar_merki_high-180x180.jpg 180w, https:\/\/laugar.is\/wp-content\/uploads\/2024\/04\/cropped-laugar_merki_high-32x32.jpg 32w, https:\/\/laugar.is\/wp-content\/uploads\/2024\/04\/cropped-laugar_merki_high.jpg 512w\" sizes=\"auto, (max-width: 300px) 100vw, 300px\" \/><\/figure>\n\n\n\n<p><\/p>\n\n\n\n<p>\u00c1 kj\u00f6rsvi\u00f0sbraut er l\u00f6g\u00f0 \u00e1hersla \u00e1 gott almennt n\u00e1m me\u00f0 s\u00e9rstaka \u00e1herslu \u00e1 g\u00f3\u00f0a \u00feekkingu \u00e1 s\u00e9rsvi\u00f0i a\u00f0 eigin vali. A\u00f0 loknu n\u00e1mi eiga nemendur a\u00f0 hafa g\u00f3\u00f0a undirst\u00f6\u00f0u\u00feekkingu \u00e1 \u00e1\u00f0urnefndu s\u00e9rsvi\u00f0i og vera f\u00e6rir um a\u00f0 n\u00fdta s\u00e9r hana vi\u00f0 margv\u00edsleg verkefni og til frekara n\u00e1ms.<\/p>\n\n\n\n<div class=\"su-youtube su-u-responsive-media-yes\"><iframe loading=\"lazy\" width=\"600\" height=\"400\" src=\"https:\/\/www.youtube.com\/embed\/Q6siJSDrOX8?autohide=1&amp;autoplay=0&amp;mute=0&amp;controls=1&amp;fs=0&amp;loop=0&amp;modestbranding=0&amp;rel=0&amp;showinfo=1&amp;theme=dark&amp;wmode=&amp;playsinline=0\" frameborder=\"0\" allowfullscreen allow=\"autoplay; encrypted-media; picture-in-picture\" title=\"Kynningarmyndband \"><\/iframe><\/div>\n\n\n\n<p><strong>H\u00e6fnivi\u00f0mi\u00f0:<\/strong><\/p>\n\n\n\n<p>A\u00f0 loknu n\u00e1mi skal nemandi hafa h\u00e6fni til a\u00f0 &#8230;<\/p>\n\n\n\n<ul class=\"wp-block-list\">\n<li>a\u00f0 gera s\u00e9r grein fyrir samf\u00e9lagslegri \u00e1byrg\u00f0 sinni og n\u00fdta styrkleika s\u00edna<\/li>\n\n\n\n<li>a\u00f0 takast \u00e1 vi\u00f0 frekara n\u00e1m \u00e1 v\u00f6ldu s\u00e9rsvi\u00f0i<\/li>\n\n\n\n<li>a\u00f0 n\u00e1lgast verkefni \u00e1 faglegan og sj\u00e1lfst\u00e6\u00f0an h\u00e1tt<\/li>\n\n\n\n<li>a\u00f0 beita skapandi hugsun vi\u00f0 lausnami\u00f0a\u00f0 n\u00e1m<\/li>\n\n\n\n<li>a\u00f0 taka \u00fe\u00e1tt \u00ed l\u00fd\u00f0r\u00e6\u00f0islegri umr\u00e6\u00f0u og samstarfi<\/li>\n\n\n\n<li>a\u00f0 leita raka fyrir sko\u00f0unum s\u00ednum og setja \u00fe\u00e6r fram \u00e1 sk\u00fdran og a\u00f0gengilegan h\u00e1tt<\/li>\n\n\n\n<li>a\u00f0 beita v\u00edsindalegri hugsun og a\u00f0fer\u00f0um vi\u00f0 greiningu vi\u00f0fangsefna, \u00f6flun uppl\u00fdsinga og \u00farvinnslu og t\u00falkun \u00feeirra<\/li>\n\n\n\n<li>a\u00f0 nj\u00f3ta, n\u00fdta og vir\u00f0a f\u00e9lagslegt umhverfi sitt \u00e1 skynsamlegan h\u00e1tt<\/li>\n\n\n\n<li>a\u00f0 tengja n\u00e1mi\u00f0 \u00e1 brautinni n\u00e6rumhverfi s\u00ednu, hvort heldur er sk\u00f3lans e\u00f0a \u00ed heimabygg\u00f0<\/li>\n\n\n\n<li>a\u00f0 nj\u00f3ta, n\u00fdta og vir\u00f0a umhverfi sitt \u00e1 skynsamlegan h\u00e1tt<\/li>\n\n\n\n<li>tengja n\u00e1m brautinnar n\u00e6rumhverfi s\u00ednu, hvort heldur er sk\u00f3la e\u00f0a heimabygg\u00f0<\/li>\n<\/ul>\n\n\n\n<p><strong><em>Lestu meira um kj\u00f6rsvi\u00f0sbraut<\/em><\/strong><\/p>\n\n\n\n<p><strong><a href=\"https:\/\/namskra.is\/programmes\/74ba9c81-ff10-400c-981c-4fad9268bcc7\">N\u00e1msbrautarl\u00fdsing kj\u00f6rsvi\u00f0sbrautar<\/a><\/strong><\/p>\n\n\n\n<div><strong>Nemendur f\u00e1 einingar fyrir a\u00f0 taka \u00fe\u00e1tt \u00ed T\u00f3nkv\u00edslinni sem haldin er \u00e1rlega \u00ed \u00ed\u00fer\u00f3ttah\u00fasinu \u00e1 Laugum. \u00dear er h\u00e6gt a\u00f0 velja s\u00e9r h\u00f3p eftir \u00e1hugasvi\u00f0i. \u00cd myndbandinu h\u00e9r fyrir ne\u00f0an m\u00e1 sj\u00e1 sm\u00ed\u00f0ah\u00f3p sem s\u00e9r me\u00f0al annars um a\u00f0 setja upp svi\u00f0i\u00f0 fyrir keppnina.<\/strong><\/div>\n\n\n\n<p><iframe loading=\"lazy\" title=\"T\u00f3nkv\u00edslin\" width=\"800\" height=\"450\" src=\"https:\/\/www.youtube.com\/embed\/fZQzKZPVM68?feature=oembed\" frameborder=\"0\" allow=\"accelerometer; autoplay; clipboard-write; encrypted-media; gyroscope; picture-in-picture; web-share\" referrerpolicy=\"strict-origin-when-cross-origin\" allowfullscreen><\/iframe><\/p>\n\n\n\n<p><strong><em>Hlusta\u00f0u \u00e1 J\u00f3n A\u00f0alstein segja fr\u00e1 kj\u00f6rsvi\u00f0sbraut Framhaldssk\u00f3lans \u00e1 Laugum.<\/em><\/strong><\/p>\n\n\n\n<figure class=\"wp-block-embed is-type-video is-provider-youtube wp-block-embed-youtube wp-embed-aspect-4-3 wp-has-aspect-ratio\"><div class=\"wp-block-embed__wrapper\">\n<iframe loading=\"lazy\" title=\"FL   Kynningarmyndband   Kj\u00f6rsvi\u00f0sbraut\" width=\"800\" height=\"600\" src=\"https:\/\/www.youtube.com\/embed\/YSSnEooIF9g?feature=oembed\" frameborder=\"0\" allow=\"accelerometer; autoplay; clipboard-write; encrypted-media; gyroscope; picture-in-picture; web-share\" referrerpolicy=\"strict-origin-when-cross-origin\" allowfullscreen><\/iframe>\n<\/div><\/figure>\n\n\n\n<div id=\"attachment_8726\" style=\"width: 1986px\" class=\"wp-caption alignnone\"><img loading=\"lazy\" decoding=\"async\" aria-describedby=\"caption-attachment-8726\" class=\"wp-image-8726 size-full\" src=\"https:\/\/laugar.is\/wp-content\/uploads\/2025\/04\/488614593_1223278436466861_4836917605038538090_n.jpg\" alt=\"\" width=\"1976\" height=\"962\" srcset=\"https:\/\/laugar.is\/wp-content\/uploads\/2025\/04\/488614593_1223278436466861_4836917605038538090_n.jpg 1976w, https:\/\/laugar.is\/wp-content\/uploads\/2025\/04\/488614593_1223278436466861_4836917605038538090_n-300x146.jpg 300w, https:\/\/laugar.is\/wp-content\/uploads\/2025\/04\/488614593_1223278436466861_4836917605038538090_n-1024x499.jpg 1024w, https:\/\/laugar.is\/wp-content\/uploads\/2025\/04\/488614593_1223278436466861_4836917605038538090_n-768x374.jpg 768w, https:\/\/laugar.is\/wp-content\/uploads\/2025\/04\/488614593_1223278436466861_4836917605038538090_n-1536x748.jpg 1536w\" sizes=\"auto, (max-width: 1976px) 100vw, 1976px\" \/><p id=\"caption-attachment-8726\" class=\"wp-caption-text\">J\u00f3n A\u00f0alsteinn \u00e1samt nemendum Framhaldssk\u00f3lans \u00e1 Laugum sem eru \u00ed hlj\u00f3msveitinni Rown sem vann titilinn Hlj\u00f3msveit f\u00f3lksins \u00e1 M\u00fas\u00edktilraunum 2025,<\/p><\/div>\n\n\n\n<p>&nbsp;<\/p>\n<p><strong>\u00der\u00f3tt\u00f3:&nbsp;<\/strong>&nbsp;gamla \u00ed\u00fer\u00f3ttah\u00fasi\u00f0 sem var reist 1929, er kvikmyndah\u00fas en salurinn var ger\u00f0ur upp af nemendum sk\u00f3lans \u00e1ri\u00f0 2005 og er hann nota\u00f0ur vi\u00f0 margskonar tilefni, svo sem fundi, fyrirlestra e\u00f0a t\u00f3nleika e\u00f0a skemmtanir.<strong>\u00der\u00f3tt\u00f3<\/strong>&nbsp;er meira en kvikmyndah\u00fas. \u00dear er h\u00e6gt a\u00f0 halda t\u00f3nleika e\u00f0a fyrirlestra enda h\u00fasi\u00f0 \u00fatb\u00fai\u00f0 me\u00f0 fullkomnu hlj\u00f3\u00f0- og myndkerfi. \u00dear halda nemendur st\u00e6rri fundi og \u00fear fer einnig fram kennsla. \u00dear er a\u00f0sta\u00f0a fyrir nemendur til a\u00f0 \u00e6fa t\u00f3nlist, leiklist e\u00f0a hvers konar upp\u00e1komur sem \u00feeir vilja r\u00e1\u00f0ast \u00ed.<\/p>\n<p><img loading=\"lazy\" decoding=\"async\" class=\"alignnone wp-image-2662 size-full\" src=\"https:\/\/laugar.is\/wp-content\/uploads\/2020\/06\/thumbnail.jpg\" alt=\"\" width=\"1345\" height=\"896\" srcset=\"https:\/\/laugar.is\/wp-content\/uploads\/2020\/06\/thumbnail.jpg 1345w, https:\/\/laugar.is\/wp-content\/uploads\/2020\/06\/thumbnail-300x200.jpg 300w, https:\/\/laugar.is\/wp-content\/uploads\/2020\/06\/thumbnail-1024x682.jpg 1024w, https:\/\/laugar.is\/wp-content\/uploads\/2020\/06\/thumbnail-768x512.jpg 768w, https:\/\/laugar.is\/wp-content\/uploads\/2020\/06\/thumbnail-400x267.jpg 400w\" sizes=\"auto, (max-width: 1345px) 100vw, 1345px\" \/><\/p>\n","protected":false},"excerpt":{"rendered":"<p>\u00c1 kj\u00f6rsvi\u00f0sbraut er l\u00f6g\u00f0 \u00e1hersla \u00e1 gott almennt n\u00e1m me\u00f0 s\u00e9rstaka \u00e1herslu \u00e1 g\u00f3\u00f0a \u00feekkingu \u00e1 s\u00e9rsvi\u00f0i a\u00f0 eigin vali. A\u00f0 loknu n\u00e1mi eiga nemendur a\u00f0 hafa g\u00f3\u00f0a undirst\u00f6\u00f0u\u00feekkingu \u00e1 \u00e1\u00f0urnefndu s\u00e9rsvi\u00f0i og vera f\u00e6rir um a\u00f0 n\u00fdta s\u00e9r hana vi\u00f0 margv\u00edsleg verkefni og til frekara n\u00e1ms. H\u00e6fnivi\u00f0mi\u00f0: A\u00f0 loknu n\u00e1mi skal nemandi hafa h\u00e6fni til a\u00f0 &#8230; Lestu meira um kj\u00f6rsvi\u00f0sbraut N\u00e1msbrautarl\u00fdsing kj\u00f6rsvi\u00f0sbrautar Nemendur f\u00e1 einingar fyrir a\u00f0 taka <a class=\"more-link\" href=\"https:\/\/laugar.is\/?page_id=1294\">&#8230;Lestu \u00e1fram<\/a><\/p>\n","protected":false},"author":1,"featured_media":0,"parent":6,"menu_order":5,"comment_status":"closed","ping_status":"closed","template":"","meta":{"_acf_changed":false,"_lmt_disableupdate":"","_lmt_disable":"","ngg_post_thumbnail":0,"footnotes":""},"class_list":["post-1294","page","type-page","status-publish","hentry"],"acf":[],"yoast_head":"<!-- This site is optimized with the Yoast SEO plugin v27.3 - https:\/\/yoast.com\/product\/yoast-seo-wordpress\/ -->\n<title>Kj\u00f6rsvi\u00f0sbraut - FRAMHALDSSK\u00d3LINN \u00c1 LAUGUM<\/title>\n<meta name=\"description\" content=\"Kj\u00f6rsvi\u00f0sbraut\" \/>\n<meta name=\"robots\" content=\"index, follow, max-snippet:-1, max-image-preview:large, max-video-preview:-1\" \/>\n<link rel=\"canonical\" href=\"https:\/\/laugar.is\/?page_id=1294\" \/>\n<meta property=\"og:locale\" content=\"is_IS\" \/>\n<meta property=\"og:type\" content=\"article\" \/>\n<meta property=\"og:title\" content=\"Kj\u00f6rsvi\u00f0sbraut - FRAMHALDSSK\u00d3LINN \u00c1 LAUGUM\" \/>\n<meta property=\"og:description\" content=\"Kj\u00f6rsvi\u00f0sbraut\" \/>\n<meta property=\"og:url\" content=\"https:\/\/laugar.is\/?page_id=1294\" \/>\n<meta property=\"og:site_name\" content=\"FRAMHALDSSK\u00d3LINN \u00c1 LAUGUM\" \/>\n<meta property=\"article:publisher\" content=\"https:\/\/www.facebook.com\/laugaskoli\/\" \/>\n<meta property=\"article:modified_time\" content=\"2025-04-26T10:38:36+00:00\" \/>\n<meta property=\"og:image\" content=\"https:\/\/laugar.is\/wp-content\/uploads\/2024\/04\/cropped-laugar_merki_high.jpg\" \/>\n\t<meta property=\"og:image:width\" content=\"512\" \/>\n\t<meta property=\"og:image:height\" content=\"512\" \/>\n\t<meta property=\"og:image:type\" content=\"image\/jpeg\" \/>\n<meta name=\"twitter:card\" content=\"summary_large_image\" \/>\n<meta name=\"twitter:label1\" content=\"Est. reading time\" \/>\n\t<meta name=\"twitter:data1\" content=\"3 minutes\" \/>\n<script type=\"application\/ld+json\" class=\"yoast-schema-graph\">{\"@context\":\"https:\\\/\\\/schema.org\",\"@graph\":[{\"@type\":\"WebPage\",\"@id\":\"https:\\\/\\\/laugar.is\\\/?page_id=1294\",\"url\":\"https:\\\/\\\/laugar.is\\\/?page_id=1294\",\"name\":\"Kj\u00f6rsvi\u00f0sbraut - FRAMHALDSSK\u00d3LINN \u00c1 LAUGUM\",\"isPartOf\":{\"@id\":\"https:\\\/\\\/laugar.is\\\/#website\"},\"primaryImageOfPage\":{\"@id\":\"https:\\\/\\\/laugar.is\\\/?page_id=1294#primaryimage\"},\"image\":{\"@id\":\"https:\\\/\\\/laugar.is\\\/?page_id=1294#primaryimage\"},\"thumbnailUrl\":\"https:\\\/\\\/laugar.is\\\/wp-content\\\/uploads\\\/2024\\\/04\\\/cropped-laugar_merki_high-300x300.jpg\",\"datePublished\":\"2018-01-23T11:05:49+00:00\",\"dateModified\":\"2025-04-26T10:38:36+00:00\",\"description\":\"Kj\u00f6rsvi\u00f0sbraut\",\"breadcrumb\":{\"@id\":\"https:\\\/\\\/laugar.is\\\/?page_id=1294#breadcrumb\"},\"inLanguage\":\"is\",\"potentialAction\":[{\"@type\":\"ReadAction\",\"target\":[\"https:\\\/\\\/laugar.is\\\/?page_id=1294\"]}]},{\"@type\":\"ImageObject\",\"inLanguage\":\"is\",\"@id\":\"https:\\\/\\\/laugar.is\\\/?page_id=1294#primaryimage\",\"url\":\"https:\\\/\\\/laugar.is\\\/wp-content\\\/uploads\\\/2024\\\/04\\\/cropped-laugar_merki_high.jpg\",\"contentUrl\":\"https:\\\/\\\/laugar.is\\\/wp-content\\\/uploads\\\/2024\\\/04\\\/cropped-laugar_merki_high.jpg\",\"width\":512,\"height\":512},{\"@type\":\"BreadcrumbList\",\"@id\":\"https:\\\/\\\/laugar.is\\\/?page_id=1294#breadcrumb\",\"itemListElement\":[{\"@type\":\"ListItem\",\"position\":1,\"name\":\"Home\",\"item\":\"https:\\\/\\\/laugar.is\\\/\"},{\"@type\":\"ListItem\",\"position\":2,\"name\":\"N\u00c1MI\u00d0\",\"item\":\"https:\\\/\\\/laugar.is\\\/?page_id=6\"},{\"@type\":\"ListItem\",\"position\":3,\"name\":\"Kj\u00f6rsvi\u00f0sbraut\"}]},{\"@type\":\"WebSite\",\"@id\":\"https:\\\/\\\/laugar.is\\\/#website\",\"url\":\"https:\\\/\\\/laugar.is\\\/\",\"name\":\"FRAMHALDSSK\u00d3LINN \u00c1 LAUGUM\",\"description\":\"Metna\u00f0ur - Tr\u00famennska  - Tillitssemi - Gla\u00f0lyndi\",\"publisher\":{\"@id\":\"https:\\\/\\\/laugar.is\\\/#organization\"},\"potentialAction\":[{\"@type\":\"SearchAction\",\"target\":{\"@type\":\"EntryPoint\",\"urlTemplate\":\"https:\\\/\\\/laugar.is\\\/?s={search_term_string}\"},\"query-input\":{\"@type\":\"PropertyValueSpecification\",\"valueRequired\":true,\"valueName\":\"search_term_string\"}}],\"inLanguage\":\"is\"},{\"@type\":\"Organization\",\"@id\":\"https:\\\/\\\/laugar.is\\\/#organization\",\"name\":\"Framhaldssk\u00f3linn \u00e1 Laugum\",\"url\":\"https:\\\/\\\/laugar.is\\\/\",\"logo\":{\"@type\":\"ImageObject\",\"inLanguage\":\"is\",\"@id\":\"https:\\\/\\\/laugar.is\\\/#\\\/schema\\\/logo\\\/image\\\/\",\"url\":\"https:\\\/\\\/laugar.is\\\/wp-content\\\/uploads\\\/2017\\\/01\\\/laugar_merki_antexta-kip.jpg\",\"contentUrl\":\"https:\\\/\\\/laugar.is\\\/wp-content\\\/uploads\\\/2017\\\/01\\\/laugar_merki_antexta-kip.jpg\",\"width\":536,\"height\":551,\"caption\":\"Framhaldssk\u00f3linn \u00e1 Laugum\"},\"image\":{\"@id\":\"https:\\\/\\\/laugar.is\\\/#\\\/schema\\\/logo\\\/image\\\/\"},\"sameAs\":[\"https:\\\/\\\/www.facebook.com\\\/laugaskoli\\\/\"]}]}<\/script>\n<!-- \/ Yoast SEO plugin. -->","yoast_head_json":{"title":"Kj\u00f6rsvi\u00f0sbraut - FRAMHALDSSK\u00d3LINN \u00c1 LAUGUM","description":"Kj\u00f6rsvi\u00f0sbraut","robots":{"index":"index","follow":"follow","max-snippet":"max-snippet:-1","max-image-preview":"max-image-preview:large","max-video-preview":"max-video-preview:-1"},"canonical":"https:\/\/laugar.is\/?page_id=1294","og_locale":"is_IS","og_type":"article","og_title":"Kj\u00f6rsvi\u00f0sbraut - FRAMHALDSSK\u00d3LINN \u00c1 LAUGUM","og_description":"Kj\u00f6rsvi\u00f0sbraut","og_url":"https:\/\/laugar.is\/?page_id=1294","og_site_name":"FRAMHALDSSK\u00d3LINN \u00c1 LAUGUM","article_publisher":"https:\/\/www.facebook.com\/laugaskoli\/","article_modified_time":"2025-04-26T10:38:36+00:00","og_image":[{"width":512,"height":512,"url":"https:\/\/laugar.is\/wp-content\/uploads\/2024\/04\/cropped-laugar_merki_high.jpg","type":"image\/jpeg"}],"twitter_card":"summary_large_image","twitter_misc":{"Est. reading time":"3 minutes"},"schema":{"@context":"https:\/\/schema.org","@graph":[{"@type":"WebPage","@id":"https:\/\/laugar.is\/?page_id=1294","url":"https:\/\/laugar.is\/?page_id=1294","name":"Kj\u00f6rsvi\u00f0sbraut - FRAMHALDSSK\u00d3LINN \u00c1 LAUGUM","isPartOf":{"@id":"https:\/\/laugar.is\/#website"},"primaryImageOfPage":{"@id":"https:\/\/laugar.is\/?page_id=1294#primaryimage"},"image":{"@id":"https:\/\/laugar.is\/?page_id=1294#primaryimage"},"thumbnailUrl":"https:\/\/laugar.is\/wp-content\/uploads\/2024\/04\/cropped-laugar_merki_high-300x300.jpg","datePublished":"2018-01-23T11:05:49+00:00","dateModified":"2025-04-26T10:38:36+00:00","description":"Kj\u00f6rsvi\u00f0sbraut","breadcrumb":{"@id":"https:\/\/laugar.is\/?page_id=1294#breadcrumb"},"inLanguage":"is","potentialAction":[{"@type":"ReadAction","target":["https:\/\/laugar.is\/?page_id=1294"]}]},{"@type":"ImageObject","inLanguage":"is","@id":"https:\/\/laugar.is\/?page_id=1294#primaryimage","url":"https:\/\/laugar.is\/wp-content\/uploads\/2024\/04\/cropped-laugar_merki_high.jpg","contentUrl":"https:\/\/laugar.is\/wp-content\/uploads\/2024\/04\/cropped-laugar_merki_high.jpg","width":512,"height":512},{"@type":"BreadcrumbList","@id":"https:\/\/laugar.is\/?page_id=1294#breadcrumb","itemListElement":[{"@type":"ListItem","position":1,"name":"Home","item":"https:\/\/laugar.is\/"},{"@type":"ListItem","position":2,"name":"N\u00c1MI\u00d0","item":"https:\/\/laugar.is\/?page_id=6"},{"@type":"ListItem","position":3,"name":"Kj\u00f6rsvi\u00f0sbraut"}]},{"@type":"WebSite","@id":"https:\/\/laugar.is\/#website","url":"https:\/\/laugar.is\/","name":"FRAMHALDSSK\u00d3LINN \u00c1 LAUGUM","description":"Metna\u00f0ur - Tr\u00famennska  - Tillitssemi - Gla\u00f0lyndi","publisher":{"@id":"https:\/\/laugar.is\/#organization"},"potentialAction":[{"@type":"SearchAction","target":{"@type":"EntryPoint","urlTemplate":"https:\/\/laugar.is\/?s={search_term_string}"},"query-input":{"@type":"PropertyValueSpecification","valueRequired":true,"valueName":"search_term_string"}}],"inLanguage":"is"},{"@type":"Organization","@id":"https:\/\/laugar.is\/#organization","name":"Framhaldssk\u00f3linn \u00e1 Laugum","url":"https:\/\/laugar.is\/","logo":{"@type":"ImageObject","inLanguage":"is","@id":"https:\/\/laugar.is\/#\/schema\/logo\/image\/","url":"https:\/\/laugar.is\/wp-content\/uploads\/2017\/01\/laugar_merki_antexta-kip.jpg","contentUrl":"https:\/\/laugar.is\/wp-content\/uploads\/2017\/01\/laugar_merki_antexta-kip.jpg","width":536,"height":551,"caption":"Framhaldssk\u00f3linn \u00e1 Laugum"},"image":{"@id":"https:\/\/laugar.is\/#\/schema\/logo\/image\/"},"sameAs":["https:\/\/www.facebook.com\/laugaskoli\/"]}]}},"_links":{"self":[{"href":"https:\/\/laugar.is\/index.php?rest_route=\/wp\/v2\/pages\/1294","targetHints":{"allow":["GET"]}}],"collection":[{"href":"https:\/\/laugar.is\/index.php?rest_route=\/wp\/v2\/pages"}],"about":[{"href":"https:\/\/laugar.is\/index.php?rest_route=\/wp\/v2\/types\/page"}],"author":[{"embeddable":true,"href":"https:\/\/laugar.is\/index.php?rest_route=\/wp\/v2\/users\/1"}],"replies":[{"embeddable":true,"href":"https:\/\/laugar.is\/index.php?rest_route=%2Fwp%2Fv2%2Fcomments&post=1294"}],"version-history":[{"count":36,"href":"https:\/\/laugar.is\/index.php?rest_route=\/wp\/v2\/pages\/1294\/revisions"}],"predecessor-version":[{"id":8897,"href":"https:\/\/laugar.is\/index.php?rest_route=\/wp\/v2\/pages\/1294\/revisions\/8897"}],"up":[{"embeddable":true,"href":"https:\/\/laugar.is\/index.php?rest_route=\/wp\/v2\/pages\/6"}],"wp:attachment":[{"href":"https:\/\/laugar.is\/index.php?rest_route=%2Fwp%2Fv2%2Fmedia&parent=1294"}],"curies":[{"name":"wp","href":"https:\/\/api.w.org\/{rel}","templated":true}]}}