{"id":127,"date":"2016-04-06T13:40:44","date_gmt":"2016-04-06T13:40:44","guid":{"rendered":"http:\/\/laugar.is\/?page_id=127"},"modified":"2025-01-29T15:11:29","modified_gmt":"2025-01-29T15:11:29","slug":"almenn-braut","status":"publish","type":"page","link":"https:\/\/laugar.is\/?page_id=127","title":{"rendered":"Almenn braut"},"content":{"rendered":"<p>&nbsp;<\/p>\n<p><img loading=\"lazy\" decoding=\"async\" class=\" wp-image-5877 alignleft\" src=\"https:\/\/laugar.is\/wp-content\/uploads\/2024\/06\/Ny-mynd-eitt-292x300.jpg\" alt=\"\" width=\"226\" height=\"233\" srcset=\"https:\/\/laugar.is\/wp-content\/uploads\/2024\/06\/Ny-mynd-eitt-292x300.jpg 292w, https:\/\/laugar.is\/wp-content\/uploads\/2024\/06\/Ny-mynd-eitt-996x1024.jpg 996w, https:\/\/laugar.is\/wp-content\/uploads\/2024\/06\/Ny-mynd-eitt-768x790.jpg 768w, https:\/\/laugar.is\/wp-content\/uploads\/2024\/06\/Ny-mynd-eitt.jpg 1138w\" sizes=\"auto, (max-width: 226px) 100vw, 226px\" \/><\/p>\n<p>&nbsp;<\/p>\n<p>&nbsp;<\/p>\n<h3>Brautarstj\u00f3ri almennrar brautar er <strong>J\u00f3hanna Eyd\u00eds \u00de\u00f3rarinsd\u00f3ttir<\/strong><\/h3>\n<p>&nbsp;<\/p>\n<p>&nbsp;<\/p>\n<h4><strong>N\u00e1mi\u00f0&nbsp;<\/strong><\/h4>\n<p>N\u00e1mi \u00e1 almennri braut er \u00e6tla\u00f0 a\u00f0 veita nemendum, sem ekki hafa n\u00e1\u00f0 a\u00f0 uppfylla markmi\u00f0 grunnsk\u00f3lans, t\u00e6kif\u00e6ri til a\u00f0 vinna upp \u00fea\u00f0 sem upp\u00e1 vantar \u00ed kjarnagreinum auk \u00feess a\u00f0 gera \u00fe\u00e1 h\u00e6fari til a\u00f0 takast \u00e1 vi\u00f0 almennt n\u00e1m \u00e1 framhaldssk\u00f3lastigi.<\/p>\n<h4><strong>Einstaklingsmi\u00f0a\u00f0 n\u00e1m sem hentar \u00fe\u00f6rfum hvers og eins<\/strong><\/h4>\n<p>Tilgangurinn er a\u00f0 nemendum s\u00e9 bo\u00f0i\u00f0 upp \u00e1 menntun sem henti \u00fe\u00f6rfum hvers og eins. N\u00e1mi\u00f0 er a\u00f0 miklu leyti einstaklingsmi\u00f0a\u00f0. Megin\u00e1herslan er \u00e1 a\u00f0 styrkja almenna \u00feekkingu, leikni og h\u00e6fni nemenda \u00ed kjarnagreinum til a\u00f0 \u00feeir geti stunda\u00f0 n\u00e1m \u00e1 brautum til st\u00fadentspr\u00f3fs e\u00f0a annarra skilgreindra n\u00e1msloka. Ennfremur a\u00f0 undirb\u00faa nemendur undir \u00fe\u00e1ttt\u00f6ku \u00ed l\u00fd\u00f0r\u00e6\u00f0islegu samf\u00e9lagi og \u00e1framhaldandi n\u00e1m.<\/p>\n<table cellpadding=\"8\">\n<tbody>\n<tr>\n<td class=\"programme-headers\"><strong>H\u00e6fnivi\u00f0mi\u00f0:<\/strong><\/td>\n<\/tr>\n<\/tbody>\n<\/table>\n<table style=\"width: 100%;\" cellpadding=\"8\">\n<tbody>\n<tr>\n<td class=\"programme-headers\" style=\"width: 0.709579%;\">&nbsp;<\/td>\n<td style=\"width: 98.9356%;\">A\u00f0 loknu n\u00e1mi skal nemandi hafa h\u00e6fni til a\u00f0 &#8230;<\/p>\n<ul>\n<li class=\"outer-list-item\">\u00feekkja betur h\u00e6fni s\u00edna og styrkleika<\/li>\n<li class=\"outer-list-item\">hlusta \u00e1 sj\u00f3narmi\u00f0 annarra og vir\u00f0a \u00feau<\/li>\n<li class=\"outer-list-item\">tj\u00e1 eigin sko\u00f0anir \u00ed r\u00e6\u00f0u og riti<\/li>\n<li class=\"outer-list-item\">taka \u00fe\u00e1tt \u00ed l\u00fd\u00f0r\u00e6\u00f0issamf\u00e9lagi, s.s. sk\u00f3lastarfinu<\/li>\n<li class=\"outer-list-item\">leita n\u00fdrra lei\u00f0a og mynda s\u00e9r sj\u00e1lfst\u00e6\u00f0ar sko\u00f0anir<\/li>\n<li class=\"outer-list-item\">n\u00fdta s\u00e9r l\u00e6si \u00ed v\u00ed\u00f0u samhengi<\/li>\n<li class=\"outer-list-item\">lesa \u00ed umhverfi sitt, samskipti, tilfinningar og reglur \u00ed \u00feeim tilgangi a\u00f0 \u00e1tta sig \u00e1 \u00fev\u00ed hva\u00f0 er vi\u00f0eigandi hverju sinni<\/li>\n<li class=\"outer-list-item\">geta n\u00fdtt s\u00e9r vi\u00f0eigandi stu\u00f0ninst\u00e6ki vi\u00f0 n\u00e1mi\u00f0, s.s. reikniv\u00e9lar \u00ed s\u00edmum, lei\u00f0r\u00e9ttingaforrit, hlj\u00f3\u00f0b\u00e6kur og anna\u00f0 \u00fea\u00f0 sem n\u00fdtist vi\u00f0 n\u00e1mi\u00f0<\/li>\n<li class=\"outer-list-item\">\u00e1tta sig \u00e1 \u00fev\u00ed a\u00f0 \u00fea\u00f0 eru b\u00e6\u00f0i til r\u00e9ttindi og skyldur og \u00f6ll berum vi\u00f0 \u00e1kve\u00f0na \u00e1byrg\u00f0 \u00e1 l\u00edfi okkar<\/li>\n<li class=\"outer-list-item\">vir\u00f0a og ganga vel um n\u00e1tt\u00faru og umhverfi, einnig hi\u00f0 mannlega umhverfi sem skapast \u00ed miklu n\u00e1b\u00fdli l\u00edtils heimavistarsk\u00f3la<\/li>\n<\/ul>\n<\/td>\n<\/tr>\n<\/tbody>\n<\/table>\n<p>&nbsp;<\/p>\n<p><strong><a href=\"https:\/\/namskra.is\/programmes\/a7ea40dc-0460-4ecd-bbaf-30e2d5ab56c7\">N\u00e1nari uppl\u00fdsingar um n\u00e1m \u00e1 almennri braut m\u00e1 finna h\u00e9r<\/a><\/strong><\/p>\n<p>&nbsp;<\/p>\n<p>&nbsp;<\/p>\n<p>&nbsp;<\/p>\n<p>&nbsp;<\/p>\n<p>&nbsp;<\/p>\n","protected":false},"excerpt":{"rendered":"<p>&nbsp; &nbsp; &nbsp; Brautarstj\u00f3ri almennrar brautar er J\u00f3hanna Eyd\u00eds \u00de\u00f3rarinsd\u00f3ttir &nbsp; &nbsp; N\u00e1mi\u00f0&nbsp; N\u00e1mi \u00e1 almennri braut er \u00e6tla\u00f0 a\u00f0 veita nemendum, sem ekki hafa n\u00e1\u00f0 a\u00f0 uppfylla markmi\u00f0 grunnsk\u00f3lans, t\u00e6kif\u00e6ri til a\u00f0 vinna upp \u00fea\u00f0 sem upp\u00e1 vantar \u00ed kjarnagreinum auk \u00feess a\u00f0 gera \u00fe\u00e1 h\u00e6fari til a\u00f0 takast \u00e1 vi\u00f0 almennt n\u00e1m \u00e1 framhaldssk\u00f3lastigi. Einstaklingsmi\u00f0a\u00f0 n\u00e1m sem hentar \u00fe\u00f6rfum hvers og eins Tilgangurinn er a\u00f0 nemendum s\u00e9 bo\u00f0i\u00f0 <a class=\"more-link\" href=\"https:\/\/laugar.is\/?page_id=127\">&#8230;Lestu \u00e1fram<\/a><\/p>\n","protected":false},"author":1,"featured_media":0,"parent":6,"menu_order":1,"comment_status":"closed","ping_status":"closed","template":"","meta":{"_acf_changed":false,"_lmt_disableupdate":"no","_lmt_disable":"no","ngg_post_thumbnail":0,"footnotes":""},"class_list":["post-127","page","type-page","status-publish","hentry"],"acf":[],"yoast_head":"<!-- This site is optimized with the Yoast SEO plugin v27.6 - https:\/\/yoast.com\/product\/yoast-seo-wordpress\/ -->\n<title>Almenn braut - FRAMHALDSSK\u00d3LINN \u00c1 LAUGUM<\/title>\n<meta name=\"description\" content=\"Almenn braut Framhaldssk\u00f3linn \u00e1 Laugum Heimavistarsk\u00f3li \u00ed sveit\" \/>\n<meta name=\"robots\" content=\"index, follow, max-snippet:-1, max-image-preview:large, max-video-preview:-1\" \/>\n<link rel=\"canonical\" href=\"https:\/\/laugar.is\/?page_id=127\" \/>\n<meta property=\"og:locale\" content=\"is_IS\" \/>\n<meta property=\"og:type\" content=\"article\" \/>\n<meta property=\"og:title\" content=\"Almenn braut - FRAMHALDSSK\u00d3LINN \u00c1 LAUGUM\" \/>\n<meta property=\"og:description\" content=\"Almenn braut Framhaldssk\u00f3linn \u00e1 Laugum Heimavistarsk\u00f3li \u00ed sveit\" \/>\n<meta property=\"og:url\" content=\"https:\/\/laugar.is\/?page_id=127\" \/>\n<meta property=\"og:site_name\" content=\"FRAMHALDSSK\u00d3LINN \u00c1 LAUGUM\" \/>\n<meta property=\"article:publisher\" content=\"https:\/\/www.facebook.com\/laugaskoli\/\" \/>\n<meta property=\"article:modified_time\" content=\"2025-01-29T15:11:29+00:00\" \/>\n<meta property=\"og:image\" content=\"https:\/\/laugar.is\/wp-content\/uploads\/2024\/06\/Ny-mynd-eitt.jpg\" \/>\n\t<meta property=\"og:image:width\" content=\"1138\" \/>\n\t<meta property=\"og:image:height\" content=\"1170\" \/>\n\t<meta property=\"og:image:type\" content=\"image\/jpeg\" \/>\n<meta name=\"twitter:card\" content=\"summary_large_image\" \/>\n<meta name=\"twitter:label1\" content=\"Est. reading time\" \/>\n\t<meta name=\"twitter:data1\" content=\"2 minutes\" \/>\n<script type=\"application\/ld+json\" class=\"yoast-schema-graph\">{\"@context\":\"https:\\\/\\\/schema.org\",\"@graph\":[{\"@type\":\"WebPage\",\"@id\":\"https:\\\/\\\/laugar.is\\\/?page_id=127\",\"url\":\"https:\\\/\\\/laugar.is\\\/?page_id=127\",\"name\":\"Almenn braut - FRAMHALDSSK\u00d3LINN \u00c1 LAUGUM\",\"isPartOf\":{\"@id\":\"https:\\\/\\\/laugar.is\\\/#website\"},\"primaryImageOfPage\":{\"@id\":\"https:\\\/\\\/laugar.is\\\/?page_id=127#primaryimage\"},\"image\":{\"@id\":\"https:\\\/\\\/laugar.is\\\/?page_id=127#primaryimage\"},\"thumbnailUrl\":\"https:\\\/\\\/laugar.is\\\/wp-content\\\/uploads\\\/2024\\\/06\\\/Ny-mynd-eitt-292x300.jpg\",\"datePublished\":\"2016-04-06T13:40:44+00:00\",\"dateModified\":\"2025-01-29T15:11:29+00:00\",\"description\":\"Almenn braut Framhaldssk\u00f3linn \u00e1 Laugum Heimavistarsk\u00f3li \u00ed sveit\",\"breadcrumb\":{\"@id\":\"https:\\\/\\\/laugar.is\\\/?page_id=127#breadcrumb\"},\"inLanguage\":\"is\",\"potentialAction\":[{\"@type\":\"ReadAction\",\"target\":[\"https:\\\/\\\/laugar.is\\\/?page_id=127\"]}]},{\"@type\":\"ImageObject\",\"inLanguage\":\"is\",\"@id\":\"https:\\\/\\\/laugar.is\\\/?page_id=127#primaryimage\",\"url\":\"https:\\\/\\\/laugar.is\\\/wp-content\\\/uploads\\\/2024\\\/06\\\/Ny-mynd-eitt.jpg\",\"contentUrl\":\"https:\\\/\\\/laugar.is\\\/wp-content\\\/uploads\\\/2024\\\/06\\\/Ny-mynd-eitt.jpg\",\"width\":1138,\"height\":1170},{\"@type\":\"BreadcrumbList\",\"@id\":\"https:\\\/\\\/laugar.is\\\/?page_id=127#breadcrumb\",\"itemListElement\":[{\"@type\":\"ListItem\",\"position\":1,\"name\":\"Home\",\"item\":\"https:\\\/\\\/laugar.is\\\/\"},{\"@type\":\"ListItem\",\"position\":2,\"name\":\"N\u00c1MI\u00d0\",\"item\":\"https:\\\/\\\/laugar.is\\\/?page_id=6\"},{\"@type\":\"ListItem\",\"position\":3,\"name\":\"Almenn braut\"}]},{\"@type\":\"WebSite\",\"@id\":\"https:\\\/\\\/laugar.is\\\/#website\",\"url\":\"https:\\\/\\\/laugar.is\\\/\",\"name\":\"FRAMHALDSSK\u00d3LINN \u00c1 LAUGUM\",\"description\":\"Metna\u00f0ur - Tr\u00famennska  - Tillitssemi - Gla\u00f0lyndi\",\"publisher\":{\"@id\":\"https:\\\/\\\/laugar.is\\\/#organization\"},\"potentialAction\":[{\"@type\":\"SearchAction\",\"target\":{\"@type\":\"EntryPoint\",\"urlTemplate\":\"https:\\\/\\\/laugar.is\\\/?s={search_term_string}\"},\"query-input\":{\"@type\":\"PropertyValueSpecification\",\"valueRequired\":true,\"valueName\":\"search_term_string\"}}],\"inLanguage\":\"is\"},{\"@type\":\"Organization\",\"@id\":\"https:\\\/\\\/laugar.is\\\/#organization\",\"name\":\"Framhaldssk\u00f3linn \u00e1 Laugum\",\"url\":\"https:\\\/\\\/laugar.is\\\/\",\"logo\":{\"@type\":\"ImageObject\",\"inLanguage\":\"is\",\"@id\":\"https:\\\/\\\/laugar.is\\\/#\\\/schema\\\/logo\\\/image\\\/\",\"url\":\"https:\\\/\\\/laugar.is\\\/wp-content\\\/uploads\\\/2017\\\/01\\\/laugar_merki_antexta-kip.jpg\",\"contentUrl\":\"https:\\\/\\\/laugar.is\\\/wp-content\\\/uploads\\\/2017\\\/01\\\/laugar_merki_antexta-kip.jpg\",\"width\":536,\"height\":551,\"caption\":\"Framhaldssk\u00f3linn \u00e1 Laugum\"},\"image\":{\"@id\":\"https:\\\/\\\/laugar.is\\\/#\\\/schema\\\/logo\\\/image\\\/\"},\"sameAs\":[\"https:\\\/\\\/www.facebook.com\\\/laugaskoli\\\/\"]}]}<\/script>\n<!-- \/ Yoast SEO plugin. -->","yoast_head_json":{"title":"Almenn braut - FRAMHALDSSK\u00d3LINN \u00c1 LAUGUM","description":"Almenn braut Framhaldssk\u00f3linn \u00e1 Laugum Heimavistarsk\u00f3li \u00ed sveit","robots":{"index":"index","follow":"follow","max-snippet":"max-snippet:-1","max-image-preview":"max-image-preview:large","max-video-preview":"max-video-preview:-1"},"canonical":"https:\/\/laugar.is\/?page_id=127","og_locale":"is_IS","og_type":"article","og_title":"Almenn braut - FRAMHALDSSK\u00d3LINN \u00c1 LAUGUM","og_description":"Almenn braut Framhaldssk\u00f3linn \u00e1 Laugum Heimavistarsk\u00f3li \u00ed sveit","og_url":"https:\/\/laugar.is\/?page_id=127","og_site_name":"FRAMHALDSSK\u00d3LINN \u00c1 LAUGUM","article_publisher":"https:\/\/www.facebook.com\/laugaskoli\/","article_modified_time":"2025-01-29T15:11:29+00:00","og_image":[{"width":1138,"height":1170,"url":"https:\/\/laugar.is\/wp-content\/uploads\/2024\/06\/Ny-mynd-eitt.jpg","type":"image\/jpeg"}],"twitter_card":"summary_large_image","twitter_misc":{"Est. reading time":"2 minutes"},"schema":{"@context":"https:\/\/schema.org","@graph":[{"@type":"WebPage","@id":"https:\/\/laugar.is\/?page_id=127","url":"https:\/\/laugar.is\/?page_id=127","name":"Almenn braut - FRAMHALDSSK\u00d3LINN \u00c1 LAUGUM","isPartOf":{"@id":"https:\/\/laugar.is\/#website"},"primaryImageOfPage":{"@id":"https:\/\/laugar.is\/?page_id=127#primaryimage"},"image":{"@id":"https:\/\/laugar.is\/?page_id=127#primaryimage"},"thumbnailUrl":"https:\/\/laugar.is\/wp-content\/uploads\/2024\/06\/Ny-mynd-eitt-292x300.jpg","datePublished":"2016-04-06T13:40:44+00:00","dateModified":"2025-01-29T15:11:29+00:00","description":"Almenn braut Framhaldssk\u00f3linn \u00e1 Laugum Heimavistarsk\u00f3li \u00ed sveit","breadcrumb":{"@id":"https:\/\/laugar.is\/?page_id=127#breadcrumb"},"inLanguage":"is","potentialAction":[{"@type":"ReadAction","target":["https:\/\/laugar.is\/?page_id=127"]}]},{"@type":"ImageObject","inLanguage":"is","@id":"https:\/\/laugar.is\/?page_id=127#primaryimage","url":"https:\/\/laugar.is\/wp-content\/uploads\/2024\/06\/Ny-mynd-eitt.jpg","contentUrl":"https:\/\/laugar.is\/wp-content\/uploads\/2024\/06\/Ny-mynd-eitt.jpg","width":1138,"height":1170},{"@type":"BreadcrumbList","@id":"https:\/\/laugar.is\/?page_id=127#breadcrumb","itemListElement":[{"@type":"ListItem","position":1,"name":"Home","item":"https:\/\/laugar.is\/"},{"@type":"ListItem","position":2,"name":"N\u00c1MI\u00d0","item":"https:\/\/laugar.is\/?page_id=6"},{"@type":"ListItem","position":3,"name":"Almenn braut"}]},{"@type":"WebSite","@id":"https:\/\/laugar.is\/#website","url":"https:\/\/laugar.is\/","name":"FRAMHALDSSK\u00d3LINN \u00c1 LAUGUM","description":"Metna\u00f0ur - Tr\u00famennska  - Tillitssemi - Gla\u00f0lyndi","publisher":{"@id":"https:\/\/laugar.is\/#organization"},"potentialAction":[{"@type":"SearchAction","target":{"@type":"EntryPoint","urlTemplate":"https:\/\/laugar.is\/?s={search_term_string}"},"query-input":{"@type":"PropertyValueSpecification","valueRequired":true,"valueName":"search_term_string"}}],"inLanguage":"is"},{"@type":"Organization","@id":"https:\/\/laugar.is\/#organization","name":"Framhaldssk\u00f3linn \u00e1 Laugum","url":"https:\/\/laugar.is\/","logo":{"@type":"ImageObject","inLanguage":"is","@id":"https:\/\/laugar.is\/#\/schema\/logo\/image\/","url":"https:\/\/laugar.is\/wp-content\/uploads\/2017\/01\/laugar_merki_antexta-kip.jpg","contentUrl":"https:\/\/laugar.is\/wp-content\/uploads\/2017\/01\/laugar_merki_antexta-kip.jpg","width":536,"height":551,"caption":"Framhaldssk\u00f3linn \u00e1 Laugum"},"image":{"@id":"https:\/\/laugar.is\/#\/schema\/logo\/image\/"},"sameAs":["https:\/\/www.facebook.com\/laugaskoli\/"]}]}},"_links":{"self":[{"href":"https:\/\/laugar.is\/index.php?rest_route=\/wp\/v2\/pages\/127","targetHints":{"allow":["GET"]}}],"collection":[{"href":"https:\/\/laugar.is\/index.php?rest_route=\/wp\/v2\/pages"}],"about":[{"href":"https:\/\/laugar.is\/index.php?rest_route=\/wp\/v2\/types\/page"}],"author":[{"embeddable":true,"href":"https:\/\/laugar.is\/index.php?rest_route=\/wp\/v2\/users\/1"}],"replies":[{"embeddable":true,"href":"https:\/\/laugar.is\/index.php?rest_route=%2Fwp%2Fv2%2Fcomments&post=127"}],"version-history":[{"count":21,"href":"https:\/\/laugar.is\/index.php?rest_route=\/wp\/v2\/pages\/127\/revisions"}],"predecessor-version":[{"id":6448,"href":"https:\/\/laugar.is\/index.php?rest_route=\/wp\/v2\/pages\/127\/revisions\/6448"}],"up":[{"embeddable":true,"href":"https:\/\/laugar.is\/index.php?rest_route=\/wp\/v2\/pages\/6"}],"wp:attachment":[{"href":"https:\/\/laugar.is\/index.php?rest_route=%2Fwp%2Fv2%2Fmedia&parent=127"}],"curies":[{"name":"wp","href":"https:\/\/api.w.org\/{rel}","templated":true}]}}