{"id":123,"date":"2016-04-06T12:22:18","date_gmt":"2016-04-06T12:22:18","guid":{"rendered":"http:\/\/laugar.is\/?page_id=123"},"modified":"2025-04-26T09:36:42","modified_gmt":"2025-04-26T09:36:42","slug":"framhaldsskolinn-a-laugum","status":"publish","type":"page","link":"https:\/\/laugar.is\/?page_id=123","title":{"rendered":"\u00cd\u00fer\u00f3ttafr\u00e6\u00f0ibraut"},"content":{"rendered":"<p><img loading=\"lazy\" decoding=\"async\" class=\"alignnone wp-image-6170\" src=\"https:\/\/laugar.is\/wp-content\/uploads\/2024\/04\/cropped-laugar_merki_high-300x300.jpg\" alt=\"\" width=\"155\" height=\"155\" srcset=\"https:\/\/laugar.is\/wp-content\/uploads\/2024\/04\/cropped-laugar_merki_high-300x300.jpg 300w, https:\/\/laugar.is\/wp-content\/uploads\/2024\/04\/cropped-laugar_merki_high-150x150.jpg 150w, https:\/\/laugar.is\/wp-content\/uploads\/2024\/04\/cropped-laugar_merki_high-270x270.jpg 270w, https:\/\/laugar.is\/wp-content\/uploads\/2024\/04\/cropped-laugar_merki_high-192x192.jpg 192w, https:\/\/laugar.is\/wp-content\/uploads\/2024\/04\/cropped-laugar_merki_high-180x180.jpg 180w, https:\/\/laugar.is\/wp-content\/uploads\/2024\/04\/cropped-laugar_merki_high-32x32.jpg 32w, https:\/\/laugar.is\/wp-content\/uploads\/2024\/04\/cropped-laugar_merki_high.jpg 512w\" sizes=\"auto, (max-width: 155px) 100vw, 155px\" \/><\/p>\n<p><strong>\u00c1 \u00ed\u00fer\u00f3ttabraut er l\u00f6g\u00f0 \u00e1hersla \u00e1 gott almennt n\u00e1m me\u00f0 s\u00e9rstaka \u00e1herslu \u00e1 trausta \u00feekkingu \u00e1 svi\u00f0i \u00ed\u00fer\u00f3tta- og heilsufr\u00e6\u00f0a.&nbsp; A\u00f0 loknu n\u00e1mi eiga nemendur a\u00f0 hafa g\u00f3\u00f0a undirst\u00f6\u00f0u\u00feekkingu \u00e1 \u00e1\u00f0urnefndum svi\u00f0um og vera f\u00e6rir um a\u00f0 n\u00fdta s\u00e9r hana vi\u00f0 margv\u00edsleg verkefni og til frekara n\u00e1ms, einkum \u00ed \u00ed\u00fer\u00f3tta- og heilsufr\u00e6\u00f0um.<\/strong><br \/>\n&nbsp;<\/p>\n<h5><strong>Nemendur sk\u00f3lans hafa gjaldfrj\u00e1lsan a\u00f0gang \u00ed \u00ed\u00fer\u00f3ttah\u00fasi\u00f0, sundlaugina og r\u00e6ktina&nbsp;<\/strong><\/h5>\n<p>\u00cd&nbsp;\u00ed\u00fer\u00f3ttah\u00fasinu er a\u00f0sta\u00f0a fyrir fj\u00f6lbreytta \u00ed\u00fer\u00f3ttai\u00f0kun \u00e1samt l\u00edkamsr\u00e6ktara\u00f0st\u00f6\u00f0u a\u00f0 \u00f3gleymdri sundlauginni.&nbsp; \u00c1 Laugum er \u00ed\u00fer\u00f3ttaa\u00f0sta\u00f0an me\u00f0 \u00fev\u00ed besta sem gerist \u00ed framhaldssk\u00f3lum \u00e1 \u00cdslandi en sk\u00f3linn kappkostar a\u00f0 gefa nemendum t\u00e6kif\u00e6ri til \u00feess a\u00f0 stunda fj\u00f6lbreytta l\u00edkamsr\u00e6kt vi\u00f0 g\u00f3\u00f0ar a\u00f0st\u00e6\u00f0ur. \u00cd\u00fer\u00f3ttah\u00fas sk\u00f3lans er gl\u00e6silegt og vel t\u00e6kjum b\u00fai\u00f0. Auk \u00ed\u00fer\u00f3ttasalar sem var endurn\u00fdja\u00f0ur 2019 eru \u00fear tveir l\u00edkamsr\u00e6ktarsalir.<br \/>\nSundlaugin \u00e1 Laugum er tengd vi\u00f0 \u00ed\u00fer\u00f3ttah\u00fas sk\u00f3lans en h\u00fan var tekin \u00ed notkun \u00e1ri\u00f0 2005. Gl\u00e6silegur \u00ed\u00fer\u00f3ttav\u00f6llur er \u00e1 Laugum sem nemendur hafa grei\u00f0an a\u00f0gang a\u00f0 en v\u00f6llurinn var endurn\u00fdja\u00f0ur \u00e1ri\u00f0 2006. Nemendur sk\u00f3lans hafa gjaldfrj\u00e1lsan a\u00f0gang \u00ed \u00ed\u00fer\u00f3ttah\u00fasi\u00f0, sundlaugina og r\u00e6ktina sem er fr\u00e1b\u00e6r kjarab\u00f3t og \u00fev\u00ed um a\u00f0 gera a\u00f0 n\u00fdta s\u00e9r hina fr\u00e1b\u00e6ru \u00ed\u00fer\u00f3ttaa\u00f0st\u00f6\u00f0u eftir a\u00f0 kennslu l\u00fdkur.<br \/>\n&nbsp;<\/p>\n<h5><strong>Skipulag:<\/strong><\/h5>\n<p>N\u00e1m \u00e1 \u00ed\u00fer\u00f3ttabraut er \u00ed bland b\u00e6\u00f0i verklegt og b\u00f3klegt og fer fram \u00fdmist \u00ed \u00ed\u00fer\u00f3ttah\u00fasi e\u00f0a \u00ed sk\u00f3lanum. \u00c1 brautinni er l\u00f6g\u00f0 \u00e1hersla \u00e1 n\u00e1m i \u00ed\u00fer\u00f3ttafr\u00e6\u00f0um, \u00fej\u00e1lffr\u00e6\u00f0i, \u00ed\u00fer\u00f3ttagreinum og starfsn\u00e1mi. Kjarninn samanstendur af \u00e1f\u00f6ngum sem nemendur af \u00f6llum st\u00fadentsbrautum taka en brautarkjarninn er s\u00e9rkenndur fyrir \u00ed\u00fer\u00f3ttabrautina. Frj\u00e1lsu vali \u00fearf a\u00f0 haga \u00feannig a\u00f0 skilyr\u00f0um a\u00f0aln\u00e1mskr\u00e1r um \u00ferepaskiptingu n\u00e1ms til st\u00fadentspr\u00f3fs s\u00e9 fulln\u00e6gt. Vegna sm\u00e6\u00f0ar sk\u00f3lans geta \u00fe\u00e6r a\u00f0st\u00e6\u00f0ur komi\u00f0 upp a\u00f0 \u00e6skilegt e\u00f0a jafnvel nau\u00f0synlegt kann a\u00f0 reynast a\u00f0 s\u00e6kja n\u00e1m \u00ed einstaka \u00e1fanga\/\u00e1f\u00f6ngum til annarra sk\u00f3la s.s. me\u00f0 fjarn\u00e1mi.<\/p>\n<p><strong><em>Lestu meira um \u00ed\u00fer\u00f3ttafr\u00e6\u00f0ibraut<\/em><\/strong><\/p>\n<h5><strong><a href=\"https:\/\/namskra.is\/programmes\/da68e5a8-a391-49b2-851d-f46c7e488943\">N\u00e1msbrautarl\u00fdsing \u00ed\u00fer\u00f3ttabrautar<\/a><\/strong><\/h5>\n<p>&nbsp;<\/p>\n<p><iframe loading=\"lazy\" title=\"\u00cd\u00fer\u00f3ttabraut Framhaldssk\u00f3lans \u00e1 Laugum\" width=\"800\" height=\"450\" src=\"https:\/\/www.youtube.com\/embed\/RV4kMf9xgfo?feature=oembed\" frameborder=\"0\" allow=\"accelerometer; autoplay; clipboard-write; encrypted-media; gyroscope; picture-in-picture; web-share\" referrerpolicy=\"strict-origin-when-cross-origin\" allowfullscreen><\/iframe><\/p>\n<p>&nbsp;<\/p>\n","protected":false},"excerpt":{"rendered":"<p>\u00c1 \u00ed\u00fer\u00f3ttabraut er l\u00f6g\u00f0 \u00e1hersla \u00e1 gott almennt n\u00e1m me\u00f0 s\u00e9rstaka \u00e1herslu \u00e1 trausta \u00feekkingu \u00e1 svi\u00f0i \u00ed\u00fer\u00f3tta- og heilsufr\u00e6\u00f0a.&nbsp; A\u00f0 loknu n\u00e1mi eiga nemendur a\u00f0 hafa g\u00f3\u00f0a undirst\u00f6\u00f0u\u00feekkingu \u00e1 \u00e1\u00f0urnefndum svi\u00f0um og vera f\u00e6rir um a\u00f0 n\u00fdta s\u00e9r hana vi\u00f0 margv\u00edsleg verkefni og til frekara n\u00e1ms, einkum \u00ed \u00ed\u00fer\u00f3tta- og heilsufr\u00e6\u00f0um. &nbsp; Nemendur sk\u00f3lans hafa gjaldfrj\u00e1lsan a\u00f0gang \u00ed \u00ed\u00fer\u00f3ttah\u00fasi\u00f0, sundlaugina og r\u00e6ktina&nbsp; \u00cd&nbsp;\u00ed\u00fer\u00f3ttah\u00fasinu er a\u00f0sta\u00f0a fyrir fj\u00f6lbreytta \u00ed\u00fer\u00f3ttai\u00f0kun \u00e1samt <a class=\"more-link\" href=\"https:\/\/laugar.is\/?page_id=123\">&#8230;Lestu \u00e1fram<\/a><\/p>\n","protected":false},"author":1,"featured_media":0,"parent":6,"menu_order":4,"comment_status":"closed","ping_status":"closed","template":"","meta":{"_acf_changed":false,"_lmt_disableupdate":"no","_lmt_disable":"no","ngg_post_thumbnail":0,"footnotes":""},"class_list":["post-123","page","type-page","status-publish","hentry"],"acf":[],"yoast_head":"<!-- This site is optimized with the Yoast SEO plugin v27.5 - https:\/\/yoast.com\/product\/yoast-seo-wordpress\/ -->\n<title>\u00cd\u00fer\u00f3ttafr\u00e6\u00f0ibraut - FRAMHALDSSK\u00d3LINN \u00c1 LAUGUM<\/title>\n<meta name=\"description\" content=\"\u00cd\u00fer\u00f3ttabraut Framhaldssk\u00f3linn \u00e1 Laugum G\u00f3\u00f0 a\u00f0sta\u00f0a til \u00ed\u00fer\u00f3ttai\u00f0kunar og fr\u00edtt er \u00ed r\u00e6ktina og \u00ed sund fyrir nemendur sk\u00f3lans.\" \/>\n<meta name=\"robots\" content=\"index, follow, max-snippet:-1, max-image-preview:large, max-video-preview:-1\" \/>\n<link rel=\"canonical\" href=\"https:\/\/laugar.is\/?page_id=123\" \/>\n<meta property=\"og:locale\" content=\"is_IS\" \/>\n<meta property=\"og:type\" content=\"article\" \/>\n<meta property=\"og:title\" content=\"\u00cd\u00fer\u00f3ttafr\u00e6\u00f0ibraut - FRAMHALDSSK\u00d3LINN \u00c1 LAUGUM\" \/>\n<meta property=\"og:description\" content=\"\u00cd\u00fer\u00f3ttabraut Framhaldssk\u00f3linn \u00e1 Laugum G\u00f3\u00f0 a\u00f0sta\u00f0a til \u00ed\u00fer\u00f3ttai\u00f0kunar og fr\u00edtt er \u00ed r\u00e6ktina og \u00ed sund fyrir nemendur sk\u00f3lans.\" \/>\n<meta property=\"og:url\" content=\"https:\/\/laugar.is\/?page_id=123\" \/>\n<meta property=\"og:site_name\" content=\"FRAMHALDSSK\u00d3LINN \u00c1 LAUGUM\" \/>\n<meta property=\"article:publisher\" content=\"https:\/\/www.facebook.com\/laugaskoli\/\" \/>\n<meta property=\"article:modified_time\" content=\"2025-04-26T09:36:42+00:00\" \/>\n<meta property=\"og:image\" content=\"https:\/\/laugar.is\/wp-content\/uploads\/2024\/04\/cropped-laugar_merki_high.jpg\" \/>\n\t<meta property=\"og:image:width\" content=\"512\" \/>\n\t<meta property=\"og:image:height\" content=\"512\" \/>\n\t<meta property=\"og:image:type\" content=\"image\/jpeg\" \/>\n<meta name=\"twitter:card\" content=\"summary_large_image\" \/>\n<meta name=\"twitter:label1\" content=\"Est. reading time\" \/>\n\t<meta name=\"twitter:data1\" content=\"2 minutes\" \/>\n<script type=\"application\/ld+json\" class=\"yoast-schema-graph\">{\"@context\":\"https:\\\/\\\/schema.org\",\"@graph\":[{\"@type\":\"WebPage\",\"@id\":\"https:\\\/\\\/laugar.is\\\/?page_id=123\",\"url\":\"https:\\\/\\\/laugar.is\\\/?page_id=123\",\"name\":\"\u00cd\u00fer\u00f3ttafr\u00e6\u00f0ibraut - FRAMHALDSSK\u00d3LINN \u00c1 LAUGUM\",\"isPartOf\":{\"@id\":\"https:\\\/\\\/laugar.is\\\/#website\"},\"primaryImageOfPage\":{\"@id\":\"https:\\\/\\\/laugar.is\\\/?page_id=123#primaryimage\"},\"image\":{\"@id\":\"https:\\\/\\\/laugar.is\\\/?page_id=123#primaryimage\"},\"thumbnailUrl\":\"https:\\\/\\\/laugar.is\\\/wp-content\\\/uploads\\\/2024\\\/04\\\/cropped-laugar_merki_high-300x300.jpg\",\"datePublished\":\"2016-04-06T12:22:18+00:00\",\"dateModified\":\"2025-04-26T09:36:42+00:00\",\"description\":\"\u00cd\u00fer\u00f3ttabraut Framhaldssk\u00f3linn \u00e1 Laugum G\u00f3\u00f0 a\u00f0sta\u00f0a til \u00ed\u00fer\u00f3ttai\u00f0kunar og fr\u00edtt er \u00ed r\u00e6ktina og \u00ed sund fyrir nemendur sk\u00f3lans.\",\"breadcrumb\":{\"@id\":\"https:\\\/\\\/laugar.is\\\/?page_id=123#breadcrumb\"},\"inLanguage\":\"is\",\"potentialAction\":[{\"@type\":\"ReadAction\",\"target\":[\"https:\\\/\\\/laugar.is\\\/?page_id=123\"]}]},{\"@type\":\"ImageObject\",\"inLanguage\":\"is\",\"@id\":\"https:\\\/\\\/laugar.is\\\/?page_id=123#primaryimage\",\"url\":\"https:\\\/\\\/laugar.is\\\/wp-content\\\/uploads\\\/2024\\\/04\\\/cropped-laugar_merki_high.jpg\",\"contentUrl\":\"https:\\\/\\\/laugar.is\\\/wp-content\\\/uploads\\\/2024\\\/04\\\/cropped-laugar_merki_high.jpg\",\"width\":512,\"height\":512},{\"@type\":\"BreadcrumbList\",\"@id\":\"https:\\\/\\\/laugar.is\\\/?page_id=123#breadcrumb\",\"itemListElement\":[{\"@type\":\"ListItem\",\"position\":1,\"name\":\"Home\",\"item\":\"https:\\\/\\\/laugar.is\\\/\"},{\"@type\":\"ListItem\",\"position\":2,\"name\":\"N\u00c1MI\u00d0\",\"item\":\"https:\\\/\\\/laugar.is\\\/?page_id=6\"},{\"@type\":\"ListItem\",\"position\":3,\"name\":\"\u00cd\u00fer\u00f3ttafr\u00e6\u00f0ibraut\"}]},{\"@type\":\"WebSite\",\"@id\":\"https:\\\/\\\/laugar.is\\\/#website\",\"url\":\"https:\\\/\\\/laugar.is\\\/\",\"name\":\"FRAMHALDSSK\u00d3LINN \u00c1 LAUGUM\",\"description\":\"Metna\u00f0ur - Tr\u00famennska  - Tillitssemi - Gla\u00f0lyndi\",\"publisher\":{\"@id\":\"https:\\\/\\\/laugar.is\\\/#organization\"},\"potentialAction\":[{\"@type\":\"SearchAction\",\"target\":{\"@type\":\"EntryPoint\",\"urlTemplate\":\"https:\\\/\\\/laugar.is\\\/?s={search_term_string}\"},\"query-input\":{\"@type\":\"PropertyValueSpecification\",\"valueRequired\":true,\"valueName\":\"search_term_string\"}}],\"inLanguage\":\"is\"},{\"@type\":\"Organization\",\"@id\":\"https:\\\/\\\/laugar.is\\\/#organization\",\"name\":\"Framhaldssk\u00f3linn \u00e1 Laugum\",\"url\":\"https:\\\/\\\/laugar.is\\\/\",\"logo\":{\"@type\":\"ImageObject\",\"inLanguage\":\"is\",\"@id\":\"https:\\\/\\\/laugar.is\\\/#\\\/schema\\\/logo\\\/image\\\/\",\"url\":\"https:\\\/\\\/laugar.is\\\/wp-content\\\/uploads\\\/2017\\\/01\\\/laugar_merki_antexta-kip.jpg\",\"contentUrl\":\"https:\\\/\\\/laugar.is\\\/wp-content\\\/uploads\\\/2017\\\/01\\\/laugar_merki_antexta-kip.jpg\",\"width\":536,\"height\":551,\"caption\":\"Framhaldssk\u00f3linn \u00e1 Laugum\"},\"image\":{\"@id\":\"https:\\\/\\\/laugar.is\\\/#\\\/schema\\\/logo\\\/image\\\/\"},\"sameAs\":[\"https:\\\/\\\/www.facebook.com\\\/laugaskoli\\\/\"]}]}<\/script>\n<!-- \/ Yoast SEO plugin. -->","yoast_head_json":{"title":"\u00cd\u00fer\u00f3ttafr\u00e6\u00f0ibraut - FRAMHALDSSK\u00d3LINN \u00c1 LAUGUM","description":"\u00cd\u00fer\u00f3ttabraut Framhaldssk\u00f3linn \u00e1 Laugum G\u00f3\u00f0 a\u00f0sta\u00f0a til \u00ed\u00fer\u00f3ttai\u00f0kunar og fr\u00edtt er \u00ed r\u00e6ktina og \u00ed sund fyrir nemendur sk\u00f3lans.","robots":{"index":"index","follow":"follow","max-snippet":"max-snippet:-1","max-image-preview":"max-image-preview:large","max-video-preview":"max-video-preview:-1"},"canonical":"https:\/\/laugar.is\/?page_id=123","og_locale":"is_IS","og_type":"article","og_title":"\u00cd\u00fer\u00f3ttafr\u00e6\u00f0ibraut - FRAMHALDSSK\u00d3LINN \u00c1 LAUGUM","og_description":"\u00cd\u00fer\u00f3ttabraut Framhaldssk\u00f3linn \u00e1 Laugum G\u00f3\u00f0 a\u00f0sta\u00f0a til \u00ed\u00fer\u00f3ttai\u00f0kunar og fr\u00edtt er \u00ed r\u00e6ktina og \u00ed sund fyrir nemendur sk\u00f3lans.","og_url":"https:\/\/laugar.is\/?page_id=123","og_site_name":"FRAMHALDSSK\u00d3LINN \u00c1 LAUGUM","article_publisher":"https:\/\/www.facebook.com\/laugaskoli\/","article_modified_time":"2025-04-26T09:36:42+00:00","og_image":[{"width":512,"height":512,"url":"https:\/\/laugar.is\/wp-content\/uploads\/2024\/04\/cropped-laugar_merki_high.jpg","type":"image\/jpeg"}],"twitter_card":"summary_large_image","twitter_misc":{"Est. reading time":"2 minutes"},"schema":{"@context":"https:\/\/schema.org","@graph":[{"@type":"WebPage","@id":"https:\/\/laugar.is\/?page_id=123","url":"https:\/\/laugar.is\/?page_id=123","name":"\u00cd\u00fer\u00f3ttafr\u00e6\u00f0ibraut - FRAMHALDSSK\u00d3LINN \u00c1 LAUGUM","isPartOf":{"@id":"https:\/\/laugar.is\/#website"},"primaryImageOfPage":{"@id":"https:\/\/laugar.is\/?page_id=123#primaryimage"},"image":{"@id":"https:\/\/laugar.is\/?page_id=123#primaryimage"},"thumbnailUrl":"https:\/\/laugar.is\/wp-content\/uploads\/2024\/04\/cropped-laugar_merki_high-300x300.jpg","datePublished":"2016-04-06T12:22:18+00:00","dateModified":"2025-04-26T09:36:42+00:00","description":"\u00cd\u00fer\u00f3ttabraut Framhaldssk\u00f3linn \u00e1 Laugum G\u00f3\u00f0 a\u00f0sta\u00f0a til \u00ed\u00fer\u00f3ttai\u00f0kunar og fr\u00edtt er \u00ed r\u00e6ktina og \u00ed sund fyrir nemendur sk\u00f3lans.","breadcrumb":{"@id":"https:\/\/laugar.is\/?page_id=123#breadcrumb"},"inLanguage":"is","potentialAction":[{"@type":"ReadAction","target":["https:\/\/laugar.is\/?page_id=123"]}]},{"@type":"ImageObject","inLanguage":"is","@id":"https:\/\/laugar.is\/?page_id=123#primaryimage","url":"https:\/\/laugar.is\/wp-content\/uploads\/2024\/04\/cropped-laugar_merki_high.jpg","contentUrl":"https:\/\/laugar.is\/wp-content\/uploads\/2024\/04\/cropped-laugar_merki_high.jpg","width":512,"height":512},{"@type":"BreadcrumbList","@id":"https:\/\/laugar.is\/?page_id=123#breadcrumb","itemListElement":[{"@type":"ListItem","position":1,"name":"Home","item":"https:\/\/laugar.is\/"},{"@type":"ListItem","position":2,"name":"N\u00c1MI\u00d0","item":"https:\/\/laugar.is\/?page_id=6"},{"@type":"ListItem","position":3,"name":"\u00cd\u00fer\u00f3ttafr\u00e6\u00f0ibraut"}]},{"@type":"WebSite","@id":"https:\/\/laugar.is\/#website","url":"https:\/\/laugar.is\/","name":"FRAMHALDSSK\u00d3LINN \u00c1 LAUGUM","description":"Metna\u00f0ur - Tr\u00famennska  - Tillitssemi - Gla\u00f0lyndi","publisher":{"@id":"https:\/\/laugar.is\/#organization"},"potentialAction":[{"@type":"SearchAction","target":{"@type":"EntryPoint","urlTemplate":"https:\/\/laugar.is\/?s={search_term_string}"},"query-input":{"@type":"PropertyValueSpecification","valueRequired":true,"valueName":"search_term_string"}}],"inLanguage":"is"},{"@type":"Organization","@id":"https:\/\/laugar.is\/#organization","name":"Framhaldssk\u00f3linn \u00e1 Laugum","url":"https:\/\/laugar.is\/","logo":{"@type":"ImageObject","inLanguage":"is","@id":"https:\/\/laugar.is\/#\/schema\/logo\/image\/","url":"https:\/\/laugar.is\/wp-content\/uploads\/2017\/01\/laugar_merki_antexta-kip.jpg","contentUrl":"https:\/\/laugar.is\/wp-content\/uploads\/2017\/01\/laugar_merki_antexta-kip.jpg","width":536,"height":551,"caption":"Framhaldssk\u00f3linn \u00e1 Laugum"},"image":{"@id":"https:\/\/laugar.is\/#\/schema\/logo\/image\/"},"sameAs":["https:\/\/www.facebook.com\/laugaskoli\/"]}]}},"_links":{"self":[{"href":"https:\/\/laugar.is\/index.php?rest_route=\/wp\/v2\/pages\/123","targetHints":{"allow":["GET"]}}],"collection":[{"href":"https:\/\/laugar.is\/index.php?rest_route=\/wp\/v2\/pages"}],"about":[{"href":"https:\/\/laugar.is\/index.php?rest_route=\/wp\/v2\/types\/page"}],"author":[{"embeddable":true,"href":"https:\/\/laugar.is\/index.php?rest_route=\/wp\/v2\/users\/1"}],"replies":[{"embeddable":true,"href":"https:\/\/laugar.is\/index.php?rest_route=%2Fwp%2Fv2%2Fcomments&post=123"}],"version-history":[{"count":26,"href":"https:\/\/laugar.is\/index.php?rest_route=\/wp\/v2\/pages\/123\/revisions"}],"predecessor-version":[{"id":7877,"href":"https:\/\/laugar.is\/index.php?rest_route=\/wp\/v2\/pages\/123\/revisions\/7877"}],"up":[{"embeddable":true,"href":"https:\/\/laugar.is\/index.php?rest_route=\/wp\/v2\/pages\/6"}],"wp:attachment":[{"href":"https:\/\/laugar.is\/index.php?rest_route=%2Fwp%2Fv2%2Fmedia&parent=123"}],"curies":[{"name":"wp","href":"https:\/\/api.w.org\/{rel}","templated":true}]}}